{"id":48099,"date":"2020-07-26T11:05:26","date_gmt":"2020-07-26T09:05:26","guid":{"rendered":"http:\/\/museumek.eu\/?page_id=48099"},"modified":"2020-07-26T11:05:26","modified_gmt":"2020-07-26T09:05:26","slug":"dlxxxii46","status":"publish","type":"page","link":"http:\/\/museumek.eu\/?page_id=48099","title":{"rendered":"D\/LXXXII\/46"},"content":{"rendered":"<p><strong>Abteilung Deutschland, Keramik 1860 \u2013 1960, Inventarnummer D\/LXXXII\/46<\/strong><\/p>\n<p>Westerw\u00e4lder Steinzeug ohne Fabrikzuordnung, Deutschland, Westerwald, um 1900, Krug, K\u00fcnstler unbekannt, Werks.-Nr. 541, Exemplar Nr. ohne, gemarkt keine Fabrikmarke aber 0,5 L. \u00fcber Eichstrich gepresst sowie 541 mit in der Form gegossen, nicht signiert, H\u00f6he 15 cm, Breite 13 cm <\/p>\n<p><a href=\"http:\/\/museumek.eu\/?attachment_id=48073\" rel=\"attachment wp-att-48073\"><img loading=\"lazy\" src=\"http:\/\/museumek.eu\/wp-content\/uploads\/2013\/05\/Westerwald-unbekannt-Krug-Nr.-541-1-192x300.jpg\" alt=\"\" title=\"Westerwald unbekannt Krug Nr. 541 1\" width=\"192\" height=\"300\" class=\"alignnone size-medium wp-image-48073\" srcset=\"http:\/\/museumek.eu\/wp-content\/uploads\/2013\/05\/Westerwald-unbekannt-Krug-Nr.-541-1-192x300.jpg 192w, http:\/\/museumek.eu\/wp-content\/uploads\/2013\/05\/Westerwald-unbekannt-Krug-Nr.-541-1-96x150.jpg 96w, http:\/\/museumek.eu\/wp-content\/uploads\/2013\/05\/Westerwald-unbekannt-Krug-Nr.-541-1.jpg 411w\" sizes=\"(max-width: 192px) 100vw, 192px\" \/><\/a><\/p>\n<p><a href=\"http:\/\/museumek.eu\/?attachment_id=48074\" rel=\"attachment wp-att-48074\"><img loading=\"lazy\" src=\"http:\/\/museumek.eu\/wp-content\/uploads\/2013\/05\/Westerwald-unbekannt-Krug-Nr.-541-2-234x300.jpg\" alt=\"\" title=\"Westerwald unbekannt Krug Nr. 541 2\" width=\"234\" height=\"300\" class=\"alignnone size-medium wp-image-48074\" srcset=\"http:\/\/museumek.eu\/wp-content\/uploads\/2013\/05\/Westerwald-unbekannt-Krug-Nr.-541-2-234x300.jpg 234w, http:\/\/museumek.eu\/wp-content\/uploads\/2013\/05\/Westerwald-unbekannt-Krug-Nr.-541-2-117x150.jpg 117w, http:\/\/museumek.eu\/wp-content\/uploads\/2013\/05\/Westerwald-unbekannt-Krug-Nr.-541-2.jpg 480w\" sizes=\"(max-width: 234px) 100vw, 234px\" \/><\/a><\/p>\n<p><a href=\"http:\/\/museumek.eu\/?attachment_id=48077\" rel=\"attachment wp-att-48077\"><img loading=\"lazy\" src=\"http:\/\/museumek.eu\/wp-content\/uploads\/2013\/05\/Westerwald-unbekannt-Krug-Nr.-541-3-239x300.jpg\" alt=\"\" title=\"Westerwald unbekannt Krug Nr. 541 3\" width=\"239\" height=\"300\" class=\"alignnone size-medium wp-image-48077\" srcset=\"http:\/\/museumek.eu\/wp-content\/uploads\/2013\/05\/Westerwald-unbekannt-Krug-Nr.-541-3-239x300.jpg 239w, http:\/\/museumek.eu\/wp-content\/uploads\/2013\/05\/Westerwald-unbekannt-Krug-Nr.-541-3-119x150.jpg 119w, http:\/\/museumek.eu\/wp-content\/uploads\/2013\/05\/Westerwald-unbekannt-Krug-Nr.-541-3.jpg 480w\" sizes=\"(max-width: 239px) 100vw, 239px\" \/><\/a><\/p>\n<p><a href=\"http:\/\/museumek.eu\/?attachment_id=48078\" rel=\"attachment wp-att-48078\"><img loading=\"lazy\" src=\"http:\/\/museumek.eu\/wp-content\/uploads\/2013\/05\/Westerwald-unbekannt-Krug-Nr.-541-4-186x300.jpg\" alt=\"\" title=\"Westerwald unbekannt Krug Nr. 541 4\" width=\"186\" height=\"300\" class=\"alignnone size-medium wp-image-48078\" srcset=\"http:\/\/museumek.eu\/wp-content\/uploads\/2013\/05\/Westerwald-unbekannt-Krug-Nr.-541-4-186x300.jpg 186w, http:\/\/museumek.eu\/wp-content\/uploads\/2013\/05\/Westerwald-unbekannt-Krug-Nr.-541-4-93x150.jpg 93w, http:\/\/museumek.eu\/wp-content\/uploads\/2013\/05\/Westerwald-unbekannt-Krug-Nr.-541-4.jpg 398w\" sizes=\"(max-width: 186px) 100vw, 186px\" \/><\/a><\/p>\n<p><a href=\"http:\/\/museumek.eu\/?attachment_id=48081\" rel=\"attachment wp-att-48081\"><img loading=\"lazy\" src=\"http:\/\/museumek.eu\/wp-content\/uploads\/2013\/05\/Westerwald-unbekannt-Krug-Nr.-541-5-227x300.jpg\" alt=\"\" title=\"Westerwald unbekannt Krug Nr. 541 5\" width=\"227\" height=\"300\" class=\"alignnone size-medium wp-image-48081\" srcset=\"http:\/\/museumek.eu\/wp-content\/uploads\/2013\/05\/Westerwald-unbekannt-Krug-Nr.-541-5-227x300.jpg 227w, http:\/\/museumek.eu\/wp-content\/uploads\/2013\/05\/Westerwald-unbekannt-Krug-Nr.-541-5-113x150.jpg 113w, http:\/\/museumek.eu\/wp-content\/uploads\/2013\/05\/Westerwald-unbekannt-Krug-Nr.-541-5.jpg 480w\" sizes=\"(max-width: 227px) 100vw, 227px\" \/><\/a><\/p>\n<p><a href=\"http:\/\/museumek.eu\/?attachment_id=48082\" rel=\"attachment wp-att-48082\"><img loading=\"lazy\" src=\"http:\/\/museumek.eu\/wp-content\/uploads\/2013\/05\/Westerwald-unbekannt-Krug-Nr.-541-6-300x224.jpg\" alt=\"\" title=\"Westerwald unbekannt Krug Nr. 541 6\" width=\"300\" height=\"224\" class=\"alignnone size-medium wp-image-48082\" srcset=\"http:\/\/museumek.eu\/wp-content\/uploads\/2013\/05\/Westerwald-unbekannt-Krug-Nr.-541-6-300x224.jpg 300w, http:\/\/museumek.eu\/wp-content\/uploads\/2013\/05\/Westerwald-unbekannt-Krug-Nr.-541-6-150x112.jpg 150w, http:\/\/museumek.eu\/wp-content\/uploads\/2013\/05\/Westerwald-unbekannt-Krug-Nr.-541-6-400x300.jpg 400w, http:\/\/museumek.eu\/wp-content\/uploads\/2013\/05\/Westerwald-unbekannt-Krug-Nr.-541-6.jpg 640w\" sizes=\"(max-width: 300px) 100vw, 300px\" \/><\/a><\/p>\n<p><a href=\"http:\/\/museumek.eu\/?attachment_id=48083\" rel=\"attachment wp-att-48083\"><img loading=\"lazy\" src=\"http:\/\/museumek.eu\/wp-content\/uploads\/2013\/05\/Westerwald-unbekannt-Krug-Nr.-541-7-300x208.jpg\" alt=\"\" title=\"Westerwald unbekannt Krug Nr. 541 7\" width=\"300\" height=\"208\" class=\"alignnone size-medium wp-image-48083\" srcset=\"http:\/\/museumek.eu\/wp-content\/uploads\/2013\/05\/Westerwald-unbekannt-Krug-Nr.-541-7-300x208.jpg 300w, http:\/\/museumek.eu\/wp-content\/uploads\/2013\/05\/Westerwald-unbekannt-Krug-Nr.-541-7-150x104.jpg 150w, http:\/\/museumek.eu\/wp-content\/uploads\/2013\/05\/Westerwald-unbekannt-Krug-Nr.-541-7-431x300.jpg 431w, http:\/\/museumek.eu\/wp-content\/uploads\/2013\/05\/Westerwald-unbekannt-Krug-Nr.-541-7.jpg 640w\" sizes=\"(max-width: 300px) 100vw, 300px\" \/><\/a><\/p>\n","protected":false},"excerpt":{"rendered":"<p>Abteilung Deutschland, Keramik 1860 \u2013 1960, Inventarnummer D\/LXXXII\/46 Westerw\u00e4lder Steinzeug ohne Fabrikzuordnung, Deutschland, Westerwald, um 1900, Krug, K\u00fcnstler unbekannt, Werks.-Nr. 541, Exemplar Nr. ohne, gemarkt keine Fabrikmarke aber 0,5 L. \u00fcber Eichstrich gepresst sowie 541 mit in der Form gegossen, &hellip; <a href=\"http:\/\/museumek.eu\/?page_id=48099\">Weiterlesen <span class=\"meta-nav\">&rarr;<\/span><\/a><\/p>\n","protected":false},"author":1,"featured_media":0,"parent":47951,"menu_order":46,"comment_status":"closed","ping_status":"open","template":"","meta":[],"_links":{"self":[{"href":"http:\/\/museumek.eu\/index.php?rest_route=\/wp\/v2\/pages\/48099"}],"collection":[{"href":"http:\/\/museumek.eu\/index.php?rest_route=\/wp\/v2\/pages"}],"about":[{"href":"http:\/\/museumek.eu\/index.php?rest_route=\/wp\/v2\/types\/page"}],"author":[{"embeddable":true,"href":"http:\/\/museumek.eu\/index.php?rest_route=\/wp\/v2\/users\/1"}],"replies":[{"embeddable":true,"href":"http:\/\/museumek.eu\/index.php?rest_route=%2Fwp%2Fv2%2Fcomments&post=48099"}],"version-history":[{"count":2,"href":"http:\/\/museumek.eu\/index.php?rest_route=\/wp\/v2\/pages\/48099\/revisions"}],"predecessor-version":[{"id":48101,"href":"http:\/\/museumek.eu\/index.php?rest_route=\/wp\/v2\/pages\/48099\/revisions\/48101"}],"up":[{"embeddable":true,"href":"http:\/\/museumek.eu\/index.php?rest_route=\/wp\/v2\/pages\/47951"}],"wp:attachment":[{"href":"http:\/\/museumek.eu\/index.php?rest_route=%2Fwp%2Fv2%2Fmedia&parent=48099"}],"curies":[{"name":"wp","href":"https:\/\/api.w.org\/{rel}","templated":true}]}}