{"id":48123,"date":"2020-07-26T14:09:31","date_gmt":"2020-07-26T12:09:31","guid":{"rendered":"http:\/\/museumek.eu\/?page_id=48123"},"modified":"2020-07-26T14:09:31","modified_gmt":"2020-07-26T12:09:31","slug":"dlxxxii48","status":"publish","type":"page","link":"http:\/\/museumek.eu\/?page_id=48123","title":{"rendered":"D\/LXXXII\/48"},"content":{"rendered":"<p><strong>Abteilung Deutschland, Keramik 1860 \u2013 1960, Inventarnummer D\/LXXXII\/48<\/strong><\/p>\n<p>Westerw\u00e4lder Steinzeug ohne Fabrikzuordnung, Deutschland, Westerwald, um 1900, Krug, K\u00fcnstler unbekannt, Werks.-Nr. ohne, Exemplar Nr. ohne, gemarkt keine Fabrikmarke aber 1 L. \u00fcber Eichstrich gepresst, nicht signiert,<br \/>\nH\u00f6he 20 cm, Breite 16 cm <\/p>\n<p><a href=\"http:\/\/museumek.eu\/?attachment_id=48106\" rel=\"attachment wp-att-48106\"><img loading=\"lazy\" src=\"http:\/\/museumek.eu\/wp-content\/uploads\/2013\/05\/Westerwald-unbekannt-1-L-Krug-Wirtshausszene-Salzglasur-1-165x300.jpg\" alt=\"\" title=\"Westerwald unbekannt 1 L Krug Wirtshausszene Salzglasur 1\" width=\"165\" height=\"300\" class=\"alignnone size-medium wp-image-48106\" srcset=\"http:\/\/museumek.eu\/wp-content\/uploads\/2013\/05\/Westerwald-unbekannt-1-L-Krug-Wirtshausszene-Salzglasur-1-165x300.jpg 165w, http:\/\/museumek.eu\/wp-content\/uploads\/2013\/05\/Westerwald-unbekannt-1-L-Krug-Wirtshausszene-Salzglasur-1-82x150.jpg 82w, http:\/\/museumek.eu\/wp-content\/uploads\/2013\/05\/Westerwald-unbekannt-1-L-Krug-Wirtshausszene-Salzglasur-1.jpg 353w\" sizes=\"(max-width: 165px) 100vw, 165px\" \/><\/a><\/p>\n<p><a href=\"http:\/\/museumek.eu\/?attachment_id=48107\" rel=\"attachment wp-att-48107\"><img loading=\"lazy\" src=\"http:\/\/museumek.eu\/wp-content\/uploads\/2013\/05\/Westerwald-unbekannt-1-L-Krug-Wirtshausszene-Salzglasur-2-203x300.jpg\" alt=\"\" title=\"Westerwald unbekannt 1 L Krug Wirtshausszene Salzglasur 2\" width=\"203\" height=\"300\" class=\"alignnone size-medium wp-image-48107\" srcset=\"http:\/\/museumek.eu\/wp-content\/uploads\/2013\/05\/Westerwald-unbekannt-1-L-Krug-Wirtshausszene-Salzglasur-2-203x300.jpg 203w, http:\/\/museumek.eu\/wp-content\/uploads\/2013\/05\/Westerwald-unbekannt-1-L-Krug-Wirtshausszene-Salzglasur-2-101x150.jpg 101w, http:\/\/museumek.eu\/wp-content\/uploads\/2013\/05\/Westerwald-unbekannt-1-L-Krug-Wirtshausszene-Salzglasur-2.jpg 435w\" sizes=\"(max-width: 203px) 100vw, 203px\" \/><\/a><\/p>\n<p><a href=\"http:\/\/museumek.eu\/?attachment_id=48111\" rel=\"attachment wp-att-48111\"><img loading=\"lazy\" src=\"http:\/\/museumek.eu\/wp-content\/uploads\/2013\/05\/Westerwald-unbekannt-1-L-Krug-Wirtshausszene-Salzglasur-3-203x300.jpg\" alt=\"\" title=\"Westerwald unbekannt 1 L Krug Wirtshausszene Salzglasur 3\" width=\"203\" height=\"300\" class=\"alignnone size-medium wp-image-48111\" srcset=\"http:\/\/museumek.eu\/wp-content\/uploads\/2013\/05\/Westerwald-unbekannt-1-L-Krug-Wirtshausszene-Salzglasur-3-203x300.jpg 203w, http:\/\/museumek.eu\/wp-content\/uploads\/2013\/05\/Westerwald-unbekannt-1-L-Krug-Wirtshausszene-Salzglasur-3-101x150.jpg 101w, http:\/\/museumek.eu\/wp-content\/uploads\/2013\/05\/Westerwald-unbekannt-1-L-Krug-Wirtshausszene-Salzglasur-3.jpg 435w\" sizes=\"(max-width: 203px) 100vw, 203px\" \/><\/a><\/p>\n<p><a href=\"http:\/\/museumek.eu\/?attachment_id=48112\" rel=\"attachment wp-att-48112\"><img loading=\"lazy\" src=\"http:\/\/museumek.eu\/wp-content\/uploads\/2013\/05\/Westerwald-unbekannt-1-L-Krug-Wirtshausszene-Salzglasur-4-166x300.jpg\" alt=\"\" title=\"Westerwald unbekannt 1 L Krug Wirtshausszene Salzglasur 4\" width=\"166\" height=\"300\" class=\"alignnone size-medium wp-image-48112\" srcset=\"http:\/\/museumek.eu\/wp-content\/uploads\/2013\/05\/Westerwald-unbekannt-1-L-Krug-Wirtshausszene-Salzglasur-4-166x300.jpg 166w, http:\/\/museumek.eu\/wp-content\/uploads\/2013\/05\/Westerwald-unbekannt-1-L-Krug-Wirtshausszene-Salzglasur-4-83x150.jpg 83w, http:\/\/museumek.eu\/wp-content\/uploads\/2013\/05\/Westerwald-unbekannt-1-L-Krug-Wirtshausszene-Salzglasur-4.jpg 355w\" sizes=\"(max-width: 166px) 100vw, 166px\" \/><\/a><\/p>\n<p><a href=\"http:\/\/museumek.eu\/?attachment_id=48115\" rel=\"attachment wp-att-48115\"><img loading=\"lazy\" src=\"http:\/\/museumek.eu\/wp-content\/uploads\/2013\/05\/Westerwald-unbekannt-1-L-Krug-Wirtshausszene-Salzglasur-5-161x300.jpg\" alt=\"\" title=\"Westerwald unbekannt 1 L Krug Wirtshausszene Salzglasur 5\" width=\"161\" height=\"300\" class=\"alignnone size-medium wp-image-48115\" srcset=\"http:\/\/museumek.eu\/wp-content\/uploads\/2013\/05\/Westerwald-unbekannt-1-L-Krug-Wirtshausszene-Salzglasur-5-161x300.jpg 161w, http:\/\/museumek.eu\/wp-content\/uploads\/2013\/05\/Westerwald-unbekannt-1-L-Krug-Wirtshausszene-Salzglasur-5-80x150.jpg 80w, http:\/\/museumek.eu\/wp-content\/uploads\/2013\/05\/Westerwald-unbekannt-1-L-Krug-Wirtshausszene-Salzglasur-5.jpg 345w\" sizes=\"(max-width: 161px) 100vw, 161px\" \/><\/a><\/p>\n<p><a href=\"http:\/\/museumek.eu\/?attachment_id=48116\" rel=\"attachment wp-att-48116\"><img loading=\"lazy\" src=\"http:\/\/museumek.eu\/wp-content\/uploads\/2013\/05\/Westerwald-unbekannt-1-L-Krug-Wirtshausszene-Salzglasur-6-172x300.jpg\" alt=\"\" title=\"Westerwald unbekannt 1 L Krug Wirtshausszene Salzglasur 6\" width=\"172\" height=\"300\" class=\"alignnone size-medium wp-image-48116\" srcset=\"http:\/\/museumek.eu\/wp-content\/uploads\/2013\/05\/Westerwald-unbekannt-1-L-Krug-Wirtshausszene-Salzglasur-6-172x300.jpg 172w, http:\/\/museumek.eu\/wp-content\/uploads\/2013\/05\/Westerwald-unbekannt-1-L-Krug-Wirtshausszene-Salzglasur-6-86x150.jpg 86w, http:\/\/museumek.eu\/wp-content\/uploads\/2013\/05\/Westerwald-unbekannt-1-L-Krug-Wirtshausszene-Salzglasur-6.jpg 367w\" sizes=\"(max-width: 172px) 100vw, 172px\" \/><\/a><\/p>\n<p><a href=\"http:\/\/museumek.eu\/?attachment_id=48119\" rel=\"attachment wp-att-48119\"><img loading=\"lazy\" src=\"http:\/\/museumek.eu\/wp-content\/uploads\/2013\/05\/Westerwald-unbekannt-1-L-Krug-Wirtshausszene-Salzglasur-7-218x300.jpg\" alt=\"\" title=\"Westerwald unbekannt 1 L Krug Wirtshausszene Salzglasur 7\" width=\"218\" height=\"300\" class=\"alignnone size-medium wp-image-48119\" srcset=\"http:\/\/museumek.eu\/wp-content\/uploads\/2013\/05\/Westerwald-unbekannt-1-L-Krug-Wirtshausszene-Salzglasur-7-218x300.jpg 218w, http:\/\/museumek.eu\/wp-content\/uploads\/2013\/05\/Westerwald-unbekannt-1-L-Krug-Wirtshausszene-Salzglasur-7-109x150.jpg 109w, http:\/\/museumek.eu\/wp-content\/uploads\/2013\/05\/Westerwald-unbekannt-1-L-Krug-Wirtshausszene-Salzglasur-7.jpg 467w\" sizes=\"(max-width: 218px) 100vw, 218px\" \/><\/a><\/p>\n<p><a href=\"http:\/\/museumek.eu\/?attachment_id=48120\" rel=\"attachment wp-att-48120\"><img loading=\"lazy\" src=\"http:\/\/museumek.eu\/wp-content\/uploads\/2013\/05\/Westerwald-unbekannt-1-L-Krug-Wirtshausszene-Salzglasur-8-290x300.jpg\" alt=\"\" title=\"Westerwald unbekannt 1 L Krug Wirtshausszene Salzglasur 8\" width=\"290\" height=\"300\" class=\"alignnone size-medium wp-image-48120\" srcset=\"http:\/\/museumek.eu\/wp-content\/uploads\/2013\/05\/Westerwald-unbekannt-1-L-Krug-Wirtshausszene-Salzglasur-8-290x300.jpg 290w, http:\/\/museumek.eu\/wp-content\/uploads\/2013\/05\/Westerwald-unbekannt-1-L-Krug-Wirtshausszene-Salzglasur-8-145x150.jpg 145w, http:\/\/museumek.eu\/wp-content\/uploads\/2013\/05\/Westerwald-unbekannt-1-L-Krug-Wirtshausszene-Salzglasur-8.jpg 480w\" sizes=\"(max-width: 290px) 100vw, 290px\" \/><\/a><\/p>\n","protected":false},"excerpt":{"rendered":"<p>Abteilung Deutschland, Keramik 1860 \u2013 1960, Inventarnummer D\/LXXXII\/48 Westerw\u00e4lder Steinzeug ohne Fabrikzuordnung, Deutschland, Westerwald, um 1900, Krug, K\u00fcnstler unbekannt, Werks.-Nr. ohne, Exemplar Nr. ohne, gemarkt keine Fabrikmarke aber 1 L. \u00fcber Eichstrich gepresst, nicht signiert, H\u00f6he 20 cm, Breite 16 &hellip; <a href=\"http:\/\/museumek.eu\/?page_id=48123\">Weiterlesen <span class=\"meta-nav\">&rarr;<\/span><\/a><\/p>\n","protected":false},"author":1,"featured_media":0,"parent":47951,"menu_order":48,"comment_status":"closed","ping_status":"open","template":"","meta":[],"_links":{"self":[{"href":"http:\/\/museumek.eu\/index.php?rest_route=\/wp\/v2\/pages\/48123"}],"collection":[{"href":"http:\/\/museumek.eu\/index.php?rest_route=\/wp\/v2\/pages"}],"about":[{"href":"http:\/\/museumek.eu\/index.php?rest_route=\/wp\/v2\/types\/page"}],"author":[{"embeddable":true,"href":"http:\/\/museumek.eu\/index.php?rest_route=\/wp\/v2\/users\/1"}],"replies":[{"embeddable":true,"href":"http:\/\/museumek.eu\/index.php?rest_route=%2Fwp%2Fv2%2Fcomments&post=48123"}],"version-history":[{"count":2,"href":"http:\/\/museumek.eu\/index.php?rest_route=\/wp\/v2\/pages\/48123\/revisions"}],"predecessor-version":[{"id":48125,"href":"http:\/\/museumek.eu\/index.php?rest_route=\/wp\/v2\/pages\/48123\/revisions\/48125"}],"up":[{"embeddable":true,"href":"http:\/\/museumek.eu\/index.php?rest_route=\/wp\/v2\/pages\/47951"}],"wp:attachment":[{"href":"http:\/\/museumek.eu\/index.php?rest_route=%2Fwp%2Fv2%2Fmedia&parent=48123"}],"curies":[{"name":"wp","href":"https:\/\/api.w.org\/{rel}","templated":true}]}}