{"id":48301,"date":"2020-08-01T19:23:49","date_gmt":"2020-08-01T17:23:49","guid":{"rendered":"http:\/\/museumek.eu\/?page_id=48301"},"modified":"2020-08-01T21:15:49","modified_gmt":"2020-08-01T19:15:49","slug":"dlxxxii51","status":"publish","type":"page","link":"http:\/\/museumek.eu\/?page_id=48301","title":{"rendered":"D\/LXXXII\/51"},"content":{"rendered":"<p><strong>Abteilung Deutschland, Keramik 1860 \u2013 1960, Inventarnummer D\/LXXXII\/51<\/strong><\/p>\n<p>Westerw\u00e4lder Steinzeug ohne Fabrikzuordnung, Deutschland, Westerwald, um 1925, Krug, K\u00fcnstler unbekannt, Werks.-Nr. 865, Exemplar Nr. ohne, gemarkt keine Fabrikmarke aber Made in Germany, 865 sowie 0,5 L. \u00fcber Eichstrich gepresst, 3 geritzt, nicht signiert, verziert mit blauen email Punkten, H\u00f6he 9 cm, Breite 15 cm <\/p>\n<p><a href=\"http:\/\/museumek.eu\/?attachment_id=48282\" rel=\"attachment wp-att-48282\"><img loading=\"lazy\" src=\"http:\/\/museumek.eu\/wp-content\/uploads\/2013\/05\/Westerwald-unbekannt-brauner-Krug-1-300x294.jpg\" alt=\"\" title=\"Westerwald unbekannt brauner Krug 1\" width=\"300\" height=\"294\" class=\"alignnone size-medium wp-image-48282\" srcset=\"http:\/\/museumek.eu\/wp-content\/uploads\/2013\/05\/Westerwald-unbekannt-brauner-Krug-1-300x294.jpg 300w, http:\/\/museumek.eu\/wp-content\/uploads\/2013\/05\/Westerwald-unbekannt-brauner-Krug-1-150x147.jpg 150w, http:\/\/museumek.eu\/wp-content\/uploads\/2013\/05\/Westerwald-unbekannt-brauner-Krug-1-305x300.jpg 305w, http:\/\/museumek.eu\/wp-content\/uploads\/2013\/05\/Westerwald-unbekannt-brauner-Krug-1.jpg 489w\" sizes=\"(max-width: 300px) 100vw, 300px\" \/><\/a><\/p>\n<p><a href=\"http:\/\/museumek.eu\/?attachment_id=48283\" rel=\"attachment wp-att-48283\"><img loading=\"lazy\" src=\"http:\/\/museumek.eu\/wp-content\/uploads\/2013\/05\/Westerwald-unbekannt-brauner-Krug-2-300x245.jpg\" alt=\"\" title=\"Westerwald unbekannt brauner Krug 2\" width=\"300\" height=\"245\" class=\"alignnone size-medium wp-image-48283\" srcset=\"http:\/\/museumek.eu\/wp-content\/uploads\/2013\/05\/Westerwald-unbekannt-brauner-Krug-2-300x245.jpg 300w, http:\/\/museumek.eu\/wp-content\/uploads\/2013\/05\/Westerwald-unbekannt-brauner-Krug-2-150x122.jpg 150w, http:\/\/museumek.eu\/wp-content\/uploads\/2013\/05\/Westerwald-unbekannt-brauner-Krug-2-366x300.jpg 366w, http:\/\/museumek.eu\/wp-content\/uploads\/2013\/05\/Westerwald-unbekannt-brauner-Krug-2.jpg 587w\" sizes=\"(max-width: 300px) 100vw, 300px\" \/><\/a><\/p>\n<p><a href=\"http:\/\/museumek.eu\/?attachment_id=48286\" rel=\"attachment wp-att-48286\"><img loading=\"lazy\" src=\"http:\/\/museumek.eu\/wp-content\/uploads\/2013\/05\/Westerwald-unbekannt-brauner-Krug-3-300x236.jpg\" alt=\"\" title=\"Westerwald unbekannt brauner Krug 3\" width=\"300\" height=\"236\" class=\"alignnone size-medium wp-image-48286\" srcset=\"http:\/\/museumek.eu\/wp-content\/uploads\/2013\/05\/Westerwald-unbekannt-brauner-Krug-3-300x236.jpg 300w, http:\/\/museumek.eu\/wp-content\/uploads\/2013\/05\/Westerwald-unbekannt-brauner-Krug-3-150x118.jpg 150w, http:\/\/museumek.eu\/wp-content\/uploads\/2013\/05\/Westerwald-unbekannt-brauner-Krug-3-381x300.jpg 381w, http:\/\/museumek.eu\/wp-content\/uploads\/2013\/05\/Westerwald-unbekannt-brauner-Krug-3.jpg 610w\" sizes=\"(max-width: 300px) 100vw, 300px\" \/><\/a><\/p>\n<p><a href=\"http:\/\/museumek.eu\/?attachment_id=48287\" rel=\"attachment wp-att-48287\"><img loading=\"lazy\" src=\"http:\/\/museumek.eu\/wp-content\/uploads\/2013\/05\/Westerwald-unbekannt-brauner-Krug-4-300x288.jpg\" alt=\"\" title=\"Westerwald unbekannt brauner Krug 4\" width=\"300\" height=\"288\" class=\"alignnone size-medium wp-image-48287\" srcset=\"http:\/\/museumek.eu\/wp-content\/uploads\/2013\/05\/Westerwald-unbekannt-brauner-Krug-4-300x288.jpg 300w, http:\/\/museumek.eu\/wp-content\/uploads\/2013\/05\/Westerwald-unbekannt-brauner-Krug-4-150x144.jpg 150w, http:\/\/museumek.eu\/wp-content\/uploads\/2013\/05\/Westerwald-unbekannt-brauner-Krug-4-311x300.jpg 311w, http:\/\/museumek.eu\/wp-content\/uploads\/2013\/05\/Westerwald-unbekannt-brauner-Krug-4.jpg 499w\" sizes=\"(max-width: 300px) 100vw, 300px\" \/><\/a><\/p>\n<p><a href=\"http:\/\/museumek.eu\/?attachment_id=48290\" rel=\"attachment wp-att-48290\"><img loading=\"lazy\" src=\"http:\/\/museumek.eu\/wp-content\/uploads\/2013\/05\/Westerwald-unbekannt-brauner-Krug-5-289x300.jpg\" alt=\"\" title=\"Westerwald unbekannt brauner Krug 5\" width=\"289\" height=\"300\" class=\"alignnone size-medium wp-image-48290\" srcset=\"http:\/\/museumek.eu\/wp-content\/uploads\/2013\/05\/Westerwald-unbekannt-brauner-Krug-5-289x300.jpg 289w, http:\/\/museumek.eu\/wp-content\/uploads\/2013\/05\/Westerwald-unbekannt-brauner-Krug-5-144x150.jpg 144w, http:\/\/museumek.eu\/wp-content\/uploads\/2013\/05\/Westerwald-unbekannt-brauner-Krug-5.jpg 480w\" sizes=\"(max-width: 289px) 100vw, 289px\" \/><\/a><\/p>\n<p><a href=\"http:\/\/museumek.eu\/?attachment_id=48291\" rel=\"attachment wp-att-48291\"><img loading=\"lazy\" src=\"http:\/\/museumek.eu\/wp-content\/uploads\/2013\/05\/Westerwald-unbekannt-brauner-Krug-6-300x226.jpg\" alt=\"\" title=\"Westerwald unbekannt brauner Krug 6\" width=\"300\" height=\"226\" class=\"alignnone size-medium wp-image-48291\" srcset=\"http:\/\/museumek.eu\/wp-content\/uploads\/2013\/05\/Westerwald-unbekannt-brauner-Krug-6-300x226.jpg 300w, http:\/\/museumek.eu\/wp-content\/uploads\/2013\/05\/Westerwald-unbekannt-brauner-Krug-6-150x113.jpg 150w, http:\/\/museumek.eu\/wp-content\/uploads\/2013\/05\/Westerwald-unbekannt-brauner-Krug-6-397x300.jpg 397w, http:\/\/museumek.eu\/wp-content\/uploads\/2013\/05\/Westerwald-unbekannt-brauner-Krug-6.jpg 636w\" sizes=\"(max-width: 300px) 100vw, 300px\" \/><\/a><\/p>\n<p><a href=\"http:\/\/museumek.eu\/?attachment_id=48294\" rel=\"attachment wp-att-48294\"><img loading=\"lazy\" src=\"http:\/\/museumek.eu\/wp-content\/uploads\/2013\/05\/Westerwald-unbekannt-brauner-Krug-7-187x300.jpg\" alt=\"\" title=\"Westerwald unbekannt brauner Krug 7\" width=\"187\" height=\"300\" class=\"alignnone size-medium wp-image-48294\" srcset=\"http:\/\/museumek.eu\/wp-content\/uploads\/2013\/05\/Westerwald-unbekannt-brauner-Krug-7-187x300.jpg 187w, http:\/\/museumek.eu\/wp-content\/uploads\/2013\/05\/Westerwald-unbekannt-brauner-Krug-7-93x150.jpg 93w\" sizes=\"(max-width: 187px) 100vw, 187px\" \/><\/a><\/p>\n<p><a href=\"http:\/\/museumek.eu\/?attachment_id=48295\" rel=\"attachment wp-att-48295\"><img loading=\"lazy\" src=\"http:\/\/museumek.eu\/wp-content\/uploads\/2013\/05\/Westerwald-unbekannt-brauner-Krug-8-300x199.jpg\" alt=\"\" title=\"Westerwald unbekannt brauner Krug 8\" width=\"300\" height=\"199\" class=\"alignnone size-medium wp-image-48295\" srcset=\"http:\/\/museumek.eu\/wp-content\/uploads\/2013\/05\/Westerwald-unbekannt-brauner-Krug-8-300x199.jpg 300w, http:\/\/museumek.eu\/wp-content\/uploads\/2013\/05\/Westerwald-unbekannt-brauner-Krug-8-150x99.jpg 150w, http:\/\/museumek.eu\/wp-content\/uploads\/2013\/05\/Westerwald-unbekannt-brauner-Krug-8-451x300.jpg 451w, http:\/\/museumek.eu\/wp-content\/uploads\/2013\/05\/Westerwald-unbekannt-brauner-Krug-8.jpg 640w\" sizes=\"(max-width: 300px) 100vw, 300px\" \/><\/a><\/p>\n<p><a href=\"http:\/\/museumek.eu\/?attachment_id=48296\" rel=\"attachment wp-att-48296\"><img loading=\"lazy\" src=\"http:\/\/museumek.eu\/wp-content\/uploads\/2013\/05\/Westerwald-unbekannt-brauner-Krug-9-300x172.jpg\" alt=\"\" title=\"Westerwald unbekannt brauner Krug 9\" width=\"300\" height=\"172\" class=\"alignnone size-medium wp-image-48296\" srcset=\"http:\/\/museumek.eu\/wp-content\/uploads\/2013\/05\/Westerwald-unbekannt-brauner-Krug-9-300x172.jpg 300w, http:\/\/museumek.eu\/wp-content\/uploads\/2013\/05\/Westerwald-unbekannt-brauner-Krug-9-150x86.jpg 150w, http:\/\/museumek.eu\/wp-content\/uploads\/2013\/05\/Westerwald-unbekannt-brauner-Krug-9.jpg 430w\" sizes=\"(max-width: 300px) 100vw, 300px\" \/><\/a><\/p>\n","protected":false},"excerpt":{"rendered":"<p>Abteilung Deutschland, Keramik 1860 \u2013 1960, Inventarnummer D\/LXXXII\/51 Westerw\u00e4lder Steinzeug ohne Fabrikzuordnung, Deutschland, Westerwald, um 1925, Krug, K\u00fcnstler unbekannt, Werks.-Nr. 865, Exemplar Nr. ohne, gemarkt keine Fabrikmarke aber Made in Germany, 865 sowie 0,5 L. \u00fcber Eichstrich gepresst, 3 geritzt, &hellip; <a href=\"http:\/\/museumek.eu\/?page_id=48301\">Weiterlesen <span class=\"meta-nav\">&rarr;<\/span><\/a><\/p>\n","protected":false},"author":1,"featured_media":0,"parent":48279,"menu_order":51,"comment_status":"closed","ping_status":"open","template":"","meta":[],"_links":{"self":[{"href":"http:\/\/museumek.eu\/index.php?rest_route=\/wp\/v2\/pages\/48301"}],"collection":[{"href":"http:\/\/museumek.eu\/index.php?rest_route=\/wp\/v2\/pages"}],"about":[{"href":"http:\/\/museumek.eu\/index.php?rest_route=\/wp\/v2\/types\/page"}],"author":[{"embeddable":true,"href":"http:\/\/museumek.eu\/index.php?rest_route=\/wp\/v2\/users\/1"}],"replies":[{"embeddable":true,"href":"http:\/\/museumek.eu\/index.php?rest_route=%2Fwp%2Fv2%2Fcomments&post=48301"}],"version-history":[{"count":7,"href":"http:\/\/museumek.eu\/index.php?rest_route=\/wp\/v2\/pages\/48301\/revisions"}],"predecessor-version":[{"id":48310,"href":"http:\/\/museumek.eu\/index.php?rest_route=\/wp\/v2\/pages\/48301\/revisions\/48310"}],"up":[{"embeddable":true,"href":"http:\/\/museumek.eu\/index.php?rest_route=\/wp\/v2\/pages\/48279"}],"wp:attachment":[{"href":"http:\/\/museumek.eu\/index.php?rest_route=%2Fwp%2Fv2%2Fmedia&parent=48301"}],"curies":[{"name":"wp","href":"https:\/\/api.w.org\/{rel}","templated":true}]}}