{"id":48443,"date":"2020-08-08T19:04:51","date_gmt":"2020-08-08T17:04:51","guid":{"rendered":"http:\/\/museumek.eu\/?page_id=48443"},"modified":"2020-08-08T19:04:51","modified_gmt":"2020-08-08T17:04:51","slug":"kurzbiografie-und-inventar-zum-kunstler","status":"publish","type":"page","link":"http:\/\/museumek.eu\/?page_id=48443","title":{"rendered":"Kurzbiografie und Inventar zum K\u00fcnstler"},"content":{"rendered":"<p>Die GK Signatur findet sich auf Steinzeugkr\u00fcgen um 1900. Gefunden bei der Steinzeugfabrik Matthias Girmscheid. Die Signatur des K\u00fcnstler konnte nicht aufgel\u00f6st werden<\/p>\n<p><strong>Abteilung Deutschland, Keramik 1860 \u2013 1960, Inventarnummer D\/CIII\/5<\/strong><\/p>\n<p>Steinzeugfabrik Matthias Girmscheid, Deutschland, H\u00f6hr, um 1905, Krug historisch mit Ornamenten des Jugendstil, K\u00fcnstler GK Signatur(unbekannt), Werks.-Nr. 79, Exemplar Nr. ohne, gemarkt Firmenmarke mit Kirchenhaus, darunter in einer quer abgebildeten Knochen \u00e4hnlichen Rahmung der Schriftzug GERMANY, darunter Wasserrad \u00e4hnliches Zeichen, 79, 0 oder O sowie 2 L. \u00fcber Eichstrich gepresst, 79 sowie 13 geritzt, signiert GK (Signatur nicht aufgel\u00f6st), Literatur: J\u00fcrgen Schimanski, Braun geflammt und grau gesalzen, Seite 201, Daten zur Fabrik, Marke 47 identisch, die Fabrik wurde 1884 von Matthias Girmscheid gegr\u00fcndet, nach dessen Tod 1928 \u00fcbernahm dessen Sohn Karl Girmscheid die Fabrikleitung, nach dessen Tod 1949 leitete Cornelia Girmscheid die Fabrik, die Fabrik Girmscheid besteht noch heute, diese Girmscheid Marke ist angelehnt an die Mettlacher Marke von Villeroy &#038; Boch (wohl absichtlich aus verkaufstechnischen Gr\u00fcnden), die Fabrik markte mit zwei verschiedenen Fabrikstempeln, f\u00fcr den anderen Fabrikstempel siehe MEK D\/CIII\/3, H\u00f6he 31,5 cm, Breite 16 cm<\/p>\n<p><a href=\"http:\/\/museumek.eu\/?attachment_id=48415\" rel=\"attachment wp-att-48415\"><img loading=\"lazy\" src=\"http:\/\/museumek.eu\/wp-content\/uploads\/2014\/08\/Girmscheid-signiert-GK-2-Liter-Krug-1-144x300.jpg\" alt=\"\" title=\"Girmscheid signiert GK 2 Liter Krug 1\" width=\"144\" height=\"300\" class=\"alignnone size-medium wp-image-48415\" srcset=\"http:\/\/museumek.eu\/wp-content\/uploads\/2014\/08\/Girmscheid-signiert-GK-2-Liter-Krug-1-144x300.jpg 144w, http:\/\/museumek.eu\/wp-content\/uploads\/2014\/08\/Girmscheid-signiert-GK-2-Liter-Krug-1-72x150.jpg 72w\" sizes=\"(max-width: 144px) 100vw, 144px\" \/><\/a><\/p>\n<p><a href=\"http:\/\/museumek.eu\/?attachment_id=48416\" rel=\"attachment wp-att-48416\"><img loading=\"lazy\" src=\"http:\/\/museumek.eu\/wp-content\/uploads\/2014\/08\/Girmscheid-signiert-GK-2-Liter-Krug-2-167x300.jpg\" alt=\"\" title=\"Girmscheid signiert GK 2 Liter Krug 2\" width=\"167\" height=\"300\" class=\"alignnone size-medium wp-image-48416\" srcset=\"http:\/\/museumek.eu\/wp-content\/uploads\/2014\/08\/Girmscheid-signiert-GK-2-Liter-Krug-2-167x300.jpg 167w, http:\/\/museumek.eu\/wp-content\/uploads\/2014\/08\/Girmscheid-signiert-GK-2-Liter-Krug-2-83x150.jpg 83w, http:\/\/museumek.eu\/wp-content\/uploads\/2014\/08\/Girmscheid-signiert-GK-2-Liter-Krug-2.jpg 357w\" sizes=\"(max-width: 167px) 100vw, 167px\" \/><\/a><\/p>\n<p><a href=\"http:\/\/museumek.eu\/?attachment_id=48417\" rel=\"attachment wp-att-48417\"><img loading=\"lazy\" src=\"http:\/\/museumek.eu\/wp-content\/uploads\/2014\/08\/Girmscheid-signiert-GK-2-Liter-Krug-3-155x300.jpg\" alt=\"\" title=\"Girmscheid signiert GK 2 Liter Krug 3\" width=\"155\" height=\"300\" class=\"alignnone size-medium wp-image-48417\" srcset=\"http:\/\/museumek.eu\/wp-content\/uploads\/2014\/08\/Girmscheid-signiert-GK-2-Liter-Krug-3-155x300.jpg 155w, http:\/\/museumek.eu\/wp-content\/uploads\/2014\/08\/Girmscheid-signiert-GK-2-Liter-Krug-3-77x150.jpg 77w, http:\/\/museumek.eu\/wp-content\/uploads\/2014\/08\/Girmscheid-signiert-GK-2-Liter-Krug-3.jpg 331w\" sizes=\"(max-width: 155px) 100vw, 155px\" \/><\/a><\/p>\n<p><a href=\"http:\/\/museumek.eu\/?attachment_id=48418\" rel=\"attachment wp-att-48418\"><img loading=\"lazy\" src=\"http:\/\/museumek.eu\/wp-content\/uploads\/2014\/08\/Girmscheid-signiert-GK-2-Liter-Krug-4-121x300.jpg\" alt=\"\" title=\"Girmscheid signiert GK 2 Liter Krug 4\" width=\"121\" height=\"300\" class=\"alignnone size-medium wp-image-48418\" srcset=\"http:\/\/museumek.eu\/wp-content\/uploads\/2014\/08\/Girmscheid-signiert-GK-2-Liter-Krug-4-121x300.jpg 121w, http:\/\/museumek.eu\/wp-content\/uploads\/2014\/08\/Girmscheid-signiert-GK-2-Liter-Krug-4-60x150.jpg 60w, http:\/\/museumek.eu\/wp-content\/uploads\/2014\/08\/Girmscheid-signiert-GK-2-Liter-Krug-4.jpg 259w\" sizes=\"(max-width: 121px) 100vw, 121px\" \/><\/a><\/p>\n<p><a href=\"http:\/\/museumek.eu\/?attachment_id=48420\" rel=\"attachment wp-att-48420\"><img loading=\"lazy\" src=\"http:\/\/museumek.eu\/wp-content\/uploads\/2014\/08\/Girmscheid-signiert-GK-2-Liter-Krug-5-160x300.jpg\" alt=\"\" title=\"Girmscheid signiert GK 2 Liter Krug 5\" width=\"160\" height=\"300\" class=\"alignnone size-medium wp-image-48420\" srcset=\"http:\/\/museumek.eu\/wp-content\/uploads\/2014\/08\/Girmscheid-signiert-GK-2-Liter-Krug-5-160x300.jpg 160w, http:\/\/museumek.eu\/wp-content\/uploads\/2014\/08\/Girmscheid-signiert-GK-2-Liter-Krug-5-80x150.jpg 80w, http:\/\/museumek.eu\/wp-content\/uploads\/2014\/08\/Girmscheid-signiert-GK-2-Liter-Krug-5.jpg 342w\" sizes=\"(max-width: 160px) 100vw, 160px\" \/><\/a><\/p>\n<p><a href=\"http:\/\/museumek.eu\/?attachment_id=48419\" rel=\"attachment wp-att-48419\"><img loading=\"lazy\" src=\"http:\/\/museumek.eu\/wp-content\/uploads\/2014\/08\/Girmscheid-signiert-GK-2-Liter-Krug-6-173x300.jpg\" alt=\"\" title=\"Girmscheid signiert GK 2 Liter Krug 6\" width=\"173\" height=\"300\" class=\"alignnone size-medium wp-image-48419\" srcset=\"http:\/\/museumek.eu\/wp-content\/uploads\/2014\/08\/Girmscheid-signiert-GK-2-Liter-Krug-6-173x300.jpg 173w, http:\/\/museumek.eu\/wp-content\/uploads\/2014\/08\/Girmscheid-signiert-GK-2-Liter-Krug-6-86x150.jpg 86w, http:\/\/museumek.eu\/wp-content\/uploads\/2014\/08\/Girmscheid-signiert-GK-2-Liter-Krug-6.jpg 370w\" sizes=\"(max-width: 173px) 100vw, 173px\" \/><\/a><\/p>\n<p><a href=\"http:\/\/museumek.eu\/?attachment_id=48423\" rel=\"attachment wp-att-48423\"><img loading=\"lazy\" src=\"http:\/\/museumek.eu\/wp-content\/uploads\/2014\/08\/Girmscheid-signiert-GK-2-Liter-Krug-7-300x283.jpg\" alt=\"\" title=\"Girmscheid signiert GK 2 Liter Krug 7\" width=\"300\" height=\"283\" class=\"alignnone size-medium wp-image-48423\" srcset=\"http:\/\/museumek.eu\/wp-content\/uploads\/2014\/08\/Girmscheid-signiert-GK-2-Liter-Krug-7-300x283.jpg 300w, http:\/\/museumek.eu\/wp-content\/uploads\/2014\/08\/Girmscheid-signiert-GK-2-Liter-Krug-7-150x141.jpg 150w, http:\/\/museumek.eu\/wp-content\/uploads\/2014\/08\/Girmscheid-signiert-GK-2-Liter-Krug-7-317x300.jpg 317w, http:\/\/museumek.eu\/wp-content\/uploads\/2014\/08\/Girmscheid-signiert-GK-2-Liter-Krug-7.jpg 508w\" sizes=\"(max-width: 300px) 100vw, 300px\" \/><\/a><\/p>\n<p><a href=\"http:\/\/museumek.eu\/?attachment_id=48424\" rel=\"attachment wp-att-48424\"><img loading=\"lazy\" src=\"http:\/\/museumek.eu\/wp-content\/uploads\/2014\/08\/Girmscheid-signiert-GK-2-Liter-Krug-8-185x300.jpg\" alt=\"\" title=\"Girmscheid signiert GK 2 Liter Krug 8\" width=\"185\" height=\"300\" class=\"alignnone size-medium wp-image-48424\" srcset=\"http:\/\/museumek.eu\/wp-content\/uploads\/2014\/08\/Girmscheid-signiert-GK-2-Liter-Krug-8-185x300.jpg 185w, http:\/\/museumek.eu\/wp-content\/uploads\/2014\/08\/Girmscheid-signiert-GK-2-Liter-Krug-8-92x150.jpg 92w, http:\/\/museumek.eu\/wp-content\/uploads\/2014\/08\/Girmscheid-signiert-GK-2-Liter-Krug-8.jpg 395w\" sizes=\"(max-width: 185px) 100vw, 185px\" \/><\/a><\/p>\n<p><a href=\"http:\/\/museumek.eu\/?attachment_id=48425\" rel=\"attachment wp-att-48425\"><img loading=\"lazy\" src=\"http:\/\/museumek.eu\/wp-content\/uploads\/2014\/08\/Girmscheid-signiert-GK-2-Liter-Krug-9-229x300.jpg\" alt=\"\" title=\"Girmscheid signiert GK 2 Liter Krug 9\" width=\"229\" height=\"300\" class=\"alignnone size-medium wp-image-48425\" srcset=\"http:\/\/museumek.eu\/wp-content\/uploads\/2014\/08\/Girmscheid-signiert-GK-2-Liter-Krug-9-229x300.jpg 229w, http:\/\/museumek.eu\/wp-content\/uploads\/2014\/08\/Girmscheid-signiert-GK-2-Liter-Krug-9-114x150.jpg 114w, http:\/\/museumek.eu\/wp-content\/uploads\/2014\/08\/Girmscheid-signiert-GK-2-Liter-Krug-9.jpg 480w\" sizes=\"(max-width: 229px) 100vw, 229px\" \/><\/a><\/p>\n<p><a href=\"http:\/\/museumek.eu\/?attachment_id=48426\" rel=\"attachment wp-att-48426\"><img loading=\"lazy\" src=\"http:\/\/museumek.eu\/wp-content\/uploads\/2014\/08\/Girmscheid-signiert-GK-2-Liter-Krug-10-300x242.jpg\" alt=\"\" title=\"Girmscheid signiert GK 2 Liter Krug 10\" width=\"300\" height=\"242\" class=\"alignnone size-medium wp-image-48426\" srcset=\"http:\/\/museumek.eu\/wp-content\/uploads\/2014\/08\/Girmscheid-signiert-GK-2-Liter-Krug-10-300x242.jpg 300w, http:\/\/museumek.eu\/wp-content\/uploads\/2014\/08\/Girmscheid-signiert-GK-2-Liter-Krug-10-150x121.jpg 150w, http:\/\/museumek.eu\/wp-content\/uploads\/2014\/08\/Girmscheid-signiert-GK-2-Liter-Krug-10-370x300.jpg 370w, http:\/\/museumek.eu\/wp-content\/uploads\/2014\/08\/Girmscheid-signiert-GK-2-Liter-Krug-10.jpg 593w\" sizes=\"(max-width: 300px) 100vw, 300px\" \/><\/a><\/p>\n<p><a href=\"http:\/\/museumek.eu\/?attachment_id=48429\" rel=\"attachment wp-att-48429\"><img loading=\"lazy\" src=\"http:\/\/museumek.eu\/wp-content\/uploads\/2014\/08\/Girmscheid-signiert-GK-2-Liter-Krug-11-188x300.jpg\" alt=\"\" title=\"Girmscheid signiert GK 2 Liter Krug 11\" width=\"188\" height=\"300\" class=\"alignnone size-medium wp-image-48429\" srcset=\"http:\/\/museumek.eu\/wp-content\/uploads\/2014\/08\/Girmscheid-signiert-GK-2-Liter-Krug-11-188x300.jpg 188w, http:\/\/museumek.eu\/wp-content\/uploads\/2014\/08\/Girmscheid-signiert-GK-2-Liter-Krug-11-94x150.jpg 94w, http:\/\/museumek.eu\/wp-content\/uploads\/2014\/08\/Girmscheid-signiert-GK-2-Liter-Krug-11.jpg 402w\" sizes=\"(max-width: 188px) 100vw, 188px\" \/><\/a><\/p>\n<p><a href=\"http:\/\/museumek.eu\/?attachment_id=48431\" rel=\"attachment wp-att-48431\"><img loading=\"lazy\" src=\"http:\/\/museumek.eu\/wp-content\/uploads\/2014\/08\/Girmscheid-signiert-GK-2-Liter-Krug-12-298x300.jpg\" alt=\"\" title=\"Girmscheid signiert GK 2 Liter Krug 12\" width=\"298\" height=\"300\" class=\"alignnone size-medium wp-image-48431\" srcset=\"http:\/\/museumek.eu\/wp-content\/uploads\/2014\/08\/Girmscheid-signiert-GK-2-Liter-Krug-12-298x300.jpg 298w, http:\/\/museumek.eu\/wp-content\/uploads\/2014\/08\/Girmscheid-signiert-GK-2-Liter-Krug-12-150x150.jpg 150w, http:\/\/museumek.eu\/wp-content\/uploads\/2014\/08\/Girmscheid-signiert-GK-2-Liter-Krug-12.jpg 480w\" sizes=\"(max-width: 298px) 100vw, 298px\" \/><\/a><\/p>\n<p><a href=\"http:\/\/museumek.eu\/?attachment_id=48432\" rel=\"attachment wp-att-48432\"><img loading=\"lazy\" src=\"http:\/\/museumek.eu\/wp-content\/uploads\/2014\/08\/Girmscheid-signiert-GK-2-Liter-Krug-13-176x300.jpg\" alt=\"\" title=\"Girmscheid signiert GK 2 Liter Krug 13\" width=\"176\" height=\"300\" class=\"alignnone size-medium wp-image-48432\" srcset=\"http:\/\/museumek.eu\/wp-content\/uploads\/2014\/08\/Girmscheid-signiert-GK-2-Liter-Krug-13-176x300.jpg 176w, http:\/\/museumek.eu\/wp-content\/uploads\/2014\/08\/Girmscheid-signiert-GK-2-Liter-Krug-13-88x150.jpg 88w, http:\/\/museumek.eu\/wp-content\/uploads\/2014\/08\/Girmscheid-signiert-GK-2-Liter-Krug-13.jpg 376w\" sizes=\"(max-width: 176px) 100vw, 176px\" \/><\/a><\/p>\n","protected":false},"excerpt":{"rendered":"<p>Die GK Signatur findet sich auf Steinzeugkr\u00fcgen um 1900. Gefunden bei der Steinzeugfabrik Matthias Girmscheid. Die Signatur des K\u00fcnstler konnte nicht aufgel\u00f6st werden Abteilung Deutschland, Keramik 1860 \u2013 1960, Inventarnummer D\/CIII\/5 Steinzeugfabrik Matthias Girmscheid, Deutschland, H\u00f6hr, um 1905, Krug historisch &hellip; <a href=\"http:\/\/museumek.eu\/?page_id=48443\">Weiterlesen <span class=\"meta-nav\">&rarr;<\/span><\/a><\/p>\n","protected":false},"author":1,"featured_media":0,"parent":48441,"menu_order":0,"comment_status":"closed","ping_status":"open","template":"","meta":[],"_links":{"self":[{"href":"http:\/\/museumek.eu\/index.php?rest_route=\/wp\/v2\/pages\/48443"}],"collection":[{"href":"http:\/\/museumek.eu\/index.php?rest_route=\/wp\/v2\/pages"}],"about":[{"href":"http:\/\/museumek.eu\/index.php?rest_route=\/wp\/v2\/types\/page"}],"author":[{"embeddable":true,"href":"http:\/\/museumek.eu\/index.php?rest_route=\/wp\/v2\/users\/1"}],"replies":[{"embeddable":true,"href":"http:\/\/museumek.eu\/index.php?rest_route=%2Fwp%2Fv2%2Fcomments&post=48443"}],"version-history":[{"count":2,"href":"http:\/\/museumek.eu\/index.php?rest_route=\/wp\/v2\/pages\/48443\/revisions"}],"predecessor-version":[{"id":48445,"href":"http:\/\/museumek.eu\/index.php?rest_route=\/wp\/v2\/pages\/48443\/revisions\/48445"}],"up":[{"embeddable":true,"href":"http:\/\/museumek.eu\/index.php?rest_route=\/wp\/v2\/pages\/48441"}],"wp:attachment":[{"href":"http:\/\/museumek.eu\/index.php?rest_route=%2Fwp%2Fv2%2Fmedia&parent=48443"}],"curies":[{"name":"wp","href":"https:\/\/api.w.org\/{rel}","templated":true}]}}