{"id":48534,"date":"2020-08-13T23:01:23","date_gmt":"2020-08-13T21:01:23","guid":{"rendered":"http:\/\/museumek.eu\/?page_id=48534"},"modified":"2020-08-13T23:01:23","modified_gmt":"2020-08-13T21:01:23","slug":"dxlviii16","status":"publish","type":"page","link":"http:\/\/museumek.eu\/?page_id=48534","title":{"rendered":"D\/XLVIII\/16"},"content":{"rendered":"<p><strong>Abteilung Deutschland, Keramik 1860 \u2013 1960, Inventarnummer D\/XLVIII\/16<\/strong><\/p>\n<p>Albert Jacob Thewalt, Fabrik fein verzierter Steinzeugwaren, Deutschland, H\u00f6hr, um 1900, Krug Wien, K\u00fcnstler Wilhelm Kamp (attr.), Werks.-Nr. ohne, Exemplar Nr. ohne, gemarkt Firmenmarke mit A T und \u00fcber dem T ein Punkt, dieser besagt folgendes: im alten Schreibduktus wurde I und J oft gleich gesetzt, um den Buchstaben I bzw. J kenntlich zu machen, wurde dar\u00fcber ein Punkt gesetzt, Beispiel: ein senkrechter Strich mit einem Punkt dar\u00fcber bedeutet Buchstabe I oder bei Gleichsetzung auch J, insofern versteckt sich in der Marke beim Buchstabe T auch das J, somit ist der Sinn des Punktes ermittelt, so dass die Marke als AJT f\u00fcr Albert Jacob Thewalt zu lesen ist und eine zweite Marke AJT als flie\u00dfend verschn\u00f6rkelnd in einander \u00fcbergehende Buchstaben (diese Marke ist \u00e4u\u00dferst selten zu finden, evtl. entwarf A. J. Thewalt die Motive dieses Kruges selbst, deshalb eine personalisierte Marke aber das ist nur eine Vermutung) sowie GERMANY und 0,5 L. \u00fcber Eichstrich gepresst, nicht signiert, Literatur: J\u00fcrgen Schimanski, Braun geflammt und grau gesalzen, Seite 226, Beschreibung der Fabrik, Beschreibung, dass fast alle Entw\u00fcrfe von Wilhelm Anton Kamp stammen sowie Marke Nr. 43 identisch, der zweite Sohn von Joahnn Peter Thewalt jr., Albert Jacob Thewalt (1857 \u2013 1939) gr\u00fcndete 1882 zusammen mit seinem Schwager Jean Paulus die keramische Fabrik Paulus und Thewalt, trennt sich dann von Jean Paulus und gr\u00fcndet 1894 seine eigene Fabrik, die als Albert Jacob Thewalt, Fabrik fein verzierter Steinzeugwaren firmiert, nach Albert Jacobs\u2019s Tod f\u00fchren sein Sohn Albert Johann Thewalt und danach sein Enkel Albert Jakob Thewalt die Fabrik fort, K\u00fcnstlerzuschreibung: Wilhelm Anton Kamp trat 1897 in die Fabrik ein und schuf rund 800 Entw\u00fcrfe, H\u00f6he 17 cm, Breite 13 cm<\/p>\n<p><a href=\"http:\/\/museumek.eu\/?attachment_id=48520\" rel=\"attachment wp-att-48520\"><img loading=\"lazy\" src=\"http:\/\/museumek.eu\/wp-content\/uploads\/2012\/07\/A.J.-Thewalt-Wien-Krug-1-172x300.jpg\" alt=\"\" title=\"A.J. Thewalt Wien Krug 1\" width=\"172\" height=\"300\" class=\"alignnone size-medium wp-image-48520\" srcset=\"http:\/\/museumek.eu\/wp-content\/uploads\/2012\/07\/A.J.-Thewalt-Wien-Krug-1-172x300.jpg 172w, http:\/\/museumek.eu\/wp-content\/uploads\/2012\/07\/A.J.-Thewalt-Wien-Krug-1-86x150.jpg 86w, http:\/\/museumek.eu\/wp-content\/uploads\/2012\/07\/A.J.-Thewalt-Wien-Krug-1.jpg 368w\" sizes=\"(max-width: 172px) 100vw, 172px\" \/><\/a><\/p>\n<p><a href=\"http:\/\/museumek.eu\/?attachment_id=48521\" rel=\"attachment wp-att-48521\"><img loading=\"lazy\" src=\"http:\/\/museumek.eu\/wp-content\/uploads\/2012\/07\/A.-J.-Thewalt-Wien-Krug-2-217x300.jpg\" alt=\"\" title=\"A. J. Thewalt Wien Krug 2\" width=\"217\" height=\"300\" class=\"alignnone size-medium wp-image-48521\" srcset=\"http:\/\/museumek.eu\/wp-content\/uploads\/2012\/07\/A.-J.-Thewalt-Wien-Krug-2-217x300.jpg 217w, http:\/\/museumek.eu\/wp-content\/uploads\/2012\/07\/A.-J.-Thewalt-Wien-Krug-2-108x150.jpg 108w, http:\/\/museumek.eu\/wp-content\/uploads\/2012\/07\/A.-J.-Thewalt-Wien-Krug-2.jpg 465w\" sizes=\"(max-width: 217px) 100vw, 217px\" \/><\/a><\/p>\n<p><a href=\"http:\/\/museumek.eu\/?attachment_id=48522\" rel=\"attachment wp-att-48522\"><img loading=\"lazy\" src=\"http:\/\/museumek.eu\/wp-content\/uploads\/2012\/07\/A.J.-Thewalt-Wien-Krug-4-168x300.jpg\" alt=\"\" title=\"A.J. Thewalt Wien Krug 4\" width=\"168\" height=\"300\" class=\"alignnone size-medium wp-image-48522\" srcset=\"http:\/\/museumek.eu\/wp-content\/uploads\/2012\/07\/A.J.-Thewalt-Wien-Krug-4-168x300.jpg 168w, http:\/\/museumek.eu\/wp-content\/uploads\/2012\/07\/A.J.-Thewalt-Wien-Krug-4-84x150.jpg 84w, http:\/\/museumek.eu\/wp-content\/uploads\/2012\/07\/A.J.-Thewalt-Wien-Krug-4.jpg 360w\" sizes=\"(max-width: 168px) 100vw, 168px\" \/><\/a><\/p>\n<p><a href=\"http:\/\/museumek.eu\/?attachment_id=48525\" rel=\"attachment wp-att-48525\"><img loading=\"lazy\" src=\"http:\/\/museumek.eu\/wp-content\/uploads\/2012\/07\/A.J.-Thewalt-Wien-Krug-5-227x300.jpg\" alt=\"\" title=\"A.J. Thewalt Wien Krug 5\" width=\"227\" height=\"300\" class=\"alignnone size-medium wp-image-48525\" srcset=\"http:\/\/museumek.eu\/wp-content\/uploads\/2012\/07\/A.J.-Thewalt-Wien-Krug-5-227x300.jpg 227w, http:\/\/museumek.eu\/wp-content\/uploads\/2012\/07\/A.J.-Thewalt-Wien-Krug-5-113x150.jpg 113w, http:\/\/museumek.eu\/wp-content\/uploads\/2012\/07\/A.J.-Thewalt-Wien-Krug-5.jpg 506w\" sizes=\"(max-width: 227px) 100vw, 227px\" \/><\/a><\/p>\n<p><a href=\"http:\/\/museumek.eu\/?attachment_id=48526\" rel=\"attachment wp-att-48526\"><img loading=\"lazy\" src=\"http:\/\/museumek.eu\/wp-content\/uploads\/2012\/07\/A.J.-Thewalt-Wien-Krug-6-300x199.jpg\" alt=\"\" title=\"A.J. Thewalt Wien Krug 6\" width=\"300\" height=\"199\" class=\"alignnone size-medium wp-image-48526\" srcset=\"http:\/\/museumek.eu\/wp-content\/uploads\/2012\/07\/A.J.-Thewalt-Wien-Krug-6-300x199.jpg 300w, http:\/\/museumek.eu\/wp-content\/uploads\/2012\/07\/A.J.-Thewalt-Wien-Krug-6-150x99.jpg 150w, http:\/\/museumek.eu\/wp-content\/uploads\/2012\/07\/A.J.-Thewalt-Wien-Krug-6-450x300.jpg 450w, http:\/\/museumek.eu\/wp-content\/uploads\/2012\/07\/A.J.-Thewalt-Wien-Krug-6.jpg 640w\" sizes=\"(max-width: 300px) 100vw, 300px\" \/><\/a><\/p>\n<p><a href=\"http:\/\/museumek.eu\/?attachment_id=48527\" rel=\"attachment wp-att-48527\"><img loading=\"lazy\" src=\"http:\/\/museumek.eu\/wp-content\/uploads\/2012\/07\/A.J.-Thewalt-Wien-Krug-7-208x300.jpg\" alt=\"\" title=\"A.J. Thewalt Wien Krug 7\" width=\"208\" height=\"300\" class=\"alignnone size-medium wp-image-48527\" srcset=\"http:\/\/museumek.eu\/wp-content\/uploads\/2012\/07\/A.J.-Thewalt-Wien-Krug-7-208x300.jpg 208w, http:\/\/museumek.eu\/wp-content\/uploads\/2012\/07\/A.J.-Thewalt-Wien-Krug-7-104x150.jpg 104w, http:\/\/museumek.eu\/wp-content\/uploads\/2012\/07\/A.J.-Thewalt-Wien-Krug-7.jpg 445w\" sizes=\"(max-width: 208px) 100vw, 208px\" \/><\/a><\/p>\n","protected":false},"excerpt":{"rendered":"<p>Abteilung Deutschland, Keramik 1860 \u2013 1960, Inventarnummer D\/XLVIII\/16 Albert Jacob Thewalt, Fabrik fein verzierter Steinzeugwaren, Deutschland, H\u00f6hr, um 1900, Krug Wien, K\u00fcnstler Wilhelm Kamp (attr.), Werks.-Nr. ohne, Exemplar Nr. ohne, gemarkt Firmenmarke mit A T und \u00fcber dem T ein &hellip; <a href=\"http:\/\/museumek.eu\/?page_id=48534\">Weiterlesen <span class=\"meta-nav\">&rarr;<\/span><\/a><\/p>\n","protected":false},"author":1,"featured_media":0,"parent":32687,"menu_order":16,"comment_status":"closed","ping_status":"open","template":"","meta":[],"_links":{"self":[{"href":"http:\/\/museumek.eu\/index.php?rest_route=\/wp\/v2\/pages\/48534"}],"collection":[{"href":"http:\/\/museumek.eu\/index.php?rest_route=\/wp\/v2\/pages"}],"about":[{"href":"http:\/\/museumek.eu\/index.php?rest_route=\/wp\/v2\/types\/page"}],"author":[{"embeddable":true,"href":"http:\/\/museumek.eu\/index.php?rest_route=\/wp\/v2\/users\/1"}],"replies":[{"embeddable":true,"href":"http:\/\/museumek.eu\/index.php?rest_route=%2Fwp%2Fv2%2Fcomments&post=48534"}],"version-history":[{"count":2,"href":"http:\/\/museumek.eu\/index.php?rest_route=\/wp\/v2\/pages\/48534\/revisions"}],"predecessor-version":[{"id":48536,"href":"http:\/\/museumek.eu\/index.php?rest_route=\/wp\/v2\/pages\/48534\/revisions\/48536"}],"up":[{"embeddable":true,"href":"http:\/\/museumek.eu\/index.php?rest_route=\/wp\/v2\/pages\/32687"}],"wp:attachment":[{"href":"http:\/\/museumek.eu\/index.php?rest_route=%2Fwp%2Fv2%2Fmedia&parent=48534"}],"curies":[{"name":"wp","href":"https:\/\/api.w.org\/{rel}","templated":true}]}}