{"id":48668,"date":"2020-08-15T17:52:18","date_gmt":"2020-08-15T15:52:18","guid":{"rendered":"http:\/\/museumek.eu\/?page_id=48668"},"modified":"2020-08-15T17:52:18","modified_gmt":"2020-08-15T15:52:18","slug":"dlxxxii60","status":"publish","type":"page","link":"http:\/\/museumek.eu\/?page_id=48668","title":{"rendered":"D\/LXXXII\/60"},"content":{"rendered":"<p><strong>Abteilung Deutschland, Keramik 1860 \u2013 1960, Inventarnummer D\/LXXXII\/60<\/strong><\/p>\n<p>Westerw\u00e4lder Steinzeug ohne Fabrikzuordnung, Deutschland, Westerwald, um 1900, Krug, K\u00fcnstler unbekannt, Werks.-Nr. 223, Exemplar Nr. ohne, gemarkt keine Fabrikmarke aber 0,25 L. \u00fcber Eichstrich, 223 unter dem Henkel sowie 223 auf dem Boden gepresst, nicht signiert, H\u00f6he 11 cm, Breite 11 cm <\/p>\n<p><a href=\"http:\/\/museumek.eu\/?attachment_id=48648\" rel=\"attachment wp-att-48648\"><img loading=\"lazy\" src=\"http:\/\/museumek.eu\/wp-content\/uploads\/2013\/05\/Westerwald-Krug-Nr.-223-ohne-Zuordnung-1-202x300.jpg\" alt=\"\" title=\"Westerwald Krug Nr. 223 ohne Zuordnung 1\" width=\"202\" height=\"300\" class=\"alignnone size-medium wp-image-48648\" srcset=\"http:\/\/museumek.eu\/wp-content\/uploads\/2013\/05\/Westerwald-Krug-Nr.-223-ohne-Zuordnung-1-202x300.jpg 202w, http:\/\/museumek.eu\/wp-content\/uploads\/2013\/05\/Westerwald-Krug-Nr.-223-ohne-Zuordnung-1-101x150.jpg 101w, http:\/\/museumek.eu\/wp-content\/uploads\/2013\/05\/Westerwald-Krug-Nr.-223-ohne-Zuordnung-1.jpg 431w\" sizes=\"(max-width: 202px) 100vw, 202px\" \/><\/a><\/p>\n<p><a href=\"http:\/\/museumek.eu\/?attachment_id=48649\" rel=\"attachment wp-att-48649\"><img loading=\"lazy\" src=\"http:\/\/museumek.eu\/wp-content\/uploads\/2013\/05\/Westerwald-Krug-Nr.-223-ohne-Zuordnung-2-248x300.jpg\" alt=\"\" title=\"Westerwald Krug Nr. 223 ohne Zuordnung 2\" width=\"248\" height=\"300\" class=\"alignnone size-medium wp-image-48649\" srcset=\"http:\/\/museumek.eu\/wp-content\/uploads\/2013\/05\/Westerwald-Krug-Nr.-223-ohne-Zuordnung-2-248x300.jpg 248w, http:\/\/museumek.eu\/wp-content\/uploads\/2013\/05\/Westerwald-Krug-Nr.-223-ohne-Zuordnung-2-124x150.jpg 124w, http:\/\/museumek.eu\/wp-content\/uploads\/2013\/05\/Westerwald-Krug-Nr.-223-ohne-Zuordnung-2.jpg 480w\" sizes=\"(max-width: 248px) 100vw, 248px\" \/><\/a><\/p>\n<p><a href=\"http:\/\/museumek.eu\/?attachment_id=48652\" rel=\"attachment wp-att-48652\"><img loading=\"lazy\" src=\"http:\/\/museumek.eu\/wp-content\/uploads\/2013\/05\/Westerwald-Krug-Nr.-223-ohne-Zuordnung-3-256x300.jpg\" alt=\"\" title=\"Westerwald Krug Nr. 223 ohne Zuordnung 3\" width=\"256\" height=\"300\" class=\"alignnone size-medium wp-image-48652\" srcset=\"http:\/\/museumek.eu\/wp-content\/uploads\/2013\/05\/Westerwald-Krug-Nr.-223-ohne-Zuordnung-3-256x300.jpg 256w, http:\/\/museumek.eu\/wp-content\/uploads\/2013\/05\/Westerwald-Krug-Nr.-223-ohne-Zuordnung-3-128x150.jpg 128w, http:\/\/museumek.eu\/wp-content\/uploads\/2013\/05\/Westerwald-Krug-Nr.-223-ohne-Zuordnung-3.jpg 480w\" sizes=\"(max-width: 256px) 100vw, 256px\" \/><\/a><\/p>\n<p><a href=\"http:\/\/museumek.eu\/?attachment_id=48653\" rel=\"attachment wp-att-48653\"><img loading=\"lazy\" src=\"http:\/\/museumek.eu\/wp-content\/uploads\/2013\/05\/Westerwald-Krug-Nr.-223-ohne-Zuordnung-4-190x300.jpg\" alt=\"\" title=\"Westerwald Krug Nr. 223 ohne Zuordnung 4\" width=\"190\" height=\"300\" class=\"alignnone size-medium wp-image-48653\" srcset=\"http:\/\/museumek.eu\/wp-content\/uploads\/2013\/05\/Westerwald-Krug-Nr.-223-ohne-Zuordnung-4-190x300.jpg 190w, http:\/\/museumek.eu\/wp-content\/uploads\/2013\/05\/Westerwald-Krug-Nr.-223-ohne-Zuordnung-4-95x150.jpg 95w, http:\/\/museumek.eu\/wp-content\/uploads\/2013\/05\/Westerwald-Krug-Nr.-223-ohne-Zuordnung-4.jpg 406w\" sizes=\"(max-width: 190px) 100vw, 190px\" \/><\/a><\/p>\n<p><a href=\"http:\/\/museumek.eu\/?attachment_id=48654\" rel=\"attachment wp-att-48654\"><img loading=\"lazy\" src=\"http:\/\/museumek.eu\/wp-content\/uploads\/2013\/05\/Westerwald-Krug-Nr.-223-ohne-Zuordnung-5-254x300.jpg\" alt=\"\" title=\"Westerwald Krug Nr. 223 ohne Zuordnung 5\" width=\"254\" height=\"300\" class=\"alignnone size-medium wp-image-48654\" srcset=\"http:\/\/museumek.eu\/wp-content\/uploads\/2013\/05\/Westerwald-Krug-Nr.-223-ohne-Zuordnung-5-254x300.jpg 254w, http:\/\/museumek.eu\/wp-content\/uploads\/2013\/05\/Westerwald-Krug-Nr.-223-ohne-Zuordnung-5-127x150.jpg 127w, http:\/\/museumek.eu\/wp-content\/uploads\/2013\/05\/Westerwald-Krug-Nr.-223-ohne-Zuordnung-5.jpg 480w\" sizes=\"(max-width: 254px) 100vw, 254px\" \/><\/a><\/p>\n<p><a href=\"http:\/\/museumek.eu\/?attachment_id=48657\" rel=\"attachment wp-att-48657\"><img loading=\"lazy\" src=\"http:\/\/museumek.eu\/wp-content\/uploads\/2013\/05\/Westerwald-Krug-Nr.-223-ohne-Zuordnung-6-300x223.jpg\" alt=\"\" title=\"Westerwald Krug Nr. 223 ohne Zuordnung 6\" width=\"300\" height=\"223\" class=\"alignnone size-medium wp-image-48657\" srcset=\"http:\/\/museumek.eu\/wp-content\/uploads\/2013\/05\/Westerwald-Krug-Nr.-223-ohne-Zuordnung-6-300x223.jpg 300w, http:\/\/museumek.eu\/wp-content\/uploads\/2013\/05\/Westerwald-Krug-Nr.-223-ohne-Zuordnung-6-150x111.jpg 150w, http:\/\/museumek.eu\/wp-content\/uploads\/2013\/05\/Westerwald-Krug-Nr.-223-ohne-Zuordnung-6-402x300.jpg 402w, http:\/\/museumek.eu\/wp-content\/uploads\/2013\/05\/Westerwald-Krug-Nr.-223-ohne-Zuordnung-6.jpg 640w\" sizes=\"(max-width: 300px) 100vw, 300px\" \/><\/a><\/p>\n<p><a href=\"http:\/\/museumek.eu\/?attachment_id=48660\" rel=\"attachment wp-att-48660\"><img loading=\"lazy\" src=\"http:\/\/museumek.eu\/wp-content\/uploads\/2013\/05\/Westerwald-Krug-Nr.-223-ohne-Zuordnung-7-300x205.jpg\" alt=\"\" title=\"Westerwald Krug Nr. 223 ohne Zuordnung 7\" width=\"300\" height=\"205\" class=\"alignnone size-medium wp-image-48660\" srcset=\"http:\/\/museumek.eu\/wp-content\/uploads\/2013\/05\/Westerwald-Krug-Nr.-223-ohne-Zuordnung-7-300x205.jpg 300w, http:\/\/museumek.eu\/wp-content\/uploads\/2013\/05\/Westerwald-Krug-Nr.-223-ohne-Zuordnung-7-150x102.jpg 150w, http:\/\/museumek.eu\/wp-content\/uploads\/2013\/05\/Westerwald-Krug-Nr.-223-ohne-Zuordnung-7-438x300.jpg 438w, http:\/\/museumek.eu\/wp-content\/uploads\/2013\/05\/Westerwald-Krug-Nr.-223-ohne-Zuordnung-7.jpg 640w\" sizes=\"(max-width: 300px) 100vw, 300px\" \/><\/a><\/p>\n","protected":false},"excerpt":{"rendered":"<p>Abteilung Deutschland, Keramik 1860 \u2013 1960, Inventarnummer D\/LXXXII\/60 Westerw\u00e4lder Steinzeug ohne Fabrikzuordnung, Deutschland, Westerwald, um 1900, Krug, K\u00fcnstler unbekannt, Werks.-Nr. 223, Exemplar Nr. ohne, gemarkt keine Fabrikmarke aber 0,25 L. \u00fcber Eichstrich, 223 unter dem Henkel sowie 223 auf dem &hellip; <a href=\"http:\/\/museumek.eu\/?page_id=48668\">Weiterlesen <span class=\"meta-nav\">&rarr;<\/span><\/a><\/p>\n","protected":false},"author":1,"featured_media":0,"parent":48279,"menu_order":60,"comment_status":"closed","ping_status":"open","template":"","meta":[],"_links":{"self":[{"href":"http:\/\/museumek.eu\/index.php?rest_route=\/wp\/v2\/pages\/48668"}],"collection":[{"href":"http:\/\/museumek.eu\/index.php?rest_route=\/wp\/v2\/pages"}],"about":[{"href":"http:\/\/museumek.eu\/index.php?rest_route=\/wp\/v2\/types\/page"}],"author":[{"embeddable":true,"href":"http:\/\/museumek.eu\/index.php?rest_route=\/wp\/v2\/users\/1"}],"replies":[{"embeddable":true,"href":"http:\/\/museumek.eu\/index.php?rest_route=%2Fwp%2Fv2%2Fcomments&post=48668"}],"version-history":[{"count":2,"href":"http:\/\/museumek.eu\/index.php?rest_route=\/wp\/v2\/pages\/48668\/revisions"}],"predecessor-version":[{"id":48670,"href":"http:\/\/museumek.eu\/index.php?rest_route=\/wp\/v2\/pages\/48668\/revisions\/48670"}],"up":[{"embeddable":true,"href":"http:\/\/museumek.eu\/index.php?rest_route=\/wp\/v2\/pages\/48279"}],"wp:attachment":[{"href":"http:\/\/museumek.eu\/index.php?rest_route=%2Fwp%2Fv2%2Fmedia&parent=48668"}],"curies":[{"name":"wp","href":"https:\/\/api.w.org\/{rel}","templated":true}]}}