{"id":48711,"date":"2020-08-16T14:14:06","date_gmt":"2020-08-16T12:14:06","guid":{"rendered":"http:\/\/museumek.eu\/?page_id=48711"},"modified":"2020-08-16T14:14:06","modified_gmt":"2020-08-16T12:14:06","slug":"dlxxxii61","status":"publish","type":"page","link":"http:\/\/museumek.eu\/?page_id=48711","title":{"rendered":"D\/LXXXII\/61"},"content":{"rendered":"<p><strong>Abteilung Deutschland, Keramik 1860 \u2013 1960, Inventarnummer D\/LXXXII\/61<\/strong><\/p>\n<p>Westerw\u00e4lder Steinzeug ohne Fabrikzuordnung, Deutschland, Westerwald, um 1900, Krug, K\u00fcnstler unbekannt, Werks.-Nr. 821, Exemplar Nr. ohne, gemarkt keine Fabrikmarke aber 0,5 L. \u00fcber Eichstrich, sowie 821 gepresst, 4 geritzt, nicht signiert, H\u00f6he 14 cm, Breite 14 cm <\/p>\n<p><a href=\"http:\/\/museumek.eu\/?attachment_id=48676\" rel=\"attachment wp-att-48676\"><img loading=\"lazy\" src=\"http:\/\/museumek.eu\/wp-content\/uploads\/2013\/05\/Westerwald-unbekannt-Krug-Hotel-11-189x300.jpg\" alt=\"\" title=\"Westerwald unbekannt Krug Hotel 1\" width=\"189\" height=\"300\" class=\"alignnone size-medium wp-image-48676\" srcset=\"http:\/\/museumek.eu\/wp-content\/uploads\/2013\/05\/Westerwald-unbekannt-Krug-Hotel-11-189x300.jpg 189w, http:\/\/museumek.eu\/wp-content\/uploads\/2013\/05\/Westerwald-unbekannt-Krug-Hotel-11-94x150.jpg 94w, http:\/\/museumek.eu\/wp-content\/uploads\/2013\/05\/Westerwald-unbekannt-Krug-Hotel-11.jpg 404w\" sizes=\"(max-width: 189px) 100vw, 189px\" \/><\/a><\/p>\n<p><a href=\"http:\/\/museumek.eu\/?attachment_id=48677\" rel=\"attachment wp-att-48677\"><img loading=\"lazy\" src=\"http:\/\/museumek.eu\/wp-content\/uploads\/2013\/05\/Westerwald-unbekannt-Krug-Hotel-2-258x300.jpg\" alt=\"\" title=\"Westerwald unbekannt Krug Hotel 2\" width=\"258\" height=\"300\" class=\"alignnone size-medium wp-image-48677\" srcset=\"http:\/\/museumek.eu\/wp-content\/uploads\/2013\/05\/Westerwald-unbekannt-Krug-Hotel-2-258x300.jpg 258w, http:\/\/museumek.eu\/wp-content\/uploads\/2013\/05\/Westerwald-unbekannt-Krug-Hotel-2-129x150.jpg 129w, http:\/\/museumek.eu\/wp-content\/uploads\/2013\/05\/Westerwald-unbekannt-Krug-Hotel-2.jpg 480w\" sizes=\"(max-width: 258px) 100vw, 258px\" \/><\/a><\/p>\n<p><a href=\"http:\/\/museumek.eu\/?attachment_id=48680\" rel=\"attachment wp-att-48680\"><img loading=\"lazy\" src=\"http:\/\/museumek.eu\/wp-content\/uploads\/2013\/05\/Westerwald-unbekannt-Krug-Hotel-3-256x300.jpg\" alt=\"\" title=\"Westerwald unbekannt Krug Hotel 3\" width=\"256\" height=\"300\" class=\"alignnone size-medium wp-image-48680\" srcset=\"http:\/\/museumek.eu\/wp-content\/uploads\/2013\/05\/Westerwald-unbekannt-Krug-Hotel-3-256x300.jpg 256w, http:\/\/museumek.eu\/wp-content\/uploads\/2013\/05\/Westerwald-unbekannt-Krug-Hotel-3-128x150.jpg 128w, http:\/\/museumek.eu\/wp-content\/uploads\/2013\/05\/Westerwald-unbekannt-Krug-Hotel-3.jpg 480w\" sizes=\"(max-width: 256px) 100vw, 256px\" \/><\/a><\/p>\n<p><a href=\"http:\/\/museumek.eu\/?attachment_id=48681\" rel=\"attachment wp-att-48681\"><img loading=\"lazy\" src=\"http:\/\/museumek.eu\/wp-content\/uploads\/2013\/05\/Westerwald-unbekannt-Krug-Hotel-4-182x300.jpg\" alt=\"\" title=\"Westerwald unbekannt Krug Hotel 4\" width=\"182\" height=\"300\" class=\"alignnone size-medium wp-image-48681\" srcset=\"http:\/\/museumek.eu\/wp-content\/uploads\/2013\/05\/Westerwald-unbekannt-Krug-Hotel-4-182x300.jpg 182w, http:\/\/museumek.eu\/wp-content\/uploads\/2013\/05\/Westerwald-unbekannt-Krug-Hotel-4-91x150.jpg 91w, http:\/\/museumek.eu\/wp-content\/uploads\/2013\/05\/Westerwald-unbekannt-Krug-Hotel-4.jpg 390w\" sizes=\"(max-width: 182px) 100vw, 182px\" \/><\/a><\/p>\n<p><a href=\"http:\/\/museumek.eu\/?attachment_id=48684\" rel=\"attachment wp-att-48684\"><img loading=\"lazy\" src=\"http:\/\/museumek.eu\/wp-content\/uploads\/2013\/05\/Westerwald-unbekannt-Krug-Hotel-5-232x300.jpg\" alt=\"\" title=\"Westerwald unbekannt Krug Hotel 5\" width=\"232\" height=\"300\" class=\"alignnone size-medium wp-image-48684\" srcset=\"http:\/\/museumek.eu\/wp-content\/uploads\/2013\/05\/Westerwald-unbekannt-Krug-Hotel-5-232x300.jpg 232w, http:\/\/museumek.eu\/wp-content\/uploads\/2013\/05\/Westerwald-unbekannt-Krug-Hotel-5-116x150.jpg 116w, http:\/\/museumek.eu\/wp-content\/uploads\/2013\/05\/Westerwald-unbekannt-Krug-Hotel-5.jpg 480w\" sizes=\"(max-width: 232px) 100vw, 232px\" \/><\/a><\/p>\n<p><a href=\"http:\/\/museumek.eu\/?attachment_id=48685\" rel=\"attachment wp-att-48685\"><img loading=\"lazy\" src=\"http:\/\/museumek.eu\/wp-content\/uploads\/2013\/05\/Westerwald-unbekannt-Krug-Hotel-6-300x269.jpg\" alt=\"\" title=\"Westerwald unbekannt Krug Hotel 6\" width=\"300\" height=\"269\" class=\"alignnone size-medium wp-image-48685\" srcset=\"http:\/\/museumek.eu\/wp-content\/uploads\/2013\/05\/Westerwald-unbekannt-Krug-Hotel-6-300x269.jpg 300w, http:\/\/museumek.eu\/wp-content\/uploads\/2013\/05\/Westerwald-unbekannt-Krug-Hotel-6-150x134.jpg 150w, http:\/\/museumek.eu\/wp-content\/uploads\/2013\/05\/Westerwald-unbekannt-Krug-Hotel-6-333x300.jpg 333w, http:\/\/museumek.eu\/wp-content\/uploads\/2013\/05\/Westerwald-unbekannt-Krug-Hotel-6.jpg 534w\" sizes=\"(max-width: 300px) 100vw, 300px\" \/><\/a><\/p>\n<p><a href=\"http:\/\/museumek.eu\/?attachment_id=48688\" rel=\"attachment wp-att-48688\"><img loading=\"lazy\" src=\"http:\/\/museumek.eu\/wp-content\/uploads\/2013\/05\/Westerwald-unbekannt-Krug-Hotel-7-300x145.jpg\" alt=\"\" title=\"Westerwald unbekannt Krug Hotel 7\" width=\"300\" height=\"145\" class=\"alignnone size-medium wp-image-48688\" srcset=\"http:\/\/museumek.eu\/wp-content\/uploads\/2013\/05\/Westerwald-unbekannt-Krug-Hotel-7-300x145.jpg 300w, http:\/\/museumek.eu\/wp-content\/uploads\/2013\/05\/Westerwald-unbekannt-Krug-Hotel-7-150x72.jpg 150w, http:\/\/museumek.eu\/wp-content\/uploads\/2013\/05\/Westerwald-unbekannt-Krug-Hotel-7-500x242.jpg 500w, http:\/\/museumek.eu\/wp-content\/uploads\/2013\/05\/Westerwald-unbekannt-Krug-Hotel-7.jpg 640w\" sizes=\"(max-width: 300px) 100vw, 300px\" \/><\/a><\/p>\n<p><a href=\"http:\/\/museumek.eu\/?attachment_id=48689\" rel=\"attachment wp-att-48689\"><img loading=\"lazy\" src=\"http:\/\/museumek.eu\/wp-content\/uploads\/2013\/05\/Westerwald-unbekannt-Krug-Hotel-8-300x112.jpg\" alt=\"\" title=\"Westerwald unbekannt Krug Hotel 8\" width=\"300\" height=\"112\" class=\"alignnone size-medium wp-image-48689\" srcset=\"http:\/\/museumek.eu\/wp-content\/uploads\/2013\/05\/Westerwald-unbekannt-Krug-Hotel-8-300x112.jpg 300w, http:\/\/museumek.eu\/wp-content\/uploads\/2013\/05\/Westerwald-unbekannt-Krug-Hotel-8-150x56.jpg 150w, http:\/\/museumek.eu\/wp-content\/uploads\/2013\/05\/Westerwald-unbekannt-Krug-Hotel-8-500x186.jpg 500w, http:\/\/museumek.eu\/wp-content\/uploads\/2013\/05\/Westerwald-unbekannt-Krug-Hotel-8.jpg 640w\" sizes=\"(max-width: 300px) 100vw, 300px\" \/><\/a><\/p>\n","protected":false},"excerpt":{"rendered":"<p>Abteilung Deutschland, Keramik 1860 \u2013 1960, Inventarnummer D\/LXXXII\/61 Westerw\u00e4lder Steinzeug ohne Fabrikzuordnung, Deutschland, Westerwald, um 1900, Krug, K\u00fcnstler unbekannt, Werks.-Nr. 821, Exemplar Nr. ohne, gemarkt keine Fabrikmarke aber 0,5 L. \u00fcber Eichstrich, sowie 821 gepresst, 4 geritzt, nicht signiert, H\u00f6he &hellip; <a href=\"http:\/\/museumek.eu\/?page_id=48711\">Weiterlesen <span class=\"meta-nav\">&rarr;<\/span><\/a><\/p>\n","protected":false},"author":1,"featured_media":0,"parent":48672,"menu_order":61,"comment_status":"closed","ping_status":"open","template":"","meta":[],"_links":{"self":[{"href":"http:\/\/museumek.eu\/index.php?rest_route=\/wp\/v2\/pages\/48711"}],"collection":[{"href":"http:\/\/museumek.eu\/index.php?rest_route=\/wp\/v2\/pages"}],"about":[{"href":"http:\/\/museumek.eu\/index.php?rest_route=\/wp\/v2\/types\/page"}],"author":[{"embeddable":true,"href":"http:\/\/museumek.eu\/index.php?rest_route=\/wp\/v2\/users\/1"}],"replies":[{"embeddable":true,"href":"http:\/\/museumek.eu\/index.php?rest_route=%2Fwp%2Fv2%2Fcomments&post=48711"}],"version-history":[{"count":2,"href":"http:\/\/museumek.eu\/index.php?rest_route=\/wp\/v2\/pages\/48711\/revisions"}],"predecessor-version":[{"id":48713,"href":"http:\/\/museumek.eu\/index.php?rest_route=\/wp\/v2\/pages\/48711\/revisions\/48713"}],"up":[{"embeddable":true,"href":"http:\/\/museumek.eu\/index.php?rest_route=\/wp\/v2\/pages\/48672"}],"wp:attachment":[{"href":"http:\/\/museumek.eu\/index.php?rest_route=%2Fwp%2Fv2%2Fmedia&parent=48711"}],"curies":[{"name":"wp","href":"https:\/\/api.w.org\/{rel}","templated":true}]}}