{"id":48749,"date":"2020-08-16T16:42:42","date_gmt":"2020-08-16T14:42:42","guid":{"rendered":"http:\/\/museumek.eu\/?page_id=48749"},"modified":"2020-08-16T19:36:38","modified_gmt":"2020-08-16T17:36:38","slug":"dlxxxii64","status":"publish","type":"page","link":"http:\/\/museumek.eu\/?page_id=48749","title":{"rendered":"D\/LXXXII\/64"},"content":{"rendered":"<p><strong>Abteilung Deutschland, Keramik 1860 \u2013 1960, Inventarnummer D\/LXXXII\/64<\/strong><\/p>\n<p>Westerw\u00e4lder Steinzeug ohne Fabrikzuordnung, Deutschland, Westerwald, um 1900, Krug, K\u00fcnstler unbekannt, Werks.-Nr. ohne, Exemplar Nr. ohne, gemarkt keine Fabrikmarke aber 0,5 L. \u00fcber Eichstrich, gepresst, nicht signiert,<br \/>\nH\u00f6he 14,5 cm, Breite 13,5 cm (nur die Keramik)<\/p>\n<p><a href=\"http:\/\/museumek.eu\/?attachment_id=48728\" rel=\"attachment wp-att-48728\"><img loading=\"lazy\" src=\"http:\/\/museumek.eu\/wp-content\/uploads\/2013\/05\/Westerwald-unbekannt-Krug-Jahreszeiten-1-146x300.jpg\" alt=\"\" title=\"Westerwald unbekannt Krug Jahreszeiten 1\" width=\"146\" height=\"300\" class=\"alignnone size-medium wp-image-48728\" srcset=\"http:\/\/museumek.eu\/wp-content\/uploads\/2013\/05\/Westerwald-unbekannt-Krug-Jahreszeiten-1-146x300.jpg 146w, http:\/\/museumek.eu\/wp-content\/uploads\/2013\/05\/Westerwald-unbekannt-Krug-Jahreszeiten-1-73x150.jpg 73w, http:\/\/museumek.eu\/wp-content\/uploads\/2013\/05\/Westerwald-unbekannt-Krug-Jahreszeiten-1.jpg 312w\" sizes=\"(max-width: 146px) 100vw, 146px\" \/><\/a><\/p>\n<p><a href=\"http:\/\/museumek.eu\/?attachment_id=48729\" rel=\"attachment wp-att-48729\"><img loading=\"lazy\" src=\"http:\/\/museumek.eu\/wp-content\/uploads\/2013\/05\/Westerwald-unbekannt-Krug-Jahreszeiten-2-170x300.jpg\" alt=\"\" title=\"Westerwald unbekannt Krug Jahreszeiten 2\" width=\"170\" height=\"300\" class=\"alignnone size-medium wp-image-48729\" srcset=\"http:\/\/museumek.eu\/wp-content\/uploads\/2013\/05\/Westerwald-unbekannt-Krug-Jahreszeiten-2-170x300.jpg 170w, http:\/\/museumek.eu\/wp-content\/uploads\/2013\/05\/Westerwald-unbekannt-Krug-Jahreszeiten-2-85x150.jpg 85w, http:\/\/museumek.eu\/wp-content\/uploads\/2013\/05\/Westerwald-unbekannt-Krug-Jahreszeiten-2.jpg 364w\" sizes=\"(max-width: 170px) 100vw, 170px\" \/><\/a><\/p>\n<p><a href=\"http:\/\/museumek.eu\/?attachment_id=48732\" rel=\"attachment wp-att-48732\"><img loading=\"lazy\" src=\"http:\/\/museumek.eu\/wp-content\/uploads\/2013\/05\/Westerwald-unbekannt-Krug-Jahreszeiten-3-200x300.jpg\" alt=\"\" title=\"Westerwald unbekannt Krug Jahreszeiten 3\" width=\"200\" height=\"300\" class=\"alignnone size-medium wp-image-48732\" srcset=\"http:\/\/museumek.eu\/wp-content\/uploads\/2013\/05\/Westerwald-unbekannt-Krug-Jahreszeiten-3-200x300.jpg 200w, http:\/\/museumek.eu\/wp-content\/uploads\/2013\/05\/Westerwald-unbekannt-Krug-Jahreszeiten-3-100x150.jpg 100w, http:\/\/museumek.eu\/wp-content\/uploads\/2013\/05\/Westerwald-unbekannt-Krug-Jahreszeiten-3.jpg 428w\" sizes=\"(max-width: 200px) 100vw, 200px\" \/><\/a><\/p>\n<p><a href=\"http:\/\/museumek.eu\/?attachment_id=48733\" rel=\"attachment wp-att-48733\"><img loading=\"lazy\" src=\"http:\/\/museumek.eu\/wp-content\/uploads\/2013\/05\/Westerwald-unbekannt-Krug-Jahreszeiten-4-139x300.jpg\" alt=\"\" title=\"Westerwald unbekannt Krug Jahreszeiten 4\" width=\"139\" height=\"300\" class=\"alignnone size-medium wp-image-48733\" srcset=\"http:\/\/museumek.eu\/wp-content\/uploads\/2013\/05\/Westerwald-unbekannt-Krug-Jahreszeiten-4-139x300.jpg 139w, http:\/\/museumek.eu\/wp-content\/uploads\/2013\/05\/Westerwald-unbekannt-Krug-Jahreszeiten-4-69x150.jpg 69w, http:\/\/museumek.eu\/wp-content\/uploads\/2013\/05\/Westerwald-unbekannt-Krug-Jahreszeiten-4.jpg 298w\" sizes=\"(max-width: 139px) 100vw, 139px\" \/><\/a><\/p>\n<p><a href=\"http:\/\/museumek.eu\/?attachment_id=48736\" rel=\"attachment wp-att-48736\"><img loading=\"lazy\" src=\"http:\/\/museumek.eu\/wp-content\/uploads\/2013\/05\/Westerwald-unbekannt-Krug-Jahreszeiten-5-222x300.jpg\" alt=\"\" title=\"Westerwald unbekannt Krug Jahreszeiten 5\" width=\"222\" height=\"300\" class=\"alignnone size-medium wp-image-48736\" srcset=\"http:\/\/museumek.eu\/wp-content\/uploads\/2013\/05\/Westerwald-unbekannt-Krug-Jahreszeiten-5-222x300.jpg 222w, http:\/\/museumek.eu\/wp-content\/uploads\/2013\/05\/Westerwald-unbekannt-Krug-Jahreszeiten-5-111x150.jpg 111w, http:\/\/museumek.eu\/wp-content\/uploads\/2013\/05\/Westerwald-unbekannt-Krug-Jahreszeiten-5.jpg 474w\" sizes=\"(max-width: 222px) 100vw, 222px\" \/><\/a><\/p>\n<p><a href=\"http:\/\/museumek.eu\/?attachment_id=48737\" rel=\"attachment wp-att-48737\"><img loading=\"lazy\" src=\"http:\/\/museumek.eu\/wp-content\/uploads\/2013\/05\/Westerwald-unbekannt-Krug-Jahreszeiten-6-300x172.jpg\" alt=\"\" title=\"Westerwald unbekannt Krug Jahreszeiten 6\" width=\"300\" height=\"172\" class=\"alignnone size-medium wp-image-48737\" srcset=\"http:\/\/museumek.eu\/wp-content\/uploads\/2013\/05\/Westerwald-unbekannt-Krug-Jahreszeiten-6-300x172.jpg 300w, http:\/\/museumek.eu\/wp-content\/uploads\/2013\/05\/Westerwald-unbekannt-Krug-Jahreszeiten-6-150x86.jpg 150w, http:\/\/museumek.eu\/wp-content\/uploads\/2013\/05\/Westerwald-unbekannt-Krug-Jahreszeiten-6-500x287.jpg 500w, http:\/\/museumek.eu\/wp-content\/uploads\/2013\/05\/Westerwald-unbekannt-Krug-Jahreszeiten-6.jpg 640w\" sizes=\"(max-width: 300px) 100vw, 300px\" \/><\/a><\/p>\n","protected":false},"excerpt":{"rendered":"<p>Abteilung Deutschland, Keramik 1860 \u2013 1960, Inventarnummer D\/LXXXII\/64 Westerw\u00e4lder Steinzeug ohne Fabrikzuordnung, Deutschland, Westerwald, um 1900, Krug, K\u00fcnstler unbekannt, Werks.-Nr. ohne, Exemplar Nr. ohne, gemarkt keine Fabrikmarke aber 0,5 L. \u00fcber Eichstrich, gepresst, nicht signiert, H\u00f6he 14,5 cm, Breite 13,5 &hellip; <a href=\"http:\/\/museumek.eu\/?page_id=48749\">Weiterlesen <span class=\"meta-nav\">&rarr;<\/span><\/a><\/p>\n","protected":false},"author":1,"featured_media":0,"parent":48672,"menu_order":64,"comment_status":"closed","ping_status":"open","template":"","meta":[],"_links":{"self":[{"href":"http:\/\/museumek.eu\/index.php?rest_route=\/wp\/v2\/pages\/48749"}],"collection":[{"href":"http:\/\/museumek.eu\/index.php?rest_route=\/wp\/v2\/pages"}],"about":[{"href":"http:\/\/museumek.eu\/index.php?rest_route=\/wp\/v2\/types\/page"}],"author":[{"embeddable":true,"href":"http:\/\/museumek.eu\/index.php?rest_route=\/wp\/v2\/users\/1"}],"replies":[{"embeddable":true,"href":"http:\/\/museumek.eu\/index.php?rest_route=%2Fwp%2Fv2%2Fcomments&post=48749"}],"version-history":[{"count":4,"href":"http:\/\/museumek.eu\/index.php?rest_route=\/wp\/v2\/pages\/48749\/revisions"}],"predecessor-version":[{"id":48794,"href":"http:\/\/museumek.eu\/index.php?rest_route=\/wp\/v2\/pages\/48749\/revisions\/48794"}],"up":[{"embeddable":true,"href":"http:\/\/museumek.eu\/index.php?rest_route=\/wp\/v2\/pages\/48672"}],"wp:attachment":[{"href":"http:\/\/museumek.eu\/index.php?rest_route=%2Fwp%2Fv2%2Fmedia&parent=48749"}],"curies":[{"name":"wp","href":"https:\/\/api.w.org\/{rel}","templated":true}]}}