{"id":48785,"date":"2020-08-16T19:31:19","date_gmt":"2020-08-16T17:31:19","guid":{"rendered":"http:\/\/museumek.eu\/?page_id=48785"},"modified":"2020-08-16T19:31:19","modified_gmt":"2020-08-16T17:31:19","slug":"dlxxxii65","status":"publish","type":"page","link":"http:\/\/museumek.eu\/?page_id=48785","title":{"rendered":"D\/LXXXII\/65"},"content":{"rendered":"<p><strong>Abteilung Deutschland, Keramik 1860 \u2013 1960, Inventarnummer D\/LXXXII\/65<\/strong><\/p>\n<p>Westerw\u00e4lder Steinzeug ohne Fabrikzuordnung, Deutschland, Westerwald, um 1900, Krug, K\u00fcnstler unbekannt, Werks.-Nr. ohne, Exemplar Nr. ohne, gemarkt keine Fabrikmarke aber 0,5 L. \u00fcber Eichstrich gepresst, nicht signiert,<br \/>\nH\u00f6he 15 cm, Breite 13 cm <\/p>\n<p><a href=\"http:\/\/museumek.eu\/?attachment_id=48754\" rel=\"attachment wp-att-48754\"><img loading=\"lazy\" src=\"http:\/\/museumek.eu\/wp-content\/uploads\/2013\/05\/Westerwald-unbekannt-Wirtshauskrug-blau-1-164x300.jpg\" alt=\"\" title=\"Westerwald unbekannt Wirtshauskrug blau 1\" width=\"164\" height=\"300\" class=\"alignnone size-medium wp-image-48754\" srcset=\"http:\/\/museumek.eu\/wp-content\/uploads\/2013\/05\/Westerwald-unbekannt-Wirtshauskrug-blau-1-164x300.jpg 164w, http:\/\/museumek.eu\/wp-content\/uploads\/2013\/05\/Westerwald-unbekannt-Wirtshauskrug-blau-1-82x150.jpg 82w, http:\/\/museumek.eu\/wp-content\/uploads\/2013\/05\/Westerwald-unbekannt-Wirtshauskrug-blau-1.jpg 350w\" sizes=\"(max-width: 164px) 100vw, 164px\" \/><\/a><\/p>\n<p><a href=\"http:\/\/museumek.eu\/?attachment_id=48755\" rel=\"attachment wp-att-48755\"><img loading=\"lazy\" src=\"http:\/\/museumek.eu\/wp-content\/uploads\/2013\/05\/Westerwald-unbekannt-Wirtshauskrug-blau-2-236x300.jpg\" alt=\"\" title=\"Westerwald unbekannt Wirtshauskrug blau 2\" width=\"236\" height=\"300\" class=\"alignnone size-medium wp-image-48755\" srcset=\"http:\/\/museumek.eu\/wp-content\/uploads\/2013\/05\/Westerwald-unbekannt-Wirtshauskrug-blau-2-236x300.jpg 236w, http:\/\/museumek.eu\/wp-content\/uploads\/2013\/05\/Westerwald-unbekannt-Wirtshauskrug-blau-2-118x150.jpg 118w, http:\/\/museumek.eu\/wp-content\/uploads\/2013\/05\/Westerwald-unbekannt-Wirtshauskrug-blau-2.jpg 480w\" sizes=\"(max-width: 236px) 100vw, 236px\" \/><\/a><\/p>\n<p><a href=\"http:\/\/museumek.eu\/?attachment_id=48756\" rel=\"attachment wp-att-48756\"><img loading=\"lazy\" src=\"http:\/\/museumek.eu\/wp-content\/uploads\/2013\/05\/Westerwald-unbekannt-Wirtshauskrug-blau-3-238x300.jpg\" alt=\"\" title=\"Westerwald unbekannt Wirtshauskrug blau 3\" width=\"238\" height=\"300\" class=\"alignnone size-medium wp-image-48756\" srcset=\"http:\/\/museumek.eu\/wp-content\/uploads\/2013\/05\/Westerwald-unbekannt-Wirtshauskrug-blau-3-238x300.jpg 238w, http:\/\/museumek.eu\/wp-content\/uploads\/2013\/05\/Westerwald-unbekannt-Wirtshauskrug-blau-3-119x150.jpg 119w, http:\/\/museumek.eu\/wp-content\/uploads\/2013\/05\/Westerwald-unbekannt-Wirtshauskrug-blau-3.jpg 480w\" sizes=\"(max-width: 238px) 100vw, 238px\" \/><\/a><\/p>\n<p><a href=\"http:\/\/museumek.eu\/?attachment_id=48759\" rel=\"attachment wp-att-48759\"><img loading=\"lazy\" src=\"http:\/\/museumek.eu\/wp-content\/uploads\/2013\/05\/Westerwald-unbekannt-Wirtshauskrug-blau-4-184x300.jpg\" alt=\"\" title=\"Westerwald unbekannt Wirtshauskrug blau 4\" width=\"184\" height=\"300\" class=\"alignnone size-medium wp-image-48759\" srcset=\"http:\/\/museumek.eu\/wp-content\/uploads\/2013\/05\/Westerwald-unbekannt-Wirtshauskrug-blau-4-184x300.jpg 184w, http:\/\/museumek.eu\/wp-content\/uploads\/2013\/05\/Westerwald-unbekannt-Wirtshauskrug-blau-4-92x150.jpg 92w, http:\/\/museumek.eu\/wp-content\/uploads\/2013\/05\/Westerwald-unbekannt-Wirtshauskrug-blau-4.jpg 394w\" sizes=\"(max-width: 184px) 100vw, 184px\" \/><\/a><\/p>\n<p><a href=\"http:\/\/museumek.eu\/?attachment_id=48760\" rel=\"attachment wp-att-48760\"><img loading=\"lazy\" src=\"http:\/\/museumek.eu\/wp-content\/uploads\/2013\/05\/Westerwald-unbekannt-Wirtshauskrug-blau-5-218x300.jpg\" alt=\"\" title=\"Westerwald unbekannt Wirtshauskrug blau 5\" width=\"218\" height=\"300\" class=\"alignnone size-medium wp-image-48760\" srcset=\"http:\/\/museumek.eu\/wp-content\/uploads\/2013\/05\/Westerwald-unbekannt-Wirtshauskrug-blau-5-218x300.jpg 218w, http:\/\/museumek.eu\/wp-content\/uploads\/2013\/05\/Westerwald-unbekannt-Wirtshauskrug-blau-5-109x150.jpg 109w, http:\/\/museumek.eu\/wp-content\/uploads\/2013\/05\/Westerwald-unbekannt-Wirtshauskrug-blau-5.jpg 467w\" sizes=\"(max-width: 218px) 100vw, 218px\" \/><\/a><\/p>\n<p><a href=\"http:\/\/museumek.eu\/?attachment_id=48761\" rel=\"attachment wp-att-48761\"><img loading=\"lazy\" src=\"http:\/\/museumek.eu\/wp-content\/uploads\/2013\/05\/Westerwald-unbekannt-Wirtshauskrug-blau-6-300x240.jpg\" alt=\"\" title=\"Westerwald unbekannt Wirtshauskrug blau 6\" width=\"300\" height=\"240\" class=\"alignnone size-medium wp-image-48761\" srcset=\"http:\/\/museumek.eu\/wp-content\/uploads\/2013\/05\/Westerwald-unbekannt-Wirtshauskrug-blau-6-300x240.jpg 300w, http:\/\/museumek.eu\/wp-content\/uploads\/2013\/05\/Westerwald-unbekannt-Wirtshauskrug-blau-6-150x120.jpg 150w, http:\/\/museumek.eu\/wp-content\/uploads\/2013\/05\/Westerwald-unbekannt-Wirtshauskrug-blau-6-373x300.jpg 373w, http:\/\/museumek.eu\/wp-content\/uploads\/2013\/05\/Westerwald-unbekannt-Wirtshauskrug-blau-6.jpg 598w\" sizes=\"(max-width: 300px) 100vw, 300px\" \/><\/a><\/p>\n","protected":false},"excerpt":{"rendered":"<p>Abteilung Deutschland, Keramik 1860 \u2013 1960, Inventarnummer D\/LXXXII\/65 Westerw\u00e4lder Steinzeug ohne Fabrikzuordnung, Deutschland, Westerwald, um 1900, Krug, K\u00fcnstler unbekannt, Werks.-Nr. ohne, Exemplar Nr. ohne, gemarkt keine Fabrikmarke aber 0,5 L. \u00fcber Eichstrich gepresst, nicht signiert, H\u00f6he 15 cm, Breite 13 &hellip; <a href=\"http:\/\/museumek.eu\/?page_id=48785\">Weiterlesen <span class=\"meta-nav\">&rarr;<\/span><\/a><\/p>\n","protected":false},"author":1,"featured_media":0,"parent":48672,"menu_order":65,"comment_status":"closed","ping_status":"open","template":"","meta":[],"_links":{"self":[{"href":"http:\/\/museumek.eu\/index.php?rest_route=\/wp\/v2\/pages\/48785"}],"collection":[{"href":"http:\/\/museumek.eu\/index.php?rest_route=\/wp\/v2\/pages"}],"about":[{"href":"http:\/\/museumek.eu\/index.php?rest_route=\/wp\/v2\/types\/page"}],"author":[{"embeddable":true,"href":"http:\/\/museumek.eu\/index.php?rest_route=\/wp\/v2\/users\/1"}],"replies":[{"embeddable":true,"href":"http:\/\/museumek.eu\/index.php?rest_route=%2Fwp%2Fv2%2Fcomments&post=48785"}],"version-history":[{"count":2,"href":"http:\/\/museumek.eu\/index.php?rest_route=\/wp\/v2\/pages\/48785\/revisions"}],"predecessor-version":[{"id":48787,"href":"http:\/\/museumek.eu\/index.php?rest_route=\/wp\/v2\/pages\/48785\/revisions\/48787"}],"up":[{"embeddable":true,"href":"http:\/\/museumek.eu\/index.php?rest_route=\/wp\/v2\/pages\/48672"}],"wp:attachment":[{"href":"http:\/\/museumek.eu\/index.php?rest_route=%2Fwp%2Fv2%2Fmedia&parent=48785"}],"curies":[{"name":"wp","href":"https:\/\/api.w.org\/{rel}","templated":true}]}}