{"id":48862,"date":"2020-08-23T12:30:21","date_gmt":"2020-08-23T10:30:21","guid":{"rendered":"http:\/\/museumek.eu\/?page_id=48862"},"modified":"2020-08-23T13:21:06","modified_gmt":"2020-08-23T11:21:06","slug":"dlxxxii67","status":"publish","type":"page","link":"http:\/\/museumek.eu\/?page_id=48862","title":{"rendered":"D\/LXXXII\/67"},"content":{"rendered":"<p><strong>Abteilung Deutschland, Keramik 1860 \u2013 1960, Inventarnummer D\/LXXXII\/67<\/strong><\/p>\n<p>Westerw\u00e4lder Steinzeug ohne Fabrikzuordnung, Deutschland, Westerwald, 1903, gro\u00dfer 3 Liter Krug, K\u00fcnstler Gustav Thinwiebel, Werks.-Nr. 52, Exemplar Nr. ohne, gemarkt keine Fabrikmarke aber 3 L links neben Eichstrich, 52 sowie ungedeutes Zeichen gepresst, ungedeutete Ritzung, 52 sowie GT (f\u00fcr Gustav Thinwiebel) mit gegossen farbig und mit glasiert, signiert GT ligiert, die exakte Datierung ergibt sich aus der Widmung auf dem Zinndeckel, H\u00f6he 36 cm, Breite 19,5 cm (nur die Keramik)<\/p>\n<p><a href=\"http:\/\/museumek.eu\/?attachment_id=48823\" rel=\"attachment wp-att-48823\"><img loading=\"lazy\" src=\"http:\/\/museumek.eu\/wp-content\/uploads\/2013\/05\/Westerwald-ohne-Zuordnung-3-Liter-Krug-Signiert-GT-1-134x300.jpg\" alt=\"\" title=\"Westerwald ohne Zuordnung 3 Liter Krug Signiert GT 1\" width=\"134\" height=\"300\" class=\"alignnone size-medium wp-image-48823\" srcset=\"http:\/\/museumek.eu\/wp-content\/uploads\/2013\/05\/Westerwald-ohne-Zuordnung-3-Liter-Krug-Signiert-GT-1-134x300.jpg 134w, http:\/\/museumek.eu\/wp-content\/uploads\/2013\/05\/Westerwald-ohne-Zuordnung-3-Liter-Krug-Signiert-GT-1-67x150.jpg 67w, http:\/\/museumek.eu\/wp-content\/uploads\/2013\/05\/Westerwald-ohne-Zuordnung-3-Liter-Krug-Signiert-GT-1.jpg 287w\" sizes=\"(max-width: 134px) 100vw, 134px\" \/><\/a><\/p>\n<p><a href=\"http:\/\/museumek.eu\/?attachment_id=48827\" rel=\"attachment wp-att-48827\"><img loading=\"lazy\" src=\"http:\/\/museumek.eu\/wp-content\/uploads\/2013\/05\/Westerwald-ohne-Zuordnung-3-Liter-Krug-Signiert-GT-21-139x300.jpg\" alt=\"\" title=\"Westerwald ohne Zuordnung 3 Liter Krug Signiert GT 2\" width=\"139\" height=\"300\" class=\"alignnone size-medium wp-image-48827\" srcset=\"http:\/\/museumek.eu\/wp-content\/uploads\/2013\/05\/Westerwald-ohne-Zuordnung-3-Liter-Krug-Signiert-GT-21-139x300.jpg 139w, http:\/\/museumek.eu\/wp-content\/uploads\/2013\/05\/Westerwald-ohne-Zuordnung-3-Liter-Krug-Signiert-GT-21-69x150.jpg 69w, http:\/\/museumek.eu\/wp-content\/uploads\/2013\/05\/Westerwald-ohne-Zuordnung-3-Liter-Krug-Signiert-GT-21.jpg 298w\" sizes=\"(max-width: 139px) 100vw, 139px\" \/><\/a><\/p>\n<p><a href=\"http:\/\/museumek.eu\/?attachment_id=48828\" rel=\"attachment wp-att-48828\"><img loading=\"lazy\" src=\"http:\/\/museumek.eu\/wp-content\/uploads\/2013\/05\/Westerwald-ohne-Zuordnung-3-Liter-Krug-Signiert-GT-3-130x300.jpg\" alt=\"\" title=\"Westerwald ohne Zuordnung 3 Liter Krug Signiert GT 3\" width=\"130\" height=\"300\" class=\"alignnone size-medium wp-image-48828\" srcset=\"http:\/\/museumek.eu\/wp-content\/uploads\/2013\/05\/Westerwald-ohne-Zuordnung-3-Liter-Krug-Signiert-GT-3-130x300.jpg 130w, http:\/\/museumek.eu\/wp-content\/uploads\/2013\/05\/Westerwald-ohne-Zuordnung-3-Liter-Krug-Signiert-GT-3-65x150.jpg 65w, http:\/\/museumek.eu\/wp-content\/uploads\/2013\/05\/Westerwald-ohne-Zuordnung-3-Liter-Krug-Signiert-GT-3.jpg 278w\" sizes=\"(max-width: 130px) 100vw, 130px\" \/><\/a><\/p>\n<p><a href=\"http:\/\/museumek.eu\/?attachment_id=48831\" rel=\"attachment wp-att-48831\"><img loading=\"lazy\" src=\"http:\/\/museumek.eu\/wp-content\/uploads\/2013\/05\/Westerwald-ohne-Zuordnung-3-Liter-Krug-Signiert-GT-4-108x300.jpg\" alt=\"\" title=\"Westerwald ohne Zuordnung 3 Liter Krug Signiert GT 4\" width=\"108\" height=\"300\" class=\"alignnone size-medium wp-image-48831\" srcset=\"http:\/\/museumek.eu\/wp-content\/uploads\/2013\/05\/Westerwald-ohne-Zuordnung-3-Liter-Krug-Signiert-GT-4-108x300.jpg 108w, http:\/\/museumek.eu\/wp-content\/uploads\/2013\/05\/Westerwald-ohne-Zuordnung-3-Liter-Krug-Signiert-GT-4-54x150.jpg 54w, http:\/\/museumek.eu\/wp-content\/uploads\/2013\/05\/Westerwald-ohne-Zuordnung-3-Liter-Krug-Signiert-GT-4.jpg 231w\" sizes=\"(max-width: 108px) 100vw, 108px\" \/><\/a><\/p>\n<p><a href=\"http:\/\/museumek.eu\/?attachment_id=48832\" rel=\"attachment wp-att-48832\"><img loading=\"lazy\" src=\"http:\/\/museumek.eu\/wp-content\/uploads\/2013\/05\/Westerwald-ohne-Zuordnung-3-Liter-Krug-Signiert-GT-5-126x300.jpg\" alt=\"\" title=\"Westerwald ohne Zuordnung 3 Liter Krug Signiert GT 5\" width=\"126\" height=\"300\" class=\"alignnone size-medium wp-image-48832\" srcset=\"http:\/\/museumek.eu\/wp-content\/uploads\/2013\/05\/Westerwald-ohne-Zuordnung-3-Liter-Krug-Signiert-GT-5-126x300.jpg 126w, http:\/\/museumek.eu\/wp-content\/uploads\/2013\/05\/Westerwald-ohne-Zuordnung-3-Liter-Krug-Signiert-GT-5-63x150.jpg 63w, http:\/\/museumek.eu\/wp-content\/uploads\/2013\/05\/Westerwald-ohne-Zuordnung-3-Liter-Krug-Signiert-GT-5.jpg 269w\" sizes=\"(max-width: 126px) 100vw, 126px\" \/><\/a><\/p>\n<p><a href=\"http:\/\/museumek.eu\/?attachment_id=48835\" rel=\"attachment wp-att-48835\"><img loading=\"lazy\" src=\"http:\/\/museumek.eu\/wp-content\/uploads\/2013\/05\/Westerwald-ohne-Zuordnung-3-Liter-Krug-Signiert-GT-6-258x300.jpg\" alt=\"\" title=\"Westerwald ohne Zuordnung 3 Liter Krug Signiert GT 6\" width=\"258\" height=\"300\" class=\"alignnone size-medium wp-image-48835\" srcset=\"http:\/\/museumek.eu\/wp-content\/uploads\/2013\/05\/Westerwald-ohne-Zuordnung-3-Liter-Krug-Signiert-GT-6-258x300.jpg 258w, http:\/\/museumek.eu\/wp-content\/uploads\/2013\/05\/Westerwald-ohne-Zuordnung-3-Liter-Krug-Signiert-GT-6-129x150.jpg 129w, http:\/\/museumek.eu\/wp-content\/uploads\/2013\/05\/Westerwald-ohne-Zuordnung-3-Liter-Krug-Signiert-GT-6.jpg 480w\" sizes=\"(max-width: 258px) 100vw, 258px\" \/><\/a><\/p>\n<p><a href=\"http:\/\/museumek.eu\/?attachment_id=48836\" rel=\"attachment wp-att-48836\"><img loading=\"lazy\" src=\"http:\/\/museumek.eu\/wp-content\/uploads\/2013\/05\/Westerwald-ohne-Zuordnung-3-Liter-Krug-Signiert-GT-7-226x300.jpg\" alt=\"\" title=\"Westerwald ohne Zuordnung 3 Liter Krug Signiert GT 7\" width=\"226\" height=\"300\" class=\"alignnone size-medium wp-image-48836\" srcset=\"http:\/\/museumek.eu\/wp-content\/uploads\/2013\/05\/Westerwald-ohne-Zuordnung-3-Liter-Krug-Signiert-GT-7-226x300.jpg 226w, http:\/\/museumek.eu\/wp-content\/uploads\/2013\/05\/Westerwald-ohne-Zuordnung-3-Liter-Krug-Signiert-GT-7-113x150.jpg 113w, http:\/\/museumek.eu\/wp-content\/uploads\/2013\/05\/Westerwald-ohne-Zuordnung-3-Liter-Krug-Signiert-GT-7.jpg 480w\" sizes=\"(max-width: 226px) 100vw, 226px\" \/><\/a><\/p>\n<p><a href=\"http:\/\/museumek.eu\/?attachment_id=48839\" rel=\"attachment wp-att-48839\"><img loading=\"lazy\" src=\"http:\/\/museumek.eu\/wp-content\/uploads\/2013\/05\/Westerwald-ohne-Zuordnung-3-Liter-Krug-Signiert-GT-8-177x300.jpg\" alt=\"\" title=\"Westerwald ohne Zuordnung 3 Liter Krug Signiert GT 8\" width=\"177\" height=\"300\" class=\"alignnone size-medium wp-image-48839\" srcset=\"http:\/\/museumek.eu\/wp-content\/uploads\/2013\/05\/Westerwald-ohne-Zuordnung-3-Liter-Krug-Signiert-GT-8-177x300.jpg 177w, http:\/\/museumek.eu\/wp-content\/uploads\/2013\/05\/Westerwald-ohne-Zuordnung-3-Liter-Krug-Signiert-GT-8-88x150.jpg 88w, http:\/\/museumek.eu\/wp-content\/uploads\/2013\/05\/Westerwald-ohne-Zuordnung-3-Liter-Krug-Signiert-GT-8.jpg 378w\" sizes=\"(max-width: 177px) 100vw, 177px\" \/><\/a><\/p>\n<p><a href=\"http:\/\/museumek.eu\/?attachment_id=48840\" rel=\"attachment wp-att-48840\"><img loading=\"lazy\" src=\"http:\/\/museumek.eu\/wp-content\/uploads\/2013\/05\/Westerwald-ohne-Zuordnung-3-Liter-Krug-Signiert-GT-9-300x247.jpg\" alt=\"\" title=\"Westerwald ohne Zuordnung 3 Liter Krug Signiert GT 9\" width=\"300\" height=\"247\" class=\"alignnone size-medium wp-image-48840\" srcset=\"http:\/\/museumek.eu\/wp-content\/uploads\/2013\/05\/Westerwald-ohne-Zuordnung-3-Liter-Krug-Signiert-GT-9-300x247.jpg 300w, http:\/\/museumek.eu\/wp-content\/uploads\/2013\/05\/Westerwald-ohne-Zuordnung-3-Liter-Krug-Signiert-GT-9-150x123.jpg 150w, http:\/\/museumek.eu\/wp-content\/uploads\/2013\/05\/Westerwald-ohne-Zuordnung-3-Liter-Krug-Signiert-GT-9-363x300.jpg 363w, http:\/\/museumek.eu\/wp-content\/uploads\/2013\/05\/Westerwald-ohne-Zuordnung-3-Liter-Krug-Signiert-GT-9.jpg 582w\" sizes=\"(max-width: 300px) 100vw, 300px\" \/><\/a><\/p>\n<p><a href=\"http:\/\/museumek.eu\/?attachment_id=48843\" rel=\"attachment wp-att-48843\"><img loading=\"lazy\" src=\"http:\/\/museumek.eu\/wp-content\/uploads\/2013\/05\/Westerwald-ohne-Zuordnung-3-Liter-Krug-Signiert-GT-10-249x300.jpg\" alt=\"\" title=\"Westerwald ohne Zuordnung 3 Liter Krug Signiert GT 10\" width=\"249\" height=\"300\" class=\"alignnone size-medium wp-image-48843\" srcset=\"http:\/\/museumek.eu\/wp-content\/uploads\/2013\/05\/Westerwald-ohne-Zuordnung-3-Liter-Krug-Signiert-GT-10-249x300.jpg 249w, http:\/\/museumek.eu\/wp-content\/uploads\/2013\/05\/Westerwald-ohne-Zuordnung-3-Liter-Krug-Signiert-GT-10-124x150.jpg 124w, http:\/\/museumek.eu\/wp-content\/uploads\/2013\/05\/Westerwald-ohne-Zuordnung-3-Liter-Krug-Signiert-GT-10.jpg 480w\" sizes=\"(max-width: 249px) 100vw, 249px\" \/><\/a><\/p>\n<p><a href=\"http:\/\/museumek.eu\/?attachment_id=48844\" rel=\"attachment wp-att-48844\"><img loading=\"lazy\" src=\"http:\/\/museumek.eu\/wp-content\/uploads\/2013\/05\/Westerwald-ohne-Zuordnung-3-Liter-Krug-Signiert-GT-11-215x300.jpg\" alt=\"\" title=\"Westerwald ohne Zuordnung 3 Liter Krug Signiert GT 11\" width=\"215\" height=\"300\" class=\"alignnone size-medium wp-image-48844\" srcset=\"http:\/\/museumek.eu\/wp-content\/uploads\/2013\/05\/Westerwald-ohne-Zuordnung-3-Liter-Krug-Signiert-GT-11-215x300.jpg 215w, http:\/\/museumek.eu\/wp-content\/uploads\/2013\/05\/Westerwald-ohne-Zuordnung-3-Liter-Krug-Signiert-GT-11-107x150.jpg 107w, http:\/\/museumek.eu\/wp-content\/uploads\/2013\/05\/Westerwald-ohne-Zuordnung-3-Liter-Krug-Signiert-GT-11.jpg 459w\" sizes=\"(max-width: 215px) 100vw, 215px\" \/><\/a><\/p>\n<p><a href=\"http:\/\/museumek.eu\/?attachment_id=48847\" rel=\"attachment wp-att-48847\"><img loading=\"lazy\" src=\"http:\/\/museumek.eu\/wp-content\/uploads\/2013\/05\/Westerwald-ohne-Zuordnung-3-Liter-Krug-Signiert-GT-12-262x300.jpg\" alt=\"\" title=\"Westerwald ohne Zuordnung 3 Liter Krug Signiert GT 12\" width=\"262\" height=\"300\" class=\"alignnone size-medium wp-image-48847\" srcset=\"http:\/\/museumek.eu\/wp-content\/uploads\/2013\/05\/Westerwald-ohne-Zuordnung-3-Liter-Krug-Signiert-GT-12-262x300.jpg 262w, http:\/\/museumek.eu\/wp-content\/uploads\/2013\/05\/Westerwald-ohne-Zuordnung-3-Liter-Krug-Signiert-GT-12-131x150.jpg 131w, http:\/\/museumek.eu\/wp-content\/uploads\/2013\/05\/Westerwald-ohne-Zuordnung-3-Liter-Krug-Signiert-GT-12.jpg 480w\" sizes=\"(max-width: 262px) 100vw, 262px\" \/><\/a><\/p>\n<p><a href=\"http:\/\/museumek.eu\/?attachment_id=48848\" rel=\"attachment wp-att-48848\"><img loading=\"lazy\" src=\"http:\/\/museumek.eu\/wp-content\/uploads\/2013\/05\/Westerwald-ohne-Zuordnung-3-Liter-Krug-Signiert-GT-13-195x300.jpg\" alt=\"\" title=\"Westerwald ohne Zuordnung 3 Liter Krug Signiert GT 13\" width=\"195\" height=\"300\" class=\"alignnone size-medium wp-image-48848\" srcset=\"http:\/\/museumek.eu\/wp-content\/uploads\/2013\/05\/Westerwald-ohne-Zuordnung-3-Liter-Krug-Signiert-GT-13-195x300.jpg 195w, http:\/\/museumek.eu\/wp-content\/uploads\/2013\/05\/Westerwald-ohne-Zuordnung-3-Liter-Krug-Signiert-GT-13-97x150.jpg 97w, http:\/\/museumek.eu\/wp-content\/uploads\/2013\/05\/Westerwald-ohne-Zuordnung-3-Liter-Krug-Signiert-GT-13.jpg 418w\" sizes=\"(max-width: 195px) 100vw, 195px\" \/><\/a><\/p>\n<p><a href=\"http:\/\/museumek.eu\/?attachment_id=48851\" rel=\"attachment wp-att-48851\"><img loading=\"lazy\" src=\"http:\/\/museumek.eu\/wp-content\/uploads\/2013\/05\/Westerwald-ohne-Zuordnung-3-Liter-Krug-Signiert-GT-14-208x300.jpg\" alt=\"\" title=\"Westerwald ohne Zuordnung 3 Liter Krug Signiert GT 14\" width=\"208\" height=\"300\" class=\"alignnone size-medium wp-image-48851\" srcset=\"http:\/\/museumek.eu\/wp-content\/uploads\/2013\/05\/Westerwald-ohne-Zuordnung-3-Liter-Krug-Signiert-GT-14-208x300.jpg 208w, http:\/\/museumek.eu\/wp-content\/uploads\/2013\/05\/Westerwald-ohne-Zuordnung-3-Liter-Krug-Signiert-GT-14-104x150.jpg 104w, http:\/\/museumek.eu\/wp-content\/uploads\/2013\/05\/Westerwald-ohne-Zuordnung-3-Liter-Krug-Signiert-GT-14.jpg 444w\" sizes=\"(max-width: 208px) 100vw, 208px\" \/><\/a><\/p>\n<p><a href=\"http:\/\/museumek.eu\/?attachment_id=48852\" rel=\"attachment wp-att-48852\"><img loading=\"lazy\" src=\"http:\/\/museumek.eu\/wp-content\/uploads\/2013\/05\/Westerwald-ohne-Zuordnung-3-Liter-Krug-Signiert-GT-15-283x300.jpg\" alt=\"\" title=\"Westerwald ohne Zuordnung 3 Liter Krug Signiert GT 15\" width=\"283\" height=\"300\" class=\"alignnone size-medium wp-image-48852\" srcset=\"http:\/\/museumek.eu\/wp-content\/uploads\/2013\/05\/Westerwald-ohne-Zuordnung-3-Liter-Krug-Signiert-GT-15-283x300.jpg 283w, http:\/\/museumek.eu\/wp-content\/uploads\/2013\/05\/Westerwald-ohne-Zuordnung-3-Liter-Krug-Signiert-GT-15-141x150.jpg 141w, http:\/\/museumek.eu\/wp-content\/uploads\/2013\/05\/Westerwald-ohne-Zuordnung-3-Liter-Krug-Signiert-GT-15.jpg 456w\" sizes=\"(max-width: 283px) 100vw, 283px\" \/><\/a><\/p>\n<p><a href=\"http:\/\/museumek.eu\/?attachment_id=48855\" rel=\"attachment wp-att-48855\"><img loading=\"lazy\" src=\"http:\/\/museumek.eu\/wp-content\/uploads\/2013\/05\/Westerwald-ohne-Zuordnung-3-Liter-Krug-Signiert-GT-16-300x201.jpg\" alt=\"\" title=\"Westerwald ohne Zuordnung 3 Liter Krug Signiert GT 16\" width=\"300\" height=\"201\" class=\"alignnone size-medium wp-image-48855\" srcset=\"http:\/\/museumek.eu\/wp-content\/uploads\/2013\/05\/Westerwald-ohne-Zuordnung-3-Liter-Krug-Signiert-GT-16-300x201.jpg 300w, http:\/\/museumek.eu\/wp-content\/uploads\/2013\/05\/Westerwald-ohne-Zuordnung-3-Liter-Krug-Signiert-GT-16-150x100.jpg 150w, http:\/\/museumek.eu\/wp-content\/uploads\/2013\/05\/Westerwald-ohne-Zuordnung-3-Liter-Krug-Signiert-GT-16-447x300.jpg 447w, http:\/\/museumek.eu\/wp-content\/uploads\/2013\/05\/Westerwald-ohne-Zuordnung-3-Liter-Krug-Signiert-GT-16.jpg 640w\" sizes=\"(max-width: 300px) 100vw, 300px\" \/><\/a><\/p>\n","protected":false},"excerpt":{"rendered":"<p>Abteilung Deutschland, Keramik 1860 \u2013 1960, Inventarnummer D\/LXXXII\/67 Westerw\u00e4lder Steinzeug ohne Fabrikzuordnung, Deutschland, Westerwald, 1903, gro\u00dfer 3 Liter Krug, K\u00fcnstler Gustav Thinwiebel, Werks.-Nr. 52, Exemplar Nr. ohne, gemarkt keine Fabrikmarke aber 3 L links neben Eichstrich, 52 sowie ungedeutes Zeichen &hellip; <a href=\"http:\/\/museumek.eu\/?page_id=48862\">Weiterlesen <span class=\"meta-nav\">&rarr;<\/span><\/a><\/p>\n","protected":false},"author":1,"featured_media":0,"parent":48672,"menu_order":67,"comment_status":"closed","ping_status":"open","template":"","meta":[],"_links":{"self":[{"href":"http:\/\/museumek.eu\/index.php?rest_route=\/wp\/v2\/pages\/48862"}],"collection":[{"href":"http:\/\/museumek.eu\/index.php?rest_route=\/wp\/v2\/pages"}],"about":[{"href":"http:\/\/museumek.eu\/index.php?rest_route=\/wp\/v2\/types\/page"}],"author":[{"embeddable":true,"href":"http:\/\/museumek.eu\/index.php?rest_route=\/wp\/v2\/users\/1"}],"replies":[{"embeddable":true,"href":"http:\/\/museumek.eu\/index.php?rest_route=%2Fwp%2Fv2%2Fcomments&post=48862"}],"version-history":[{"count":4,"href":"http:\/\/museumek.eu\/index.php?rest_route=\/wp\/v2\/pages\/48862\/revisions"}],"predecessor-version":[{"id":48898,"href":"http:\/\/museumek.eu\/index.php?rest_route=\/wp\/v2\/pages\/48862\/revisions\/48898"}],"up":[{"embeddable":true,"href":"http:\/\/museumek.eu\/index.php?rest_route=\/wp\/v2\/pages\/48672"}],"wp:attachment":[{"href":"http:\/\/museumek.eu\/index.php?rest_route=%2Fwp%2Fv2%2Fmedia&parent=48862"}],"curies":[{"name":"wp","href":"https:\/\/api.w.org\/{rel}","templated":true}]}}