{"id":48981,"date":"2020-08-29T12:32:08","date_gmt":"2020-08-29T10:32:08","guid":{"rendered":"http:\/\/museumek.eu\/?page_id=48981"},"modified":"2020-08-29T12:33:18","modified_gmt":"2020-08-29T10:33:18","slug":"bi4","status":"publish","type":"page","link":"http:\/\/museumek.eu\/?page_id=48981","title":{"rendered":"B\/I\/4"},"content":{"rendered":"<p><strong>Abteilung Belgien, Keramik 1860 \u2013 1960, Inventarnummer B\/I\/4<\/strong><\/p>\n<p>Boch Fr\u00e8res Keramis, Belgien, La Louvi\u00e8re, um 1850, Teller, K\u00fcnstler unbekannt, Werks.-Nr. ohne, Exemplar Nr. ohne, gemarkt Firmenmarke in einem kunstvollem Rahmen KERAMIS, darunter B. F. (f\u00fcr Boch Fr\u00e8res) schwarzer Stempel unter Glasur sowie gedruckt 4 (4. Teller einer Napoleon Tellerserie), nicht signiert, Boch Fr\u00e8res Keramis war ein belgisches Keramikunternehmen, das f\u00fcr seine Cloisonn\u00e9-Techniken, Art-Deco-Stile des fr\u00fchen 20. Jahrhunderts und die Verwendung schwarz umrandeter Designs bekannt war. Der Firmenname \u201eKeramis\u201c wurde von Keramos abgeleitet, dem altgriechischen Wort f\u00fcr Keramik. Boch Fr\u00e8res Keramis wurde 1841 von Eug\u00e8ne und Victor Boch und ihrem Schwager Jean-Baptiste Nothomb im belgischen La Louviere gegr\u00fcndet. Jahrzehnte sp\u00e4ter, trat im Jahr 1906 der franz\u00f6sische Keramiker Charles Catteautrat als k\u00fcnstlerischer Leiter in das Unternehmen ein, eine Position, die er 42 Jahre lang innehatte. Seine charakteristischen Art-Deco-Entw\u00fcrfe wurden von Japonismus, Kubismus und Abstraktion der Natur beeinflusst, und er war letztendlich verantwortlich f\u00fcr den \u00dcbergang des Unternehmens von der Herstellung von Gebrauchsgegenst\u00e4nden zu angesehenen Kunstwerken. Boch Fr\u00e8res Keramis wurde 1985 geschlossen, Durchmesser 21 cm<\/p>\n<p><a href=\"http:\/\/museumek.eu\/?attachment_id=48956\" rel=\"attachment wp-att-48956\"><img loading=\"lazy\" src=\"http:\/\/museumek.eu\/wp-content\/uploads\/2011\/09\/Boch-Freres-Teller-Nr.-4-1-295x300.jpg\" alt=\"\" title=\"Boch Freres Teller Nr. 4 1\" width=\"295\" height=\"300\" class=\"alignnone size-medium wp-image-48956\" srcset=\"http:\/\/museumek.eu\/wp-content\/uploads\/2011\/09\/Boch-Freres-Teller-Nr.-4-1-295x300.jpg 295w, http:\/\/museumek.eu\/wp-content\/uploads\/2011\/09\/Boch-Freres-Teller-Nr.-4-1-147x150.jpg 147w, http:\/\/museumek.eu\/wp-content\/uploads\/2011\/09\/Boch-Freres-Teller-Nr.-4-1.jpg 480w\" sizes=\"(max-width: 295px) 100vw, 295px\" \/><\/a><\/p>\n<p><a href=\"http:\/\/museumek.eu\/?attachment_id=48957\" rel=\"attachment wp-att-48957\"><img loading=\"lazy\" src=\"http:\/\/museumek.eu\/wp-content\/uploads\/2011\/09\/Boch-Freres-Teller-Nr.-4-2-225x300.jpg\" alt=\"\" title=\"Boch Freres Teller Nr. 4 2\" width=\"225\" height=\"300\" class=\"alignnone size-medium wp-image-48957\" srcset=\"http:\/\/museumek.eu\/wp-content\/uploads\/2011\/09\/Boch-Freres-Teller-Nr.-4-2-225x300.jpg 225w, http:\/\/museumek.eu\/wp-content\/uploads\/2011\/09\/Boch-Freres-Teller-Nr.-4-2-112x150.jpg 112w, http:\/\/museumek.eu\/wp-content\/uploads\/2011\/09\/Boch-Freres-Teller-Nr.-4-2.jpg 480w\" sizes=\"(max-width: 225px) 100vw, 225px\" \/><\/a><\/p>\n<p><a href=\"http:\/\/museumek.eu\/?attachment_id=48958\" rel=\"attachment wp-att-48958\"><img loading=\"lazy\" src=\"http:\/\/museumek.eu\/wp-content\/uploads\/2011\/09\/Boch-Freres-Teller-Nr.-4-3-224x300.jpg\" alt=\"\" title=\"Boch Freres Teller Nr. 4 3\" width=\"224\" height=\"300\" class=\"alignnone size-medium wp-image-48958\" srcset=\"http:\/\/museumek.eu\/wp-content\/uploads\/2011\/09\/Boch-Freres-Teller-Nr.-4-3-224x300.jpg 224w, http:\/\/museumek.eu\/wp-content\/uploads\/2011\/09\/Boch-Freres-Teller-Nr.-4-3-112x150.jpg 112w, http:\/\/museumek.eu\/wp-content\/uploads\/2011\/09\/Boch-Freres-Teller-Nr.-4-3.jpg 479w\" sizes=\"(max-width: 224px) 100vw, 224px\" \/><\/a><\/p>\n<p><a href=\"http:\/\/museumek.eu\/?attachment_id=48959\" rel=\"attachment wp-att-48959\"><img loading=\"lazy\" src=\"http:\/\/museumek.eu\/wp-content\/uploads\/2011\/09\/Boch-Freres-Teller-Nr.-4-4-300x100.jpg\" alt=\"\" title=\"Boch Freres Teller Nr. 4 4\" width=\"300\" height=\"100\" class=\"alignnone size-medium wp-image-48959\" srcset=\"http:\/\/museumek.eu\/wp-content\/uploads\/2011\/09\/Boch-Freres-Teller-Nr.-4-4-300x100.jpg 300w, http:\/\/museumek.eu\/wp-content\/uploads\/2011\/09\/Boch-Freres-Teller-Nr.-4-4-150x50.jpg 150w, http:\/\/museumek.eu\/wp-content\/uploads\/2011\/09\/Boch-Freres-Teller-Nr.-4-4-500x167.jpg 500w, http:\/\/museumek.eu\/wp-content\/uploads\/2011\/09\/Boch-Freres-Teller-Nr.-4-4.jpg 640w\" sizes=\"(max-width: 300px) 100vw, 300px\" \/><\/a><\/p>\n<p><a href=\"http:\/\/museumek.eu\/?attachment_id=48960\" rel=\"attachment wp-att-48960\"><img loading=\"lazy\" src=\"http:\/\/museumek.eu\/wp-content\/uploads\/2011\/09\/Boch-Freres-Teller-Nr.-4-5-300x294.jpg\" alt=\"\" title=\"Boch Freres Teller Nr. 4 5\" width=\"300\" height=\"294\" class=\"alignnone size-medium wp-image-48960\" srcset=\"http:\/\/museumek.eu\/wp-content\/uploads\/2011\/09\/Boch-Freres-Teller-Nr.-4-5-300x294.jpg 300w, http:\/\/museumek.eu\/wp-content\/uploads\/2011\/09\/Boch-Freres-Teller-Nr.-4-5-150x147.jpg 150w, http:\/\/museumek.eu\/wp-content\/uploads\/2011\/09\/Boch-Freres-Teller-Nr.-4-5-305x300.jpg 305w, http:\/\/museumek.eu\/wp-content\/uploads\/2011\/09\/Boch-Freres-Teller-Nr.-4-5.jpg 489w\" sizes=\"(max-width: 300px) 100vw, 300px\" \/><\/a><\/p>\n<p><a href=\"http:\/\/museumek.eu\/?attachment_id=48961\" rel=\"attachment wp-att-48961\"><img loading=\"lazy\" src=\"http:\/\/museumek.eu\/wp-content\/uploads\/2011\/09\/Boch-Freres-Teller-Nr.-4-6-300x269.jpg\" alt=\"\" title=\"Boch Freres Teller Nr. 4 6\" width=\"300\" height=\"269\" class=\"alignnone size-medium wp-image-48961\" srcset=\"http:\/\/museumek.eu\/wp-content\/uploads\/2011\/09\/Boch-Freres-Teller-Nr.-4-6-300x269.jpg 300w, http:\/\/museumek.eu\/wp-content\/uploads\/2011\/09\/Boch-Freres-Teller-Nr.-4-6-150x134.jpg 150w, http:\/\/museumek.eu\/wp-content\/uploads\/2011\/09\/Boch-Freres-Teller-Nr.-4-6-334x300.jpg 334w, http:\/\/museumek.eu\/wp-content\/uploads\/2011\/09\/Boch-Freres-Teller-Nr.-4-6.jpg 535w\" sizes=\"(max-width: 300px) 100vw, 300px\" \/><\/a><\/p>\n","protected":false},"excerpt":{"rendered":"<p>Abteilung Belgien, Keramik 1860 \u2013 1960, Inventarnummer B\/I\/4 Boch Fr\u00e8res Keramis, Belgien, La Louvi\u00e8re, um 1850, Teller, K\u00fcnstler unbekannt, Werks.-Nr. ohne, Exemplar Nr. ohne, gemarkt Firmenmarke in einem kunstvollem Rahmen KERAMIS, darunter B. F. (f\u00fcr Boch Fr\u00e8res) schwarzer Stempel unter &hellip; <a href=\"http:\/\/museumek.eu\/?page_id=48981\">Weiterlesen <span class=\"meta-nav\">&rarr;<\/span><\/a><\/p>\n","protected":false},"author":1,"featured_media":0,"parent":1725,"menu_order":4,"comment_status":"closed","ping_status":"open","template":"","meta":[],"_links":{"self":[{"href":"http:\/\/museumek.eu\/index.php?rest_route=\/wp\/v2\/pages\/48981"}],"collection":[{"href":"http:\/\/museumek.eu\/index.php?rest_route=\/wp\/v2\/pages"}],"about":[{"href":"http:\/\/museumek.eu\/index.php?rest_route=\/wp\/v2\/types\/page"}],"author":[{"embeddable":true,"href":"http:\/\/museumek.eu\/index.php?rest_route=\/wp\/v2\/users\/1"}],"replies":[{"embeddable":true,"href":"http:\/\/museumek.eu\/index.php?rest_route=%2Fwp%2Fv2%2Fcomments&post=48981"}],"version-history":[{"count":4,"href":"http:\/\/museumek.eu\/index.php?rest_route=\/wp\/v2\/pages\/48981\/revisions"}],"predecessor-version":[{"id":48985,"href":"http:\/\/museumek.eu\/index.php?rest_route=\/wp\/v2\/pages\/48981\/revisions\/48985"}],"up":[{"embeddable":true,"href":"http:\/\/museumek.eu\/index.php?rest_route=\/wp\/v2\/pages\/1725"}],"wp:attachment":[{"href":"http:\/\/museumek.eu\/index.php?rest_route=%2Fwp%2Fv2%2Fmedia&parent=48981"}],"curies":[{"name":"wp","href":"https:\/\/api.w.org\/{rel}","templated":true}]}}