{"id":49177,"date":"2020-09-10T23:32:53","date_gmt":"2020-09-10T21:32:53","guid":{"rendered":"http:\/\/museumek.eu\/?page_id=49177"},"modified":"2020-09-10T23:32:53","modified_gmt":"2020-09-10T21:32:53","slug":"ai181","status":"publish","type":"page","link":"http:\/\/museumek.eu\/?page_id=49177","title":{"rendered":"A\/I\/181"},"content":{"rendered":"<p><strong>Abteilung Austria\/Ungarn\/B\u00f6hmen, Keramik 1860 &#8211; 1960, Inventarnummer A\/I\/181<\/strong><\/p>\n<p>Wiener Manufaktur Friedrich Goldscheider, Austria, Wien, um 1922, Figur Falke (auf Felssockel), K\u00fcnstler Sigismund Wernekinck, Werks.-Nr. 4827\/Exemplar Nr. 94\/Modelleur Nr. 1, gemarkt Firmenmarke mit Goldscheider Wien, GWM (Wiener Manufaktur Goldscheider) schwarzer Stempel sowie 4827, 94, 1 sowie P gepresst, AH (ligiert) schwarz gemalt, Wernekink (statt ck nur k am Ende des Namens) geritzt, signiert Wernekink, Literatur: Robert E. Dechant\/Filipp Goldscheider, Firmengeschichte und Werkverzeichnis, Seite 394, dort fehlt diese Werks.-Nr. (nicht beschrieben und nicht abgebildet), Seite 604, Firmenmarke GS 19 (f\u00fcr die Zeit 1922 \u2013 1941) identisch sowie Seite 606, Sonderzeichen GS Z 3 (g\u00fcltig f\u00fcr die Zeit 1885 &#8211; 1922) identisch (dieses Sonderzeichen findet sich eigentlich nur auf \u00e4lteren Terrakotta Modellen), die Urspr\u00fcnge der Firma gehen zur\u00fcck auf das Pilsener Handelsunternehmen Moritz Goldscheider der 1860\u2018 Jahre, nach dem Tode von Moritz Goldscheider werden die Br\u00fcder Eduard und Friedrich Goldscheider Eigent\u00fcmer und firmieren ab 1877 als M. Goldscheider\u2019s Erben, Thon-und Kunststeinmanufactur Werk Moldau und ab 1878 als Br\u00fcder Goldscheider, im Jahre 1878 wandert Friedrich Goldscheider nach Wien aus und Eduard f\u00fchrt die Firma in Pilsen bis zum Konkurs 1892 allein weiter, Friedrich Goldscheider firmiert in Wien ab 1880 als Goldscheider\u2019sche Porzellan-Manufaktur und Porzellanmalerei, neben Handelsgesch\u00e4ften betreibt die Firma vorwiegend die Porzellanmalerei, das Porzellan wird von b\u00f6hmischen Manufakturen bezogen und teilweise auch in B\u00f6hmen bemalt, ab 1885 \u00e4ndert sich die Firmierung in Goldscheider\u2019sche Porzellan-Manufaktur und Majolicafabrik, das Jahr 1885 gilt als das offizielle Gr\u00fcndungsjahr, ab 1887 bezeichnet Friedrich Goldscheider seine Fabrik als Erste Wiener Terracotta- und Majolika-Fabrik Friedrich Goldscheider oder als Erste Wiener Kunst-Terracotta-Fabrik und kunstgewerbliche Ateliers Friedrich Goldscheider und offiziell ab 1894 als Friedrich Goldscheider Erste Wiener Terrakottafabrik, Friedrich Goldscheider stirbt im Jahre 1897, seine Ehefrau Regine Goldscheider wird Alleineigent\u00fcmer und firmiert ab 1899 als Friedrich Goldscheider in Wien, Berlin und Leipzig, ab 1907 firmiert die Firma als Erste Wiener Terrakottafabrik und Atelier f\u00fcr k\u00fcnstlerische Fayencen Friedrich Goldscheider, im Jahre 1918 stirbt Regine und die S\u00f6hne Walter und Marcell Goldscheider werden Inhaber, ab 1921 \u00e4ndert sich die Firmierung in Wiener Manufaktur Friedrich Goldscheider, 1928 scheidet Marcell Goldscheider aus und gr\u00fcndet seine eigene Firma in Wien, 1939 wird die Firma arisiert und Josef Schuster wird Inhaber, Firmierung ab 1939, Wiener Manufaktur Friedrich Goldscheider Nachf., Inhaber Josef Schuster, ab 1941 lautet die Firmierung Wiener Manufaktur Josef Schuster, vorm. Friedrich Goldscheider, nach dem WK II erh\u00e4lt Friedrich Goldscheider seine Firma zur\u00fcck und firmiert ab 1950 wieder als Wiener Manufaktur Friedrich Goldscheider, in dieser Zeit verkauft er die Firma an die Majolikafabrik Carstens, in Fredelsloh, die in Fredelsloh Wiederauflagen alter Modelle in minderwertigem braunem Ton aber auch neue Modelle ebenfalls in dieser Tonart produziert, ab 1953 firmiert die Firma als Kunstkeramische Manufaktur Goldscheider GmbH und 1960 wird die Produktion in Fredelsloh eingestellt, <strong>das MEK Exemplar dieser Figur ist das einzige Modell, welches bis jetzt bekannt ist, im Werkverzeichnis von Dechant\/Goldscheider, ist die Figur nicht erfasst<\/strong>,<br \/>\nH\u00f6he 40 cm, Breite 21 cm<\/p>\n<p><a href=\"http:\/\/museumek.eu\/?attachment_id=49153\" rel=\"attachment wp-att-49153\"><img loading=\"lazy\" src=\"http:\/\/museumek.eu\/wp-content\/uploads\/2020\/04\/Goldscheider-Falke-Wernekinck-1-151x300.jpg\" alt=\"\" title=\"Goldscheider Falke Wernekinck 1\" width=\"151\" height=\"300\" class=\"alignnone size-medium wp-image-49153\" srcset=\"http:\/\/museumek.eu\/wp-content\/uploads\/2020\/04\/Goldscheider-Falke-Wernekinck-1-151x300.jpg 151w, http:\/\/museumek.eu\/wp-content\/uploads\/2020\/04\/Goldscheider-Falke-Wernekinck-1-75x150.jpg 75w, http:\/\/museumek.eu\/wp-content\/uploads\/2020\/04\/Goldscheider-Falke-Wernekinck-1.jpg 323w\" sizes=\"(max-width: 151px) 100vw, 151px\" \/><\/a><\/p>\n<p><a href=\"http:\/\/museumek.eu\/?attachment_id=49154\" rel=\"attachment wp-att-49154\"><img loading=\"lazy\" src=\"http:\/\/museumek.eu\/wp-content\/uploads\/2020\/04\/Goldscheider-Falke-Wernekinck-2-139x300.jpg\" alt=\"\" title=\"Goldscheider Falke Wernekinck 2\" width=\"139\" height=\"300\" class=\"alignnone size-medium wp-image-49154\" srcset=\"http:\/\/museumek.eu\/wp-content\/uploads\/2020\/04\/Goldscheider-Falke-Wernekinck-2-139x300.jpg 139w, http:\/\/museumek.eu\/wp-content\/uploads\/2020\/04\/Goldscheider-Falke-Wernekinck-2-69x150.jpg 69w, http:\/\/museumek.eu\/wp-content\/uploads\/2020\/04\/Goldscheider-Falke-Wernekinck-2.jpg 298w\" sizes=\"(max-width: 139px) 100vw, 139px\" \/><\/a><\/p>\n<p><a href=\"http:\/\/museumek.eu\/?attachment_id=49157\" rel=\"attachment wp-att-49157\"><img loading=\"lazy\" src=\"http:\/\/museumek.eu\/wp-content\/uploads\/2020\/04\/Goldscheider-Falke-Wernekinck-3-133x300.jpg\" alt=\"\" title=\"Goldscheider Falke Wernekinck 3\" width=\"133\" height=\"300\" class=\"alignnone size-medium wp-image-49157\" srcset=\"http:\/\/museumek.eu\/wp-content\/uploads\/2020\/04\/Goldscheider-Falke-Wernekinck-3-133x300.jpg 133w, http:\/\/museumek.eu\/wp-content\/uploads\/2020\/04\/Goldscheider-Falke-Wernekinck-3-66x150.jpg 66w, http:\/\/museumek.eu\/wp-content\/uploads\/2020\/04\/Goldscheider-Falke-Wernekinck-3.jpg 285w\" sizes=\"(max-width: 133px) 100vw, 133px\" \/><\/a><\/p>\n<p><a href=\"http:\/\/museumek.eu\/?attachment_id=49158\" rel=\"attachment wp-att-49158\"><img loading=\"lazy\" src=\"http:\/\/museumek.eu\/wp-content\/uploads\/2020\/04\/Goldscheider-Falke-Wernekinck-4-146x300.jpg\" alt=\"\" title=\"Goldscheider Falke Wernekinck 4\" width=\"146\" height=\"300\" class=\"alignnone size-medium wp-image-49158\" srcset=\"http:\/\/museumek.eu\/wp-content\/uploads\/2020\/04\/Goldscheider-Falke-Wernekinck-4-146x300.jpg 146w, http:\/\/museumek.eu\/wp-content\/uploads\/2020\/04\/Goldscheider-Falke-Wernekinck-4-73x150.jpg 73w, http:\/\/museumek.eu\/wp-content\/uploads\/2020\/04\/Goldscheider-Falke-Wernekinck-4.jpg 312w\" sizes=\"(max-width: 146px) 100vw, 146px\" \/><\/a><\/p>\n<p><a href=\"http:\/\/museumek.eu\/?attachment_id=49159\" rel=\"attachment wp-att-49159\"><img loading=\"lazy\" src=\"http:\/\/museumek.eu\/wp-content\/uploads\/2020\/04\/Goldscheider-Falke-Wernekinck-5-300x174.jpg\" alt=\"\" title=\"Goldscheider Falke Wernekinck 5\" width=\"300\" height=\"174\" class=\"alignnone size-medium wp-image-49159\" srcset=\"http:\/\/museumek.eu\/wp-content\/uploads\/2020\/04\/Goldscheider-Falke-Wernekinck-5-300x174.jpg 300w, http:\/\/museumek.eu\/wp-content\/uploads\/2020\/04\/Goldscheider-Falke-Wernekinck-5-150x87.jpg 150w, http:\/\/museumek.eu\/wp-content\/uploads\/2020\/04\/Goldscheider-Falke-Wernekinck-5-500x290.jpg 500w, http:\/\/museumek.eu\/wp-content\/uploads\/2020\/04\/Goldscheider-Falke-Wernekinck-5.jpg 640w\" sizes=\"(max-width: 300px) 100vw, 300px\" \/><\/a><\/p>\n<p><a href=\"http:\/\/museumek.eu\/?attachment_id=49162\" rel=\"attachment wp-att-49162\"><img loading=\"lazy\" src=\"http:\/\/museumek.eu\/wp-content\/uploads\/2020\/04\/Goldscheider-Falke-Wernekinck-6-300x245.jpg\" alt=\"\" title=\"Goldscheider Falke Wernekinck 6\" width=\"300\" height=\"245\" class=\"alignnone size-medium wp-image-49162\" srcset=\"http:\/\/museumek.eu\/wp-content\/uploads\/2020\/04\/Goldscheider-Falke-Wernekinck-6-300x245.jpg 300w, http:\/\/museumek.eu\/wp-content\/uploads\/2020\/04\/Goldscheider-Falke-Wernekinck-6-150x122.jpg 150w, http:\/\/museumek.eu\/wp-content\/uploads\/2020\/04\/Goldscheider-Falke-Wernekinck-6-366x300.jpg 366w, http:\/\/museumek.eu\/wp-content\/uploads\/2020\/04\/Goldscheider-Falke-Wernekinck-6.jpg 587w\" sizes=\"(max-width: 300px) 100vw, 300px\" \/><\/a><\/p>\n<p><a href=\"http:\/\/museumek.eu\/?attachment_id=49163\" rel=\"attachment wp-att-49163\"><img loading=\"lazy\" src=\"http:\/\/museumek.eu\/wp-content\/uploads\/2020\/04\/Goldscheider-Falke-Wernekinck-7-184x300.jpg\" alt=\"\" title=\"Goldscheider Falke Wernekinck 7\" width=\"184\" height=\"300\" class=\"alignnone size-medium wp-image-49163\" srcset=\"http:\/\/museumek.eu\/wp-content\/uploads\/2020\/04\/Goldscheider-Falke-Wernekinck-7-184x300.jpg 184w, http:\/\/museumek.eu\/wp-content\/uploads\/2020\/04\/Goldscheider-Falke-Wernekinck-7-92x150.jpg 92w, http:\/\/museumek.eu\/wp-content\/uploads\/2020\/04\/Goldscheider-Falke-Wernekinck-7.jpg 394w\" sizes=\"(max-width: 184px) 100vw, 184px\" \/><\/a><\/p>\n<p><a href=\"http:\/\/museumek.eu\/?attachment_id=49166\" rel=\"attachment wp-att-49166\"><img loading=\"lazy\" src=\"http:\/\/museumek.eu\/wp-content\/uploads\/2020\/04\/Goldscheider-Falke-Wernekinck-8-175x300.jpg\" alt=\"\" title=\"Goldscheider Falke Wernekinck 8\" width=\"175\" height=\"300\" class=\"alignnone size-medium wp-image-49166\" srcset=\"http:\/\/museumek.eu\/wp-content\/uploads\/2020\/04\/Goldscheider-Falke-Wernekinck-8-175x300.jpg 175w, http:\/\/museumek.eu\/wp-content\/uploads\/2020\/04\/Goldscheider-Falke-Wernekinck-8-87x150.jpg 87w, http:\/\/museumek.eu\/wp-content\/uploads\/2020\/04\/Goldscheider-Falke-Wernekinck-8.jpg 374w\" sizes=\"(max-width: 175px) 100vw, 175px\" \/><\/a><\/p>\n<p><a href=\"http:\/\/museumek.eu\/?attachment_id=49167\" rel=\"attachment wp-att-49167\"><img loading=\"lazy\" src=\"http:\/\/museumek.eu\/wp-content\/uploads\/2020\/04\/Goldscheider-Falke-Wernekinck-9-300x165.jpg\" alt=\"\" title=\"Goldscheider Falke Wernekinck 9\" width=\"300\" height=\"165\" class=\"alignnone size-medium wp-image-49167\" srcset=\"http:\/\/museumek.eu\/wp-content\/uploads\/2020\/04\/Goldscheider-Falke-Wernekinck-9-300x165.jpg 300w, http:\/\/museumek.eu\/wp-content\/uploads\/2020\/04\/Goldscheider-Falke-Wernekinck-9-150x82.jpg 150w, http:\/\/museumek.eu\/wp-content\/uploads\/2020\/04\/Goldscheider-Falke-Wernekinck-9-500x275.jpg 500w, http:\/\/museumek.eu\/wp-content\/uploads\/2020\/04\/Goldscheider-Falke-Wernekinck-9.jpg 640w\" sizes=\"(max-width: 300px) 100vw, 300px\" \/><\/a><\/p>\n","protected":false},"excerpt":{"rendered":"<p>Abteilung Austria\/Ungarn\/B\u00f6hmen, Keramik 1860 &#8211; 1960, Inventarnummer A\/I\/181 Wiener Manufaktur Friedrich Goldscheider, Austria, Wien, um 1922, Figur Falke (auf Felssockel), K\u00fcnstler Sigismund Wernekinck, Werks.-Nr. 4827\/Exemplar Nr. 94\/Modelleur Nr. 1, gemarkt Firmenmarke mit Goldscheider Wien, GWM (Wiener Manufaktur Goldscheider) schwarzer Stempel &hellip; <a href=\"http:\/\/museumek.eu\/?page_id=49177\">Weiterlesen <span class=\"meta-nav\">&rarr;<\/span><\/a><\/p>\n","protected":false},"author":1,"featured_media":0,"parent":45965,"menu_order":181,"comment_status":"closed","ping_status":"open","template":"","meta":[],"_links":{"self":[{"href":"http:\/\/museumek.eu\/index.php?rest_route=\/wp\/v2\/pages\/49177"}],"collection":[{"href":"http:\/\/museumek.eu\/index.php?rest_route=\/wp\/v2\/pages"}],"about":[{"href":"http:\/\/museumek.eu\/index.php?rest_route=\/wp\/v2\/types\/page"}],"author":[{"embeddable":true,"href":"http:\/\/museumek.eu\/index.php?rest_route=\/wp\/v2\/users\/1"}],"replies":[{"embeddable":true,"href":"http:\/\/museumek.eu\/index.php?rest_route=%2Fwp%2Fv2%2Fcomments&post=49177"}],"version-history":[{"count":2,"href":"http:\/\/museumek.eu\/index.php?rest_route=\/wp\/v2\/pages\/49177\/revisions"}],"predecessor-version":[{"id":49179,"href":"http:\/\/museumek.eu\/index.php?rest_route=\/wp\/v2\/pages\/49177\/revisions\/49179"}],"up":[{"embeddable":true,"href":"http:\/\/museumek.eu\/index.php?rest_route=\/wp\/v2\/pages\/45965"}],"wp:attachment":[{"href":"http:\/\/museumek.eu\/index.php?rest_route=%2Fwp%2Fv2%2Fmedia&parent=49177"}],"curies":[{"name":"wp","href":"https:\/\/api.w.org\/{rel}","templated":true}]}}