{"id":49217,"date":"2020-09-11T21:45:18","date_gmt":"2020-09-11T19:45:18","guid":{"rendered":"http:\/\/museumek.eu\/?page_id=49217"},"modified":"2020-09-11T21:45:18","modified_gmt":"2020-09-11T19:45:18","slug":"dlxxxii74","status":"publish","type":"page","link":"http:\/\/museumek.eu\/?page_id=49217","title":{"rendered":"D\/LXXXII\/74"},"content":{"rendered":"<p><strong>Abteilung Deutschland, Keramik 1860 \u2013 1960, Inventarnummer D\/LXXXII\/74<\/strong><\/p>\n<p>Westerw\u00e4lder Steinzeug ohne Fabrikzuordnung, Deutschland, Westerwald, um 1900, Krug, K\u00fcnstler unbekannt, Werks.-Nr. ohne, Exemplar Nr. ohne, gemarkt keine Fabrikmarke aber 0,5 L, nicht signiert,<br \/>\nH\u00f6he 14,5 cm, Breite 14,5 cm (nur die Keramik)<\/p>\n<p><a href=\"http:\/\/museumek.eu\/?attachment_id=49200\" rel=\"attachment wp-att-49200\"><img loading=\"lazy\" src=\"http:\/\/museumek.eu\/wp-content\/uploads\/2013\/05\/Westerwald-unbekannt-Krug-mass-halten-1-143x300.jpg\" alt=\"\" title=\"Westerwald unbekannt Krug mass halten 1\" width=\"143\" height=\"300\" class=\"alignnone size-medium wp-image-49200\" srcset=\"http:\/\/museumek.eu\/wp-content\/uploads\/2013\/05\/Westerwald-unbekannt-Krug-mass-halten-1-143x300.jpg 143w, http:\/\/museumek.eu\/wp-content\/uploads\/2013\/05\/Westerwald-unbekannt-Krug-mass-halten-1-71x150.jpg 71w\" sizes=\"(max-width: 143px) 100vw, 143px\" \/><\/a><\/p>\n<p><a href=\"http:\/\/museumek.eu\/?attachment_id=49201\" rel=\"attachment wp-att-49201\"><img loading=\"lazy\" src=\"http:\/\/museumek.eu\/wp-content\/uploads\/2013\/05\/Westerwald-unbekannt-Krug-mass-halten-2-189x300.jpg\" alt=\"\" title=\"Westerwald unbekannt Krug mass halten 2\" width=\"189\" height=\"300\" class=\"alignnone size-medium wp-image-49201\" srcset=\"http:\/\/museumek.eu\/wp-content\/uploads\/2013\/05\/Westerwald-unbekannt-Krug-mass-halten-2-189x300.jpg 189w, http:\/\/museumek.eu\/wp-content\/uploads\/2013\/05\/Westerwald-unbekannt-Krug-mass-halten-2-94x150.jpg 94w, http:\/\/museumek.eu\/wp-content\/uploads\/2013\/05\/Westerwald-unbekannt-Krug-mass-halten-2.jpg 405w\" sizes=\"(max-width: 189px) 100vw, 189px\" \/><\/a><\/p>\n<p><a href=\"http:\/\/museumek.eu\/?attachment_id=49204\" rel=\"attachment wp-att-49204\"><img loading=\"lazy\" src=\"http:\/\/museumek.eu\/wp-content\/uploads\/2013\/05\/Westerwald-unbekannt-Krug-mass-halten-3-184x300.jpg\" alt=\"\" title=\"Westerwald unbekannt Krug mass halten 3\" width=\"184\" height=\"300\" class=\"alignnone size-medium wp-image-49204\" srcset=\"http:\/\/museumek.eu\/wp-content\/uploads\/2013\/05\/Westerwald-unbekannt-Krug-mass-halten-3-184x300.jpg 184w, http:\/\/museumek.eu\/wp-content\/uploads\/2013\/05\/Westerwald-unbekannt-Krug-mass-halten-3-92x150.jpg 92w, http:\/\/museumek.eu\/wp-content\/uploads\/2013\/05\/Westerwald-unbekannt-Krug-mass-halten-3.jpg 394w\" sizes=\"(max-width: 184px) 100vw, 184px\" \/><\/a><\/p>\n<p><a href=\"http:\/\/museumek.eu\/?attachment_id=49205\" rel=\"attachment wp-att-49205\"><img loading=\"lazy\" src=\"http:\/\/museumek.eu\/wp-content\/uploads\/2013\/05\/Westerwald-unbekannt-Krug-mass-halten-4-150x300.jpg\" alt=\"\" title=\"Westerwald unbekannt Krug mass halten 4\" width=\"150\" height=\"300\" class=\"alignnone size-medium wp-image-49205\" srcset=\"http:\/\/museumek.eu\/wp-content\/uploads\/2013\/05\/Westerwald-unbekannt-Krug-mass-halten-4-150x300.jpg 150w, http:\/\/museumek.eu\/wp-content\/uploads\/2013\/05\/Westerwald-unbekannt-Krug-mass-halten-4-75x150.jpg 75w, http:\/\/museumek.eu\/wp-content\/uploads\/2013\/05\/Westerwald-unbekannt-Krug-mass-halten-4.jpg 321w\" sizes=\"(max-width: 150px) 100vw, 150px\" \/><\/a><\/p>\n<p><a href=\"http:\/\/museumek.eu\/?attachment_id=49208\" rel=\"attachment wp-att-49208\"><img loading=\"lazy\" src=\"http:\/\/museumek.eu\/wp-content\/uploads\/2013\/05\/Westerwald-unbekannt-Krug-mass-halten-5-225x300.jpg\" alt=\"\" title=\"Westerwald unbekannt Krug mass halten 5\" width=\"225\" height=\"300\" class=\"alignnone size-medium wp-image-49208\" srcset=\"http:\/\/museumek.eu\/wp-content\/uploads\/2013\/05\/Westerwald-unbekannt-Krug-mass-halten-5-225x300.jpg 225w, http:\/\/museumek.eu\/wp-content\/uploads\/2013\/05\/Westerwald-unbekannt-Krug-mass-halten-5-112x150.jpg 112w, http:\/\/museumek.eu\/wp-content\/uploads\/2013\/05\/Westerwald-unbekannt-Krug-mass-halten-5.jpg 480w\" sizes=\"(max-width: 225px) 100vw, 225px\" \/><\/a><\/p>\n<p><a href=\"http:\/\/museumek.eu\/?attachment_id=49209\" rel=\"attachment wp-att-49209\"><img loading=\"lazy\" src=\"http:\/\/museumek.eu\/wp-content\/uploads\/2013\/05\/Westerwald-unbekannt-Krug-mass-halten-6-300x221.jpg\" alt=\"\" title=\"Westerwald unbekannt Krug mass halten 6\" width=\"300\" height=\"221\" class=\"alignnone size-medium wp-image-49209\" srcset=\"http:\/\/museumek.eu\/wp-content\/uploads\/2013\/05\/Westerwald-unbekannt-Krug-mass-halten-6-300x221.jpg 300w, http:\/\/museumek.eu\/wp-content\/uploads\/2013\/05\/Westerwald-unbekannt-Krug-mass-halten-6-150x110.jpg 150w, http:\/\/museumek.eu\/wp-content\/uploads\/2013\/05\/Westerwald-unbekannt-Krug-mass-halten-6-406x300.jpg 406w, http:\/\/museumek.eu\/wp-content\/uploads\/2013\/05\/Westerwald-unbekannt-Krug-mass-halten-6.jpg 640w\" sizes=\"(max-width: 300px) 100vw, 300px\" \/><\/a><\/p>\n","protected":false},"excerpt":{"rendered":"<p>Abteilung Deutschland, Keramik 1860 \u2013 1960, Inventarnummer D\/LXXXII\/74 Westerw\u00e4lder Steinzeug ohne Fabrikzuordnung, Deutschland, Westerwald, um 1900, Krug, K\u00fcnstler unbekannt, Werks.-Nr. ohne, Exemplar Nr. ohne, gemarkt keine Fabrikmarke aber 0,5 L, nicht signiert, H\u00f6he 14,5 cm, Breite 14,5 cm (nur die &hellip; <a href=\"http:\/\/museumek.eu\/?page_id=49217\">Weiterlesen <span class=\"meta-nav\">&rarr;<\/span><\/a><\/p>\n","protected":false},"author":1,"featured_media":0,"parent":48950,"menu_order":74,"comment_status":"closed","ping_status":"open","template":"","meta":[],"_links":{"self":[{"href":"http:\/\/museumek.eu\/index.php?rest_route=\/wp\/v2\/pages\/49217"}],"collection":[{"href":"http:\/\/museumek.eu\/index.php?rest_route=\/wp\/v2\/pages"}],"about":[{"href":"http:\/\/museumek.eu\/index.php?rest_route=\/wp\/v2\/types\/page"}],"author":[{"embeddable":true,"href":"http:\/\/museumek.eu\/index.php?rest_route=\/wp\/v2\/users\/1"}],"replies":[{"embeddable":true,"href":"http:\/\/museumek.eu\/index.php?rest_route=%2Fwp%2Fv2%2Fcomments&post=49217"}],"version-history":[{"count":2,"href":"http:\/\/museumek.eu\/index.php?rest_route=\/wp\/v2\/pages\/49217\/revisions"}],"predecessor-version":[{"id":49219,"href":"http:\/\/museumek.eu\/index.php?rest_route=\/wp\/v2\/pages\/49217\/revisions\/49219"}],"up":[{"embeddable":true,"href":"http:\/\/museumek.eu\/index.php?rest_route=\/wp\/v2\/pages\/48950"}],"wp:attachment":[{"href":"http:\/\/museumek.eu\/index.php?rest_route=%2Fwp%2Fv2%2Fmedia&parent=49217"}],"curies":[{"name":"wp","href":"https:\/\/api.w.org\/{rel}","templated":true}]}}