{"id":49403,"date":"2020-09-13T15:41:27","date_gmt":"2020-09-13T13:41:27","guid":{"rendered":"http:\/\/museumek.eu\/?page_id=49403"},"modified":"2020-09-13T15:51:04","modified_gmt":"2020-09-13T13:51:04","slug":"fotos-und-beschreibung","status":"publish","type":"page","link":"http:\/\/museumek.eu\/?page_id=49403","title":{"rendered":"Fotos und Beschreibung"},"content":{"rendered":"<p><strong>Abteilung Austria\/Ungarn\/B\u00f6hmen, Keramik 1860 \u2013 1960, Inventarnummer A\/LIV\/1<\/strong><\/p>\n<p>Keramische Werke Faure &#038; Zinner, Deutschland, Heidelberg, um 1935, Vase, K\u00fcnstler unbekannt, Werks-Nr. ohne, Exemplar Nr. ohne, gemarkt in einer Hufeisen f\u00f6rmigen Umrahmung, senkrecht links Faure, daneben eine verzierte Vase, daneben senkrecht rechts Zinner, \u00fcber der verzierten Vase u. (f\u00fcr und) silberner Stempel auf Glasur, nicht signiert, \u00fcber die Fabrik konnten keine Informationen recherchiert werden, Gr\u00fcnder wohl Hermann Faure und Otto Zinner, Dekor in Silberauflage,<br \/>\nH\u00f6he 8,2 cm, Breite 12 cm<\/p>\n<p><a href=\"http:\/\/museumek.eu\/?attachment_id=49404\" rel=\"attachment wp-att-49404\"><img loading=\"lazy\" src=\"http:\/\/museumek.eu\/wp-content\/uploads\/2020\/09\/faure-1-300x248.jpg\" alt=\"\" title=\"faure 1\" width=\"300\" height=\"248\" class=\"alignnone size-medium wp-image-49404\" srcset=\"http:\/\/museumek.eu\/wp-content\/uploads\/2020\/09\/faure-1-300x248.jpg 300w, http:\/\/museumek.eu\/wp-content\/uploads\/2020\/09\/faure-1-150x124.jpg 150w, http:\/\/museumek.eu\/wp-content\/uploads\/2020\/09\/faure-1-361x300.jpg 361w, http:\/\/museumek.eu\/wp-content\/uploads\/2020\/09\/faure-1.jpg 579w\" sizes=\"(max-width: 300px) 100vw, 300px\" \/><\/a><\/p>\n<p><a href=\"http:\/\/museumek.eu\/?attachment_id=49405\" rel=\"attachment wp-att-49405\"><img loading=\"lazy\" src=\"http:\/\/museumek.eu\/wp-content\/uploads\/2020\/09\/faure-2-300x246.jpg\" alt=\"\" title=\"faure 2\" width=\"300\" height=\"246\" class=\"alignnone size-medium wp-image-49405\" srcset=\"http:\/\/museumek.eu\/wp-content\/uploads\/2020\/09\/faure-2-300x246.jpg 300w, http:\/\/museumek.eu\/wp-content\/uploads\/2020\/09\/faure-2-150x123.jpg 150w, http:\/\/museumek.eu\/wp-content\/uploads\/2020\/09\/faure-2-364x300.jpg 364w, http:\/\/museumek.eu\/wp-content\/uploads\/2020\/09\/faure-2.jpg 583w\" sizes=\"(max-width: 300px) 100vw, 300px\" \/><\/a><\/p>\n<p><a href=\"http:\/\/museumek.eu\/?attachment_id=49406\" rel=\"attachment wp-att-49406\"><img loading=\"lazy\" src=\"http:\/\/museumek.eu\/wp-content\/uploads\/2020\/09\/faure-3-288x300.jpg\" alt=\"\" title=\"faure 3\" width=\"288\" height=\"300\" class=\"alignnone size-medium wp-image-49406\" srcset=\"http:\/\/museumek.eu\/wp-content\/uploads\/2020\/09\/faure-3-288x300.jpg 288w, http:\/\/museumek.eu\/wp-content\/uploads\/2020\/09\/faure-3-144x150.jpg 144w, http:\/\/museumek.eu\/wp-content\/uploads\/2020\/09\/faure-3.jpg 480w\" sizes=\"(max-width: 288px) 100vw, 288px\" \/><\/a><\/p>\n","protected":false},"excerpt":{"rendered":"<p>Abteilung Austria\/Ungarn\/B\u00f6hmen, Keramik 1860 \u2013 1960, Inventarnummer A\/LIV\/1 Keramische Werke Faure &#038; Zinner, Deutschland, Heidelberg, um 1935, Vase, K\u00fcnstler unbekannt, Werks-Nr. ohne, Exemplar Nr. ohne, gemarkt in einer Hufeisen f\u00f6rmigen Umrahmung, senkrecht links Faure, daneben eine verzierte Vase, daneben senkrecht &hellip; <a href=\"http:\/\/museumek.eu\/?page_id=49403\">Weiterlesen <span class=\"meta-nav\">&rarr;<\/span><\/a><\/p>\n","protected":false},"author":1,"featured_media":0,"parent":49370,"menu_order":0,"comment_status":"closed","ping_status":"open","template":"","meta":[],"_links":{"self":[{"href":"http:\/\/museumek.eu\/index.php?rest_route=\/wp\/v2\/pages\/49403"}],"collection":[{"href":"http:\/\/museumek.eu\/index.php?rest_route=\/wp\/v2\/pages"}],"about":[{"href":"http:\/\/museumek.eu\/index.php?rest_route=\/wp\/v2\/types\/page"}],"author":[{"embeddable":true,"href":"http:\/\/museumek.eu\/index.php?rest_route=\/wp\/v2\/users\/1"}],"replies":[{"embeddable":true,"href":"http:\/\/museumek.eu\/index.php?rest_route=%2Fwp%2Fv2%2Fcomments&post=49403"}],"version-history":[{"count":9,"href":"http:\/\/museumek.eu\/index.php?rest_route=\/wp\/v2\/pages\/49403\/revisions"}],"predecessor-version":[{"id":49422,"href":"http:\/\/museumek.eu\/index.php?rest_route=\/wp\/v2\/pages\/49403\/revisions\/49422"}],"up":[{"embeddable":true,"href":"http:\/\/museumek.eu\/index.php?rest_route=\/wp\/v2\/pages\/49370"}],"wp:attachment":[{"href":"http:\/\/museumek.eu\/index.php?rest_route=%2Fwp%2Fv2%2Fmedia&parent=49403"}],"curies":[{"name":"wp","href":"https:\/\/api.w.org\/{rel}","templated":true}]}}