{"id":49472,"date":"2020-09-13T23:20:22","date_gmt":"2020-09-13T21:20:22","guid":{"rendered":"http:\/\/museumek.eu\/?page_id=49472"},"modified":"2020-09-13T23:20:22","modified_gmt":"2020-09-13T21:20:22","slug":"dclx1","status":"publish","type":"page","link":"http:\/\/museumek.eu\/?page_id=49472","title":{"rendered":"D\/CLX\/1"},"content":{"rendered":"<p><strong>Abteilung Deutschland, Keramik 1860 \u2013 1960, Inventarnummer D\/CXL\/1<\/strong><\/p>\n<p>T\u00f6pferei Rainer von Hoesslin, Deutschland, Berchtesgaden, ab 1950, Kanne, K\u00fcnstler unbekannt, Werks.-Nr. 10 (?), Exemplar Nr. ohne, gemarkt Firmenmarke in einem Wappen \u00e4hnlichen Rahmen R H, dazwischen ein \u00fcbergro\u00dfes V (R. v. H, Rainer von Hoesslin) sowie 10 geritzt, nicht signiert, Rainer von Hoesslin gr\u00fcndete am 01. M\u00e4rz 1950 eine T\u00f6pferei in Berchtesgaden, zuvor betrieb er schon in Landshut eine T\u00f6pferei, Verzierung durch Schlickermalerei, diese mit glasiert, H\u00f6he 15,5 cm, Breite 14 cm<\/p>\n<p><a href=\"http:\/\/museumek.eu\/?attachment_id=49454\" rel=\"attachment wp-att-49454\"><img loading=\"lazy\" src=\"http:\/\/museumek.eu\/wp-content\/uploads\/2020\/09\/Rainer-von-Hoesslin-Kanne-1-210x300.jpg\" alt=\"\" title=\"Rainer von Hoesslin Kanne 1\" width=\"210\" height=\"300\" class=\"alignnone size-medium wp-image-49454\" srcset=\"http:\/\/museumek.eu\/wp-content\/uploads\/2020\/09\/Rainer-von-Hoesslin-Kanne-1-210x300.jpg 210w, http:\/\/museumek.eu\/wp-content\/uploads\/2020\/09\/Rainer-von-Hoesslin-Kanne-1-105x150.jpg 105w, http:\/\/museumek.eu\/wp-content\/uploads\/2020\/09\/Rainer-von-Hoesslin-Kanne-1.jpg 449w\" sizes=\"(max-width: 210px) 100vw, 210px\" \/><\/a><\/p>\n<p><a href=\"http:\/\/museumek.eu\/?attachment_id=49455\" rel=\"attachment wp-att-49455\"><img loading=\"lazy\" src=\"http:\/\/museumek.eu\/wp-content\/uploads\/2020\/09\/Rainer-von-Hoesslin-Kanne-2-278x300.jpg\" alt=\"\" title=\"Rainer von Hoesslin Kanne 2\" width=\"278\" height=\"300\" class=\"alignnone size-medium wp-image-49455\" srcset=\"http:\/\/museumek.eu\/wp-content\/uploads\/2020\/09\/Rainer-von-Hoesslin-Kanne-2-278x300.jpg 278w, http:\/\/museumek.eu\/wp-content\/uploads\/2020\/09\/Rainer-von-Hoesslin-Kanne-2-139x150.jpg 139w, http:\/\/museumek.eu\/wp-content\/uploads\/2020\/09\/Rainer-von-Hoesslin-Kanne-2.jpg 480w\" sizes=\"(max-width: 278px) 100vw, 278px\" \/><\/a><\/p>\n<p><a href=\"http:\/\/museumek.eu\/?attachment_id=49456\" rel=\"attachment wp-att-49456\"><img loading=\"lazy\" src=\"http:\/\/museumek.eu\/wp-content\/uploads\/2020\/09\/Rainer-von-Hoesslin-Kanne-3-266x300.jpg\" alt=\"\" title=\"Rainer von Hoesslin Kanne 3\" width=\"266\" height=\"300\" class=\"alignnone size-medium wp-image-49456\" srcset=\"http:\/\/museumek.eu\/wp-content\/uploads\/2020\/09\/Rainer-von-Hoesslin-Kanne-3-266x300.jpg 266w, http:\/\/museumek.eu\/wp-content\/uploads\/2020\/09\/Rainer-von-Hoesslin-Kanne-3-133x150.jpg 133w, http:\/\/museumek.eu\/wp-content\/uploads\/2020\/09\/Rainer-von-Hoesslin-Kanne-3.jpg 480w\" sizes=\"(max-width: 266px) 100vw, 266px\" \/><\/a><\/p>\n<p><a href=\"http:\/\/museumek.eu\/?attachment_id=49457\" rel=\"attachment wp-att-49457\"><img loading=\"lazy\" src=\"http:\/\/museumek.eu\/wp-content\/uploads\/2020\/09\/Rainer-von-Hoesslin-Kanne-4-204x300.jpg\" alt=\"\" title=\"Rainer von Hoesslin Kanne 4\" width=\"204\" height=\"300\" class=\"alignnone size-medium wp-image-49457\" srcset=\"http:\/\/museumek.eu\/wp-content\/uploads\/2020\/09\/Rainer-von-Hoesslin-Kanne-4-204x300.jpg 204w, http:\/\/museumek.eu\/wp-content\/uploads\/2020\/09\/Rainer-von-Hoesslin-Kanne-4-102x150.jpg 102w, http:\/\/museumek.eu\/wp-content\/uploads\/2020\/09\/Rainer-von-Hoesslin-Kanne-4.jpg 437w\" sizes=\"(max-width: 204px) 100vw, 204px\" \/><\/a><\/p>\n<p><a href=\"http:\/\/museumek.eu\/?attachment_id=49458\" rel=\"attachment wp-att-49458\"><img loading=\"lazy\" src=\"http:\/\/museumek.eu\/wp-content\/uploads\/2020\/09\/Rainer-von-Hoesslin-Kanne-5-228x300.jpg\" alt=\"\" title=\"Rainer von Hoesslin Kanne 5\" width=\"228\" height=\"300\" class=\"alignnone size-medium wp-image-49458\" srcset=\"http:\/\/museumek.eu\/wp-content\/uploads\/2020\/09\/Rainer-von-Hoesslin-Kanne-5-228x300.jpg 228w, http:\/\/museumek.eu\/wp-content\/uploads\/2020\/09\/Rainer-von-Hoesslin-Kanne-5-114x150.jpg 114w, http:\/\/museumek.eu\/wp-content\/uploads\/2020\/09\/Rainer-von-Hoesslin-Kanne-5.jpg 480w\" sizes=\"(max-width: 228px) 100vw, 228px\" \/><\/a><\/p>\n<p><a href=\"http:\/\/museumek.eu\/?attachment_id=49459\" rel=\"attachment wp-att-49459\"><img loading=\"lazy\" src=\"http:\/\/museumek.eu\/wp-content\/uploads\/2020\/09\/Rainer-von-Hoesslin-Kanne-6-293x300.jpg\" alt=\"\" title=\"Rainer von Hoesslin Kanne 6\" width=\"293\" height=\"300\" class=\"alignnone size-medium wp-image-49459\" srcset=\"http:\/\/museumek.eu\/wp-content\/uploads\/2020\/09\/Rainer-von-Hoesslin-Kanne-6-293x300.jpg 293w, http:\/\/museumek.eu\/wp-content\/uploads\/2020\/09\/Rainer-von-Hoesslin-Kanne-6-146x150.jpg 146w, http:\/\/museumek.eu\/wp-content\/uploads\/2020\/09\/Rainer-von-Hoesslin-Kanne-6.jpg 480w\" sizes=\"(max-width: 293px) 100vw, 293px\" \/><\/a><\/p>\n<p><a href=\"http:\/\/museumek.eu\/?attachment_id=49460\" rel=\"attachment wp-att-49460\"><img loading=\"lazy\" src=\"http:\/\/museumek.eu\/wp-content\/uploads\/2020\/09\/Rainer-von-Hoesslin-Kanne-7-300x281.jpg\" alt=\"\" title=\"Rainer von Hoesslin Kanne 7\" width=\"300\" height=\"281\" class=\"alignnone size-medium wp-image-49460\" srcset=\"http:\/\/museumek.eu\/wp-content\/uploads\/2020\/09\/Rainer-von-Hoesslin-Kanne-7-300x281.jpg 300w, http:\/\/museumek.eu\/wp-content\/uploads\/2020\/09\/Rainer-von-Hoesslin-Kanne-7-150x140.jpg 150w, http:\/\/museumek.eu\/wp-content\/uploads\/2020\/09\/Rainer-von-Hoesslin-Kanne-7-320x300.jpg 320w, http:\/\/museumek.eu\/wp-content\/uploads\/2020\/09\/Rainer-von-Hoesslin-Kanne-7.jpg 512w\" sizes=\"(max-width: 300px) 100vw, 300px\" \/><\/a><\/p>\n<p><a href=\"http:\/\/museumek.eu\/?attachment_id=49461\" rel=\"attachment wp-att-49461\"><img loading=\"lazy\" src=\"http:\/\/museumek.eu\/wp-content\/uploads\/2020\/09\/Rainer-von-Hoesslin-Kanne-8-280x300.jpg\" alt=\"\" title=\"Rainer von Hoesslin Kanne 8\" width=\"280\" height=\"300\" class=\"alignnone size-medium wp-image-49461\" srcset=\"http:\/\/museumek.eu\/wp-content\/uploads\/2020\/09\/Rainer-von-Hoesslin-Kanne-8-280x300.jpg 280w, http:\/\/museumek.eu\/wp-content\/uploads\/2020\/09\/Rainer-von-Hoesslin-Kanne-8-140x150.jpg 140w, http:\/\/museumek.eu\/wp-content\/uploads\/2020\/09\/Rainer-von-Hoesslin-Kanne-8.jpg 480w\" sizes=\"(max-width: 280px) 100vw, 280px\" \/><\/a><\/p>\n","protected":false},"excerpt":{"rendered":"<p>Abteilung Deutschland, Keramik 1860 \u2013 1960, Inventarnummer D\/CXL\/1 T\u00f6pferei Rainer von Hoesslin, Deutschland, Berchtesgaden, ab 1950, Kanne, K\u00fcnstler unbekannt, Werks.-Nr. 10 (?), Exemplar Nr. ohne, gemarkt Firmenmarke in einem Wappen \u00e4hnlichen Rahmen R H, dazwischen ein \u00fcbergro\u00dfes V (R. v. &hellip; <a href=\"http:\/\/museumek.eu\/?page_id=49472\">Weiterlesen <span class=\"meta-nav\">&rarr;<\/span><\/a><\/p>\n","protected":false},"author":1,"featured_media":0,"parent":49442,"menu_order":1,"comment_status":"closed","ping_status":"open","template":"","meta":[],"_links":{"self":[{"href":"http:\/\/museumek.eu\/index.php?rest_route=\/wp\/v2\/pages\/49472"}],"collection":[{"href":"http:\/\/museumek.eu\/index.php?rest_route=\/wp\/v2\/pages"}],"about":[{"href":"http:\/\/museumek.eu\/index.php?rest_route=\/wp\/v2\/types\/page"}],"author":[{"embeddable":true,"href":"http:\/\/museumek.eu\/index.php?rest_route=\/wp\/v2\/users\/1"}],"replies":[{"embeddable":true,"href":"http:\/\/museumek.eu\/index.php?rest_route=%2Fwp%2Fv2%2Fcomments&post=49472"}],"version-history":[{"count":2,"href":"http:\/\/museumek.eu\/index.php?rest_route=\/wp\/v2\/pages\/49472\/revisions"}],"predecessor-version":[{"id":49474,"href":"http:\/\/museumek.eu\/index.php?rest_route=\/wp\/v2\/pages\/49472\/revisions\/49474"}],"up":[{"embeddable":true,"href":"http:\/\/museumek.eu\/index.php?rest_route=\/wp\/v2\/pages\/49442"}],"wp:attachment":[{"href":"http:\/\/museumek.eu\/index.php?rest_route=%2Fwp%2Fv2%2Fmedia&parent=49472"}],"curies":[{"name":"wp","href":"https:\/\/api.w.org\/{rel}","templated":true}]}}