{"id":4955,"date":"2011-09-24T21:00:37","date_gmt":"2011-09-24T19:00:37","guid":{"rendered":"http:\/\/museumek.eu\/?page_id=4955"},"modified":"2015-08-10T15:11:00","modified_gmt":"2015-08-10T13:11:00","slug":"fotos-und-beschreibung","status":"publish","type":"page","link":"http:\/\/museumek.eu\/?page_id=4955","title":{"rendered":"Fotos und Beschreibung"},"content":{"rendered":"<p><strong>Abteilung Deutschland, Keramik 1860 \u2013 1960, Inventarnummer D\/XVI\/1<\/strong><\/p>\n<p>K\u00f6niglich-Polnische und Churf\u00fcrstlich-S\u00e4chsische Porcelain-Fabrique Meissen u. Nachf. Churf\u00fcrstliche Porcelain-Fabrique Meissen u. Nachf. K\u00f6niglich-S\u00e4chsische Porzellan-Manufactur Meissen u. Nachf. Staatliche Porzellan-Manufaktur Meissen, Deutschland, Meissen, um 1900, Figur \u201eDer Fr\u00fchling\u201c, K\u00fcnstler Johann Joachim Kaendler (Entwurf 18. Jh.), Werks.-Nr. ohne, Exemplar Nr. ohne, gemarkt Firmenmarke gekreuzte Schwerter mit knopff\u00f6rmigen Kn\u00e4ufen (Knaufzeit: 1850 oder 1860 bis 1924) blau unter Glasur gemalt, 66 braun unter Glasur gemalt, 58 gepresst, A 64 (Formnummer) geritzt, nicht signiert, 1. Wahl, Literatur: J. G. Th. Graesse und E. Jaennicke, F\u00fchrer f\u00fcr Sammler von Porzellan und Fayence, Steinzeug, Steingut usw., Seite 482, Marke Nr. 111 identisch, dort g\u00fcltig f\u00fcr die Zeit von 1860 bis 1924, weitere Literatur: Robert E. R\u00f6ntgen, Deutsche Porzellanmarken von 1710 bis heute (Ausgabe Jahr 2000), Seiten 228\/229, Marken Nr. 1757 bis 1769, 12 verschieden gemalte Schwerter mit K\u00e4ufen, dort g\u00fcltig f\u00fcr die Zeit 1850 bis 1924, die erste europ\u00e4ische Porzellanfabrik wurde per Dekret vom 23.01.1710 von Kurf\u00fcrst Friedrich August I. von Sachsen und gleichzeitig August II. K\u00f6nig von Polen in Dresden gegr\u00fcndet, nachdem Friedrich B\u00f6ttcher f\u00fcr diesen das Hartporzellan erfunden hatte, am 06.06.1710 wurde die Albrechtsburg in Meissen als Produktionsst\u00e4tte in Betrieb genommen, Firmierung K\u00f6niglich-Polnische und Churf\u00fcrstlich-S\u00e4chsische Porcelain-Fabrique Meissen, der Sohn von Kurf\u00fcrst Friedrich August I, Kurf\u00fcrst Friedrich August II. zugleich K\u00f6nig August III. von Polen, f\u00fchrte die Manufaktur fort, als die s\u00e4chsischen Kurf\u00fcrsten die polnische Krone verlieren, musste die Manufaktur 1763 umbenannt werden, Firmierung ab da, Churf\u00fcrstliche Porcelain-Fabrique Meissen, 1806 wurde Sachsen durch Napoleon zum K\u00f6nigreich erhoben, Firmierung ab da, K\u00f6niglich-S\u00e4chsische Porzellan-Manufactur, seit 1831 ist die Manufaktur im Eigentum des Staates Sachsen, als der letzte Sachsenk\u00f6nig 1919 abdankt, \u00e4ndert sich die Firmierung in Staatliche Porzellan-Manufaktur Meissen, 1946 beschlagnahmt die Sowjetunion die Manufaktur, Firmierung Porzellanmanufaktur Meissen, Betrieb der SAG \u201eZement\u201c, 1950 wird die Manufaktur an die DDR verkauft, Firmierung VEB Staatliche Porzellan Manufaktur Meissen, die Manufaktur besteht heute noch, siehe auch Auktionshaus Stahl, Hamburg, Auktion vom 13.02.2010, Lot 1052, identische restaurierte Figur, siehe auch Auktionshaus Metz, Auktion vom 07.05.2011, Lot 397, Figur bezeichnet mit Der Fr\u00fchling (statt Auktionshaus Stahl Figur bezeichnet mit Knabe als G\u00e4rtner, Der Fr\u00fchling ist richtig, da es von diesem Modell 3 weitere erg\u00e4nzende Jahreszeitenfiguren gibt) sowie dort bezeichnet Modell nach Johann Joachim Kaendler, H\u00f6he 13,4 cm, Breite 6,7 cm<\/p>\n<p><a href=\"http:\/\/museumek.eu\/?attachment_id=43595\" rel=\"attachment wp-att-43595\"><img loading=\"lazy\" src=\"http:\/\/museumek.eu\/wp-content\/uploads\/2011\/09\/4459-179x300.jpg\" alt=\"\" title=\"4459\" width=\"179\" height=\"300\" class=\"alignnone size-medium wp-image-43595\" srcset=\"http:\/\/museumek.eu\/wp-content\/uploads\/2011\/09\/4459-179x300.jpg 179w, http:\/\/museumek.eu\/wp-content\/uploads\/2011\/09\/4459-89x150.jpg 89w, http:\/\/museumek.eu\/wp-content\/uploads\/2011\/09\/4459.jpg 478w\" sizes=\"(max-width: 179px) 100vw, 179px\" \/><\/a><\/p>\n<p><a href=\"http:\/\/museumek.eu\/?attachment_id=43596\" rel=\"attachment wp-att-43596\"><img loading=\"lazy\" src=\"http:\/\/museumek.eu\/wp-content\/uploads\/2011\/09\/4460-168x300.jpg\" alt=\"\" title=\"4460\" width=\"168\" height=\"300\" class=\"alignnone size-medium wp-image-43596\" srcset=\"http:\/\/museumek.eu\/wp-content\/uploads\/2011\/09\/4460-168x300.jpg 168w, http:\/\/museumek.eu\/wp-content\/uploads\/2011\/09\/4460-84x150.jpg 84w, http:\/\/museumek.eu\/wp-content\/uploads\/2011\/09\/4460.jpg 448w\" sizes=\"(max-width: 168px) 100vw, 168px\" \/><\/a><\/p>\n<p><a href=\"http:\/\/museumek.eu\/?attachment_id=43600\" rel=\"attachment wp-att-43600\"><img loading=\"lazy\" src=\"http:\/\/museumek.eu\/wp-content\/uploads\/2011\/09\/44611-156x300.jpg\" alt=\"\" title=\"4461\" width=\"156\" height=\"300\" class=\"alignnone size-medium wp-image-43600\" srcset=\"http:\/\/museumek.eu\/wp-content\/uploads\/2011\/09\/44611-156x300.jpg 156w, http:\/\/museumek.eu\/wp-content\/uploads\/2011\/09\/44611-78x150.jpg 78w, http:\/\/museumek.eu\/wp-content\/uploads\/2011\/09\/44611.jpg 416w\" sizes=\"(max-width: 156px) 100vw, 156px\" \/><\/a><\/p>\n<p><a href=\"http:\/\/museumek.eu\/?attachment_id=43601\" rel=\"attachment wp-att-43601\"><img loading=\"lazy\" src=\"http:\/\/museumek.eu\/wp-content\/uploads\/2011\/09\/4462-139x300.jpg\" alt=\"\" title=\"4462\" width=\"139\" height=\"300\" class=\"alignnone size-medium wp-image-43601\" srcset=\"http:\/\/museumek.eu\/wp-content\/uploads\/2011\/09\/4462-139x300.jpg 139w, http:\/\/museumek.eu\/wp-content\/uploads\/2011\/09\/4462-69x150.jpg 69w, http:\/\/museumek.eu\/wp-content\/uploads\/2011\/09\/4462.jpg 372w\" sizes=\"(max-width: 139px) 100vw, 139px\" \/><\/a><\/p>\n<p><a href=\"http:\/\/museumek.eu\/?attachment_id=43602\" rel=\"attachment wp-att-43602\"><img loading=\"lazy\" src=\"http:\/\/museumek.eu\/wp-content\/uploads\/2011\/09\/4463-225x300.jpg\" alt=\"\" title=\"4463\" width=\"225\" height=\"300\" class=\"alignnone size-medium wp-image-43602\" srcset=\"http:\/\/museumek.eu\/wp-content\/uploads\/2011\/09\/4463-225x300.jpg 225w, http:\/\/museumek.eu\/wp-content\/uploads\/2011\/09\/4463-112x150.jpg 112w, http:\/\/museumek.eu\/wp-content\/uploads\/2011\/09\/4463.jpg 600w\" sizes=\"(max-width: 225px) 100vw, 225px\" \/><\/a><\/p>\n<p><a href=\"http:\/\/museumek.eu\/wp-content\/uploads\/2011\/08\/Museum-Europ\u00e4ischer-Keramikkunst-707.jpg\"><img loading=\"lazy\" src=\"http:\/\/museumek.eu\/wp-content\/uploads\/2011\/08\/Museum-Europ\u00e4ischer-Keramikkunst-707-266x300.jpg\" alt=\"\" title=\"Museum Europ\u00e4ischer Keramikkunst 707\" width=\"266\" height=\"300\" class=\"alignnone size-medium wp-image-2097\" srcset=\"http:\/\/museumek.eu\/wp-content\/uploads\/2011\/08\/Museum-Europ\u00e4ischer-Keramikkunst-707-266x300.jpg 266w, http:\/\/museumek.eu\/wp-content\/uploads\/2011\/08\/Museum-Europ\u00e4ischer-Keramikkunst-707.jpg 475w\" sizes=\"(max-width: 266px) 100vw, 266px\" \/><\/a><\/p>\n<p><a href=\"http:\/\/museumek.eu\/wp-content\/uploads\/2011\/08\/Museum-Europ\u00e4ischer-Keramikkunst-710.jpg\"><img loading=\"lazy\" src=\"http:\/\/museumek.eu\/wp-content\/uploads\/2011\/08\/Museum-Europ\u00e4ischer-Keramikkunst-710-289x300.jpg\" alt=\"\" title=\"Museum Europ\u00e4ischer Keramikkunst 710\" width=\"289\" height=\"300\" class=\"alignnone size-medium wp-image-2098\" srcset=\"http:\/\/museumek.eu\/wp-content\/uploads\/2011\/08\/Museum-Europ\u00e4ischer-Keramikkunst-710-289x300.jpg 289w, http:\/\/museumek.eu\/wp-content\/uploads\/2011\/08\/Museum-Europ\u00e4ischer-Keramikkunst-710.jpg 455w\" sizes=\"(max-width: 289px) 100vw, 289px\" \/><\/a><\/p>\n<p><a href=\"http:\/\/museumek.eu\/wp-content\/uploads\/2011\/09\/Z-Meissen-Putto.jpg\"><img loading=\"lazy\" src=\"http:\/\/museumek.eu\/wp-content\/uploads\/2011\/09\/Z-Meissen-Putto-300x253.jpg\" alt=\"\" title=\"Z Meissen Putto\" width=\"300\" height=\"253\" class=\"alignnone size-medium wp-image-11161\" srcset=\"http:\/\/museumek.eu\/wp-content\/uploads\/2011\/09\/Z-Meissen-Putto-300x253.jpg 300w, http:\/\/museumek.eu\/wp-content\/uploads\/2011\/09\/Z-Meissen-Putto-354x300.jpg 354w, http:\/\/museumek.eu\/wp-content\/uploads\/2011\/09\/Z-Meissen-Putto.jpg 596w\" sizes=\"(max-width: 300px) 100vw, 300px\" \/><\/a><\/p>\n<p><a href=\"http:\/\/museumek.eu\/wp-content\/uploads\/2011\/08\/Z-Meissen-Putto-Auktionshaus-Metz.jpg\"><img loading=\"lazy\" src=\"http:\/\/museumek.eu\/wp-content\/uploads\/2011\/08\/Z-Meissen-Putto-Auktionshaus-Metz-300x95.jpg\" alt=\"\" title=\"Z Meissen Putto Auktionshaus Metz\" width=\"300\" height=\"95\" class=\"alignnone size-medium wp-image-14018\" srcset=\"http:\/\/museumek.eu\/wp-content\/uploads\/2011\/08\/Z-Meissen-Putto-Auktionshaus-Metz-300x95.jpg 300w, http:\/\/museumek.eu\/wp-content\/uploads\/2011\/08\/Z-Meissen-Putto-Auktionshaus-Metz-500x159.jpg 500w, http:\/\/museumek.eu\/wp-content\/uploads\/2011\/08\/Z-Meissen-Putto-Auktionshaus-Metz.jpg 592w\" sizes=\"(max-width: 300px) 100vw, 300px\" \/><\/a><\/p>\n<p><strong>Abteilung Deutschland, Keramik 1860 \u2013 1960, Inventarnummer D\/XVI\/2<\/strong><\/p>\n<p>K\u00f6niglich-Polnische und Churf\u00fcrstlich-S\u00e4chsische Porcelain-Fabrique Meissen u. Nachf. Churf\u00fcrstliche Porcelain-Fabrique Meissen u. Nachf. K\u00f6niglich-S\u00e4chsische Porzellan-Manufactur Meissen u. Nachf. Staatliche Porzellan-Manufaktur Meissen, Deutschland, Meissen, 1903 &#8211; 1905, Teller, K\u00fcnstler Richard Riemerschmid, Werks.-Nr. ohne, Exemplar Nr. ohne, gemarkt Firmenmarke gekreuzte Schwerter mit knopff\u00f6rmigen Kn\u00e4ufen (Knaufzeit: 1850 oder 1860 bis 1924) blau unter Glasur gemalt, 52 blau unter Glasur gemalt, 28 (?) sowie nicht lesbares Zeichen gepresst, zwei Schleifstriche (2. Wahl), nicht signiert, Literatur: J. G. Th. Graesse und E. Jaennicke, F\u00fchrer f\u00fcr Sammler von Porzellan und Fayence, Steinzeug, Steingut usw., Seite 482, Marke Nr. 111 identisch, dort g\u00fcltig f\u00fcr die Zeit von 1860 bis 1924, weitere Literatur: Johannes Just, Meissner Jugendstilporzellan, Abbildung 93, identischer Teller, dort beschrieben: Form- und Dekorentwurf Richard Riemerschmid sowie Seite 151, dort der Ursprungsentwurf von Riemerschmid abgebildet, weitere Literatur: Karl H. Br\u00f6han und Dieter H\u00f6germann, Bestandskatalog Bd. V. 2 des Br\u00f6han Museums, Porzellan, Kunst und Design 1889 bis 1939, Vom Jugendstil zum Funktionalismus, Seite 41, Abbildung des identischen Tellers, K\u00fcnstler Richard Riemerschmid, weitere Literatur: Robert E. R\u00f6ntgen, Deutsche Porzellanmarken von 1710 bis heute (Ausgabe Jahr 2000), Seiten 228\/229, Marken Nr. 1757 bis 1769, 12 verschieden gemalte Schwerter mit K\u00e4ufen, dort g\u00fcltig f\u00fcr die Zeit von 1850 bis 1924, die erste europ\u00e4ische Porzellanfabrik wurde per Dekret vom 23.01.1710 von Kurf\u00fcrst Friedrich August I. von Sachsen und gleichzeitig August II. K\u00f6nig von Polen in Dresden gegr\u00fcndet, nachdem Friedrich B\u00f6ttcher f\u00fcr diesen das Hartporzellan erfunden hatte, am 06.06.1710 wurde die Albrechtsburg in Meissen als Produktionsst\u00e4tte in Betrieb genommen, Firmierung K\u00f6niglich-Polnische und Churf\u00fcrstlich-S\u00e4chsische Porcelain-Fabrique Meissen, der Sohn von Kurf\u00fcrst Friedrich August I, Kurf\u00fcrst Friedrich August II. zugleich K\u00f6nig August III. von Polen, f\u00fchrte die Manufaktur fort, als die s\u00e4chsischen Kurf\u00fcrsten die polnische Krone verlieren, musste die Manufaktur 1763 umbenannt werden, Firmierung ab da, Churf\u00fcrstliche Porcelain-Fabrique Meissen, 1806 wurde Sachsen durch Napoleon zum K\u00f6nigreich erhoben, Firmierung ab da, K\u00f6niglich-S\u00e4chsische Porzellan-Manufactur, seit 1831 ist die Manufaktur im Eigentum des Staates Sachsen, als der letzte Sachsenk\u00f6nig 1919 abdankt, \u00e4ndert sich die Firmierung in Staatliche Porzellan-Manufaktur Meissen, 1946 beschlagnahmt die Sowjetunion die Manufaktur, Firmierung Porzellanmanufaktur Meissen, Betrieb der SAG \u201eZement\u201c, 1950 wird die Manufaktur an die DDR verkauft, Firmierung VEB Staatliche Porzellan Manufaktur Meissen, die Manufaktur besteht heute noch, Ausf\u00fchrung mit blauer Unterglasurmalerei, Durchmesser 22 cm<\/p>\n<p><a href=\"http:\/\/museumek.eu\/?attachment_id=23168\" rel=\"attachment wp-att-23168\"><img loading=\"lazy\" src=\"http:\/\/museumek.eu\/wp-content\/uploads\/2013\/06\/025-300x279.jpg\" alt=\"\" title=\"025\" width=\"300\" height=\"279\" class=\"alignnone size-medium wp-image-23168\" srcset=\"http:\/\/museumek.eu\/wp-content\/uploads\/2013\/06\/025-300x279.jpg 300w, http:\/\/museumek.eu\/wp-content\/uploads\/2013\/06\/025-150x139.jpg 150w, http:\/\/museumek.eu\/wp-content\/uploads\/2013\/06\/025-322x300.jpg 322w, http:\/\/museumek.eu\/wp-content\/uploads\/2013\/06\/025.jpg 645w\" sizes=\"(max-width: 300px) 100vw, 300px\" \/><\/a><\/p>\n<p><a href=\"http:\/\/museumek.eu\/?attachment_id=23169\" rel=\"attachment wp-att-23169\"><img loading=\"lazy\" src=\"http:\/\/museumek.eu\/wp-content\/uploads\/2013\/06\/026-300x242.jpg\" alt=\"\" title=\"026\" width=\"300\" height=\"242\" class=\"alignnone size-medium wp-image-23169\" srcset=\"http:\/\/museumek.eu\/wp-content\/uploads\/2013\/06\/026-300x242.jpg 300w, http:\/\/museumek.eu\/wp-content\/uploads\/2013\/06\/026-150x121.jpg 150w, http:\/\/museumek.eu\/wp-content\/uploads\/2013\/06\/026-370x300.jpg 370w, http:\/\/museumek.eu\/wp-content\/uploads\/2013\/06\/026.jpg 741w\" sizes=\"(max-width: 300px) 100vw, 300px\" \/><\/a><\/p>\n<p><a href=\"http:\/\/museumek.eu\/?attachment_id=23170\" rel=\"attachment wp-att-23170\"><img loading=\"lazy\" src=\"http:\/\/museumek.eu\/wp-content\/uploads\/2013\/06\/027-300x276.jpg\" alt=\"\" title=\"027\" width=\"300\" height=\"276\" class=\"alignnone size-medium wp-image-23170\" srcset=\"http:\/\/museumek.eu\/wp-content\/uploads\/2013\/06\/027-300x276.jpg 300w, http:\/\/museumek.eu\/wp-content\/uploads\/2013\/06\/027-150x138.jpg 150w, http:\/\/museumek.eu\/wp-content\/uploads\/2013\/06\/027-325x300.jpg 325w, http:\/\/museumek.eu\/wp-content\/uploads\/2013\/06\/027.jpg 651w\" sizes=\"(max-width: 300px) 100vw, 300px\" \/><\/a><\/p>\n<p><strong>Abteilung Deutschland, Keramik 1860 \u2013 1960, Inventarnummer D\/XVI\/3<\/strong><\/p>\n<p>K\u00f6niglich-Polnische und Churf\u00fcrstlich-S\u00e4chsische Porcelain-Fabrique Meissen u. Nachf. Churf\u00fcrstliche Porcelain-Fabrique Meissen u. Nachf. K\u00f6niglich-S\u00e4chsische Porzellan-Manufactur Meissen u. Nachf. Staatliche Porzellan-Manufaktur Meissen, Deutschland, Meissen, 1924 &#8211; 1934, Teller mit Dekor \u201eRote Rose\u201c, K\u00fcnstler unbekannt, Werks.-Nr. ohne, Exemplar Nr. ohne, gemarkt Firmenmarke gekreuzte Schwerter mit einem Punkt oben zwischen den Schwerten (Anm. MEK: Marke g\u00fcltig f\u00fcr die Zeit 1924 bis 1934, sogenannte Pfeifferzeit, nach Direktor Pfeiffer) blau unter Glasur gemalt, zwei Schleifstriche (2. Wahl), 58 (?) und weitere nicht lesbare Zeichen gepresst, nicht signiert, Literatur: J. G. Th. Graesse und E. Jaennicke, F\u00fchrer f\u00fcr Sammler von Porzellan und Fayence, Steinzeug, Steingut usw., Seite 482, Marke Nr. 112 identisch, dort g\u00fcltig f\u00fcr die Zeit von 1924 bis 1934, weitere Literatur: Robert E. R\u00f6ntgen, Deutsche Porzellanmarken von 1710 bis heute (Ausgabe Jahr 2000), Seite 230, Marke Nr. 1772 identisch, dort g\u00fcltig f\u00fcr die Zeit von 1924 bis 1934, weitere Literatur: Gustav Wei\u00df, Ullstein Porzellanbuch, Seite 220, Marke dort abgebildet, dort g\u00fcltig f\u00fcr die Zeit von 1924 bis 1934, die erste europ\u00e4ische Porzellanfabrik wurde per Dekret vom 23.01.1710 von Kurf\u00fcrst Friedrich August I. von Sachsen und gleichzeitig August II. K\u00f6nig von Polen in Dresden gegr\u00fcndet, nachdem Friedrich B\u00f6ttcher f\u00fcr diesen das Hartporzellan erfunden hatte, am 06.06.1710 wurde die Albrechtsburg in Meissen als Produktionsst\u00e4tte in Betrieb genommen, Firmierung K\u00f6niglich-Polnische und Churf\u00fcrstlich-S\u00e4chsische Porcelain-Fabrique Meissen, der Sohn von Kurf\u00fcrst Friedrich August I, Kurf\u00fcrst Friedrich August II. zugleich K\u00f6nig August III. von Polen, f\u00fchrte die Manufaktur fort, als die s\u00e4chsischen Kurf\u00fcrsten die polnische Krone verlieren, musste die Manufaktur 1763 umbenannt werden, Firmierung ab da, Churf\u00fcrstliche Porcelain-Fabrique Meissen, 1806 wurde Sachsen durch Napoleon zum K\u00f6nigreich erhoben, Firmierung ab da, K\u00f6niglich-S\u00e4chsische Porzellan-Manufactur, seit 1831 ist die Manufaktur im Eigentum des Staates Sachsen, als der letzte Sachsenk\u00f6nig 1919 abdankt, \u00e4ndert sich die Firmierung in Staatliche Porzellan-Manufaktur Meissen, 1946 beschlagnahmt die Sowjetunion die Manufaktur, Firmierung Porzellanmanufaktur Meissen, Betrieb der SAG \u201eZement\u201c, 1950 wird die Manufaktur an die DDR verkauft, Firmierung VEB Staatliche Porzellan Manufaktur Meissen, die Manufaktur besteht heute noch, Durchmesser 17 cm<\/p>\n<p><a href=\"http:\/\/museumek.eu\/?attachment_id=43568\" rel=\"attachment wp-att-43568\"><img loading=\"lazy\" src=\"http:\/\/museumek.eu\/wp-content\/uploads\/2015\/08\/4351-300x296.jpg\" alt=\"\" title=\"4351\" width=\"300\" height=\"296\" class=\"alignnone size-medium wp-image-43568\" srcset=\"http:\/\/museumek.eu\/wp-content\/uploads\/2015\/08\/4351-300x296.jpg 300w, http:\/\/museumek.eu\/wp-content\/uploads\/2015\/08\/4351-150x148.jpg 150w, http:\/\/museumek.eu\/wp-content\/uploads\/2015\/08\/4351-304x300.jpg 304w, http:\/\/museumek.eu\/wp-content\/uploads\/2015\/08\/4351.jpg 608w\" sizes=\"(max-width: 300px) 100vw, 300px\" \/><\/a><\/p>\n<p><a href=\"http:\/\/museumek.eu\/?attachment_id=43569\" rel=\"attachment wp-att-43569\"><img loading=\"lazy\" src=\"http:\/\/museumek.eu\/wp-content\/uploads\/2015\/08\/4352-300x293.jpg\" alt=\"\" title=\"4352\" width=\"300\" height=\"293\" class=\"alignnone size-medium wp-image-43569\" srcset=\"http:\/\/museumek.eu\/wp-content\/uploads\/2015\/08\/4352-300x293.jpg 300w, http:\/\/museumek.eu\/wp-content\/uploads\/2015\/08\/4352-150x146.jpg 150w, http:\/\/museumek.eu\/wp-content\/uploads\/2015\/08\/4352-306x300.jpg 306w, http:\/\/museumek.eu\/wp-content\/uploads\/2015\/08\/4352.jpg 613w\" sizes=\"(max-width: 300px) 100vw, 300px\" \/><\/a><\/p>\n<p><a href=\"http:\/\/museumek.eu\/?attachment_id=43570\" rel=\"attachment wp-att-43570\"><img loading=\"lazy\" src=\"http:\/\/museumek.eu\/wp-content\/uploads\/2015\/08\/4353-183x300.jpg\" alt=\"\" title=\"4353\" width=\"183\" height=\"300\" class=\"alignnone size-medium wp-image-43570\" srcset=\"http:\/\/museumek.eu\/wp-content\/uploads\/2015\/08\/4353-183x300.jpg 183w, http:\/\/museumek.eu\/wp-content\/uploads\/2015\/08\/4353-91x150.jpg 91w, http:\/\/museumek.eu\/wp-content\/uploads\/2015\/08\/4353.jpg 245w\" sizes=\"(max-width: 183px) 100vw, 183px\" \/><\/a><\/p>\n<p><a href=\"http:\/\/museumek.eu\/?attachment_id=43576\" rel=\"attachment wp-att-43576\"><img loading=\"lazy\" src=\"http:\/\/museumek.eu\/wp-content\/uploads\/2015\/08\/43541.jpg\" alt=\"\" title=\"4354\" width=\"276\" height=\"169\" class=\"alignnone size-full wp-image-43576\" srcset=\"http:\/\/museumek.eu\/wp-content\/uploads\/2015\/08\/43541.jpg 276w, http:\/\/museumek.eu\/wp-content\/uploads\/2015\/08\/43541-150x91.jpg 150w\" sizes=\"(max-width: 276px) 100vw, 276px\" \/><\/a><\/p>\n<p><strong>Abteilung Deutschland, Keramik 1860 \u2013 1960, Inventarnummer D\/XVI\/4<\/strong><\/p>\n<p>K\u00f6niglich-Polnische und Churf\u00fcrstlich-S\u00e4chsische Porcelain-Fabrique Meissen u. Nachf. Churf\u00fcrstliche Porcelain-Fabrique Meissen u. Nachf. K\u00f6niglich-S\u00e4chsische Porzellan-Manufactur Meissen u. Nachf. Staatliche Porzellan-Manufaktur Meissen, Deutschland, Meissen, 1935, Teller, K\u00fcnstler unbekannt, Werks.-Nr. ohne, Exemplar Nr. ohne, gemarkt Firmenmarke gekreuzte Schwerter, links daneben 1710, rechts daneben 1935 (Anm. MEK: Jubil\u00e4umsmarke zum 225. Jahr des Bestehens der Manufaktur, diese Sondermarke ist in der g\u00e4ngigen Fachliteratur nicht verzeichnet, Fabrikate mit dieser Marke sind \u00e4u\u00dferst selten) blauer Stempel unter Glasur, 59 (?), B, 166 sowie zwei Punkte gepresst, nicht signiert, die erste europ\u00e4ische Porzellanfabrik wurde per Dekret vom 23.01.1710 in Dresden von Kurf\u00fcrst Friedrich August I. von Sachsen und gleichzeitig August II. K\u00f6nig von Polen gegr\u00fcndet, nachdem Friedrich B\u00f6ttcher f\u00fcr diesen das Hartporzellan erfunden hatte, am 06.06.1710 wurde die Albrechtsburg in Meissen als Produktionsst\u00e4tte in Betrieb genommen, Firmierung K\u00f6niglich-Polnische und Churf\u00fcrstlich-S\u00e4chsische Porcelain-Fabrique Meissen, der Sohn von Kurf\u00fcrst Friedrich August I, Kurf\u00fcrst Friedrich August II. zugleich K\u00f6nig August III. von Polen, f\u00fchrte die Manufaktur fort, als die s\u00e4chsischen Kurf\u00fcrsten die polnische Krone verlieren, musste die Manufaktur 1763 umbenannt werden, Firmierung ab da, Churf\u00fcrstliche Porcelain-Fabrique Meissen, 1806 wurde Sachsen durch Napoleon zum K\u00f6nigreich erhoben, Firmierung ab da, K\u00f6niglich-S\u00e4chsische Porzellan-Manufactur, seit 1831 ist die Manufaktur im Eigentum des Staates Sachsen, als der letzte Sachsenk\u00f6nig 1919 abdankt, \u00e4ndert sich die Firmierung in Staatliche Porzellan-Manufaktur Meissen, 1946 beschlagnahmt die Sowjetunion die Manufaktur, Firmierung Porzellanmanufaktur Meissen, Betrieb der SAG \u201eZement\u201c, 1950 wird die Manufaktur an die DDR verkauft, Firmierung VEB Staatliche Porzellan Manufaktur Meissen, die Manufaktur besteht heute noch, Malerei in kobaltblau mit Gold, Durchmesser 16 cm<\/p>\n<p><a href=\"http:\/\/museumek.eu\/?attachment_id=43583\" rel=\"attachment wp-att-43583\"><img loading=\"lazy\" src=\"http:\/\/museumek.eu\/wp-content\/uploads\/2015\/08\/4195-300x300.jpg\" alt=\"\" title=\"4195\" width=\"300\" height=\"300\" class=\"alignnone size-medium wp-image-43583\" srcset=\"http:\/\/museumek.eu\/wp-content\/uploads\/2015\/08\/4195-300x300.jpg 300w, http:\/\/museumek.eu\/wp-content\/uploads\/2015\/08\/4195-150x150.jpg 150w, http:\/\/museumek.eu\/wp-content\/uploads\/2015\/08\/4195-299x300.jpg 299w, http:\/\/museumek.eu\/wp-content\/uploads\/2015\/08\/4195.jpg 600w\" sizes=\"(max-width: 300px) 100vw, 300px\" \/><\/a><\/p>\n<p><a href=\"http:\/\/museumek.eu\/?attachment_id=43584\" rel=\"attachment wp-att-43584\"><img loading=\"lazy\" src=\"http:\/\/museumek.eu\/wp-content\/uploads\/2015\/08\/4197-300x188.jpg\" alt=\"\" title=\"4197\" width=\"300\" height=\"188\" class=\"alignnone size-medium wp-image-43584\" srcset=\"http:\/\/museumek.eu\/wp-content\/uploads\/2015\/08\/4197-300x188.jpg 300w, http:\/\/museumek.eu\/wp-content\/uploads\/2015\/08\/4197-150x94.jpg 150w, http:\/\/museumek.eu\/wp-content\/uploads\/2015\/08\/4197-477x300.jpg 477w, http:\/\/museumek.eu\/wp-content\/uploads\/2015\/08\/4197.jpg 800w\" sizes=\"(max-width: 300px) 100vw, 300px\" \/><\/a><\/p>\n<p><a href=\"http:\/\/museumek.eu\/?attachment_id=43585\" rel=\"attachment wp-att-43585\"><img loading=\"lazy\" src=\"http:\/\/museumek.eu\/wp-content\/uploads\/2015\/08\/4196-300x300.jpg\" alt=\"\" title=\"4196\" width=\"300\" height=\"300\" class=\"alignnone size-medium wp-image-43585\" srcset=\"http:\/\/museumek.eu\/wp-content\/uploads\/2015\/08\/4196-300x300.jpg 300w, http:\/\/museumek.eu\/wp-content\/uploads\/2015\/08\/4196-150x150.jpg 150w, http:\/\/museumek.eu\/wp-content\/uploads\/2015\/08\/4196-299x300.jpg 299w, http:\/\/museumek.eu\/wp-content\/uploads\/2015\/08\/4196.jpg 600w\" sizes=\"(max-width: 300px) 100vw, 300px\" \/><\/a><\/p>\n<p><a href=\"http:\/\/museumek.eu\/?attachment_id=43586\" rel=\"attachment wp-att-43586\"><img loading=\"lazy\" src=\"http:\/\/museumek.eu\/wp-content\/uploads\/2015\/08\/4198-134x300.jpg\" alt=\"\" title=\"4198\" width=\"134\" height=\"300\" class=\"alignnone size-medium wp-image-43586\" srcset=\"http:\/\/museumek.eu\/wp-content\/uploads\/2015\/08\/4198-134x300.jpg 134w, http:\/\/museumek.eu\/wp-content\/uploads\/2015\/08\/4198-67x150.jpg 67w, http:\/\/museumek.eu\/wp-content\/uploads\/2015\/08\/4198.jpg 358w\" sizes=\"(max-width: 134px) 100vw, 134px\" \/><\/a><\/p>\n<p><a href=\"http:\/\/museumek.eu\/?attachment_id=43587\" rel=\"attachment wp-att-43587\"><img loading=\"lazy\" src=\"http:\/\/museumek.eu\/wp-content\/uploads\/2015\/08\/4200-136x300.jpg\" alt=\"\" title=\"4200\" width=\"136\" height=\"300\" class=\"alignnone size-medium wp-image-43587\" srcset=\"http:\/\/museumek.eu\/wp-content\/uploads\/2015\/08\/4200-136x300.jpg 136w, http:\/\/museumek.eu\/wp-content\/uploads\/2015\/08\/4200-68x150.jpg 68w, http:\/\/museumek.eu\/wp-content\/uploads\/2015\/08\/4200.jpg 320w\" sizes=\"(max-width: 136px) 100vw, 136px\" \/><\/a><\/p>\n","protected":false},"excerpt":{"rendered":"<p>Abteilung Deutschland, Keramik 1860 \u2013 1960, Inventarnummer D\/XVI\/1 K\u00f6niglich-Polnische und Churf\u00fcrstlich-S\u00e4chsische Porcelain-Fabrique Meissen u. Nachf. Churf\u00fcrstliche Porcelain-Fabrique Meissen u. Nachf. K\u00f6niglich-S\u00e4chsische Porzellan-Manufactur Meissen u. Nachf. Staatliche Porzellan-Manufaktur Meissen, Deutschland, Meissen, um 1900, Figur \u201eDer Fr\u00fchling\u201c, K\u00fcnstler Johann Joachim Kaendler (Entwurf &hellip; <a href=\"http:\/\/museumek.eu\/?page_id=4955\">Weiterlesen <span class=\"meta-nav\">&rarr;<\/span><\/a><\/p>\n","protected":false},"author":1,"featured_media":0,"parent":2751,"menu_order":0,"comment_status":"closed","ping_status":"closed","template":"","meta":[],"_links":{"self":[{"href":"http:\/\/museumek.eu\/index.php?rest_route=\/wp\/v2\/pages\/4955"}],"collection":[{"href":"http:\/\/museumek.eu\/index.php?rest_route=\/wp\/v2\/pages"}],"about":[{"href":"http:\/\/museumek.eu\/index.php?rest_route=\/wp\/v2\/types\/page"}],"author":[{"embeddable":true,"href":"http:\/\/museumek.eu\/index.php?rest_route=\/wp\/v2\/users\/1"}],"replies":[{"embeddable":true,"href":"http:\/\/museumek.eu\/index.php?rest_route=%2Fwp%2Fv2%2Fcomments&post=4955"}],"version-history":[{"count":21,"href":"http:\/\/museumek.eu\/index.php?rest_route=\/wp\/v2\/pages\/4955\/revisions"}],"predecessor-version":[{"id":43625,"href":"http:\/\/museumek.eu\/index.php?rest_route=\/wp\/v2\/pages\/4955\/revisions\/43625"}],"up":[{"embeddable":true,"href":"http:\/\/museumek.eu\/index.php?rest_route=\/wp\/v2\/pages\/2751"}],"wp:attachment":[{"href":"http:\/\/museumek.eu\/index.php?rest_route=%2Fwp%2Fv2%2Fmedia&parent=4955"}],"curies":[{"name":"wp","href":"https:\/\/api.w.org\/{rel}","templated":true}]}}