{"id":4958,"date":"2011-09-24T21:01:17","date_gmt":"2011-09-24T19:01:17","guid":{"rendered":"http:\/\/museumek.eu\/?page_id=4958"},"modified":"2013-06-02T18:23:13","modified_gmt":"2013-06-02T16:23:13","slug":"fotos-und-beschreibung","status":"publish","type":"page","link":"http:\/\/museumek.eu\/?page_id=4958","title":{"rendered":"Fotos und Beschreibung"},"content":{"rendered":"<p><strong>Abteilung Austria\/Ungarn\/B\u00f6hmen, Keramik 1860 \u2013 1960, Inventarnummer A\/XX\/1<\/strong><\/p>\n<p>K. K. privilegierte Porzellanfabrik Springer &#038; Co., B\u00f6hmen\/Austria, Elbogen\/Loket, um 1890, Schale mit Blumen, K\u00fcnstler unbekannt, Werks.-Nr. ohne, Exemplar Nr. ohne, gemarkt Firmenmarke mit einem L\u00f6wen, der den Stadtschl\u00fcssel h\u00e4lt \u00fcber Ritterarm mit Schwert in einer Wappenkartusche (beides Bestandteile des Stadtwappens von Elbogen) gepresst, nicht signiert, Literatur; Otto Pelka, Keramik der Neuzeit, Markentafel III, Marke 34 identisch (hier L\u00f6we statt Krone), Seite 210, Herstellerverzeichnis, Elbogen, Springer &#038; Co., 34 sowie Seite 221, Namenverzeichnis, Springer &#038; Co. M 34, weitere Literatur: Georg Wei\u00df, Ullstein Porzellanbuch, Seite 253, Marke Nr. 6 identisch (hier L\u00f6we statt Krone), weitere Literatur: Emanuel Poche, Marke Nr. 85 identisch (hier L\u00f6we statt Krone, dort gelistet als Springer &#038; Co. um 1900), weitere Literatur: J. G. Th. Graesse und E. Jaennicke, F\u00fchrer f\u00fcr Sammler von Porzellan und Fayence, Steinzeug, Steingut usw., Seite 413, Marke Nr. 5 identisch (hier L\u00f6we statt Krone, dort gelistet als f\u00fcr die Zeit 1873 \u2013 1918), die Fabrik wurde 1815 durch die Br\u00fcder Eugen und Rudolf Haidinger gegr\u00fcndet, ab 11.07.1818 erteiltes Privilegum zur Porzellanproduktion und Firmierung als Gebr\u00fcder Haidinger K. K. privilegierte Porzellanfabrik in Elbogen, bis 1872 in alleinigem Familienbesitz, ab 1873 Eigent\u00fcmerwechsel, Inhaber Erste Elbogener Porzellan- und Kohle AG Wien, 1875 Eigent\u00fcmer Elbogener Porzellan- und Kohleindustrie Gesellschaft mit den Gesellschaftern Hermann Springer, Gustav Freiherr von Springer und Alfred Springer sowie Ludwig Ritter von Oppenheim (dieser trat 1904 aus), Firmierung ab 1885 K.K. privilegierte Porzellanfabrik Springer &#038; Co., ab 01.01.1904 mit Oppenheims Austritt, tritt Ludwig Pr\u00f6scholdt als Mitinhaber ein, am 13.09.1917 tritt Gustav Freiherr von Springer aus, kurzzeitige Firmierung als K.K. privilegierte Porzellanfabrik Ludwig Pr\u00f6scholdt, mit Springers Austritt tritt die Interantionale Handelsbank \u00d6sterreichs ein, ab 01.01.1918 ist die Fabrik der \u00d6PIAG (\u00d6stereichische Porzellan-Industrie AG in Karlsbad) zugeh\u00f6rig, welche am 01.07.1920 den Namen in EPIAG (Erste b\u00f6hmische Porzellan-Industrie AG) wandelt, Marke ab da mit Zusatz EPIAG, EPIAG besteht bis 1945, danach Verstaatlichung, ab 1867 wurden von der Gesch\u00e4ftsf\u00fchrung Direktoren f\u00fcr die Fabrikleitung bestellt, z. B. Max R\u00f6\u00dfler f\u00fcr die Zeit von 1890 \u2013 1894, die Firma Rasper &#038; S\u00f6hne wurde 1832 gegr\u00fcndet und stellte mit der inzwischen erfolgten Umbenennung in Heinl &#038; Rasper, um 1887, die Niederlage der Porzellanfabrik Springer dar, die Niederlage f\u00fcr Springer bestand wohl bis 1918, Ausf\u00fchrung als Fayence,<br \/>\nDurchmesser 18,3 cm<\/p>\n<p><a href=\"http:\/\/museumek.eu\/wp-content\/uploads\/2011\/08\/Museum-Europ\u00e4ischer-Keramikkunst-Qualit\u00e4tsfotos-2551.jpg\"><img loading=\"lazy\" src=\"http:\/\/museumek.eu\/wp-content\/uploads\/2011\/08\/Museum-Europ\u00e4ischer-Keramikkunst-Qualit\u00e4tsfotos-2551-300x296.jpg\" alt=\"\" title=\"Museum Europ\u00e4ischer Keramikkunst Qualit\u00e4tsfotos 255\" width=\"300\" height=\"296\" class=\"alignnone size-medium wp-image-1361\" srcset=\"http:\/\/museumek.eu\/wp-content\/uploads\/2011\/08\/Museum-Europ\u00e4ischer-Keramikkunst-Qualit\u00e4tsfotos-2551-300x296.jpg 300w, http:\/\/museumek.eu\/wp-content\/uploads\/2011\/08\/Museum-Europ\u00e4ischer-Keramikkunst-Qualit\u00e4tsfotos-2551-304x300.jpg 304w, http:\/\/museumek.eu\/wp-content\/uploads\/2011\/08\/Museum-Europ\u00e4ischer-Keramikkunst-Qualit\u00e4tsfotos-2551.jpg 679w\" sizes=\"(max-width: 300px) 100vw, 300px\" \/><\/a><\/p>\n<p><a href=\"http:\/\/museumek.eu\/wp-content\/uploads\/2011\/08\/Elbogenmarke.jpg\"><img loading=\"lazy\" src=\"http:\/\/museumek.eu\/wp-content\/uploads\/2011\/08\/Elbogenmarke.jpg\" alt=\"\" title=\"Elbogenmarke\" width=\"219\" height=\"287\" class=\"alignnone size-full wp-image-1362\" \/><\/a><\/p>\n<p><strong>Abteilung Austria\/Ungarn\/B\u00f6hmen, Keramik 1860 \u2013 1960, Inventarnummer A\/XX\/2<\/strong><\/p>\n<p>K. K. privilegierte Porzellanfabrik Springer &#038; Co. (f\u00fcr das Porzellan) und Niederlage Heinl &#038; Raspers (f\u00fcr das Dekor), B\u00f6hmen\/Austria, Elbogen\/Loket und Wien, um 1910, Teller, K\u00fcnstler unbekannt, Werks.-Nr. ohne, Exemplar Nr. ohne, gemarkt Firmenmarke um einen Kreis Heinl &#038; Raspers Wien sowie Weihburggasse, im Kreis Meteor darunter bekr\u00f6nte Kartusche Ritterarm mit Schwert darunter Elbogen gr\u00fcner Stempel unter Glasur, nicht signiert, Literatur; Otto Pelka, Keramik der Neuzeit, Markentafel III, Marke 34 identisch mit der Elbogenmarke im Kreis, Seite 210, Herstellerverzeichnis, Elbogen, Springer &#038; Co., 34 sowie Seite 221, Namenverzeichnis, Springer &#038; Co. M 34, weitere Literatur: Georg Wei\u00df, Ullstein Porzellanbuch, Seite 253, Marke Nr. 6 identisch mit der Elbogenmarke im Kreis, weitere Literatur: Emanuel Poche, Marke Nr. 85 identisch mit der Elbogenmarke im Kreis (dort gelistet als Springer &#038; Co. um 1900), weitere Literatur: J. G. Th. Graesse und E. Jaennicke, F\u00fchrer f\u00fcr Sammler von Porzellan und Fayence, Steinzeug, Steingut usw., Seite 413, Marke Nr. 5 identisch mit de rElbogenmarke im Kreis (dort gelistet als f\u00fcr die Zeit 1873 \u2013 1918), die Fabrik wurde 1815 durch die Br\u00fcder Eugen und Rudolf Haidinger gegr\u00fcndet, ab 11.07.1818 erteiltes Privilegum zur Porzellanproduktion und Firmierung als Gebr\u00fcder Haidinger K. K. privilegierte Porzellanfabrik in Elbogen, bis 1872 in alleinigem Familienbesitz, ab 1873 Eigent\u00fcmerwechsel, Inhaber Erste Elbogener Porzellan- und Kohle AG Wien, 1875 Eigent\u00fcmer Elbogener Porzellan- und Kohleindustrie Gesellschaft mit den Gesellschaftern Hermann Springer, Gustav Freiherr von Springer und Alfred Springer sowie Ludwig Ritter von Oppenheim (dieser trat 1904 aus), Firmierung ab 1885 K.K. privilegierte Porzellanfabrik Springer &#038; Co., ab 01.01.1904 mit Oppenheims Austritt, tritt Ludwig Pr\u00f6scholdt als Mitinhaber ein, am 13.09.1917 tritt Gustav Freiherr von Springer aus, kurzzeitige Firmierung als K.K. privilegierte Porzellanfabrik Ludwig Pr\u00f6scholdt, mit Springers Austritt tritt die Interantionale Handelsbank \u00d6sterreichs ein, ab 01.01.1918 ist die Fabrik der \u00d6PIAG (\u00d6stereichische Porzellan-Industrie AG in Karlsbad) zugeh\u00f6rig, welche am 01.07.1920 den Namen in EPIAG (Erste b\u00f6hmische Porzellan-Industrie AG) wandelt, Marke ab da mit Zusatz EPIAG, EPIAG besteht bis 1945, danach Verstaatlichung, ab 1867 wurden von der Gesch\u00e4ftsf\u00fchrung Direktoren f\u00fcr die Fabrikleitung bestellt, z. B. Max R\u00f6\u00dfler f\u00fcr die Zeit von 1890 \u2013 1894 oder Rudolf Wesely f\u00fcr die Zeit 1908 \u2013 1921, in der Zeit des Direktors Wesely erfolgte die Produktbenennung eines der produzierten Porzellane mit \u201eMeteor\u201c, womit sich die Produktionszeit des MEK Exemplares eingrenzt, die Firma Rasper &#038; S\u00f6hne wurde 1832 gegr\u00fcndet und stellte mit der inzwischen erfolgten Umbenennung in Heinl &#038; Rasper, um 1887, die Niederlage der Porzellanfabrik Springer dar, die Niederlage f\u00fcr Springer bestand wohl bis 1918, Ausf\u00fchrung als Fayence, Durchmesser 20,5 cm<\/p>\n<p><a href=\"http:\/\/museumek.eu\/?attachment_id=23210\" rel=\"attachment wp-att-23210\"><img loading=\"lazy\" src=\"http:\/\/museumek.eu\/wp-content\/uploads\/2013\/06\/Museum-Europ\u00e4ischer-Keramikkunst-2192-300x300.jpg\" alt=\"\" title=\"Museum Europ\u00e4ischer Keramikkunst 2192\" width=\"300\" height=\"300\" class=\"alignnone size-medium wp-image-23210\" srcset=\"http:\/\/museumek.eu\/wp-content\/uploads\/2013\/06\/Museum-Europ\u00e4ischer-Keramikkunst-2192-300x300.jpg 300w, http:\/\/museumek.eu\/wp-content\/uploads\/2013\/06\/Museum-Europ\u00e4ischer-Keramikkunst-2192-150x150.jpg 150w, http:\/\/museumek.eu\/wp-content\/uploads\/2013\/06\/Museum-Europ\u00e4ischer-Keramikkunst-2192.jpg 707w\" sizes=\"(max-width: 300px) 100vw, 300px\" \/><\/a><\/p>\n<p><a href=\"http:\/\/museumek.eu\/?attachment_id=23211\" rel=\"attachment wp-att-23211\"><img loading=\"lazy\" src=\"http:\/\/museumek.eu\/wp-content\/uploads\/2013\/06\/Museum-Europ\u00e4ischer-Keramikkunst-2193-300x283.jpg\" alt=\"\" title=\"Museum Europ\u00e4ischer Keramikkunst 2193\" width=\"300\" height=\"283\" class=\"alignnone size-medium wp-image-23211\" srcset=\"http:\/\/museumek.eu\/wp-content\/uploads\/2013\/06\/Museum-Europ\u00e4ischer-Keramikkunst-2193-300x283.jpg 300w, http:\/\/museumek.eu\/wp-content\/uploads\/2013\/06\/Museum-Europ\u00e4ischer-Keramikkunst-2193-150x141.jpg 150w, http:\/\/museumek.eu\/wp-content\/uploads\/2013\/06\/Museum-Europ\u00e4ischer-Keramikkunst-2193-317x300.jpg 317w, http:\/\/museumek.eu\/wp-content\/uploads\/2013\/06\/Museum-Europ\u00e4ischer-Keramikkunst-2193.jpg 377w\" sizes=\"(max-width: 300px) 100vw, 300px\" \/><\/a><\/p>\n","protected":false},"excerpt":{"rendered":"<p>Abteilung Austria\/Ungarn\/B\u00f6hmen, Keramik 1860 \u2013 1960, Inventarnummer A\/XX\/1 K. K. privilegierte Porzellanfabrik Springer &#038; Co., B\u00f6hmen\/Austria, Elbogen\/Loket, um 1890, Schale mit Blumen, K\u00fcnstler unbekannt, Werks.-Nr. ohne, Exemplar Nr. ohne, gemarkt Firmenmarke mit einem L\u00f6wen, der den Stadtschl\u00fcssel h\u00e4lt \u00fcber Ritterarm &hellip; <a href=\"http:\/\/museumek.eu\/?page_id=4958\">Weiterlesen <span class=\"meta-nav\">&rarr;<\/span><\/a><\/p>\n","protected":false},"author":1,"featured_media":0,"parent":2758,"menu_order":0,"comment_status":"closed","ping_status":"closed","template":"","meta":[],"_links":{"self":[{"href":"http:\/\/museumek.eu\/index.php?rest_route=\/wp\/v2\/pages\/4958"}],"collection":[{"href":"http:\/\/museumek.eu\/index.php?rest_route=\/wp\/v2\/pages"}],"about":[{"href":"http:\/\/museumek.eu\/index.php?rest_route=\/wp\/v2\/types\/page"}],"author":[{"embeddable":true,"href":"http:\/\/museumek.eu\/index.php?rest_route=\/wp\/v2\/users\/1"}],"replies":[{"embeddable":true,"href":"http:\/\/museumek.eu\/index.php?rest_route=%2Fwp%2Fv2%2Fcomments&post=4958"}],"version-history":[{"count":11,"href":"http:\/\/museumek.eu\/index.php?rest_route=\/wp\/v2\/pages\/4958\/revisions"}],"predecessor-version":[{"id":59477,"href":"http:\/\/museumek.eu\/index.php?rest_route=\/wp\/v2\/pages\/4958\/revisions\/59477"}],"up":[{"embeddable":true,"href":"http:\/\/museumek.eu\/index.php?rest_route=\/wp\/v2\/pages\/2758"}],"wp:attachment":[{"href":"http:\/\/museumek.eu\/index.php?rest_route=%2Fwp%2Fv2%2Fmedia&parent=4958"}],"curies":[{"name":"wp","href":"https:\/\/api.w.org\/{rel}","templated":true}]}}