{"id":4961,"date":"2011-09-24T21:01:56","date_gmt":"2011-09-24T19:01:56","guid":{"rendered":"http:\/\/museumek.eu\/?page_id=4961"},"modified":"2013-04-16T21:10:22","modified_gmt":"2013-04-16T19:10:22","slug":"fotos-und-beschreibung","status":"publish","type":"page","link":"http:\/\/museumek.eu\/?page_id=4961","title":{"rendered":"Fotos und Beschreibung"},"content":{"rendered":"<p><strong>Abteilung Austria\/Ungarn\/B\u00f6hmen, Keramik 1860 \u2013 1960, Inventarnummer A\/V\/1<\/strong><\/p>\n<p>Manufaktur Kunstkeramische Fabrik A. F\u00f6rster und Kunstkeramische Fabrik A. F\u00f6rster &#038; Co., Austria, Wien, 1906\/1907, Figur Mozart, K\u00fcnstler Ferdinand Doblinger, Werks.-Nr. 9157, Exemplar Nr. ohne, gemarkt Fabrikmarke Biene im Kreis brauner Stempel, F\u00f6rster\/Wien braun gemalt, 9157 gepresst, nicht signiert, Literatur: Waltraud Neuwirth, Wiener Keramik, Seite 129, Nachweis, dass die Figur von Ferdinand Dobliger entworfen worden ist, Seite 145, Manufakturbeschreibung, sowie Seite 471, Marke Nr. 109 identisch, Ausf\u00fchrung als Biskuitporzellan, die Kunstkeramische Fabrik A. F\u00f6rster wurde 1899 gegr\u00fcndet, Inhaber Alexander F\u00f6rster, sie wurde 1905 in Kunstkeramische Fabrik A. F\u00f6rster &#038; Co. umbenannt, Inhaber Alexander F\u00f6rster und Rudolf Schaller, 1908 wurde die Firma liquidiert und von der Wiener Kunstkeramische Werkst\u00e4tte Busch und Ludescher, WKKW (beide vorher Mitarbeiter bei F\u00f6rster, die 1908 die WKKW gr\u00fcndeten), \u00fcbernommen, H\u00f6he 31 cm, Breite 11 cm<\/p>\n<p><a href=\"http:\/\/museumek.eu\/wp-content\/uploads\/2011\/08\/Museum-Europ\u00e4ischer-Keramikkunst-Qualit\u00e4tsfotos-139.jpg\"><img loading=\"lazy\" src=\"http:\/\/museumek.eu\/wp-content\/uploads\/2011\/08\/Museum-Europ\u00e4ischer-Keramikkunst-Qualit\u00e4tsfotos-139-105x300.jpg\" alt=\"\" title=\"Museum Europ\u00e4ischer Keramikkunst Qualit\u00e4tsfotos 139\" width=\"105\" height=\"300\" class=\"alignnone size-medium wp-image-768\" srcset=\"http:\/\/museumek.eu\/wp-content\/uploads\/2011\/08\/Museum-Europ\u00e4ischer-Keramikkunst-Qualit\u00e4tsfotos-139-105x300.jpg 105w, http:\/\/museumek.eu\/wp-content\/uploads\/2011\/08\/Museum-Europ\u00e4ischer-Keramikkunst-Qualit\u00e4tsfotos-139.jpg 340w\" sizes=\"(max-width: 105px) 100vw, 105px\" \/><\/a><\/p>\n<p><a href=\"http:\/\/museumek.eu\/wp-content\/uploads\/2011\/08\/Museum-Europ\u00e4ischer-Keramikkunst-248.jpg\"><img loading=\"lazy\" src=\"http:\/\/museumek.eu\/wp-content\/uploads\/2011\/08\/Museum-Europ\u00e4ischer-Keramikkunst-248-300x187.jpg\" alt=\"\" title=\"Museum Europ\u00e4ischer Keramikkunst 248\" width=\"300\" height=\"187\" class=\"alignnone size-medium wp-image-769\" srcset=\"http:\/\/museumek.eu\/wp-content\/uploads\/2011\/08\/Museum-Europ\u00e4ischer-Keramikkunst-248-300x187.jpg 300w, http:\/\/museumek.eu\/wp-content\/uploads\/2011\/08\/Museum-Europ\u00e4ischer-Keramikkunst-248-480x300.jpg 480w, http:\/\/museumek.eu\/wp-content\/uploads\/2011\/08\/Museum-Europ\u00e4ischer-Keramikkunst-248.jpg 872w\" sizes=\"(max-width: 300px) 100vw, 300px\" \/><\/a><\/p>\n<p><strong>Abteilung Austria\/Ungarn\/B\u00f6hmen, Keramik 1860 \u2013 1960, Inventarnummer A\/V\/2<\/strong><\/p>\n<p>Manufaktur Kunstkeramische Fabrik A. F\u00f6rster und Kunstkeramische Fabrik A. F\u00f6rster &#038; Co., Austria, Wien, um 1905, Figur Schnitter, K\u00fcnstler unbekannt, Werks.-Nr. 9279, Exemplar Nr. ohne, gemarkt Firmenmarke Biene im Kreis brauner Stempel, 9279 gepresst, nicht signiert, Literatur: Waltraud Neuwirth, Wiener Keramik, Seite 145, Manufakturbeschreibung sowie Seite 471, Marke Nr. 109 identisch, Ausf\u00fchrung als Fayence, die Kunstkeramische Fabrik A. F\u00f6rster wurde 1899 gegr\u00fcndet, Inhaber Alexander F\u00f6rster, sie wurde 1905 in Kunstkeramische Fabrik A. F\u00f6rster &#038; Co. umbenannt, Inhaber Alexander F\u00f6rster und Rudolf Schaller, 1908 wurde die Firma liquidiert und von der Wiener Kunstkeramische Werkst\u00e4tte Busch und Ludescher, WKKW (beide vorher Mitarbeiter bei F\u00f6rster, die 1908 die WKKW gr\u00fcndeten), \u00fcbernommen,<br \/>\nH\u00f6he 31,5 cm, Breite 32,5 cm<\/p>\n<p><a href=\"http:\/\/museumek.eu\/wp-content\/uploads\/2011\/08\/Museum-Europ\u00e4ischer-Keramikkunst-Qualit\u00e4tsfotos-141.jpg\"><img loading=\"lazy\" src=\"http:\/\/museumek.eu\/wp-content\/uploads\/2011\/08\/Museum-Europ\u00e4ischer-Keramikkunst-Qualit\u00e4tsfotos-141-237x300.jpg\" alt=\"\" title=\"Museum Europ\u00e4ischer Keramikkunst Qualit\u00e4tsfotos 141\" width=\"237\" height=\"300\" class=\"alignnone size-medium wp-image-774\" srcset=\"http:\/\/museumek.eu\/wp-content\/uploads\/2011\/08\/Museum-Europ\u00e4ischer-Keramikkunst-Qualit\u00e4tsfotos-141-237x300.jpg 237w, http:\/\/museumek.eu\/wp-content\/uploads\/2011\/08\/Museum-Europ\u00e4ischer-Keramikkunst-Qualit\u00e4tsfotos-141.jpg 569w\" sizes=\"(max-width: 237px) 100vw, 237px\" \/><\/a><\/p>\n<p><a href=\"http:\/\/museumek.eu\/wp-content\/uploads\/2011\/08\/Museum-Europ\u00e4ischer-Keramikkunst-2501.jpg\"><img loading=\"lazy\" src=\"http:\/\/museumek.eu\/wp-content\/uploads\/2011\/08\/Museum-Europ\u00e4ischer-Keramikkunst-2501-300x274.jpg\" alt=\"\" title=\"Museum Europ\u00e4ischer Keramikkunst 250\" width=\"300\" height=\"274\" class=\"alignnone size-medium wp-image-776\" srcset=\"http:\/\/museumek.eu\/wp-content\/uploads\/2011\/08\/Museum-Europ\u00e4ischer-Keramikkunst-2501-300x274.jpg 300w, http:\/\/museumek.eu\/wp-content\/uploads\/2011\/08\/Museum-Europ\u00e4ischer-Keramikkunst-2501-328x300.jpg 328w, http:\/\/museumek.eu\/wp-content\/uploads\/2011\/08\/Museum-Europ\u00e4ischer-Keramikkunst-2501.jpg 442w\" sizes=\"(max-width: 300px) 100vw, 300px\" \/><\/a><\/p>\n<p><a href=\"http:\/\/museumek.eu\/wp-content\/uploads\/2011\/08\/Museum-Europ\u00e4ischer-Keramikkunst-252.jpg\"><img loading=\"lazy\" src=\"http:\/\/museumek.eu\/wp-content\/uploads\/2011\/08\/Museum-Europ\u00e4ischer-Keramikkunst-252-300x176.jpg\" alt=\"\" title=\"Museum Europ\u00e4ischer Keramikkunst 252\" width=\"300\" height=\"176\" class=\"alignnone size-medium wp-image-777\" srcset=\"http:\/\/museumek.eu\/wp-content\/uploads\/2011\/08\/Museum-Europ\u00e4ischer-Keramikkunst-252-300x176.jpg 300w, http:\/\/museumek.eu\/wp-content\/uploads\/2011\/08\/Museum-Europ\u00e4ischer-Keramikkunst-252-500x293.jpg 500w, http:\/\/museumek.eu\/wp-content\/uploads\/2011\/08\/Museum-Europ\u00e4ischer-Keramikkunst-252.jpg 693w\" sizes=\"(max-width: 300px) 100vw, 300px\" \/><\/a><\/p>\n<p><strong>Abteilung Austria\/Ungarn\/B\u00f6hmen, Keramik 1860 \u2013 1960, Inventarnummer A\/V\/3<\/strong><\/p>\n<p>Manufaktur Kunstkeramische Fabrik A. F\u00f6rster und Kunstkeramische Fabrik A. F\u00f6rster &#038; Co., Austria, Wien, 1906\/1907, Figur Eule auf B\u00fcchern, K\u00fcnstler Florian van der Fecht, Werks.-Nr. 9318, Exemplar Nr. ohne, gemarkt Firmenmarke Biene im Kreis brauner Stempel, 9318 gepresst, nicht signiert, Literatur: Waltraud Neuwirth, Wiener Keramik, Seite 136, Nachweis, dass die Figur von Florian van der Fecht entworfen worden ist, Seite 145, Manufakturbeschreibung sowie Seite 471, Marke Nr. 109 identisch, Ausf\u00fchrung als Fayence, die Kunstkeramische Fabrik A. F\u00f6rster wurde 1899 gegr\u00fcndet, Inhaber Alexander F\u00f6rster, sie wurde 1905 in Kunstkeramische Fabrik A. F\u00f6rster &#038; Co. umbenannt, Inhaber Alexander F\u00f6rster und Rudolf Schaller, 1908 wurde die Firma liquidiert und von der Wiener Kunstkeramische Werkst\u00e4tte Busch und Ludescher, WKKW (beide vorher Mitarbeiter bei F\u00f6rster, die 1908 die WKKW gr\u00fcndeten), \u00fcbernommen,<br \/>\nH\u00f6he 31 cm, Breite 14 cm<\/p>\n<p><a href=\"http:\/\/museumek.eu\/wp-content\/uploads\/2011\/09\/Museum-Europ\u00e4ischer-Keramikkunst-1060.jpg\"><img loading=\"lazy\" src=\"http:\/\/museumek.eu\/wp-content\/uploads\/2011\/09\/Museum-Europ\u00e4ischer-Keramikkunst-1060-143x300.jpg\" alt=\"\" title=\"Museum Europ\u00e4ischer Keramikkunst 1060\" width=\"143\" height=\"300\" class=\"alignnone size-medium wp-image-5132\" srcset=\"http:\/\/museumek.eu\/wp-content\/uploads\/2011\/09\/Museum-Europ\u00e4ischer-Keramikkunst-1060-143x300.jpg 143w, http:\/\/museumek.eu\/wp-content\/uploads\/2011\/09\/Museum-Europ\u00e4ischer-Keramikkunst-1060.jpg 466w\" sizes=\"(max-width: 143px) 100vw, 143px\" \/><\/a><\/p>\n<p><a href=\"http:\/\/museumek.eu\/wp-content\/uploads\/2011\/09\/Museum-Europ\u00e4ischer-Keramikkunst-1063.jpg\"><img loading=\"lazy\" src=\"http:\/\/museumek.eu\/wp-content\/uploads\/2011\/09\/Museum-Europ\u00e4ischer-Keramikkunst-1063-300x218.jpg\" alt=\"\" title=\"Museum Europ\u00e4ischer Keramikkunst 1063\" width=\"300\" height=\"218\" class=\"alignnone size-medium wp-image-5133\" srcset=\"http:\/\/museumek.eu\/wp-content\/uploads\/2011\/09\/Museum-Europ\u00e4ischer-Keramikkunst-1063-300x218.jpg 300w, http:\/\/museumek.eu\/wp-content\/uploads\/2011\/09\/Museum-Europ\u00e4ischer-Keramikkunst-1063-412x300.jpg 412w, http:\/\/museumek.eu\/wp-content\/uploads\/2011\/09\/Museum-Europ\u00e4ischer-Keramikkunst-1063.jpg 670w\" sizes=\"(max-width: 300px) 100vw, 300px\" \/><\/a><\/p>\n<p><strong>Abteilung Austria\/Ungarn\/B\u00f6hmen, Keramik 1860 \u2013 1960, Inventarnummer A\/V\/4<\/strong><\/p>\n<p>Manufaktur Kunstkeramische Fabrik A. F\u00f6rster und Kunstkeramische Fabrik A. F\u00f6rster &#038; Co., Austria, Wien, um 1905, Figur Mandoline spielender Putto auf Marienk\u00e4fer sitzend, K\u00fcnstler unbekannt, Werks.-Nr. 9077, Exemplar Nr. ohne, gemarkt Firmenmarke Biene im Kreis dunkelbrauner Stempel, 9077 gepresst, nicht signiert, Literatur: Waltraud Neuwirth, Wiener Keramik, Seite 145, Manufakturbeschreibung sowie Seite 471, Marke Nr. 109 identisch, siehe auch die Auktionshaus von Zezschwitz, Auktion Nr. 46 Jugendstil undArt D\u00e9co, vom 21.10.2008, Lot Nr. 89, identische Figur, dort mit Werks.-Nr. 9074 beschrieben, vielleicht eine Ablesefehler, da die Werks.-Nr. eindeutig 9077 lautet, Ausf\u00fchrung als heller glasierter Steingutscherben, polychrome Bemalung, ovaler Sockel, die Kunstkeramische Fabrik A. F\u00f6rster wurde 1899 gegr\u00fcndet, Inhaber Alexander F\u00f6rster, sie wurde 1905 in Kunstkeramische Fabrik A. F\u00f6rster &#038; Co. umbenannt, Inhaber Alexander F\u00f6rster und Rudolf Schaller, 1908 wurde die Firma liquidiert und von der Wiener Kunstkeramische Werkst\u00e4tte Busch und Ludescher, WKKW (beide vorher Mitarbeiter bei F\u00f6rster, die 1908 die WKKW gr\u00fcndeten), \u00fcbernommen, H\u00f6he 16,5 cm, Breite 13 cm<\/p>\n<p><a href=\"http:\/\/museumek.eu\/wp-content\/uploads\/2012\/05\/Museum-Europ\u00e4ischer-Keramikkunst-17501.jpg\"><img loading=\"lazy\" src=\"http:\/\/museumek.eu\/wp-content\/uploads\/2012\/05\/Museum-Europ\u00e4ischer-Keramikkunst-17501-207x300.jpg\" alt=\"\" title=\"Museum Europ\u00e4ischer Keramikkunst 1750\" width=\"207\" height=\"300\" class=\"alignnone size-medium wp-image-9822\" srcset=\"http:\/\/museumek.eu\/wp-content\/uploads\/2012\/05\/Museum-Europ\u00e4ischer-Keramikkunst-17501-207x300.jpg 207w, http:\/\/museumek.eu\/wp-content\/uploads\/2012\/05\/Museum-Europ\u00e4ischer-Keramikkunst-17501.jpg 621w\" sizes=\"(max-width: 207px) 100vw, 207px\" \/><\/a><\/p>\n<p><a href=\"http:\/\/museumek.eu\/wp-content\/uploads\/2012\/05\/Museum-Europ\u00e4ischer-Keramikkunst-1751.jpg\"><img loading=\"lazy\" src=\"http:\/\/museumek.eu\/wp-content\/uploads\/2012\/05\/Museum-Europ\u00e4ischer-Keramikkunst-1751-161x300.jpg\" alt=\"\" title=\"Museum Europ\u00e4ischer Keramikkunst 1751\" width=\"161\" height=\"300\" class=\"alignnone size-medium wp-image-9823\" srcset=\"http:\/\/museumek.eu\/wp-content\/uploads\/2012\/05\/Museum-Europ\u00e4ischer-Keramikkunst-1751-161x300.jpg 161w, http:\/\/museumek.eu\/wp-content\/uploads\/2012\/05\/Museum-Europ\u00e4ischer-Keramikkunst-1751.jpg 348w\" sizes=\"(max-width: 161px) 100vw, 161px\" \/><\/a><\/p>\n<p><a href=\"http:\/\/museumek.eu\/wp-content\/uploads\/2012\/05\/F\u00f6rster-Co-Musizierender-Putto.jpg\"><img loading=\"lazy\" src=\"http:\/\/museumek.eu\/wp-content\/uploads\/2012\/05\/F\u00f6rster-Co-Musizierender-Putto-300x153.jpg\" alt=\"\" title=\"F\u00f6rster &amp; Co Musizierender Putto\" width=\"300\" height=\"153\" class=\"alignnone size-medium wp-image-19849\" srcset=\"http:\/\/museumek.eu\/wp-content\/uploads\/2012\/05\/F\u00f6rster-Co-Musizierender-Putto-300x153.jpg 300w, http:\/\/museumek.eu\/wp-content\/uploads\/2012\/05\/F\u00f6rster-Co-Musizierender-Putto-1024x525.jpg 1024w, http:\/\/museumek.eu\/wp-content\/uploads\/2012\/05\/F\u00f6rster-Co-Musizierender-Putto-500x256.jpg 500w, http:\/\/museumek.eu\/wp-content\/uploads\/2012\/05\/F\u00f6rster-Co-Musizierender-Putto.jpg 1249w\" sizes=\"(max-width: 300px) 100vw, 300px\" \/><\/a><\/p>\n<p><strong>Abteilung Austria\/Ungarn\/B\u00f6hmen, Keramik 1860 \u2013 1960, Inventarnummer A\/V\/5<\/strong><\/p>\n<p>Manufaktur Kunstkeramische Fabrik A. F\u00f6rster und Kunstkeramische Fabrik A. F\u00f6rster &#038; Co., Austria, Wien, um 1905, Figur Bub, einen Papagei f\u00fctternd, K\u00fcnstler unbekannt, Werks.-Nr. 9210, Exemplar Nr. ohne, gemarkt Firmenmarke Biene im Kreis dunkelbrauner Stempel, 9210 gepresst, nicht signiert, Literatur: Waltraud Neuwirth, Wiener Keramik, Seite 145, Manufakturbeschreibung sowie Seite 471, Marke Nr. 109 identisch, Ausf\u00fchrung als Fayence, die Kunstkeramische Fabrik A. F\u00f6rster wurde 1899 gegr\u00fcndet, Inhaber Alexander F\u00f6rster, sie wurde 1905 in Kunstkeramische Fabrik A. F\u00f6rster &#038; Co. umbenannt, Inhaber Alexander F\u00f6rster und Rudolf Schaller, 1908 wurde die Firma liquidiert und von der Wiener Kunstkeramische Werkst\u00e4tte Busch und Ludescher, WKKW (beide vorher Mitarbeiter bei F\u00f6rster, die 1908 die WKKW gr\u00fcndeten), \u00fcbernommen,<br \/>\nH\u00f6he 19 cm, Breite 8 cm<\/p>\n<p><a href=\"http:\/\/museumek.eu\/wp-content\/uploads\/2012\/11\/Museum-Europ\u00e4ischer-Keramikkunst-2199.jpg\"><img loading=\"lazy\" src=\"http:\/\/museumek.eu\/wp-content\/uploads\/2012\/11\/Museum-Europ\u00e4ischer-Keramikkunst-2199-146x300.jpg\" alt=\"\" title=\"Museum Europ\u00e4ischer Keramikkunst 2199\" width=\"146\" height=\"300\" class=\"alignnone size-medium wp-image-16578\" \/><\/a><\/p>\n<p><a href=\"http:\/\/museumek.eu\/wp-content\/uploads\/2012\/11\/Museum-Europ\u00e4ischer-Keramikkunst-2200.jpg\"><img loading=\"lazy\" src=\"http:\/\/museumek.eu\/wp-content\/uploads\/2012\/11\/Museum-Europ\u00e4ischer-Keramikkunst-2200-252x300.jpg\" alt=\"\" title=\"Museum Europ\u00e4ischer Keramikkunst 2200\" width=\"252\" height=\"300\" class=\"alignnone size-medium wp-image-16579\" srcset=\"http:\/\/museumek.eu\/wp-content\/uploads\/2012\/11\/Museum-Europ\u00e4ischer-Keramikkunst-2200-252x300.jpg 252w, http:\/\/museumek.eu\/wp-content\/uploads\/2012\/11\/Museum-Europ\u00e4ischer-Keramikkunst-2200.jpg 439w\" sizes=\"(max-width: 252px) 100vw, 252px\" \/><\/a><\/p>\n<p><strong>Abteilung Austria\/Ungarn\/B\u00f6hmen, Keramik 1860 \u2013 1960, Inventarnummer A\/V\/6<\/strong><\/p>\n<p>Manufaktur Kunstkeramische Fabrik A. F\u00f6rster und Kunstkeramische Fabrik A. F\u00f6rster &#038; Co., Austria, Wien, 1906\/1907, Figur Dame mit Schirm, K\u00fcnstler Prof. Richard Tautenhayn (attr.), Werks.-Nr. 8493, Exemplar Nr. ohne, gemarkt Firmenmarke Biene im Kreis dunkelbrauner Stempel, 8493 gepresst, nicht signiert, Literatur: Waltraud Neuwirth, Wiener Keramik, Seite 145, Manufakturbeschreibung sowie Beschreibung einer Dame mit Schirm, Entwurf von Prof. Tautenhayn, deshalb Zuschreibung (Ausf\u00fchrung allerdings als Uhr), Seite 471, Marke Nr. 109 identisch, in o. g. Literatur bezeichnet Frau Dr. Neuwirth den K\u00fcnstler Tautenhayn einmal mit Richard und einmal mit Josef, insofern hat die MEK Internetrecherche lediglich ergeben, dass es in Wien um die Jahrhundertwende 1900 sowohl einen Richard als auch einen Josef Tautenhayn gegeben hat, das MEK nimmt die Zuschreibung an Richard Tautenhayn deshalb unter Vorbehalt vor, Ausf\u00fchrung als Fayence, die Kunstkeramische Fabrik A. F\u00f6rster wurde 1899 gegr\u00fcndet, Inhaber Alexander F\u00f6rster, sie wurde 1905 in Kunstkeramische Fabrik A. F\u00f6rster &#038; Co. umbenannt, Inhaber Alexander F\u00f6rster und Rudolf Schaller, 1908 wurde die Firma liquidiert und von der Wiener Kunstkeramische Werkst\u00e4tte Busch und Ludescher, WKKW, (beide vorher Mitarbeiter bei F\u00f6rster, die 1908 die WKKW gr\u00fcndeten) \u00fcbernommen,<br \/>\nH\u00f6he 20,5 cm, Breite 10 cm<\/p>\n<p><a href=\"http:\/\/museumek.eu\/wp-content\/uploads\/2012\/11\/Museum-Europ\u00e4ischer-Keramikkunst-2201.jpg\"><img loading=\"lazy\" src=\"http:\/\/museumek.eu\/wp-content\/uploads\/2012\/11\/Museum-Europ\u00e4ischer-Keramikkunst-2201-139x300.jpg\" alt=\"\" title=\"Museum Europ\u00e4ischer Keramikkunst 2201\" width=\"139\" height=\"300\" class=\"alignnone size-medium wp-image-16588\" \/><\/a><\/p>\n<p><a href=\"http:\/\/museumek.eu\/wp-content\/uploads\/2012\/11\/Museum-Europ\u00e4ischer-Keramikkunst-2202.jpg\"><img loading=\"lazy\" src=\"http:\/\/museumek.eu\/wp-content\/uploads\/2012\/11\/Museum-Europ\u00e4ischer-Keramikkunst-2202-300x287.jpg\" alt=\"\" title=\"Museum Europ\u00e4ischer Keramikkunst 2202\" width=\"300\" height=\"287\" class=\"alignnone size-medium wp-image-16589\" srcset=\"http:\/\/museumek.eu\/wp-content\/uploads\/2012\/11\/Museum-Europ\u00e4ischer-Keramikkunst-2202-300x287.jpg 300w, http:\/\/museumek.eu\/wp-content\/uploads\/2012\/11\/Museum-Europ\u00e4ischer-Keramikkunst-2202-313x300.jpg 313w, http:\/\/museumek.eu\/wp-content\/uploads\/2012\/11\/Museum-Europ\u00e4ischer-Keramikkunst-2202.jpg 357w\" sizes=\"(max-width: 300px) 100vw, 300px\" \/><\/a><\/p>\n<p><a href=\"http:\/\/museumek.eu\/wp-content\/uploads\/2012\/11\/Museum-Europ\u00e4ischer-Keramikkunst-2203.jpg\"><img loading=\"lazy\" src=\"http:\/\/museumek.eu\/wp-content\/uploads\/2012\/11\/Museum-Europ\u00e4ischer-Keramikkunst-2203-300x162.jpg\" alt=\"\" title=\"Museum Europ\u00e4ischer Keramikkunst 2203\" width=\"300\" height=\"162\" class=\"alignnone size-medium wp-image-16590\" srcset=\"http:\/\/museumek.eu\/wp-content\/uploads\/2012\/11\/Museum-Europ\u00e4ischer-Keramikkunst-2203-300x162.jpg 300w, http:\/\/museumek.eu\/wp-content\/uploads\/2012\/11\/Museum-Europ\u00e4ischer-Keramikkunst-2203-500x270.jpg 500w, http:\/\/museumek.eu\/wp-content\/uploads\/2012\/11\/Museum-Europ\u00e4ischer-Keramikkunst-2203.jpg 607w\" sizes=\"(max-width: 300px) 100vw, 300px\" \/><\/a><\/p>\n","protected":false},"excerpt":{"rendered":"<p>Abteilung Austria\/Ungarn\/B\u00f6hmen, Keramik 1860 \u2013 1960, Inventarnummer A\/V\/1 Manufaktur Kunstkeramische Fabrik A. F\u00f6rster und Kunstkeramische Fabrik A. F\u00f6rster &#038; Co., Austria, Wien, 1906\/1907, Figur Mozart, K\u00fcnstler Ferdinand Doblinger, Werks.-Nr. 9157, Exemplar Nr. ohne, gemarkt Fabrikmarke Biene im Kreis brauner Stempel, &hellip; <a href=\"http:\/\/museumek.eu\/?page_id=4961\">Weiterlesen <span class=\"meta-nav\">&rarr;<\/span><\/a><\/p>\n","protected":false},"author":1,"featured_media":0,"parent":2761,"menu_order":0,"comment_status":"closed","ping_status":"closed","template":"","meta":[],"_links":{"self":[{"href":"http:\/\/museumek.eu\/index.php?rest_route=\/wp\/v2\/pages\/4961"}],"collection":[{"href":"http:\/\/museumek.eu\/index.php?rest_route=\/wp\/v2\/pages"}],"about":[{"href":"http:\/\/museumek.eu\/index.php?rest_route=\/wp\/v2\/types\/page"}],"author":[{"embeddable":true,"href":"http:\/\/museumek.eu\/index.php?rest_route=\/wp\/v2\/users\/1"}],"replies":[{"embeddable":true,"href":"http:\/\/museumek.eu\/index.php?rest_route=%2Fwp%2Fv2%2Fcomments&post=4961"}],"version-history":[{"count":10,"href":"http:\/\/museumek.eu\/index.php?rest_route=\/wp\/v2\/pages\/4961\/revisions"}],"predecessor-version":[{"id":59585,"href":"http:\/\/museumek.eu\/index.php?rest_route=\/wp\/v2\/pages\/4961\/revisions\/59585"}],"up":[{"embeddable":true,"href":"http:\/\/museumek.eu\/index.php?rest_route=\/wp\/v2\/pages\/2761"}],"wp:attachment":[{"href":"http:\/\/museumek.eu\/index.php?rest_route=%2Fwp%2Fv2%2Fmedia&parent=4961"}],"curies":[{"name":"wp","href":"https:\/\/api.w.org\/{rel}","templated":true}]}}