{"id":49623,"date":"2020-09-20T11:57:17","date_gmt":"2020-09-20T09:57:17","guid":{"rendered":"http:\/\/museumek.eu\/?page_id=49623"},"modified":"2021-01-14T18:12:25","modified_gmt":"2021-01-14T17:12:25","slug":"dv3","status":"publish","type":"page","link":"http:\/\/museumek.eu\/?page_id=49623","title":{"rendered":"D\/V\/3"},"content":{"rendered":"<p><strong>Abteilung Deutschland, Keramik 1860 \u2013 1960, Inventarnummer D\/V\/3<\/strong><\/p>\n<p>Manufaktur Porzellanmalerei Franziska Hirsch und Nachf. Franziska Hirsch GmbH und Nachf. Franziska Hirsch Nachf., Deutschland, Dresden, um 1900, Teller (zehneckig, decagon), K\u00fcnstler Franziska Hirsch, Werks.-Nr. ohne, Exemplar Nr. ohne, gemarkt Firmenmarke zwischen einem Hirschgeweih der Buchstabe H sowie Dresden blau auf Glasur, nicht signiert, Literatur: Otto Pelka, Keramik der Neuzeit, Markentafel II, Marke Nr. 27 identisch, Seite 209, Herstellerbezeichnung Franziska G. Hirsch sowie Seite 219, Namensverzeichnis Hirsch, Franziska G. = Marke 27, weitere Literatur: Robert E. R\u00f6ntgen, Deutsche Porzellanmarken von 1710 bis heute, Seite 73, Marke Nr. 409 identisch (dort f\u00fcr die Zeit von 1901 bis 1914), weitere Literatur: Dieter Z\u00fchlsdorff, Porzellan und Keramik Report 1885 &#8211; 1935, Markenlexikon Band 1, Werkteil-Nummer 1, Gruppen-Nummer im Werkteil 1., fortlaufende Nummer im Werkteil 504 Marke identisch (dort f\u00fcr die Zeit 1901 &#8211; 1933) sowie Seite 491, Werkteil-Nummer 3, fortlaufende Nummer im Werkteil 268, dort Beschreibung der Porzellanmalerei, Franziska von Hirsch gr\u00fcndete 1893 eine Porzellanmalerei in Dresden, 1910 Umwandlung in eine GmbH, Firmierung Franziska Hirsch GmbH, 1930 wird Margot Wohlauer Nachfolgerin, Firmierung ab da Franziska Hirsch Nachf., die Porzellanmalerei nahm an Ausstellungen teil und erhielt Auszeichnungen, Durchmesser 20 cm<\/p>\n<p><a href=\"http:\/\/museumek.eu\/?attachment_id=49614\" rel=\"attachment wp-att-49614\"><img loading=\"lazy\" src=\"http:\/\/museumek.eu\/wp-content\/uploads\/2011\/09\/Franziska-Hirsch-Teller-1-300x290.jpg\" alt=\"\" title=\"Franziska Hirsch Teller 1\" width=\"300\" height=\"290\" class=\"alignnone size-medium wp-image-49614\" srcset=\"http:\/\/museumek.eu\/wp-content\/uploads\/2011\/09\/Franziska-Hirsch-Teller-1-300x290.jpg 300w, http:\/\/museumek.eu\/wp-content\/uploads\/2011\/09\/Franziska-Hirsch-Teller-1-150x145.jpg 150w, http:\/\/museumek.eu\/wp-content\/uploads\/2011\/09\/Franziska-Hirsch-Teller-1-310x300.jpg 310w, http:\/\/museumek.eu\/wp-content\/uploads\/2011\/09\/Franziska-Hirsch-Teller-1.jpg 496w\" sizes=\"(max-width: 300px) 100vw, 300px\" \/><\/a><\/p>\n<p><a href=\"http:\/\/museumek.eu\/?attachment_id=49615\" rel=\"attachment wp-att-49615\"><img loading=\"lazy\" src=\"http:\/\/museumek.eu\/wp-content\/uploads\/2011\/09\/Franziska-Hirsch-Teller-2-290x300.jpg\" alt=\"\" title=\"Franziska Hirsch Teller 2\" width=\"290\" height=\"300\" class=\"alignnone size-medium wp-image-49615\" srcset=\"http:\/\/museumek.eu\/wp-content\/uploads\/2011\/09\/Franziska-Hirsch-Teller-2-290x300.jpg 290w, http:\/\/museumek.eu\/wp-content\/uploads\/2011\/09\/Franziska-Hirsch-Teller-2-145x150.jpg 145w, http:\/\/museumek.eu\/wp-content\/uploads\/2011\/09\/Franziska-Hirsch-Teller-2.jpg 480w\" sizes=\"(max-width: 290px) 100vw, 290px\" \/><\/a><\/p>\n<p><a href=\"http:\/\/museumek.eu\/?attachment_id=49616\" rel=\"attachment wp-att-49616\"><img loading=\"lazy\" src=\"http:\/\/museumek.eu\/wp-content\/uploads\/2011\/09\/Franziska-Hirsch-Teller-3-300x256.jpg\" alt=\"\" title=\"Franziska Hirsch Teller 3\" width=\"300\" height=\"256\" class=\"alignnone size-medium wp-image-49616\" srcset=\"http:\/\/museumek.eu\/wp-content\/uploads\/2011\/09\/Franziska-Hirsch-Teller-3-300x256.jpg 300w, http:\/\/museumek.eu\/wp-content\/uploads\/2011\/09\/Franziska-Hirsch-Teller-3-150x128.jpg 150w, http:\/\/museumek.eu\/wp-content\/uploads\/2011\/09\/Franziska-Hirsch-Teller-3-351x300.jpg 351w, http:\/\/museumek.eu\/wp-content\/uploads\/2011\/09\/Franziska-Hirsch-Teller-3.jpg 562w\" sizes=\"(max-width: 300px) 100vw, 300px\" \/><\/a><\/p>\n","protected":false},"excerpt":{"rendered":"<p>Abteilung Deutschland, Keramik 1860 \u2013 1960, Inventarnummer D\/V\/3 Manufaktur Porzellanmalerei Franziska Hirsch und Nachf. Franziska Hirsch GmbH und Nachf. Franziska Hirsch Nachf., Deutschland, Dresden, um 1900, Teller (zehneckig, decagon), K\u00fcnstler Franziska Hirsch, Werks.-Nr. ohne, Exemplar Nr. ohne, gemarkt Firmenmarke zwischen &hellip; <a href=\"http:\/\/museumek.eu\/?page_id=49623\">Weiterlesen <span class=\"meta-nav\">&rarr;<\/span><\/a><\/p>\n","protected":false},"author":1,"featured_media":0,"parent":1940,"menu_order":3,"comment_status":"closed","ping_status":"open","template":"","meta":[],"_links":{"self":[{"href":"http:\/\/museumek.eu\/index.php?rest_route=\/wp\/v2\/pages\/49623"}],"collection":[{"href":"http:\/\/museumek.eu\/index.php?rest_route=\/wp\/v2\/pages"}],"about":[{"href":"http:\/\/museumek.eu\/index.php?rest_route=\/wp\/v2\/types\/page"}],"author":[{"embeddable":true,"href":"http:\/\/museumek.eu\/index.php?rest_route=\/wp\/v2\/users\/1"}],"replies":[{"embeddable":true,"href":"http:\/\/museumek.eu\/index.php?rest_route=%2Fwp%2Fv2%2Fcomments&post=49623"}],"version-history":[{"count":4,"href":"http:\/\/museumek.eu\/index.php?rest_route=\/wp\/v2\/pages\/49623\/revisions"}],"predecessor-version":[{"id":52190,"href":"http:\/\/museumek.eu\/index.php?rest_route=\/wp\/v2\/pages\/49623\/revisions\/52190"}],"up":[{"embeddable":true,"href":"http:\/\/museumek.eu\/index.php?rest_route=\/wp\/v2\/pages\/1940"}],"wp:attachment":[{"href":"http:\/\/museumek.eu\/index.php?rest_route=%2Fwp%2Fv2%2Fmedia&parent=49623"}],"curies":[{"name":"wp","href":"https:\/\/api.w.org\/{rel}","templated":true}]}}