{"id":49725,"date":"2020-09-21T23:03:21","date_gmt":"2020-09-21T21:03:21","guid":{"rendered":"http:\/\/museumek.eu\/?page_id=49725"},"modified":"2021-01-13T15:33:58","modified_gmt":"2021-01-13T14:33:58","slug":"fotos-und-beschreibung","status":"publish","type":"page","link":"http:\/\/museumek.eu\/?page_id=49725","title":{"rendered":"Fotos und Beschreibung"},"content":{"rendered":"<p><strong>Abteilung Finnland, Keramik 1860 \u2013 1960, Inventarnummer Fi\/I\/1<\/strong><\/p>\n<p>Arabia Porslinsfabrik Aktiebolag, Finnland, Helsingfors, 1930 &#8211; 1935, Vase, K\u00fcnstler unbekannt, Werks-Nr. ohne, Exemplar Nr. ohne, gemarkt Firmenmarke mit Dreimal Buchstabe A in einem Turm, darunter 8, darunter MADE IN FINLAND sowie ZW schwarze Stempel auf Glasur, nicht signiert, Literatur: Dieter Z\u00fchlsdorff, Porzellan und Keramik Report 1885 -1935, Markenlexikon Band 1, Seite 339, Werkteil-Nummer 1, Gruppen-Nummer 14, fortlaufende Nummer innerhalb der Gruppe 51, Marke identisch (dort f\u00fcr die Zeit von 1930 bis 1935) sowie Seite 518, Werkteil-Nummer 3, fortlaufende Nummer des Werkteils 507, dort kurze Beschreibung der Fabrik, die Fabrik wurde 1874 in Helsingfors als Zweigwerk der schwedischen Porzellanfabrik R\u00f6rstrands Porslinsfabriker A.B. gegr\u00fcndet, um von dort aus den russischen und finnischen Markt besser beliefern zu k\u00f6nnen, die Fabrik produzierte Porzellan, Fayence und Steinzeug, um 1900 arbeitete der ber\u00fchmte belgische Designer Alfred William Finch f\u00fcr die Fabrik, wohl ab 1916 wird die Fabrik eigenst\u00e4ndig und unterh\u00e4lt eine Zweigfabrik in der finnischen Stadt Abo, Glasur mit leichten metallischen Reflexionen,<br \/>\nH\u00f6he 25 cm, Breite 16 cm<\/p>\n<p><a href=\"http:\/\/museumek.eu\/?attachment_id=49726\" rel=\"attachment wp-att-49726\"><img loading=\"lazy\" src=\"http:\/\/museumek.eu\/wp-content\/uploads\/2020\/09\/Arabia-Vase-1-178x300.jpg\" alt=\"\" title=\"Arabia Vase 1\" width=\"178\" height=\"300\" class=\"alignnone size-medium wp-image-49726\" srcset=\"http:\/\/museumek.eu\/wp-content\/uploads\/2020\/09\/Arabia-Vase-1-178x300.jpg 178w, http:\/\/museumek.eu\/wp-content\/uploads\/2020\/09\/Arabia-Vase-1-89x150.jpg 89w, http:\/\/museumek.eu\/wp-content\/uploads\/2020\/09\/Arabia-Vase-1.jpg 381w\" sizes=\"(max-width: 178px) 100vw, 178px\" \/><\/a><\/p>\n<p><a href=\"http:\/\/museumek.eu\/?attachment_id=49727\" rel=\"attachment wp-att-49727\"><img loading=\"lazy\" src=\"http:\/\/museumek.eu\/wp-content\/uploads\/2020\/09\/Arabia-Vase-2-193x300.jpg\" alt=\"\" title=\"Arabia Vase 2\" width=\"193\" height=\"300\" class=\"alignnone size-medium wp-image-49727\" srcset=\"http:\/\/museumek.eu\/wp-content\/uploads\/2020\/09\/Arabia-Vase-2-193x300.jpg 193w, http:\/\/museumek.eu\/wp-content\/uploads\/2020\/09\/Arabia-Vase-2-96x150.jpg 96w, http:\/\/museumek.eu\/wp-content\/uploads\/2020\/09\/Arabia-Vase-2.jpg 412w\" sizes=\"(max-width: 193px) 100vw, 193px\" \/><\/a><\/p>\n<p><a href=\"http:\/\/museumek.eu\/?attachment_id=49728\" rel=\"attachment wp-att-49728\"><img loading=\"lazy\" src=\"http:\/\/museumek.eu\/wp-content\/uploads\/2020\/09\/Arabia-Vase-3-199x300.jpg\" alt=\"\" title=\"Arabia Vase 3\" width=\"199\" height=\"300\" class=\"alignnone size-medium wp-image-49728\" srcset=\"http:\/\/museumek.eu\/wp-content\/uploads\/2020\/09\/Arabia-Vase-3-199x300.jpg 199w, http:\/\/museumek.eu\/wp-content\/uploads\/2020\/09\/Arabia-Vase-3-99x150.jpg 99w, http:\/\/museumek.eu\/wp-content\/uploads\/2020\/09\/Arabia-Vase-3.jpg 425w\" sizes=\"(max-width: 199px) 100vw, 199px\" \/><\/a><\/p>\n<p><a href=\"http:\/\/museumek.eu\/?attachment_id=49729\" rel=\"attachment wp-att-49729\"><img loading=\"lazy\" src=\"http:\/\/museumek.eu\/wp-content\/uploads\/2020\/09\/Arabia-Vase-4-231x300.jpg\" alt=\"\" title=\"Arabia Vase 4\" width=\"231\" height=\"300\" class=\"alignnone size-medium wp-image-49729\" srcset=\"http:\/\/museumek.eu\/wp-content\/uploads\/2020\/09\/Arabia-Vase-4-231x300.jpg 231w, http:\/\/museumek.eu\/wp-content\/uploads\/2020\/09\/Arabia-Vase-4-115x150.jpg 115w, http:\/\/museumek.eu\/wp-content\/uploads\/2020\/09\/Arabia-Vase-4.jpg 480w\" sizes=\"(max-width: 231px) 100vw, 231px\" \/><\/a><\/p>\n<p><a href=\"http:\/\/museumek.eu\/?attachment_id=49730\" rel=\"attachment wp-att-49730\"><img loading=\"lazy\" src=\"http:\/\/museumek.eu\/wp-content\/uploads\/2020\/09\/Arabia-Vase-5-203x300.jpg\" alt=\"\" title=\"Arabia Vase 5\" width=\"203\" height=\"300\" class=\"alignnone size-medium wp-image-49730\" srcset=\"http:\/\/museumek.eu\/wp-content\/uploads\/2020\/09\/Arabia-Vase-5-203x300.jpg 203w, http:\/\/museumek.eu\/wp-content\/uploads\/2020\/09\/Arabia-Vase-5-101x150.jpg 101w, http:\/\/museumek.eu\/wp-content\/uploads\/2020\/09\/Arabia-Vase-5.jpg 435w\" sizes=\"(max-width: 203px) 100vw, 203px\" \/><\/a><\/p>\n<p><a href=\"http:\/\/museumek.eu\/?attachment_id=49731\" rel=\"attachment wp-att-49731\"><img loading=\"lazy\" src=\"http:\/\/museumek.eu\/wp-content\/uploads\/2020\/09\/Arabia-Vase-6-300x230.jpg\" alt=\"\" title=\"Arabia Vase 6\" width=\"300\" height=\"230\" class=\"alignnone size-medium wp-image-49731\" srcset=\"http:\/\/museumek.eu\/wp-content\/uploads\/2020\/09\/Arabia-Vase-6-300x230.jpg 300w, http:\/\/museumek.eu\/wp-content\/uploads\/2020\/09\/Arabia-Vase-6-150x115.jpg 150w, http:\/\/museumek.eu\/wp-content\/uploads\/2020\/09\/Arabia-Vase-6-391x300.jpg 391w, http:\/\/museumek.eu\/wp-content\/uploads\/2020\/09\/Arabia-Vase-6.jpg 626w\" sizes=\"(max-width: 300px) 100vw, 300px\" \/><\/a><\/p>\n<p><a href=\"http:\/\/museumek.eu\/?attachment_id=49732\" rel=\"attachment wp-att-49732\"><img loading=\"lazy\" src=\"http:\/\/museumek.eu\/wp-content\/uploads\/2020\/09\/Arabia-Vase-7-257x300.jpg\" alt=\"\" title=\"Arabia Vase 7\" width=\"257\" height=\"300\" class=\"alignnone size-medium wp-image-49732\" srcset=\"http:\/\/museumek.eu\/wp-content\/uploads\/2020\/09\/Arabia-Vase-7-257x300.jpg 257w, http:\/\/museumek.eu\/wp-content\/uploads\/2020\/09\/Arabia-Vase-7-128x150.jpg 128w, http:\/\/museumek.eu\/wp-content\/uploads\/2020\/09\/Arabia-Vase-7.jpg 480w\" sizes=\"(max-width: 257px) 100vw, 257px\" \/><\/a><\/p>\n","protected":false},"excerpt":{"rendered":"<p>Abteilung Finnland, Keramik 1860 \u2013 1960, Inventarnummer Fi\/I\/1 Arabia Porslinsfabrik Aktiebolag, Finnland, Helsingfors, 1930 &#8211; 1935, Vase, K\u00fcnstler unbekannt, Werks-Nr. ohne, Exemplar Nr. ohne, gemarkt Firmenmarke mit Dreimal Buchstabe A in einem Turm, darunter 8, darunter MADE IN FINLAND sowie &hellip; <a href=\"http:\/\/museumek.eu\/?page_id=49725\">Weiterlesen <span class=\"meta-nav\">&rarr;<\/span><\/a><\/p>\n","protected":false},"author":1,"featured_media":0,"parent":49723,"menu_order":0,"comment_status":"closed","ping_status":"open","template":"","meta":[],"_links":{"self":[{"href":"http:\/\/museumek.eu\/index.php?rest_route=\/wp\/v2\/pages\/49725"}],"collection":[{"href":"http:\/\/museumek.eu\/index.php?rest_route=\/wp\/v2\/pages"}],"about":[{"href":"http:\/\/museumek.eu\/index.php?rest_route=\/wp\/v2\/types\/page"}],"author":[{"embeddable":true,"href":"http:\/\/museumek.eu\/index.php?rest_route=\/wp\/v2\/users\/1"}],"replies":[{"embeddable":true,"href":"http:\/\/museumek.eu\/index.php?rest_route=%2Fwp%2Fv2%2Fcomments&post=49725"}],"version-history":[{"count":11,"href":"http:\/\/museumek.eu\/index.php?rest_route=\/wp\/v2\/pages\/49725\/revisions"}],"predecessor-version":[{"id":52088,"href":"http:\/\/museumek.eu\/index.php?rest_route=\/wp\/v2\/pages\/49725\/revisions\/52088"}],"up":[{"embeddable":true,"href":"http:\/\/museumek.eu\/index.php?rest_route=\/wp\/v2\/pages\/49723"}],"wp:attachment":[{"href":"http:\/\/museumek.eu\/index.php?rest_route=%2Fwp%2Fv2%2Fmedia&parent=49725"}],"curies":[{"name":"wp","href":"https:\/\/api.w.org\/{rel}","templated":true}]}}