{"id":49825,"date":"2020-09-24T22:49:05","date_gmt":"2020-09-24T20:49:05","guid":{"rendered":"http:\/\/museumek.eu\/?page_id=49825"},"modified":"2020-09-24T22:49:05","modified_gmt":"2020-09-24T20:49:05","slug":"dviii42","status":"publish","type":"page","link":"http:\/\/museumek.eu\/?page_id=49825","title":{"rendered":"D\/VIII\/42"},"content":{"rendered":"<p><strong>Abteilung Deutschland, Keramik 1860 \u2013 1960, Inventarnummer D\/VIII\/42<\/strong><\/p>\n<p>Manufaktur Villeroy &#038; Boch, Deutschland, Dresden, vor\/um 1910, Vase, K\u00fcnstler unbekannt, Werks.-Nr. 5021. (Formbezeichnung ?), Exemplar Nr. ohne, gemarkt Firmenmarke mit VB ligiert (f\u00fcr Villeroy &#038; Boch) in einem kunstvollem D (f\u00fcr Dresden) brauner Stempel unter Glasur (dieser Stempel wurde nach Auskunft von Frau Ester Schneider, Direktorin des Mettlach Museums, als registriertes Warenzeichen Nr. 1972 in der Zeit vom 19.10.1887 bis 15.06.1934 f\u00fcr Kunstkeramiken im Zweigwerk Dresden verwendet) sowie 5021. brauner Stempel unter Glasur, K\u00fcnstler: unbekannt, nicht signiert, Literatur: Otto Pelka, Keramik der Neuzeit, Markentafel II, Marke Nr. 22 identisch, weitere Literatur, Edgar Pelichet, Jugendstil Keramik, Seite 188, Marke da verzeichnet, weitere Literatur: Th\u00e9r\u00e8se Thomas, Villeroy &#038; Boch 1748 &#8211; 1930, Keramik aus der Produktion zweier Jahrhunderte, Ausstellung Rijksmuseum Amsterdam 09.12.1977 &#8211; 19.02.1978, Marken\u00fcbersicht Dresden, Marke Typ C identisch, weitere Literatur: Dieter Z\u00fchlsdorf, Markenlexikon Band 1, Porzellan und Keramik Report 1885 &#8211; 1935, Seite 120, Werkteil-Nummer 1, Gruppennummer 1., fortlaufende Nummer innerhalb der Gruppe 2588 Marke identisch sowie Seite 493, Werkteil-Nummer 3, fortlaufende Nummer des Werkteils 285, kurze Beschreibung der Manufaktur,<br \/>\nH\u00f6he 11,8 cm, Breite 9,5 cm<\/p>\n<p><a href=\"http:\/\/museumek.eu\/?attachment_id=49816\" rel=\"attachment wp-att-49816\"><img loading=\"lazy\" src=\"http:\/\/museumek.eu\/wp-content\/uploads\/2011\/09\/VB-Vase-klein-mit-Kreisen-1-267x300.jpg\" alt=\"\" title=\"VB Vase klein mit Kreisen 1\" width=\"267\" height=\"300\" class=\"alignnone size-medium wp-image-49816\" srcset=\"http:\/\/museumek.eu\/wp-content\/uploads\/2011\/09\/VB-Vase-klein-mit-Kreisen-1-267x300.jpg 267w, http:\/\/museumek.eu\/wp-content\/uploads\/2011\/09\/VB-Vase-klein-mit-Kreisen-1-133x150.jpg 133w, http:\/\/museumek.eu\/wp-content\/uploads\/2011\/09\/VB-Vase-klein-mit-Kreisen-1.jpg 480w\" sizes=\"(max-width: 267px) 100vw, 267px\" \/><\/a><\/p>\n<p><a href=\"http:\/\/museumek.eu\/?attachment_id=49817\" rel=\"attachment wp-att-49817\"><img loading=\"lazy\" src=\"http:\/\/museumek.eu\/wp-content\/uploads\/2011\/09\/VB-Vase-klein-mit-Kreisen-2-245x300.jpg\" alt=\"\" title=\"VB Vase klein mit Kreisen 2\" width=\"245\" height=\"300\" class=\"alignnone size-medium wp-image-49817\" srcset=\"http:\/\/museumek.eu\/wp-content\/uploads\/2011\/09\/VB-Vase-klein-mit-Kreisen-2-245x300.jpg 245w, http:\/\/museumek.eu\/wp-content\/uploads\/2011\/09\/VB-Vase-klein-mit-Kreisen-2-122x150.jpg 122w, http:\/\/museumek.eu\/wp-content\/uploads\/2011\/09\/VB-Vase-klein-mit-Kreisen-2.jpg 480w\" sizes=\"(max-width: 245px) 100vw, 245px\" \/><\/a><\/p>\n<p><a href=\"http:\/\/museumek.eu\/?attachment_id=49818\" rel=\"attachment wp-att-49818\"><img loading=\"lazy\" src=\"http:\/\/museumek.eu\/wp-content\/uploads\/2011\/09\/VB-Vase-klein-mit-Kreisen-3-300x295.jpg\" alt=\"\" title=\"VB Vase klein mit Kreisen 3\" width=\"300\" height=\"295\" class=\"alignnone size-medium wp-image-49818\" srcset=\"http:\/\/museumek.eu\/wp-content\/uploads\/2011\/09\/VB-Vase-klein-mit-Kreisen-3-300x295.jpg 300w, http:\/\/museumek.eu\/wp-content\/uploads\/2011\/09\/VB-Vase-klein-mit-Kreisen-3-150x147.jpg 150w, http:\/\/museumek.eu\/wp-content\/uploads\/2011\/09\/VB-Vase-klein-mit-Kreisen-3-304x300.jpg 304w, http:\/\/museumek.eu\/wp-content\/uploads\/2011\/09\/VB-Vase-klein-mit-Kreisen-3.jpg 487w\" sizes=\"(max-width: 300px) 100vw, 300px\" \/><\/a><\/p>\n","protected":false},"excerpt":{"rendered":"<p>Abteilung Deutschland, Keramik 1860 \u2013 1960, Inventarnummer D\/VIII\/42 Manufaktur Villeroy &#038; Boch, Deutschland, Dresden, vor\/um 1910, Vase, K\u00fcnstler unbekannt, Werks.-Nr. 5021. (Formbezeichnung ?), Exemplar Nr. ohne, gemarkt Firmenmarke mit VB ligiert (f\u00fcr Villeroy &#038; Boch) in einem kunstvollem D (f\u00fcr &hellip; <a href=\"http:\/\/museumek.eu\/?page_id=49825\">Weiterlesen <span class=\"meta-nav\">&rarr;<\/span><\/a><\/p>\n","protected":false},"author":1,"featured_media":0,"parent":47443,"menu_order":42,"comment_status":"closed","ping_status":"open","template":"","meta":[],"_links":{"self":[{"href":"http:\/\/museumek.eu\/index.php?rest_route=\/wp\/v2\/pages\/49825"}],"collection":[{"href":"http:\/\/museumek.eu\/index.php?rest_route=\/wp\/v2\/pages"}],"about":[{"href":"http:\/\/museumek.eu\/index.php?rest_route=\/wp\/v2\/types\/page"}],"author":[{"embeddable":true,"href":"http:\/\/museumek.eu\/index.php?rest_route=\/wp\/v2\/users\/1"}],"replies":[{"embeddable":true,"href":"http:\/\/museumek.eu\/index.php?rest_route=%2Fwp%2Fv2%2Fcomments&post=49825"}],"version-history":[{"count":2,"href":"http:\/\/museumek.eu\/index.php?rest_route=\/wp\/v2\/pages\/49825\/revisions"}],"predecessor-version":[{"id":49827,"href":"http:\/\/museumek.eu\/index.php?rest_route=\/wp\/v2\/pages\/49825\/revisions\/49827"}],"up":[{"embeddable":true,"href":"http:\/\/museumek.eu\/index.php?rest_route=\/wp\/v2\/pages\/47443"}],"wp:attachment":[{"href":"http:\/\/museumek.eu\/index.php?rest_route=%2Fwp%2Fv2%2Fmedia&parent=49825"}],"curies":[{"name":"wp","href":"https:\/\/api.w.org\/{rel}","templated":true}]}}