{"id":49862,"date":"2020-09-26T11:57:46","date_gmt":"2020-09-26T09:57:46","guid":{"rendered":"http:\/\/museumek.eu\/?page_id=49862"},"modified":"2021-04-02T22:17:27","modified_gmt":"2021-04-02T20:17:27","slug":"dclxii1","status":"publish","type":"page","link":"http:\/\/museumek.eu\/?page_id=49862","title":{"rendered":"D\/CLXII\/1"},"content":{"rendered":"<p><strong>Abteilung Deutschland, Keramik 1860 \u2013 1960, Inventarnummer D\/CLXII\/1<\/strong><\/p>\n<p>Porzellanfabrik Sch\u00f6dl, Jacob &#038; Co. und Nachf. Porzellanfabrik Hertel, Jacob &#038; Co. und Nachf. Porzellanfabrik Hertel, Jacob &#038; Co. GmbH, Deutschland, Rehau, um 1925, Sch\u00fcssel mit Deckel, K\u00fcnstler unbekannt, Werks.-Nr. ohne, Exemplar Nr. ohne, gemarkt Firmenmarke mit H. J. Co (die Punkte jeweils in der Mitte der Buchstaben) sowie darunter BAVARIA dunkelgr\u00fcne Stempel unter Glasur, nicht signiert, Literatur: Dieter Z\u00fchlsdorff, Markenlexikon Band 1, Porzellan und Keramik Report 1885 &#8211; 1935, Seite 39, Werk-Teil 1., Gruppen-Nummer des Werkteils 1., laufende Nummer innerhalb der Gruppe 553, identische Marke (dort f\u00fcr die Zeit von 1922 bis 1930) sowie Seite 593, Werk-Teil 3., laufende Nummer des Werkteils 1054, kurze Beschreibung der Fabrik, weitere Literatur: Robert E. R\u00f6ntgen, Deutsche Porzellanmarken von 1710 bis heute, Seite 285, Marke 2225 identisch (dort f\u00fcr die Zeit von 1922 bis 1930), weitere Literatur: Ludwig Danckert, Handbuch des Europ\u00e4ischen Porzellans, 7. Auflage, Seite 577, dort sehr kurze und unvollst\u00e4ndige Beschreibung der Fabrik sowie Marke 246 identisch (die Marke wurde am 03.04.1922 ins RWZR eingetragen), weitere Literatur: Gustav Wei\u00df, Ullstein Porzellanbuch, Seite 297, eine der Marken Nr. 2 identisch, weitere Literatur: J. G. Th. Graesse und E. Jaennicke, F\u00fchrer f\u00fcr Sammler von Porzellan und Fayence, Seite 503, Marke 1 identisch, 1906 gr\u00fcndeten Sch\u00f6dl und Jacob die Porzellanfabrik in Rehau, Firmierung Porzellanfabrik Sch\u00f6dl, Jacob &#038; Co., mit Firmenmarke Krone und darunter SJ (f\u00fcr Sch\u00f6dl und Jacob) &#038; Co., ca. 1909\/1910 scheidet Sch\u00f6dl wieder aus und Karl Hertel sen. wird Mitinhaber, Firmierung ab da Porzellanfabrik Hertel, Jacob &#038; Co., wohl noch 1910 wird die Fabrik GmbH, Firmierung ab da Porzellanfabrik Hertel, Jacob &#038; Co. GmbH, Gesellschafter der GmbH sind Karl hertel sen. und Karl Kunstmann, die Fabrik wurde 1968 an Melitta verkauft und 1980 stillgelegt,<br \/>\nH\u00f6he 16 cm, Breite 31,5 cm<\/p>\n<p><a href=\"http:\/\/museumek.eu\/?attachment_id=49850\" rel=\"attachment wp-att-49850\"><img loading=\"lazy\" src=\"http:\/\/museumek.eu\/wp-content\/uploads\/2020\/09\/Hertel-Jacob-und-Co-Sch\u00fcssel-1-300x185.jpg\" alt=\"\" title=\"Hertel, Jacob und Co Sch\u00fcssel 1\" width=\"300\" height=\"185\" class=\"alignnone size-medium wp-image-49850\" srcset=\"http:\/\/museumek.eu\/wp-content\/uploads\/2020\/09\/Hertel-Jacob-und-Co-Sch\u00fcssel-1-300x185.jpg 300w, http:\/\/museumek.eu\/wp-content\/uploads\/2020\/09\/Hertel-Jacob-und-Co-Sch\u00fcssel-1-150x92.jpg 150w, http:\/\/museumek.eu\/wp-content\/uploads\/2020\/09\/Hertel-Jacob-und-Co-Sch\u00fcssel-1-486x300.jpg 486w, http:\/\/museumek.eu\/wp-content\/uploads\/2020\/09\/Hertel-Jacob-und-Co-Sch\u00fcssel-1.jpg 640w\" sizes=\"(max-width: 300px) 100vw, 300px\" \/><\/a><\/p>\n<p><a href=\"http:\/\/museumek.eu\/?attachment_id=49851\" rel=\"attachment wp-att-49851\"><img loading=\"lazy\" src=\"http:\/\/museumek.eu\/wp-content\/uploads\/2020\/09\/Hertel-Jacob-und-Co-Sch\u00fcssel-2-300x185.jpg\" alt=\"\" title=\"Hertel, Jacob und Co Sch\u00fcssel 2\" width=\"300\" height=\"185\" class=\"alignnone size-medium wp-image-49851\" srcset=\"http:\/\/museumek.eu\/wp-content\/uploads\/2020\/09\/Hertel-Jacob-und-Co-Sch\u00fcssel-2-300x185.jpg 300w, http:\/\/museumek.eu\/wp-content\/uploads\/2020\/09\/Hertel-Jacob-und-Co-Sch\u00fcssel-2-150x92.jpg 150w, http:\/\/museumek.eu\/wp-content\/uploads\/2020\/09\/Hertel-Jacob-und-Co-Sch\u00fcssel-2-484x300.jpg 484w, http:\/\/museumek.eu\/wp-content\/uploads\/2020\/09\/Hertel-Jacob-und-Co-Sch\u00fcssel-2.jpg 640w\" sizes=\"(max-width: 300px) 100vw, 300px\" \/><\/a><\/p>\n<p><a href=\"http:\/\/museumek.eu\/?attachment_id=49852\" rel=\"attachment wp-att-49852\"><img loading=\"lazy\" src=\"http:\/\/museumek.eu\/wp-content\/uploads\/2020\/09\/Hertel-Jacob-und-Co-Sch\u00fcssel-3-277x300.jpg\" alt=\"\" title=\"Hertel, Jacob und Co Sch\u00fcssel 3\" width=\"277\" height=\"300\" class=\"alignnone size-medium wp-image-49852\" srcset=\"http:\/\/museumek.eu\/wp-content\/uploads\/2020\/09\/Hertel-Jacob-und-Co-Sch\u00fcssel-3-277x300.jpg 277w, http:\/\/museumek.eu\/wp-content\/uploads\/2020\/09\/Hertel-Jacob-und-Co-Sch\u00fcssel-3-138x150.jpg 138w, http:\/\/museumek.eu\/wp-content\/uploads\/2020\/09\/Hertel-Jacob-und-Co-Sch\u00fcssel-3.jpg 480w\" sizes=\"(max-width: 277px) 100vw, 277px\" \/><\/a><\/p>\n<p><a href=\"http:\/\/museumek.eu\/?attachment_id=49853\" rel=\"attachment wp-att-49853\"><img loading=\"lazy\" src=\"http:\/\/museumek.eu\/wp-content\/uploads\/2020\/09\/Hertel-Jacob-und-Co-Sch\u00fcssel-4-260x300.jpg\" alt=\"\" title=\"Hertel, Jacob und Co Sch\u00fcssel 4\" width=\"260\" height=\"300\" class=\"alignnone size-medium wp-image-49853\" srcset=\"http:\/\/museumek.eu\/wp-content\/uploads\/2020\/09\/Hertel-Jacob-und-Co-Sch\u00fcssel-4-260x300.jpg 260w, http:\/\/museumek.eu\/wp-content\/uploads\/2020\/09\/Hertel-Jacob-und-Co-Sch\u00fcssel-4-130x150.jpg 130w, http:\/\/museumek.eu\/wp-content\/uploads\/2020\/09\/Hertel-Jacob-und-Co-Sch\u00fcssel-4.jpg 480w\" sizes=\"(max-width: 260px) 100vw, 260px\" \/><\/a><\/p>\n<p><a href=\"http:\/\/museumek.eu\/?attachment_id=49854\" rel=\"attachment wp-att-49854\"><img loading=\"lazy\" src=\"http:\/\/museumek.eu\/wp-content\/uploads\/2020\/09\/Hertel-Jacob-und-Co-Sch\u00fcssel-5-300x228.jpg\" alt=\"\" title=\"Hertel, Jacob und Co Sch\u00fcssel 5\" width=\"300\" height=\"228\" class=\"alignnone size-medium wp-image-49854\" srcset=\"http:\/\/museumek.eu\/wp-content\/uploads\/2020\/09\/Hertel-Jacob-und-Co-Sch\u00fcssel-5-300x228.jpg 300w, http:\/\/museumek.eu\/wp-content\/uploads\/2020\/09\/Hertel-Jacob-und-Co-Sch\u00fcssel-5-150x114.jpg 150w, http:\/\/museumek.eu\/wp-content\/uploads\/2020\/09\/Hertel-Jacob-und-Co-Sch\u00fcssel-5-393x300.jpg 393w, http:\/\/museumek.eu\/wp-content\/uploads\/2020\/09\/Hertel-Jacob-und-Co-Sch\u00fcssel-5.jpg 474w\" sizes=\"(max-width: 300px) 100vw, 300px\" \/><\/a><\/p>\n","protected":false},"excerpt":{"rendered":"<p>Abteilung Deutschland, Keramik 1860 \u2013 1960, Inventarnummer D\/CLXII\/1 Porzellanfabrik Sch\u00f6dl, Jacob &#038; Co. und Nachf. Porzellanfabrik Hertel, Jacob &#038; Co. und Nachf. Porzellanfabrik Hertel, Jacob &#038; Co. GmbH, Deutschland, Rehau, um 1925, Sch\u00fcssel mit Deckel, K\u00fcnstler unbekannt, Werks.-Nr. ohne, Exemplar &hellip; <a href=\"http:\/\/museumek.eu\/?page_id=49862\">Weiterlesen <span class=\"meta-nav\">&rarr;<\/span><\/a><\/p>\n","protected":false},"author":1,"featured_media":0,"parent":49773,"menu_order":1,"comment_status":"closed","ping_status":"open","template":"","meta":[],"_links":{"self":[{"href":"http:\/\/museumek.eu\/index.php?rest_route=\/wp\/v2\/pages\/49862"}],"collection":[{"href":"http:\/\/museumek.eu\/index.php?rest_route=\/wp\/v2\/pages"}],"about":[{"href":"http:\/\/museumek.eu\/index.php?rest_route=\/wp\/v2\/types\/page"}],"author":[{"embeddable":true,"href":"http:\/\/museumek.eu\/index.php?rest_route=\/wp\/v2\/users\/1"}],"replies":[{"embeddable":true,"href":"http:\/\/museumek.eu\/index.php?rest_route=%2Fwp%2Fv2%2Fcomments&post=49862"}],"version-history":[{"count":6,"href":"http:\/\/museumek.eu\/index.php?rest_route=\/wp\/v2\/pages\/49862\/revisions"}],"predecessor-version":[{"id":55123,"href":"http:\/\/museumek.eu\/index.php?rest_route=\/wp\/v2\/pages\/49862\/revisions\/55123"}],"up":[{"embeddable":true,"href":"http:\/\/museumek.eu\/index.php?rest_route=\/wp\/v2\/pages\/49773"}],"wp:attachment":[{"href":"http:\/\/museumek.eu\/index.php?rest_route=%2Fwp%2Fv2%2Fmedia&parent=49862"}],"curies":[{"name":"wp","href":"https:\/\/api.w.org\/{rel}","templated":true}]}}