{"id":49898,"date":"2020-09-26T18:48:26","date_gmt":"2020-09-26T16:48:26","guid":{"rendered":"http:\/\/museumek.eu\/?page_id=49898"},"modified":"2021-01-14T17:51:56","modified_gmt":"2021-01-14T16:51:56","slug":"dlxxix4","status":"publish","type":"page","link":"http:\/\/museumek.eu\/?page_id=49898","title":{"rendered":"D\/LXXIX\/4"},"content":{"rendered":"<p><strong>Abteilung Deutschland, Keramik 1860 \u2013 1960, Inventarnummer D\/LXXIX\/4<\/strong><\/p>\n<p>Max Roesler Porzellan- und Steingutfabrik und Nachf. Max Roesler Porzellan- und Steingutfabrik AG, Deutschland, Rodach, um 1910, Vase, K\u00fcnstler Gustav Partz, Werks.-Nr. 9319\/2, Exemplar Nr. ohne, gemarkt Firmenmarke Wappenschild mit Heckenrose (Familienwappen der Roeslers) dar\u00fcber RMR (f\u00fcr Rodach und Max Roesler) sowie in einer Umrahmung ENTW. (f\u00fcr Entwurf) darunter PARTZ blaue Stempel unter Glasur, sowie 9319\/2 gepresst, nicht signiert, Literatur: Gisela Reineking von Bock, Meister der Deutschen Keramik 1900 bis 1950, Seite 264, Beschreibung der Fabrik sowie Seite 327, Marke Nr. 176 identisch, weitere Literatur: Otto Pelka, Keramik der Neuzeit, Markentafel Nr. VII, Marke Nr. 119 identisch, Seite 212, Herstellerverzeichnis, Rodach, Max Roesler AG 119 sowie Seite 221 Namenverzeichnis, R\u00f6sler, Max, Steingutfabrik, M 119, weitere Literatur: Gustav Wei\u00df, Ullstein Porzellanbuch, Seite 297, Marke Nr. 9 identisch (dort ebenfalls mit Zusatz RMR), weitere Literatur: Dieter Z\u00fchlsdorff, Markenlexikon Band 1, Porzellan und Keramikreport 1885 &#8211; 1935, Seite 289, Werkteil-Nummer 1, Gruppennummer des Werkteils 5., fortlaufende Nummer der Gruppe 103, dort identische Marke (dort f\u00fcr die Zeit 1894 bis 1924) sowie Seite 594, Werkteil-Nummer 3, fortlaufende Nummer des Werkteils 1066, dort Fabrikbeschreibung, weitere Literatur: Robert E. R\u00f6ntgen, Deutsche Porzellanmarken von 1710 bis heute, Seite 290, dort identische Marke (f\u00fcr die Zeit 1894 bis 1925), die Fabrik wurde 1894 von Max Roesler gegr\u00fcndet, Firmierung Max Roesler Porzellan- und Steingutfabrik, im Jahre 1910 wurde die Fabrik in eine AG umgewandelt, Anteilseigner Max Roesler und Hermann Schraidt, Firmierung ab da Max Roesler Porzellan- und Steingutfabrik AG, 1919 verkaufte Roesler seine Aktienanteile an das Dresdner Bankhaus Gebr\u00fcder Arnold, die die Fabrik einem Industriekonsortium angliederten, 1924 kauft die AG die Gro\u00dfherzogliche Keramische Manufaktur Darmstadt, 1938 wurde die Fabrik an die Siemens-Schuckertwerke verkauft, die bisherige Firmierung wurde bis 1943 beibehalten, seit 1938 wurde aber keine Gebrauchs- und Kunstkeramik mehr produziert, sondern nur noch technische Keramik, an Hand der Markung l\u00e4\u00dft sich kein Produktionsdatum erkennen, insofern ist die zeitliche Zuordnung schwierig, H\u00f6he 20,5 cm, Breite 11,5 cm<\/p>\n<p><a href=\"http:\/\/museumek.eu\/?attachment_id=49891\" rel=\"attachment wp-att-49891\"><img loading=\"lazy\" src=\"http:\/\/museumek.eu\/wp-content\/uploads\/2013\/05\/R\u00f6\u00dfler-Partz-Vase-1-179x300.jpg\" alt=\"\" title=\"R\u00f6\u00dfler Partz Vase 1\" width=\"179\" height=\"300\" class=\"alignnone size-medium wp-image-49891\" srcset=\"http:\/\/museumek.eu\/wp-content\/uploads\/2013\/05\/R\u00f6\u00dfler-Partz-Vase-1-179x300.jpg 179w, http:\/\/museumek.eu\/wp-content\/uploads\/2013\/05\/R\u00f6\u00dfler-Partz-Vase-1-89x150.jpg 89w, http:\/\/museumek.eu\/wp-content\/uploads\/2013\/05\/R\u00f6\u00dfler-Partz-Vase-1.jpg 382w\" sizes=\"(max-width: 179px) 100vw, 179px\" \/><\/a><\/p>\n<p><a href=\"http:\/\/museumek.eu\/?attachment_id=49892\" rel=\"attachment wp-att-49892\"><img loading=\"lazy\" src=\"http:\/\/museumek.eu\/wp-content\/uploads\/2013\/05\/R\u00f6\u00dfler-Partz-Vase-2-193x300.jpg\" alt=\"\" title=\"R\u00f6\u00dfler Partz Vase 2\" width=\"193\" height=\"300\" class=\"alignnone size-medium wp-image-49892\" srcset=\"http:\/\/museumek.eu\/wp-content\/uploads\/2013\/05\/R\u00f6\u00dfler-Partz-Vase-2-193x300.jpg 193w, http:\/\/museumek.eu\/wp-content\/uploads\/2013\/05\/R\u00f6\u00dfler-Partz-Vase-2-96x150.jpg 96w, http:\/\/museumek.eu\/wp-content\/uploads\/2013\/05\/R\u00f6\u00dfler-Partz-Vase-2.jpg 413w\" sizes=\"(max-width: 193px) 100vw, 193px\" \/><\/a><\/p>\n<p><a href=\"http:\/\/museumek.eu\/?attachment_id=49893\" rel=\"attachment wp-att-49893\"><img loading=\"lazy\" src=\"http:\/\/museumek.eu\/wp-content\/uploads\/2013\/05\/R\u00f6\u00dfler-Partz-Vase-3-261x300.jpg\" alt=\"\" title=\"R\u00f6\u00dfler Partz Vase 3\" width=\"261\" height=\"300\" class=\"alignnone size-medium wp-image-49893\" srcset=\"http:\/\/museumek.eu\/wp-content\/uploads\/2013\/05\/R\u00f6\u00dfler-Partz-Vase-3-261x300.jpg 261w, http:\/\/museumek.eu\/wp-content\/uploads\/2013\/05\/R\u00f6\u00dfler-Partz-Vase-3-130x150.jpg 130w, http:\/\/museumek.eu\/wp-content\/uploads\/2013\/05\/R\u00f6\u00dfler-Partz-Vase-3.jpg 480w\" sizes=\"(max-width: 261px) 100vw, 261px\" \/><\/a><\/p>\n<p><a href=\"http:\/\/museumek.eu\/?attachment_id=49894\" rel=\"attachment wp-att-49894\"><img loading=\"lazy\" src=\"http:\/\/museumek.eu\/wp-content\/uploads\/2013\/05\/R\u00f6\u00dfler-Partz-Vase-4-225x300.jpg\" alt=\"\" title=\"R\u00f6\u00dfler Partz Vase 4\" width=\"225\" height=\"300\" class=\"alignnone size-medium wp-image-49894\" srcset=\"http:\/\/museumek.eu\/wp-content\/uploads\/2013\/05\/R\u00f6\u00dfler-Partz-Vase-4-225x300.jpg 225w, http:\/\/museumek.eu\/wp-content\/uploads\/2013\/05\/R\u00f6\u00dfler-Partz-Vase-4-112x150.jpg 112w, http:\/\/museumek.eu\/wp-content\/uploads\/2013\/05\/R\u00f6\u00dfler-Partz-Vase-4.jpg 480w\" sizes=\"(max-width: 225px) 100vw, 225px\" \/><\/a><\/p>\n<p><a href=\"http:\/\/museumek.eu\/?attachment_id=49895\" rel=\"attachment wp-att-49895\"><img loading=\"lazy\" src=\"http:\/\/museumek.eu\/wp-content\/uploads\/2013\/05\/R\u00f6\u00dfler-Partz-Vase-5-300x214.jpg\" alt=\"\" title=\"R\u00f6\u00dfler Partz Vase 5\" width=\"300\" height=\"214\" class=\"alignnone size-medium wp-image-49895\" srcset=\"http:\/\/museumek.eu\/wp-content\/uploads\/2013\/05\/R\u00f6\u00dfler-Partz-Vase-5-300x214.jpg 300w, http:\/\/museumek.eu\/wp-content\/uploads\/2013\/05\/R\u00f6\u00dfler-Partz-Vase-5-150x107.jpg 150w, http:\/\/museumek.eu\/wp-content\/uploads\/2013\/05\/R\u00f6\u00dfler-Partz-Vase-5-420x300.jpg 420w, http:\/\/museumek.eu\/wp-content\/uploads\/2013\/05\/R\u00f6\u00dfler-Partz-Vase-5.jpg 640w\" sizes=\"(max-width: 300px) 100vw, 300px\" \/><\/a><\/p>\n","protected":false},"excerpt":{"rendered":"<p>Abteilung Deutschland, Keramik 1860 \u2013 1960, Inventarnummer D\/LXXIX\/4 Max Roesler Porzellan- und Steingutfabrik und Nachf. Max Roesler Porzellan- und Steingutfabrik AG, Deutschland, Rodach, um 1910, Vase, K\u00fcnstler Gustav Partz, Werks.-Nr. 9319\/2, Exemplar Nr. ohne, gemarkt Firmenmarke Wappenschild mit Heckenrose (Familienwappen &hellip; <a href=\"http:\/\/museumek.eu\/?page_id=49898\">Weiterlesen <span class=\"meta-nav\">&rarr;<\/span><\/a><\/p>\n","protected":false},"author":1,"featured_media":0,"parent":22061,"menu_order":4,"comment_status":"closed","ping_status":"open","template":"","meta":[],"_links":{"self":[{"href":"http:\/\/museumek.eu\/index.php?rest_route=\/wp\/v2\/pages\/49898"}],"collection":[{"href":"http:\/\/museumek.eu\/index.php?rest_route=\/wp\/v2\/pages"}],"about":[{"href":"http:\/\/museumek.eu\/index.php?rest_route=\/wp\/v2\/types\/page"}],"author":[{"embeddable":true,"href":"http:\/\/museumek.eu\/index.php?rest_route=\/wp\/v2\/users\/1"}],"replies":[{"embeddable":true,"href":"http:\/\/museumek.eu\/index.php?rest_route=%2Fwp%2Fv2%2Fcomments&post=49898"}],"version-history":[{"count":4,"href":"http:\/\/museumek.eu\/index.php?rest_route=\/wp\/v2\/pages\/49898\/revisions"}],"predecessor-version":[{"id":52172,"href":"http:\/\/museumek.eu\/index.php?rest_route=\/wp\/v2\/pages\/49898\/revisions\/52172"}],"up":[{"embeddable":true,"href":"http:\/\/museumek.eu\/index.php?rest_route=\/wp\/v2\/pages\/22061"}],"wp:attachment":[{"href":"http:\/\/museumek.eu\/index.php?rest_route=%2Fwp%2Fv2%2Fmedia&parent=49898"}],"curies":[{"name":"wp","href":"https:\/\/api.w.org\/{rel}","templated":true}]}}