{"id":50100,"date":"2020-10-04T11:59:43","date_gmt":"2020-10-04T09:59:43","guid":{"rendered":"http:\/\/museumek.eu\/?page_id=50100"},"modified":"2020-10-04T12:01:52","modified_gmt":"2020-10-04T10:01:52","slug":"fotos-und-beschreibung","status":"publish","type":"page","link":"http:\/\/museumek.eu\/?page_id=50100","title":{"rendered":"Fotos und Beschreibung"},"content":{"rendered":"<p><strong>Abteilung England, Keramik 1860 \u2013 1960, Inventarnummer E\/XXIII\/1<\/strong><\/p>\n<p>Bretby Art Pottery u. Nachf. Tooth &#038; Co., England, Woodville, Derbyshire, um 1925, Vase, K\u00fcnstler unbekannt, Werks.-Nr. 2443 C, Exemplar Nr. ohne, gemarkt Firmenmarke BRETBY in einem Rechteck, dar\u00fcber eine halbe aufgehende Sonne (sogen. sunburst Marke, g\u00fcltig ab 1884), dar\u00fcber halbkreisf\u00f6rmig ENGLAND sowie unter BRETBY eine Art Sonnensymbol und 2443 C gepresst, nicht signiert, Literatur: Malcolm Haslam, ENGLISH ART POTTERY 1865 &#8211; 1915, Seite 204, Marke Nr. 6 identisch, die Kunstt\u00f6pferei wurde 1882 von Henry Tooth und William Ault in Woodville gegr\u00fcndet, die Produktion startete am 25.10.1883, Firmierung Bretby Art Pottery, 1884 wurde die sunburst Marke amtlich registriert, am 01. Januar 1887 wurde die Partnerschaft aufgel\u00f6st, weil Ault seine eigene T\u00f6pferei in Swadlincote gr\u00fcndete, Firmierung ab da Tooth &#038; Co., die T\u00f6pferei bestand bis 1993, zeitliche Einordnung: von 1924 bis 1928 wurden die Designnummern 2326 bis 2984 vergeben,<br \/>\nH\u00f6he 11,3 cm, Breite 13 cm<\/p>\n<p><a href=\"http:\/\/museumek.eu\/?attachment_id=50101\" rel=\"attachment wp-att-50101\"><img loading=\"lazy\" src=\"http:\/\/museumek.eu\/wp-content\/uploads\/2020\/10\/Bretby-Vase-1-298x300.jpg\" alt=\"\" title=\"Bretby Vase 1\" width=\"298\" height=\"300\" class=\"alignnone size-medium wp-image-50101\" srcset=\"http:\/\/museumek.eu\/wp-content\/uploads\/2020\/10\/Bretby-Vase-1-298x300.jpg 298w, http:\/\/museumek.eu\/wp-content\/uploads\/2020\/10\/Bretby-Vase-1-150x150.jpg 150w, http:\/\/museumek.eu\/wp-content\/uploads\/2020\/10\/Bretby-Vase-1.jpg 480w\" sizes=\"(max-width: 298px) 100vw, 298px\" \/><\/a><\/p>\n<p><a href=\"http:\/\/museumek.eu\/?attachment_id=50102\" rel=\"attachment wp-att-50102\"><img loading=\"lazy\" src=\"http:\/\/museumek.eu\/wp-content\/uploads\/2020\/10\/Bretby-Vase-2-271x300.jpg\" alt=\"\" title=\"Bretby Vase 2\" width=\"271\" height=\"300\" class=\"alignnone size-medium wp-image-50102\" srcset=\"http:\/\/museumek.eu\/wp-content\/uploads\/2020\/10\/Bretby-Vase-2-271x300.jpg 271w, http:\/\/museumek.eu\/wp-content\/uploads\/2020\/10\/Bretby-Vase-2-135x150.jpg 135w, http:\/\/museumek.eu\/wp-content\/uploads\/2020\/10\/Bretby-Vase-2.jpg 480w\" sizes=\"(max-width: 271px) 100vw, 271px\" \/><\/a><\/p>\n<p><a href=\"http:\/\/museumek.eu\/?attachment_id=50103\" rel=\"attachment wp-att-50103\"><img loading=\"lazy\" src=\"http:\/\/museumek.eu\/wp-content\/uploads\/2020\/10\/Bretby-Vase-3-273x300.jpg\" alt=\"\" title=\"Bretby Vase 3\" width=\"273\" height=\"300\" class=\"alignnone size-medium wp-image-50103\" srcset=\"http:\/\/museumek.eu\/wp-content\/uploads\/2020\/10\/Bretby-Vase-3-273x300.jpg 273w, http:\/\/museumek.eu\/wp-content\/uploads\/2020\/10\/Bretby-Vase-3-136x150.jpg 136w, http:\/\/museumek.eu\/wp-content\/uploads\/2020\/10\/Bretby-Vase-3.jpg 480w\" sizes=\"(max-width: 273px) 100vw, 273px\" \/><\/a><\/p>\n<p><a href=\"http:\/\/museumek.eu\/?attachment_id=50106\" rel=\"attachment wp-att-50106\"><img loading=\"lazy\" src=\"http:\/\/museumek.eu\/wp-content\/uploads\/2020\/10\/Bretby-Vase-4-294x300.jpg\" alt=\"\" title=\"Bretby Vase 4\" width=\"294\" height=\"300\" class=\"alignnone size-medium wp-image-50106\" srcset=\"http:\/\/museumek.eu\/wp-content\/uploads\/2020\/10\/Bretby-Vase-4-294x300.jpg 294w, http:\/\/museumek.eu\/wp-content\/uploads\/2020\/10\/Bretby-Vase-4-147x150.jpg 147w, http:\/\/museumek.eu\/wp-content\/uploads\/2020\/10\/Bretby-Vase-4.jpg 480w\" sizes=\"(max-width: 294px) 100vw, 294px\" \/><\/a><\/p>\n<p><a href=\"http:\/\/museumek.eu\/?attachment_id=50104\" rel=\"attachment wp-att-50104\"><img loading=\"lazy\" src=\"http:\/\/museumek.eu\/wp-content\/uploads\/2020\/10\/Bretby-Vase-5-300x262.jpg\" alt=\"\" title=\"Bretby Vase 5\" width=\"300\" height=\"262\" class=\"alignnone size-medium wp-image-50104\" srcset=\"http:\/\/museumek.eu\/wp-content\/uploads\/2020\/10\/Bretby-Vase-5-300x262.jpg 300w, http:\/\/museumek.eu\/wp-content\/uploads\/2020\/10\/Bretby-Vase-5-150x131.jpg 150w, http:\/\/museumek.eu\/wp-content\/uploads\/2020\/10\/Bretby-Vase-5-343x300.jpg 343w, http:\/\/museumek.eu\/wp-content\/uploads\/2020\/10\/Bretby-Vase-5.jpg 549w\" sizes=\"(max-width: 300px) 100vw, 300px\" \/><\/a><\/p>\n<p><a href=\"http:\/\/museumek.eu\/?attachment_id=50105\" rel=\"attachment wp-att-50105\"><img loading=\"lazy\" src=\"http:\/\/museumek.eu\/wp-content\/uploads\/2020\/10\/Bretby-Vase-6-300x150.jpg\" alt=\"\" title=\"Bretby Vase 6\" width=\"300\" height=\"150\" class=\"alignnone size-medium wp-image-50105\" srcset=\"http:\/\/museumek.eu\/wp-content\/uploads\/2020\/10\/Bretby-Vase-6-300x150.jpg 300w, http:\/\/museumek.eu\/wp-content\/uploads\/2020\/10\/Bretby-Vase-6-150x75.jpg 150w, http:\/\/museumek.eu\/wp-content\/uploads\/2020\/10\/Bretby-Vase-6-500x250.jpg 500w, http:\/\/museumek.eu\/wp-content\/uploads\/2020\/10\/Bretby-Vase-6.jpg 640w\" sizes=\"(max-width: 300px) 100vw, 300px\" \/><\/a><\/p>\n","protected":false},"excerpt":{"rendered":"<p>Abteilung England, Keramik 1860 \u2013 1960, Inventarnummer E\/XXIII\/1 Bretby Art Pottery u. Nachf. Tooth &#038; Co., England, Woodville, Derbyshire, um 1925, Vase, K\u00fcnstler unbekannt, Werks.-Nr. 2443 C, Exemplar Nr. ohne, gemarkt Firmenmarke BRETBY in einem Rechteck, dar\u00fcber eine halbe aufgehende &hellip; <a href=\"http:\/\/museumek.eu\/?page_id=50100\">Weiterlesen <span class=\"meta-nav\">&rarr;<\/span><\/a><\/p>\n","protected":false},"author":1,"featured_media":0,"parent":50081,"menu_order":1,"comment_status":"closed","ping_status":"open","template":"","meta":[],"_links":{"self":[{"href":"http:\/\/museumek.eu\/index.php?rest_route=\/wp\/v2\/pages\/50100"}],"collection":[{"href":"http:\/\/museumek.eu\/index.php?rest_route=\/wp\/v2\/pages"}],"about":[{"href":"http:\/\/museumek.eu\/index.php?rest_route=\/wp\/v2\/types\/page"}],"author":[{"embeddable":true,"href":"http:\/\/museumek.eu\/index.php?rest_route=\/wp\/v2\/users\/1"}],"replies":[{"embeddable":true,"href":"http:\/\/museumek.eu\/index.php?rest_route=%2Fwp%2Fv2%2Fcomments&post=50100"}],"version-history":[{"count":5,"href":"http:\/\/museumek.eu\/index.php?rest_route=\/wp\/v2\/pages\/50100\/revisions"}],"predecessor-version":[{"id":50111,"href":"http:\/\/museumek.eu\/index.php?rest_route=\/wp\/v2\/pages\/50100\/revisions\/50111"}],"up":[{"embeddable":true,"href":"http:\/\/museumek.eu\/index.php?rest_route=\/wp\/v2\/pages\/50081"}],"wp:attachment":[{"href":"http:\/\/museumek.eu\/index.php?rest_route=%2Fwp%2Fv2%2Fmedia&parent=50100"}],"curies":[{"name":"wp","href":"https:\/\/api.w.org\/{rel}","templated":true}]}}