{"id":50387,"date":"2020-10-23T23:06:29","date_gmt":"2020-10-23T21:06:29","guid":{"rendered":"http:\/\/museumek.eu\/?page_id=50387"},"modified":"2020-10-23T23:06:29","modified_gmt":"2020-10-23T21:06:29","slug":"ai182","status":"publish","type":"page","link":"http:\/\/museumek.eu\/?page_id=50387","title":{"rendered":"A\/I\/182"},"content":{"rendered":"<p><strong>Abteilung Austria\/Ungarn\/B\u00f6hmen, Keramik 1860 \u2013 1960, Inventarnummer A\/I\/182<\/strong><\/p>\n<p>Erste Wiener Terrakottafabrik und Atelier f\u00fcr k\u00fcnstlerische Fayencen Friedrich Goldscheider, Austria, Wien, 1914\/1915, Figur Stehendes kleines M\u00e4dchen auf Rundsockel, K\u00fcnstler Johann Petrides, Werks.-Nr. 4644\/Exemplar Nr. 47\/Modelleur Nr. 10, gemarkt Firmenmarke als Sculpturmarke, 4644, 47 sowie 10 gepresst, Firmenmarke mit F, G, \u00f6sterreichischem Adler mit Doppelkopf sowie Wien in eine Kreis schwarzer Stempel unter Glasur, 4 schwarz auf Glasur gemalt, Petri (f\u00fcr Petrides) geritzt, signiert Petri, Literatur: Robert E. Dechant\/Filipp Goldscheider, Firmengeschichte und Werkverzeichnis, Seite 390, dort noch ohne Foto erfasst und genau Beschreibung erfasst, allerdings in der Ausf\u00fchrung Alabaster, Seite 604, Firmenmarke GS Adler 16 (f\u00fcr die Zeit ca. 1900 \u2013 1918) identisch sowie nicht im Werkverzeichnis aufgef\u00fchrte gepresste Sculptur Marke, die Urspr\u00fcnge der Firma gehen zur\u00fcck auf das Pilsener Handelsunternehmen Moritz Goldscheider der 1860\u2018 Jahre, nach dem Tode von Moritz Goldscheider werden die Br\u00fcder Eduard und Friedrich Goldscheider Eigent\u00fcmer und firmieren ab 1877 als M. Goldscheider\u2019s Erben, Thon-und Kunststeinmanufactur Werk Moldau und ab 1878 als Br\u00fcder Goldscheider, im Jahre 1878 wandert Friedrich Goldscheider nach Wien aus und Eduard f\u00fchrt die Firma in Pilsen bis zum Konkurs 1892 allein weiter, Friedrich Goldscheider firmiert in Wien ab 1880 als Goldscheider\u2019sche Porzellan-Manufaktur und Porzellanmalerei, neben Handelsgesch\u00e4ften betreibt die Firma vorwiegend die Porzellanmalerei, das Porzellan wird von b\u00f6hmischen Manufakturen bezogen und teilweise auch in B\u00f6hmen bemalt, ab 1885 \u00e4ndert sich die Firmierung in Goldscheider\u2019sche Porzellan-Manufaktur und Majolicafabrik, das Jahr 1885 gilt als das offizielle Gr\u00fcndungsjahr, ab 1887 bezeichnet Friedrich Goldscheider seine Fabrik als Erste Wiener Terracotta- und Majolika-Fabrik Friedrich Goldscheider oder als Erste Wiener Kunst-Terracotta-Fabrik und kunstgewerbliche Ateliers Friedrich Goldscheider und offiziell ab 1894 als Friedrich Goldscheider Erste Wiener Terrakottafabrik, Friedrich Goldscheider stirbt im Jahre 1897, seine Ehefrau Regine Goldscheider wird Alleineigent\u00fcmer und firmiert ab 1899 als Friedrich Goldscheider in Wien, Berlin und Leipzig, ab 1907 firmiert die Firma als Erste Wiener Terrakottafabrik und Atelier f\u00fcr k\u00fcnstlerische Fayencen Friedrich Goldscheider, im Jahre 1918 stirbt Regine und die S\u00f6hne Walter und Marcell Goldscheider werden Inhaber, ab 1921 \u00e4ndert sich die Firmierung in Wiener Manufaktur Friedrich Goldscheider, 1928 scheidet Marcell Goldscheider aus und gr\u00fcndet seine eigene Firma in Wien, 1939 wird die Firma arisiert und Josef Schuster wird Inhaber, Firmierung ab 1939, Wiener Manufaktur Friedrich Goldscheider Nachf., Inhaber Josef Schuster, ab 1941 lautet die Firmierung Wiener Manufaktur Josef Schuster, vorm. Friedrich Goldscheider, nach dem WK II erh\u00e4lt Friedrich Goldscheider seine Firma zur\u00fcck und firmiert ab 1950 wieder als Wiener Manufaktur Friedrich Goldscheider, in dieser Zeit verkauft er die Firma an die Majolikafabrik Carstens, in Fredelsloh, die in Fredelsloh Wiederauflagen alter Modelle in minderwertigem braunem Ton aber auch neue Modelle ebenfalls in dieser Tonart produziert, ab 1953 firmiert die Firma als Kunstkeramische Manufaktur Goldscheider GmbH und 1960 wird die Produktion in Fredelsloh eingestellt, <strong>das MEK Exemplar dieser Figur ist das Einzige bisher bekannte Exemplar, nach den Ausf\u00fchrungen von Dechant\/Goldscheider wurde ein Exemplar, in der Ausf\u00fchrung Alabaster, \u00fcber ebay versteigert<\/strong>,<br \/>\nH\u00f6he 25,5 cm, Breite 8 cm<\/p>\n<p><a href=\"http:\/\/museumek.eu\/?attachment_id=50364\" rel=\"attachment wp-att-50364\"><img loading=\"lazy\" src=\"http:\/\/museumek.eu\/wp-content\/uploads\/2020\/04\/Petrides-kleines-M\u00e4dchen-Goldscheider-1-128x300.jpg\" alt=\"\" title=\"Petrides kleines M\u00e4dchen Goldscheider 1\" width=\"128\" height=\"300\" class=\"alignnone size-medium wp-image-50364\" srcset=\"http:\/\/museumek.eu\/wp-content\/uploads\/2020\/04\/Petrides-kleines-M\u00e4dchen-Goldscheider-1-128x300.jpg 128w, http:\/\/museumek.eu\/wp-content\/uploads\/2020\/04\/Petrides-kleines-M\u00e4dchen-Goldscheider-1-64x150.jpg 64w, http:\/\/museumek.eu\/wp-content\/uploads\/2020\/04\/Petrides-kleines-M\u00e4dchen-Goldscheider-1.jpg 274w\" sizes=\"(max-width: 128px) 100vw, 128px\" \/><\/a><\/p>\n<p><a href=\"http:\/\/museumek.eu\/?attachment_id=50365\" rel=\"attachment wp-att-50365\"><img loading=\"lazy\" src=\"http:\/\/museumek.eu\/wp-content\/uploads\/2020\/04\/Petrides-kleines-M\u00e4dchen-Goldscheider-2-115x300.jpg\" alt=\"\" title=\"Petrides kleines M\u00e4dchen Goldscheider 2\" width=\"115\" height=\"300\" class=\"alignnone size-medium wp-image-50365\" srcset=\"http:\/\/museumek.eu\/wp-content\/uploads\/2020\/04\/Petrides-kleines-M\u00e4dchen-Goldscheider-2-115x300.jpg 115w, http:\/\/museumek.eu\/wp-content\/uploads\/2020\/04\/Petrides-kleines-M\u00e4dchen-Goldscheider-2-57x150.jpg 57w, http:\/\/museumek.eu\/wp-content\/uploads\/2020\/04\/Petrides-kleines-M\u00e4dchen-Goldscheider-2.jpg 246w\" sizes=\"(max-width: 115px) 100vw, 115px\" \/><\/a><\/p>\n<p><a href=\"http:\/\/museumek.eu\/?attachment_id=50366\" rel=\"attachment wp-att-50366\"><img loading=\"lazy\" src=\"http:\/\/museumek.eu\/wp-content\/uploads\/2020\/04\/Petrides-kleines-M\u00e4dchen-Goldscheider-3-118x300.jpg\" alt=\"\" title=\"Petrides kleines M\u00e4dchen Goldscheider 3\" width=\"118\" height=\"300\" class=\"alignnone size-medium wp-image-50366\" srcset=\"http:\/\/museumek.eu\/wp-content\/uploads\/2020\/04\/Petrides-kleines-M\u00e4dchen-Goldscheider-3-118x300.jpg 118w, http:\/\/museumek.eu\/wp-content\/uploads\/2020\/04\/Petrides-kleines-M\u00e4dchen-Goldscheider-3-59x150.jpg 59w\" sizes=\"(max-width: 118px) 100vw, 118px\" \/><\/a><\/p>\n<p><a href=\"http:\/\/museumek.eu\/?attachment_id=50369\" rel=\"attachment wp-att-50369\"><img loading=\"lazy\" src=\"http:\/\/museumek.eu\/wp-content\/uploads\/2020\/04\/Petrides-kleines-M\u00e4dchen-Goldscheider-4-122x300.jpg\" alt=\"\" title=\"Petrides kleines M\u00e4dchen Goldscheider 4\" width=\"122\" height=\"300\" class=\"alignnone size-medium wp-image-50369\" srcset=\"http:\/\/museumek.eu\/wp-content\/uploads\/2020\/04\/Petrides-kleines-M\u00e4dchen-Goldscheider-4-122x300.jpg 122w, http:\/\/museumek.eu\/wp-content\/uploads\/2020\/04\/Petrides-kleines-M\u00e4dchen-Goldscheider-4-61x150.jpg 61w\" sizes=\"(max-width: 122px) 100vw, 122px\" \/><\/a><\/p>\n<p><a href=\"http:\/\/museumek.eu\/?attachment_id=50370\" rel=\"attachment wp-att-50370\"><img loading=\"lazy\" src=\"http:\/\/museumek.eu\/wp-content\/uploads\/2020\/04\/Petrides-kleines-M\u00e4dchen-Goldscheider-5-300x152.jpg\" alt=\"\" title=\"Petrides kleines M\u00e4dchen Goldscheider 5\" width=\"300\" height=\"152\" class=\"alignnone size-medium wp-image-50370\" srcset=\"http:\/\/museumek.eu\/wp-content\/uploads\/2020\/04\/Petrides-kleines-M\u00e4dchen-Goldscheider-5-300x152.jpg 300w, http:\/\/museumek.eu\/wp-content\/uploads\/2020\/04\/Petrides-kleines-M\u00e4dchen-Goldscheider-5-150x76.jpg 150w, http:\/\/museumek.eu\/wp-content\/uploads\/2020\/04\/Petrides-kleines-M\u00e4dchen-Goldscheider-5-500x253.jpg 500w, http:\/\/museumek.eu\/wp-content\/uploads\/2020\/04\/Petrides-kleines-M\u00e4dchen-Goldscheider-5.jpg 640w\" sizes=\"(max-width: 300px) 100vw, 300px\" \/><\/a><\/p>\n<p><a href=\"http:\/\/museumek.eu\/?attachment_id=50371\" rel=\"attachment wp-att-50371\"><img loading=\"lazy\" src=\"http:\/\/museumek.eu\/wp-content\/uploads\/2020\/04\/Petrides-kleines-M\u00e4dchen-Goldscheider-6-175x300.jpg\" alt=\"\" title=\"Petrides kleines M\u00e4dchen Goldscheider 6\" width=\"175\" height=\"300\" class=\"alignnone size-medium wp-image-50371\" srcset=\"http:\/\/museumek.eu\/wp-content\/uploads\/2020\/04\/Petrides-kleines-M\u00e4dchen-Goldscheider-6-175x300.jpg 175w, http:\/\/museumek.eu\/wp-content\/uploads\/2020\/04\/Petrides-kleines-M\u00e4dchen-Goldscheider-6-87x150.jpg 87w, http:\/\/museumek.eu\/wp-content\/uploads\/2020\/04\/Petrides-kleines-M\u00e4dchen-Goldscheider-6.jpg 375w\" sizes=\"(max-width: 175px) 100vw, 175px\" \/><\/a><\/p>\n<p><a href=\"http:\/\/museumek.eu\/?attachment_id=50375\" rel=\"attachment wp-att-50375\"><img loading=\"lazy\" src=\"http:\/\/museumek.eu\/wp-content\/uploads\/2020\/04\/Petrides-kleines-M\u00e4dchen-Goldscheider-71-300x238.jpg\" alt=\"\" title=\"Petrides kleines M\u00e4dchen Goldscheider 7\" width=\"300\" height=\"238\" class=\"alignnone size-medium wp-image-50375\" srcset=\"http:\/\/museumek.eu\/wp-content\/uploads\/2020\/04\/Petrides-kleines-M\u00e4dchen-Goldscheider-71-300x238.jpg 300w, http:\/\/museumek.eu\/wp-content\/uploads\/2020\/04\/Petrides-kleines-M\u00e4dchen-Goldscheider-71-150x119.jpg 150w, http:\/\/museumek.eu\/wp-content\/uploads\/2020\/04\/Petrides-kleines-M\u00e4dchen-Goldscheider-71-376x300.jpg 376w, http:\/\/museumek.eu\/wp-content\/uploads\/2020\/04\/Petrides-kleines-M\u00e4dchen-Goldscheider-71.jpg 603w\" sizes=\"(max-width: 300px) 100vw, 300px\" \/><\/a><\/p>\n<p><a href=\"http:\/\/museumek.eu\/?attachment_id=50376\" rel=\"attachment wp-att-50376\"><img loading=\"lazy\" src=\"http:\/\/museumek.eu\/wp-content\/uploads\/2020\/04\/Petrides-kleines-M\u00e4dchen-Goldscheider-8-300x297.jpg\" alt=\"\" title=\"Petrides kleines M\u00e4dchen Goldscheider 8\" width=\"300\" height=\"297\" class=\"alignnone size-medium wp-image-50376\" srcset=\"http:\/\/museumek.eu\/wp-content\/uploads\/2020\/04\/Petrides-kleines-M\u00e4dchen-Goldscheider-8-300x297.jpg 300w, http:\/\/museumek.eu\/wp-content\/uploads\/2020\/04\/Petrides-kleines-M\u00e4dchen-Goldscheider-8-150x148.jpg 150w, http:\/\/museumek.eu\/wp-content\/uploads\/2020\/04\/Petrides-kleines-M\u00e4dchen-Goldscheider-8-302x300.jpg 302w, http:\/\/museumek.eu\/wp-content\/uploads\/2020\/04\/Petrides-kleines-M\u00e4dchen-Goldscheider-8.jpg 484w\" sizes=\"(max-width: 300px) 100vw, 300px\" \/><\/a><\/p>\n<p><a href=\"http:\/\/museumek.eu\/?attachment_id=50380\" rel=\"attachment wp-att-50380\"><img loading=\"lazy\" src=\"http:\/\/museumek.eu\/wp-content\/uploads\/2020\/04\/Petrides-kleines-M\u00e4dchen-Goldscheider-10-213x300.jpg\" alt=\"\" title=\"Petrides kleines M\u00e4dchen Goldscheider 10\" width=\"213\" height=\"300\" class=\"alignnone size-medium wp-image-50380\" srcset=\"http:\/\/museumek.eu\/wp-content\/uploads\/2020\/04\/Petrides-kleines-M\u00e4dchen-Goldscheider-10-213x300.jpg 213w, http:\/\/museumek.eu\/wp-content\/uploads\/2020\/04\/Petrides-kleines-M\u00e4dchen-Goldscheider-10-106x150.jpg 106w, http:\/\/museumek.eu\/wp-content\/uploads\/2020\/04\/Petrides-kleines-M\u00e4dchen-Goldscheider-10.jpg 456w\" sizes=\"(max-width: 213px) 100vw, 213px\" \/><\/a><\/p>\n<p><a href=\"http:\/\/museumek.eu\/?attachment_id=50379\" rel=\"attachment wp-att-50379\"><img loading=\"lazy\" src=\"http:\/\/museumek.eu\/wp-content\/uploads\/2020\/04\/Petrides-kleines-M\u00e4dchen-Goldscheider-9-282x300.jpg\" alt=\"\" title=\"Petrides kleines M\u00e4dchen Goldscheider 9\" width=\"282\" height=\"300\" class=\"alignnone size-medium wp-image-50379\" srcset=\"http:\/\/museumek.eu\/wp-content\/uploads\/2020\/04\/Petrides-kleines-M\u00e4dchen-Goldscheider-9-282x300.jpg 282w, http:\/\/museumek.eu\/wp-content\/uploads\/2020\/04\/Petrides-kleines-M\u00e4dchen-Goldscheider-9-141x150.jpg 141w, http:\/\/museumek.eu\/wp-content\/uploads\/2020\/04\/Petrides-kleines-M\u00e4dchen-Goldscheider-9.jpg 480w\" sizes=\"(max-width: 282px) 100vw, 282px\" \/><\/a><\/p>\n","protected":false},"excerpt":{"rendered":"<p>Abteilung Austria\/Ungarn\/B\u00f6hmen, Keramik 1860 \u2013 1960, Inventarnummer A\/I\/182 Erste Wiener Terrakottafabrik und Atelier f\u00fcr k\u00fcnstlerische Fayencen Friedrich Goldscheider, Austria, Wien, 1914\/1915, Figur Stehendes kleines M\u00e4dchen auf Rundsockel, K\u00fcnstler Johann Petrides, Werks.-Nr. 4644\/Exemplar Nr. 47\/Modelleur Nr. 10, gemarkt Firmenmarke als Sculpturmarke, &hellip; <a href=\"http:\/\/museumek.eu\/?page_id=50387\">Weiterlesen <span class=\"meta-nav\">&rarr;<\/span><\/a><\/p>\n","protected":false},"author":1,"featured_media":0,"parent":45965,"menu_order":182,"comment_status":"closed","ping_status":"open","template":"","meta":[],"_links":{"self":[{"href":"http:\/\/museumek.eu\/index.php?rest_route=\/wp\/v2\/pages\/50387"}],"collection":[{"href":"http:\/\/museumek.eu\/index.php?rest_route=\/wp\/v2\/pages"}],"about":[{"href":"http:\/\/museumek.eu\/index.php?rest_route=\/wp\/v2\/types\/page"}],"author":[{"embeddable":true,"href":"http:\/\/museumek.eu\/index.php?rest_route=\/wp\/v2\/users\/1"}],"replies":[{"embeddable":true,"href":"http:\/\/museumek.eu\/index.php?rest_route=%2Fwp%2Fv2%2Fcomments&post=50387"}],"version-history":[{"count":2,"href":"http:\/\/museumek.eu\/index.php?rest_route=\/wp\/v2\/pages\/50387\/revisions"}],"predecessor-version":[{"id":50389,"href":"http:\/\/museumek.eu\/index.php?rest_route=\/wp\/v2\/pages\/50387\/revisions\/50389"}],"up":[{"embeddable":true,"href":"http:\/\/museumek.eu\/index.php?rest_route=\/wp\/v2\/pages\/45965"}],"wp:attachment":[{"href":"http:\/\/museumek.eu\/index.php?rest_route=%2Fwp%2Fv2%2Fmedia&parent=50387"}],"curies":[{"name":"wp","href":"https:\/\/api.w.org\/{rel}","templated":true}]}}