{"id":50414,"date":"2020-10-24T22:17:06","date_gmt":"2020-10-24T20:17:06","guid":{"rendered":"http:\/\/museumek.eu\/?page_id=50414"},"modified":"2020-10-24T22:17:07","modified_gmt":"2020-10-24T20:17:07","slug":"dxxxvii89","status":"publish","type":"page","link":"http:\/\/museumek.eu\/?page_id=50414","title":{"rendered":"D\/XXXVII\/89"},"content":{"rendered":"<p><strong>Abteilung Deutschland, Keramik 1860 \u2013 1960, Inventarnummer D\/XXXVII\/89<\/strong><\/p>\n<p>Thonwaaren \u2013 Fabrik Marzi &#038; Remy, Deutschland, H\u00f6hr, nach 1900, Krug, K\u00fcnstler unbekannt, Werks.-Nr. 2025, Exemplar Nr. ohne, gemarkt Firmenmarke als stilisierte T\u00f6pfermarke, bestehend aus Mittelachse, daran Antriebstretscheibe, diese immer in einem quadratischen oder trapezf\u00f6rmigen Rahmen, manchmal auch mit M links neben der Mittelachse und R rechts neben der Mittelachse (f\u00fcr Marzi &#038; Remy), Drehscheibe \u00fcber dem Rahmen, darauf eine Vase, zweimal 2349 (einmal am Boden und einmal unter dem Henkel), 8, MADE IN GERMANY sowie 0,5 l (kein Eichstrich und l f\u00fcr Liter klein) gepresst, 14 geritzt, nicht signiert, Literatur: J\u00fcrgen Erlebach, J\u00fcrgen Schimanski, Westerw\u00e4lder Steinzeug, Die Neue \u00c4ra 1900 \u2013 1930, Jugendstil und Werkbund, Seite 72, Marke Nr. 17 identisch, weitere Literatur: Gisela Reineking von Bock, Meister der deutschen Keramik, Seite 329, Marke Nr. 218 identisch (dort noch als unbekannte Marke gef\u00fchrt), weitere Literatur: J\u00fcrgen Schimanski, Braun geflammt und grau gesalzen, Seite 203, Beschreibung der Fabrik sowie Marke Nr. 17 identisch, au\u00dferdem dort beschrieben, dass eine eigene Firmenmarke erst Anfang der 1920\u2018 Jahre eingef\u00fchrt worden ist und dass Erzeugnisse der fr\u00fcheren Jahre oft mit dem Schriftzug \u201eGesetzl. Gesch\u00fctzt\u201c gemarkt sind, diese Beschreibung stellt das MEK bez\u00fcglich der Fabrikmarke in Frage, da unter http:\/\/www.steinmarks.co.uk\/pages\/pv.asp?p=stein164, verschiedene Fabrikmarken mit fr\u00fchen Werksnummern aus dem 1900 Jahrhundert abgebildet sind, eine Fabrikmarke sogar mit dem Zusatz Gesetzl. Gesch\u00fctzt, die Fabrik wurde 1879 von Anton Marzi und seinem Schwager Simon Peter Remy in H\u00f6hr gegr\u00fcndet und firmierte als Thonwaaren \u2013 Fabrik Marzi &#038; Remy, ab 1881 wurde eine eigene Zinngie\u00dferei angeschafft und ab 1883 neben dem grau \u2013 blau salzglasiertem Steinzeug auch Elfenbeinsteinzeug produziert, Simon Peter Remy verstarb 1919 und sein Sohn Werner Remy trat in die Fabrik ein, 1924 verstarb Anton Marzi und sein Schwiegersohn Johann Otto B\u00fchler trat in die Fabrik ein, Werner Remy verlie\u00df 1931 die Fabrik, 1941 trat Johann Otto B\u00fchlers Sohn Otto B\u00fchler in die Fabrik ein und 1953 dessen Sohn Otto Georg B\u00fchler, die Fabrik war bis zum Konkurs in den 1990\u2018 Jahren immer in Familienbesitz, H\u00f6he 18 cm, Breite 13,5 cm (nur die Keramik)<\/p>\n<p><a href=\"http:\/\/museumek.eu\/?attachment_id=50395\" rel=\"attachment wp-att-50395\"><img loading=\"lazy\" src=\"http:\/\/museumek.eu\/wp-content\/uploads\/2015\/08\/Marzi-Remy-Krug-2025-1-131x300.jpg\" alt=\"\" title=\"Marzi &amp; Remy Krug 2025 1\" width=\"131\" height=\"300\" class=\"alignnone size-medium wp-image-50395\" srcset=\"http:\/\/museumek.eu\/wp-content\/uploads\/2015\/08\/Marzi-Remy-Krug-2025-1-131x300.jpg 131w, http:\/\/museumek.eu\/wp-content\/uploads\/2015\/08\/Marzi-Remy-Krug-2025-1-65x150.jpg 65w, http:\/\/museumek.eu\/wp-content\/uploads\/2015\/08\/Marzi-Remy-Krug-2025-1.jpg 280w\" sizes=\"(max-width: 131px) 100vw, 131px\" \/><\/a><\/p>\n<p><a href=\"http:\/\/museumek.eu\/?attachment_id=50396\" rel=\"attachment wp-att-50396\"><img loading=\"lazy\" src=\"http:\/\/museumek.eu\/wp-content\/uploads\/2015\/08\/Marzi-Remy-Krug-2025-2-174x300.jpg\" alt=\"\" title=\"Marzi &amp; Remy Krug 2025 2\" width=\"174\" height=\"300\" class=\"alignnone size-medium wp-image-50396\" srcset=\"http:\/\/museumek.eu\/wp-content\/uploads\/2015\/08\/Marzi-Remy-Krug-2025-2-174x300.jpg 174w, http:\/\/museumek.eu\/wp-content\/uploads\/2015\/08\/Marzi-Remy-Krug-2025-2-87x150.jpg 87w, http:\/\/museumek.eu\/wp-content\/uploads\/2015\/08\/Marzi-Remy-Krug-2025-2.jpg 373w\" sizes=\"(max-width: 174px) 100vw, 174px\" \/><\/a><\/p>\n<p><a href=\"http:\/\/museumek.eu\/?attachment_id=50399\" rel=\"attachment wp-att-50399\"><img loading=\"lazy\" src=\"http:\/\/museumek.eu\/wp-content\/uploads\/2015\/08\/Marzi-Remy-Krug-2025-3-162x300.jpg\" alt=\"\" title=\"Marzi &amp; Remy Krug 2025 3\" width=\"162\" height=\"300\" class=\"alignnone size-medium wp-image-50399\" srcset=\"http:\/\/museumek.eu\/wp-content\/uploads\/2015\/08\/Marzi-Remy-Krug-2025-3-162x300.jpg 162w, http:\/\/museumek.eu\/wp-content\/uploads\/2015\/08\/Marzi-Remy-Krug-2025-3-81x150.jpg 81w, http:\/\/museumek.eu\/wp-content\/uploads\/2015\/08\/Marzi-Remy-Krug-2025-3.jpg 346w\" sizes=\"(max-width: 162px) 100vw, 162px\" \/><\/a><\/p>\n<p><a href=\"http:\/\/museumek.eu\/?attachment_id=50400\" rel=\"attachment wp-att-50400\"><img loading=\"lazy\" src=\"http:\/\/museumek.eu\/wp-content\/uploads\/2015\/08\/Marzi-Remy-Krug-2025-4-135x300.jpg\" alt=\"\" title=\"Marzi &amp; Remy Krug 2025 4\" width=\"135\" height=\"300\" class=\"alignnone size-medium wp-image-50400\" srcset=\"http:\/\/museumek.eu\/wp-content\/uploads\/2015\/08\/Marzi-Remy-Krug-2025-4-135x300.jpg 135w, http:\/\/museumek.eu\/wp-content\/uploads\/2015\/08\/Marzi-Remy-Krug-2025-4-67x150.jpg 67w\" sizes=\"(max-width: 135px) 100vw, 135px\" \/><\/a><\/p>\n<p><a href=\"http:\/\/museumek.eu\/?attachment_id=50403\" rel=\"attachment wp-att-50403\"><img loading=\"lazy\" src=\"http:\/\/museumek.eu\/wp-content\/uploads\/2015\/08\/Marzi-Remy-Krug-2025-5-300x257.jpg\" alt=\"\" title=\"Marzi &amp; Remy Krug 2025 5\" width=\"300\" height=\"257\" class=\"alignnone size-medium wp-image-50403\" srcset=\"http:\/\/museumek.eu\/wp-content\/uploads\/2015\/08\/Marzi-Remy-Krug-2025-5-300x257.jpg 300w, http:\/\/museumek.eu\/wp-content\/uploads\/2015\/08\/Marzi-Remy-Krug-2025-5-150x128.jpg 150w, http:\/\/museumek.eu\/wp-content\/uploads\/2015\/08\/Marzi-Remy-Krug-2025-5-350x300.jpg 350w, http:\/\/museumek.eu\/wp-content\/uploads\/2015\/08\/Marzi-Remy-Krug-2025-5.jpg 560w\" sizes=\"(max-width: 300px) 100vw, 300px\" \/><\/a><\/p>\n<p><a href=\"http:\/\/museumek.eu\/?attachment_id=50404\" rel=\"attachment wp-att-50404\"><img loading=\"lazy\" src=\"http:\/\/museumek.eu\/wp-content\/uploads\/2015\/08\/Marzi-Remy-Krug-2025-6-197x300.jpg\" alt=\"\" title=\"Marzi &amp; Remy Krug 2025 6\" width=\"197\" height=\"300\" class=\"alignnone size-medium wp-image-50404\" srcset=\"http:\/\/museumek.eu\/wp-content\/uploads\/2015\/08\/Marzi-Remy-Krug-2025-6-197x300.jpg 197w, http:\/\/museumek.eu\/wp-content\/uploads\/2015\/08\/Marzi-Remy-Krug-2025-6-98x150.jpg 98w, http:\/\/museumek.eu\/wp-content\/uploads\/2015\/08\/Marzi-Remy-Krug-2025-6.jpg 422w\" sizes=\"(max-width: 197px) 100vw, 197px\" \/><\/a><\/p>\n<p><a href=\"http:\/\/museumek.eu\/?attachment_id=50407\" rel=\"attachment wp-att-50407\"><img loading=\"lazy\" src=\"http:\/\/museumek.eu\/wp-content\/uploads\/2015\/08\/Marzi-Remy-Krug-2025-7-300x247.jpg\" alt=\"\" title=\"Marzi &amp; Remy Krug 2025 7\" width=\"300\" height=\"247\" class=\"alignnone size-medium wp-image-50407\" srcset=\"http:\/\/museumek.eu\/wp-content\/uploads\/2015\/08\/Marzi-Remy-Krug-2025-7-300x247.jpg 300w, http:\/\/museumek.eu\/wp-content\/uploads\/2015\/08\/Marzi-Remy-Krug-2025-7-150x123.jpg 150w, http:\/\/museumek.eu\/wp-content\/uploads\/2015\/08\/Marzi-Remy-Krug-2025-7-363x300.jpg 363w, http:\/\/museumek.eu\/wp-content\/uploads\/2015\/08\/Marzi-Remy-Krug-2025-7.jpg 581w\" sizes=\"(max-width: 300px) 100vw, 300px\" \/><\/a><\/p>\n<p><a href=\"http:\/\/museumek.eu\/?attachment_id=50408\" rel=\"attachment wp-att-50408\"><img loading=\"lazy\" src=\"http:\/\/museumek.eu\/wp-content\/uploads\/2015\/08\/Marzi-Remy-Krug-2025-8-168x300.jpg\" alt=\"\" title=\"Marzi &amp; Remy Krug 2025 8\" width=\"168\" height=\"300\" class=\"alignnone size-medium wp-image-50408\" srcset=\"http:\/\/museumek.eu\/wp-content\/uploads\/2015\/08\/Marzi-Remy-Krug-2025-8-168x300.jpg 168w, http:\/\/museumek.eu\/wp-content\/uploads\/2015\/08\/Marzi-Remy-Krug-2025-8-84x150.jpg 84w, http:\/\/museumek.eu\/wp-content\/uploads\/2015\/08\/Marzi-Remy-Krug-2025-8.jpg 359w\" sizes=\"(max-width: 168px) 100vw, 168px\" \/><\/a><\/p>\n<p><a href=\"http:\/\/museumek.eu\/?attachment_id=50409\" rel=\"attachment wp-att-50409\"><img loading=\"lazy\" src=\"http:\/\/museumek.eu\/wp-content\/uploads\/2015\/08\/Marzi-Remy-Krug-2025-9-226x300.jpg\" alt=\"\" title=\"Marzi &amp; Remy Krug 2025 9\" width=\"226\" height=\"300\" class=\"alignnone size-medium wp-image-50409\" srcset=\"http:\/\/museumek.eu\/wp-content\/uploads\/2015\/08\/Marzi-Remy-Krug-2025-9-226x300.jpg 226w, http:\/\/museumek.eu\/wp-content\/uploads\/2015\/08\/Marzi-Remy-Krug-2025-9-113x150.jpg 113w, http:\/\/museumek.eu\/wp-content\/uploads\/2015\/08\/Marzi-Remy-Krug-2025-9.jpg 480w\" sizes=\"(max-width: 226px) 100vw, 226px\" \/><\/a><\/p>\n","protected":false},"excerpt":{"rendered":"<p>Abteilung Deutschland, Keramik 1860 \u2013 1960, Inventarnummer D\/XXXVII\/89 Thonwaaren \u2013 Fabrik Marzi &#038; Remy, Deutschland, H\u00f6hr, nach 1900, Krug, K\u00fcnstler unbekannt, Werks.-Nr. 2025, Exemplar Nr. ohne, gemarkt Firmenmarke als stilisierte T\u00f6pfermarke, bestehend aus Mittelachse, daran Antriebstretscheibe, diese immer in einem &hellip; <a href=\"http:\/\/museumek.eu\/?page_id=50414\">Weiterlesen <span class=\"meta-nav\">&rarr;<\/span><\/a><\/p>\n","protected":false},"author":1,"featured_media":0,"parent":42107,"menu_order":89,"comment_status":"closed","ping_status":"open","template":"","meta":[],"_links":{"self":[{"href":"http:\/\/museumek.eu\/index.php?rest_route=\/wp\/v2\/pages\/50414"}],"collection":[{"href":"http:\/\/museumek.eu\/index.php?rest_route=\/wp\/v2\/pages"}],"about":[{"href":"http:\/\/museumek.eu\/index.php?rest_route=\/wp\/v2\/types\/page"}],"author":[{"embeddable":true,"href":"http:\/\/museumek.eu\/index.php?rest_route=\/wp\/v2\/users\/1"}],"replies":[{"embeddable":true,"href":"http:\/\/museumek.eu\/index.php?rest_route=%2Fwp%2Fv2%2Fcomments&post=50414"}],"version-history":[{"count":2,"href":"http:\/\/museumek.eu\/index.php?rest_route=\/wp\/v2\/pages\/50414\/revisions"}],"predecessor-version":[{"id":50416,"href":"http:\/\/museumek.eu\/index.php?rest_route=\/wp\/v2\/pages\/50414\/revisions\/50416"}],"up":[{"embeddable":true,"href":"http:\/\/museumek.eu\/index.php?rest_route=\/wp\/v2\/pages\/42107"}],"wp:attachment":[{"href":"http:\/\/museumek.eu\/index.php?rest_route=%2Fwp%2Fv2%2Fmedia&parent=50414"}],"curies":[{"name":"wp","href":"https:\/\/api.w.org\/{rel}","templated":true}]}}