{"id":50439,"date":"2020-10-25T11:07:37","date_gmt":"2020-10-25T10:07:37","guid":{"rendered":"http:\/\/museumek.eu\/?page_id=50439"},"modified":"2020-10-25T11:07:37","modified_gmt":"2020-10-25T10:07:37","slug":"dlxx15","status":"publish","type":"page","link":"http:\/\/museumek.eu\/?page_id=50439","title":{"rendered":"D\/LXX\/15"},"content":{"rendered":"<p><strong>Abteilung Deutschland, Keramik 1860 \u2013 1960, Inventarnummer D\/LXX\/15<\/strong><\/p>\n<p>Reinhold Hanke Fabrik fein verzierter Steinzeugwaaren, vormals Reinhold Hanke Fabrik altdeutscher Steinzeug-Kr\u00fcge (attr.), Deutschland, H\u00f6hr, um 1900, Krug, K\u00fcnstler unbekannt, Werks.-Nr. ohne, Exemplar Nr. ohne, gemarkt keine Firmenmarke aber 0,5 L. \u00fcber Eichstrich sowie GERMANY halbrund gepresst, 12. schwarz gemalt, nicht signiert, Literatur: J\u00fcrgen Schimanski und J\u00fcrgen Erlebach, Westerw\u00e4lder Steinzeug, Die Neue \u00c4ra, Seite 60, Fabrikbeschreibung, weitere Literatur: J\u00fcrgen Schimanski, Braun geflammt und grau gesalzen, Seite 202, Beschreibung der Fabrik, weitere Literatur: Wolfgang Venzmer, Jugendstil im Landesmuseum Mainz, Seite 342, Beschreibung der Fabrik, weitere Literatur: Johannes und Peter Vogt, Alte Bierkr\u00fcge, Von der Renaissance bis zum Jugendstil, Seite 14, Fabrikbeschreibung und Benennung des Fabriknamens Reinhold Hanke Fabrik altdeutscher Steinzeug-Kr\u00fcge, 1864 gr\u00fcndete der aus B\u00f6hmen (Ausbildung bei Maresch, Siderolithsteinzeug) zugewanderte Reinhold Hanke zusammen mit Ottmar Speyser eine Siderolithwaarenfabrik in H\u00f6hr, 1868 trennte sich Reinhold Hanke von Ottmar Speyser (ob dieser die Siderlithwaarenfabrik allein weiterf\u00fchrte oder ob diese in Konkurs ging ist noch nicht gekl\u00e4rt) und gr\u00fcndete seine eigene Fabrik, die als Fabrik altdeutscher Steinzeug-Kr\u00fcge firmierte, 1876 wurde die Fabrik von Kaiserin Augusta, Gattin Kaiser Wilhelm des I. zum Hoflieferanten ernannt, ab dieser Zeit wurde wohl auch die Marke des MEK Exemplares eingef\u00fchrt, allerdings hat dieser Seidel bereits eine Literangabe mit Eichstrich, da im Deutschen Kaiserreich erst 1881 (20.07.1881) das Gesetz zur Aichung der Schankgef\u00e4\u00dfe beschlossen wurde und dieses Gesetz erst am 01.01.1884 endg\u00fcltig in Kraft trat, ist der MEK Seidel wohl in die fr\u00fchen 1880\u2018 Jahre zu datieren, bis 1882 wurde ausschlie\u00dflich graues Steinzeug produziert, welches blau bemalt wurde, ab 1883 wurde auch Elfenbeinsteinzeug produziert, dies best\u00e4tigt die Datierung des MEK Seidels, Reinhold Hanke starb am 22.06.1886 und seine Witwe Maria Hanke f\u00fchrte die Fabrik fort, gem\u00e4\u00df des Musterbuches von ca. 1888 firmierte die Fabrik ab ca. 1888 als Reinhold Hanke Fabrik feinverzierter Steinzeugwaaren, ab 1901 f\u00fchrten die S\u00f6hne August und Carl Hanke die Fabrik, 1911 bis 1918 schloss sich die Fabrik mit den Fabriken Reinhold Merkelbach, Walter M\u00fcller und S. P. Gerz vertriebstechnisch zu der Steinzeugwerke H\u00f6hr-Grenzhausen GmbH zusammen, Hanke schied aber bereits vor 1918 wieder aus der GmbH aus, w\u00e4hrend der GmbH Zeit wurden Formen getauscht und auf die mit fremden Formen hergestellten Erzeugnisse, die eigene Herstellermarke angebracht, es gibt deshalb bei Reinhold Hanke hergestellte Ware nach Vorlagen von Reinhold Merkelbach (siehe dazu auch der Bartmannkrug MEK D\/LXX\/5) und umgedreht, 1921 wurden bei einem Brand die Fabrikgeb\u00e4ude zerst\u00f6rt und danach in kleinerem Umfang wieder aufgebaut, 1938, zum Tode von August Hanke wurde die Hank\u2019sche Fabrik endg\u00fcltig stillgelegt, das Fabrikgel\u00e4nde und die Fabrikgeb\u00e4ude wurden aber bis 1983 noch zur Erzeugung keramischer Produkte wohl unter Pacht von den Hank\u2018schen Erben von anderen Fabrikanten zum Beispiel Jean Maas genutzt, Fabrikzuschreibung: identischer halbrunder GERMANY Stempel zusammen mit einem Hanke Stempel auf www.steinmarks.co.uk bei Beschreibung zu Reinhold Hanke, Ausf\u00fchrung mit email Malerei, H\u00f6he 12 cm, Breite 13 cm (nur die Keramik)<\/p>\n<p><a href=\"http:\/\/museumek.eu\/?attachment_id=50423\" rel=\"attachment wp-att-50423\"><img loading=\"lazy\" src=\"http:\/\/museumek.eu\/wp-content\/uploads\/2014\/03\/Westerwald-ohne-Zuordnung-Kutsche-1-178x300.jpg\" alt=\"\" title=\"Westerwald ohne Zuordnung Kutsche 1\" width=\"178\" height=\"300\" class=\"alignnone size-medium wp-image-50423\" srcset=\"http:\/\/museumek.eu\/wp-content\/uploads\/2014\/03\/Westerwald-ohne-Zuordnung-Kutsche-1-178x300.jpg 178w, http:\/\/museumek.eu\/wp-content\/uploads\/2014\/03\/Westerwald-ohne-Zuordnung-Kutsche-1-89x150.jpg 89w, http:\/\/museumek.eu\/wp-content\/uploads\/2014\/03\/Westerwald-ohne-Zuordnung-Kutsche-1.jpg 381w\" sizes=\"(max-width: 178px) 100vw, 178px\" \/><\/a><\/p>\n<p><a href=\"http:\/\/museumek.eu\/?attachment_id=50424\" rel=\"attachment wp-att-50424\"><img loading=\"lazy\" src=\"http:\/\/museumek.eu\/wp-content\/uploads\/2014\/03\/Westerwald-ohne-Zuordnung-Kutsche-2-227x300.jpg\" alt=\"\" title=\"Westerwald ohne Zuordnung Kutsche 2\" width=\"227\" height=\"300\" class=\"alignnone size-medium wp-image-50424\" srcset=\"http:\/\/museumek.eu\/wp-content\/uploads\/2014\/03\/Westerwald-ohne-Zuordnung-Kutsche-2-227x300.jpg 227w, http:\/\/museumek.eu\/wp-content\/uploads\/2014\/03\/Westerwald-ohne-Zuordnung-Kutsche-2-113x150.jpg 113w, http:\/\/museumek.eu\/wp-content\/uploads\/2014\/03\/Westerwald-ohne-Zuordnung-Kutsche-2.jpg 480w\" sizes=\"(max-width: 227px) 100vw, 227px\" \/><\/a><\/p>\n<p><a href=\"http:\/\/museumek.eu\/?attachment_id=50425\" rel=\"attachment wp-att-50425\"><img loading=\"lazy\" src=\"http:\/\/museumek.eu\/wp-content\/uploads\/2014\/03\/Westerwald-ohne-Zuordnung-Kutsche-3-232x300.jpg\" alt=\"\" title=\"Westerwald ohne Zuordnung Kutsche 3\" width=\"232\" height=\"300\" class=\"alignnone size-medium wp-image-50425\" srcset=\"http:\/\/museumek.eu\/wp-content\/uploads\/2014\/03\/Westerwald-ohne-Zuordnung-Kutsche-3-232x300.jpg 232w, http:\/\/museumek.eu\/wp-content\/uploads\/2014\/03\/Westerwald-ohne-Zuordnung-Kutsche-3-116x150.jpg 116w, http:\/\/museumek.eu\/wp-content\/uploads\/2014\/03\/Westerwald-ohne-Zuordnung-Kutsche-3.jpg 480w\" sizes=\"(max-width: 232px) 100vw, 232px\" \/><\/a><\/p>\n<p><a href=\"http:\/\/museumek.eu\/?attachment_id=50428\" rel=\"attachment wp-att-50428\"><img loading=\"lazy\" src=\"http:\/\/museumek.eu\/wp-content\/uploads\/2014\/03\/Westerwald-ohne-Zuordnung-Kutsche-4-192x300.jpg\" alt=\"\" title=\"Westerwald ohne Zuordnung Kutsche 4\" width=\"192\" height=\"300\" class=\"alignnone size-medium wp-image-50428\" srcset=\"http:\/\/museumek.eu\/wp-content\/uploads\/2014\/03\/Westerwald-ohne-Zuordnung-Kutsche-4-192x300.jpg 192w, http:\/\/museumek.eu\/wp-content\/uploads\/2014\/03\/Westerwald-ohne-Zuordnung-Kutsche-4-96x150.jpg 96w, http:\/\/museumek.eu\/wp-content\/uploads\/2014\/03\/Westerwald-ohne-Zuordnung-Kutsche-4.jpg 410w\" sizes=\"(max-width: 192px) 100vw, 192px\" \/><\/a><\/p>\n<p><a href=\"http:\/\/museumek.eu\/?attachment_id=50429\" rel=\"attachment wp-att-50429\"><img loading=\"lazy\" src=\"http:\/\/museumek.eu\/wp-content\/uploads\/2014\/03\/Westerwald-ohne-Zuordnung-Kutsche-5-176x300.jpg\" alt=\"\" title=\"Westerwald ohne Zuordnung Kutsche 5\" width=\"176\" height=\"300\" class=\"alignnone size-medium wp-image-50429\" srcset=\"http:\/\/museumek.eu\/wp-content\/uploads\/2014\/03\/Westerwald-ohne-Zuordnung-Kutsche-5-176x300.jpg 176w, http:\/\/museumek.eu\/wp-content\/uploads\/2014\/03\/Westerwald-ohne-Zuordnung-Kutsche-5-88x150.jpg 88w, http:\/\/museumek.eu\/wp-content\/uploads\/2014\/03\/Westerwald-ohne-Zuordnung-Kutsche-5.jpg 376w\" sizes=\"(max-width: 176px) 100vw, 176px\" \/><\/a><\/p>\n<p><a href=\"http:\/\/museumek.eu\/?attachment_id=50430\" rel=\"attachment wp-att-50430\"><img loading=\"lazy\" src=\"http:\/\/museumek.eu\/wp-content\/uploads\/2014\/03\/Westerwald-ohne-Zuordnung-Kutsche-6-264x300.jpg\" alt=\"\" title=\"Westerwald ohne Zuordnung Kutsche 6\" width=\"264\" height=\"300\" class=\"alignnone size-medium wp-image-50430\" srcset=\"http:\/\/museumek.eu\/wp-content\/uploads\/2014\/03\/Westerwald-ohne-Zuordnung-Kutsche-6-264x300.jpg 264w, http:\/\/museumek.eu\/wp-content\/uploads\/2014\/03\/Westerwald-ohne-Zuordnung-Kutsche-6-132x150.jpg 132w, http:\/\/museumek.eu\/wp-content\/uploads\/2014\/03\/Westerwald-ohne-Zuordnung-Kutsche-6.jpg 480w\" sizes=\"(max-width: 264px) 100vw, 264px\" \/><\/a><\/p>\n<p><a href=\"http:\/\/museumek.eu\/?attachment_id=50433\" rel=\"attachment wp-att-50433\"><img loading=\"lazy\" src=\"http:\/\/museumek.eu\/wp-content\/uploads\/2014\/03\/Westerwald-ohne-Zuordnung-Kutsche-7-300x164.jpg\" alt=\"\" title=\"Westerwald ohne Zuordnung Kutsche 7\" width=\"300\" height=\"164\" class=\"alignnone size-medium wp-image-50433\" srcset=\"http:\/\/museumek.eu\/wp-content\/uploads\/2014\/03\/Westerwald-ohne-Zuordnung-Kutsche-7-300x164.jpg 300w, http:\/\/museumek.eu\/wp-content\/uploads\/2014\/03\/Westerwald-ohne-Zuordnung-Kutsche-7-150x82.jpg 150w, http:\/\/museumek.eu\/wp-content\/uploads\/2014\/03\/Westerwald-ohne-Zuordnung-Kutsche-7-500x273.jpg 500w, http:\/\/museumek.eu\/wp-content\/uploads\/2014\/03\/Westerwald-ohne-Zuordnung-Kutsche-7.jpg 640w\" sizes=\"(max-width: 300px) 100vw, 300px\" \/><\/a><\/p>\n<p><a href=\"http:\/\/museumek.eu\/?attachment_id=50434\" rel=\"attachment wp-att-50434\"><img loading=\"lazy\" src=\"http:\/\/museumek.eu\/wp-content\/uploads\/2014\/03\/Westerwald-ohne-Zuordnung-Kutsche-8-300x242.jpg\" alt=\"\" title=\"Westerwald ohne Zuordnung Kutsche 8\" width=\"300\" height=\"242\" class=\"alignnone size-medium wp-image-50434\" srcset=\"http:\/\/museumek.eu\/wp-content\/uploads\/2014\/03\/Westerwald-ohne-Zuordnung-Kutsche-8-300x242.jpg 300w, http:\/\/museumek.eu\/wp-content\/uploads\/2014\/03\/Westerwald-ohne-Zuordnung-Kutsche-8-150x121.jpg 150w, http:\/\/museumek.eu\/wp-content\/uploads\/2014\/03\/Westerwald-ohne-Zuordnung-Kutsche-8-371x300.jpg 371w, http:\/\/museumek.eu\/wp-content\/uploads\/2014\/03\/Westerwald-ohne-Zuordnung-Kutsche-8.jpg 594w\" sizes=\"(max-width: 300px) 100vw, 300px\" \/><\/a><\/p>\n","protected":false},"excerpt":{"rendered":"<p>Abteilung Deutschland, Keramik 1860 \u2013 1960, Inventarnummer D\/LXX\/15 Reinhold Hanke Fabrik fein verzierter Steinzeugwaaren, vormals Reinhold Hanke Fabrik altdeutscher Steinzeug-Kr\u00fcge (attr.), Deutschland, H\u00f6hr, um 1900, Krug, K\u00fcnstler unbekannt, Werks.-Nr. ohne, Exemplar Nr. ohne, gemarkt keine Firmenmarke aber 0,5 L. \u00fcber &hellip; <a href=\"http:\/\/museumek.eu\/?page_id=50439\">Weiterlesen <span class=\"meta-nav\">&rarr;<\/span><\/a><\/p>\n","protected":false},"author":1,"featured_media":0,"parent":38406,"menu_order":15,"comment_status":"closed","ping_status":"open","template":"","meta":[],"_links":{"self":[{"href":"http:\/\/museumek.eu\/index.php?rest_route=\/wp\/v2\/pages\/50439"}],"collection":[{"href":"http:\/\/museumek.eu\/index.php?rest_route=\/wp\/v2\/pages"}],"about":[{"href":"http:\/\/museumek.eu\/index.php?rest_route=\/wp\/v2\/types\/page"}],"author":[{"embeddable":true,"href":"http:\/\/museumek.eu\/index.php?rest_route=\/wp\/v2\/users\/1"}],"replies":[{"embeddable":true,"href":"http:\/\/museumek.eu\/index.php?rest_route=%2Fwp%2Fv2%2Fcomments&post=50439"}],"version-history":[{"count":2,"href":"http:\/\/museumek.eu\/index.php?rest_route=\/wp\/v2\/pages\/50439\/revisions"}],"predecessor-version":[{"id":50441,"href":"http:\/\/museumek.eu\/index.php?rest_route=\/wp\/v2\/pages\/50439\/revisions\/50441"}],"up":[{"embeddable":true,"href":"http:\/\/museumek.eu\/index.php?rest_route=\/wp\/v2\/pages\/38406"}],"wp:attachment":[{"href":"http:\/\/museumek.eu\/index.php?rest_route=%2Fwp%2Fv2%2Fmedia&parent=50439"}],"curies":[{"name":"wp","href":"https:\/\/api.w.org\/{rel}","templated":true}]}}