{"id":50604,"date":"2020-11-06T21:05:22","date_gmt":"2020-11-06T20:05:22","guid":{"rendered":"http:\/\/museumek.eu\/?page_id=50604"},"modified":"2020-11-06T21:05:22","modified_gmt":"2020-11-06T20:05:22","slug":"dxlix29","status":"publish","type":"page","link":"http:\/\/museumek.eu\/?page_id=50604","title":{"rendered":"D\/XLIX\/29"},"content":{"rendered":"<p><strong>Abteilung Deutschland, Keramik 1860 \u2013 1960, Inventarnummer D\/XLIX\/29<\/strong><\/p>\n<p>Simon Peter Gerz I. GmbH Fabrik fein verzierter Gebrauchs- und Luxusgegenst\u00e4nde und Vorg\u00e4nger Simon Peter Gerz I. Fabrik antiker reichverzierter Steinzeugwaaren, Deutschland, H\u00f6hr, um 1900, Lik\u00f6r Kanne, K\u00fcnstler unbekannt, Werks.-Nr. ohne, Exemplar Nr. ohne, gemarkt Firmenmarke mit einem Krug in einem Dreieck sowie HERM. JOS. PETERS NACHF. &#038; Co. K\u00d6LN, nicht signiert, Literatur: Gisela Reineking von Bock, Meister der deutschen Keramik, Seite 329, Marke Nr. 212 identisch, weitere Literatur: J\u00fcrgen Schimanski und J\u00fcrgen Erlebach, Westerw\u00e4lder Steinzeug, Die Neue \u00c4ra, Seite 44 ff., Fabrikbeschreibung sowie Seite 44, Marke Nr. 6 identisch, weitere Literatur: J\u00fcrgen Schimanski, Braun geflammt und grau gesalzen, Seite 197, Beschreibung der Fabrik sowie Marke Nr. 6 identisch, die Fabrik wurde 1857 von Simon Peter Gerz I (geb. 13.09.1830, gest. 12.09.1893) gegr\u00fcndet, die Registereintragung erfolgte aber erst 1862, insofern ist das Jahr 1862 das amtliche Gr\u00fcndungsdatum, bisher konnte in keiner Literatur eine Erkl\u00e4rung gefunden werden, warum Gerz seinem Namen eine r\u00f6mische I anf\u00fcgte, recherchiert werden konnte, dass es noch einen Steinzeugfabrikanten namens Simon Peter Gerz II (geb. 1833, gest. 1908) gab und dass dieser der Vater von Alois Jacob Gerz, dem Mitbegr\u00fcnder der Steinzeugfabrik Rosskopf &#038; Gerz war, 1867 erhielt die Fabrik das Pr\u00e4dikat eines Hoflieferanten des Herzog von Nassau, 1893 (Gerz Tod) wurde der Schwiegersohn Alphons William Loetschert Inhaber, sehr wahrscheinlich wurde um diese Zeit auch die Fabrikmarke SPG I in einem Kreis in die Dreieckmarke mit einem Krug ge\u00e4ndert, sp\u00e4testens aber sicher 1897, 1897 wurde die Pfeiffenfabrik M\u00fcllenbach &#038; Thewalt Mitinhaber und eine GmbH wurde gegr\u00fcndet (Gr\u00fcndungsdatum: 05.08.1897), die Fabrik bestand bis 1997, Auftragsarbeit f\u00fcr die Lik\u00f6rhandlung Peters Nachf. in K\u00f6ln, siehe auch weitere Lik\u00f6rkanne MEK\/D\/XLIX\/30, H\u00f6he 24,5, Breite 14 cm<\/p>\n<p><a href=\"http:\/\/museumek.eu\/?attachment_id=50582\" rel=\"attachment wp-att-50582\"><img loading=\"lazy\" src=\"http:\/\/museumek.eu\/wp-content\/uploads\/2012\/07\/Gerz-Herm.-Jos.-Peters-Lik\u00f6rkanne-1-168x300.jpg\" alt=\"\" title=\"Gerz Herm. Jos. Peters Lik\u00f6rkanne 1\" width=\"168\" height=\"300\" class=\"alignnone size-medium wp-image-50582\" srcset=\"http:\/\/museumek.eu\/wp-content\/uploads\/2012\/07\/Gerz-Herm.-Jos.-Peters-Lik\u00f6rkanne-1-168x300.jpg 168w, http:\/\/museumek.eu\/wp-content\/uploads\/2012\/07\/Gerz-Herm.-Jos.-Peters-Lik\u00f6rkanne-1-84x150.jpg 84w, http:\/\/museumek.eu\/wp-content\/uploads\/2012\/07\/Gerz-Herm.-Jos.-Peters-Lik\u00f6rkanne-1.jpg 360w\" sizes=\"(max-width: 168px) 100vw, 168px\" \/><\/a><\/p>\n<p><a href=\"http:\/\/museumek.eu\/?attachment_id=50583\" rel=\"attachment wp-att-50583\"><img loading=\"lazy\" src=\"http:\/\/museumek.eu\/wp-content\/uploads\/2012\/07\/Gerz-Herm.-Jos.-Peters-Lik\u00f6rkanne-2-139x300.jpg\" alt=\"\" title=\"Gerz Herm. Jos. Peters Lik\u00f6rkanne 2\" width=\"139\" height=\"300\" class=\"alignnone size-medium wp-image-50583\" srcset=\"http:\/\/museumek.eu\/wp-content\/uploads\/2012\/07\/Gerz-Herm.-Jos.-Peters-Lik\u00f6rkanne-2-139x300.jpg 139w, http:\/\/museumek.eu\/wp-content\/uploads\/2012\/07\/Gerz-Herm.-Jos.-Peters-Lik\u00f6rkanne-2-69x150.jpg 69w, http:\/\/museumek.eu\/wp-content\/uploads\/2012\/07\/Gerz-Herm.-Jos.-Peters-Lik\u00f6rkanne-2.jpg 297w\" sizes=\"(max-width: 139px) 100vw, 139px\" \/><\/a><\/p>\n<p><a href=\"http:\/\/museumek.eu\/?attachment_id=50586\" rel=\"attachment wp-att-50586\"><img loading=\"lazy\" src=\"http:\/\/museumek.eu\/wp-content\/uploads\/2012\/07\/Gerz-Herm.-Jos.-Peters-Lik\u00f6rkanne-3-150x300.jpg\" alt=\"\" title=\"Gerz Herm. Jos. Peters Lik\u00f6rkanne 3\" width=\"150\" height=\"300\" class=\"alignnone size-medium wp-image-50586\" srcset=\"http:\/\/museumek.eu\/wp-content\/uploads\/2012\/07\/Gerz-Herm.-Jos.-Peters-Lik\u00f6rkanne-3-150x300.jpg 150w, http:\/\/museumek.eu\/wp-content\/uploads\/2012\/07\/Gerz-Herm.-Jos.-Peters-Lik\u00f6rkanne-3-75x150.jpg 75w\" sizes=\"(max-width: 150px) 100vw, 150px\" \/><\/a><\/p>\n<p><a href=\"http:\/\/museumek.eu\/?attachment_id=50587\" rel=\"attachment wp-att-50587\"><img loading=\"lazy\" src=\"http:\/\/museumek.eu\/wp-content\/uploads\/2012\/07\/Gerz-Herm.-Jos.-Peters-Lik\u00f6rkanne-4-117x300.jpg\" alt=\"\" title=\"Gerz Herm. Jos. Peters Lik\u00f6rkanne 4\" width=\"117\" height=\"300\" class=\"alignnone size-medium wp-image-50587\" srcset=\"http:\/\/museumek.eu\/wp-content\/uploads\/2012\/07\/Gerz-Herm.-Jos.-Peters-Lik\u00f6rkanne-4-117x300.jpg 117w, http:\/\/museumek.eu\/wp-content\/uploads\/2012\/07\/Gerz-Herm.-Jos.-Peters-Lik\u00f6rkanne-4-58x150.jpg 58w, http:\/\/museumek.eu\/wp-content\/uploads\/2012\/07\/Gerz-Herm.-Jos.-Peters-Lik\u00f6rkanne-4.jpg 250w\" sizes=\"(max-width: 117px) 100vw, 117px\" \/><\/a><\/p>\n<p><a href=\"http:\/\/museumek.eu\/?attachment_id=50588\" rel=\"attachment wp-att-50588\"><img loading=\"lazy\" src=\"http:\/\/museumek.eu\/wp-content\/uploads\/2012\/07\/Gerz-Herm.-Jos.-Peters-Lik\u00f6rkanne-5-118x300.jpg\" alt=\"\" title=\"Gerz Herm. Jos. Peters Lik\u00f6rkanne 5\" width=\"118\" height=\"300\" class=\"alignnone size-medium wp-image-50588\" srcset=\"http:\/\/museumek.eu\/wp-content\/uploads\/2012\/07\/Gerz-Herm.-Jos.-Peters-Lik\u00f6rkanne-5-118x300.jpg 118w, http:\/\/museumek.eu\/wp-content\/uploads\/2012\/07\/Gerz-Herm.-Jos.-Peters-Lik\u00f6rkanne-5-59x150.jpg 59w, http:\/\/museumek.eu\/wp-content\/uploads\/2012\/07\/Gerz-Herm.-Jos.-Peters-Lik\u00f6rkanne-5.jpg 252w\" sizes=\"(max-width: 118px) 100vw, 118px\" \/><\/a><\/p>\n<p><a href=\"http:\/\/museumek.eu\/?attachment_id=50591\" rel=\"attachment wp-att-50591\"><img loading=\"lazy\" src=\"http:\/\/museumek.eu\/wp-content\/uploads\/2012\/07\/Gerz-Herm.-Jos.-Peters-Lik\u00f6rkanne-6-154x300.jpg\" alt=\"\" title=\"Gerz Herm. Jos. Peters Lik\u00f6rkanne 6\" width=\"154\" height=\"300\" class=\"alignnone size-medium wp-image-50591\" srcset=\"http:\/\/museumek.eu\/wp-content\/uploads\/2012\/07\/Gerz-Herm.-Jos.-Peters-Lik\u00f6rkanne-6-154x300.jpg 154w, http:\/\/museumek.eu\/wp-content\/uploads\/2012\/07\/Gerz-Herm.-Jos.-Peters-Lik\u00f6rkanne-6-77x150.jpg 77w, http:\/\/museumek.eu\/wp-content\/uploads\/2012\/07\/Gerz-Herm.-Jos.-Peters-Lik\u00f6rkanne-6.jpg 329w\" sizes=\"(max-width: 154px) 100vw, 154px\" \/><\/a><\/p>\n<p><a href=\"http:\/\/museumek.eu\/?attachment_id=50592\" rel=\"attachment wp-att-50592\"><img loading=\"lazy\" src=\"http:\/\/museumek.eu\/wp-content\/uploads\/2012\/07\/Gerz-Herm.-Jos.-Peters-Lik\u00f6rkanne-7-139x300.jpg\" alt=\"\" title=\"Gerz Herm. Jos. Peters Lik\u00f6rkanne 7\" width=\"139\" height=\"300\" class=\"alignnone size-medium wp-image-50592\" srcset=\"http:\/\/museumek.eu\/wp-content\/uploads\/2012\/07\/Gerz-Herm.-Jos.-Peters-Lik\u00f6rkanne-7-139x300.jpg 139w, http:\/\/museumek.eu\/wp-content\/uploads\/2012\/07\/Gerz-Herm.-Jos.-Peters-Lik\u00f6rkanne-7-69x150.jpg 69w, http:\/\/museumek.eu\/wp-content\/uploads\/2012\/07\/Gerz-Herm.-Jos.-Peters-Lik\u00f6rkanne-7.jpg 298w\" sizes=\"(max-width: 139px) 100vw, 139px\" \/><\/a><\/p>\n<p><a href=\"http:\/\/museumek.eu\/?attachment_id=50593\" rel=\"attachment wp-att-50593\"><img loading=\"lazy\" src=\"http:\/\/museumek.eu\/wp-content\/uploads\/2012\/07\/Gerz-Herm.-Jos.-Peters-Lik\u00f6rkanne-8-188x300.jpg\" alt=\"\" title=\"Gerz Herm. Jos. Peters Lik\u00f6rkanne 8\" width=\"188\" height=\"300\" class=\"alignnone size-medium wp-image-50593\" srcset=\"http:\/\/museumek.eu\/wp-content\/uploads\/2012\/07\/Gerz-Herm.-Jos.-Peters-Lik\u00f6rkanne-8-188x300.jpg 188w, http:\/\/museumek.eu\/wp-content\/uploads\/2012\/07\/Gerz-Herm.-Jos.-Peters-Lik\u00f6rkanne-8-94x150.jpg 94w, http:\/\/museumek.eu\/wp-content\/uploads\/2012\/07\/Gerz-Herm.-Jos.-Peters-Lik\u00f6rkanne-8.jpg 402w\" sizes=\"(max-width: 188px) 100vw, 188px\" \/><\/a><\/p>\n<p><a href=\"http:\/\/museumek.eu\/?attachment_id=50596\" rel=\"attachment wp-att-50596\"><img loading=\"lazy\" src=\"http:\/\/museumek.eu\/wp-content\/uploads\/2012\/07\/Gerz-Herm.-Jos.-Peters-Lik\u00f6rkanne-9-229x300.jpg\" alt=\"\" title=\"Gerz Herm. Jos. Peters Lik\u00f6rkanne 9\" width=\"229\" height=\"300\" class=\"alignnone size-medium wp-image-50596\" srcset=\"http:\/\/museumek.eu\/wp-content\/uploads\/2012\/07\/Gerz-Herm.-Jos.-Peters-Lik\u00f6rkanne-9-229x300.jpg 229w, http:\/\/museumek.eu\/wp-content\/uploads\/2012\/07\/Gerz-Herm.-Jos.-Peters-Lik\u00f6rkanne-9-114x150.jpg 114w, http:\/\/museumek.eu\/wp-content\/uploads\/2012\/07\/Gerz-Herm.-Jos.-Peters-Lik\u00f6rkanne-9.jpg 480w\" sizes=\"(max-width: 229px) 100vw, 229px\" \/><\/a><\/p>\n<p><a href=\"http:\/\/museumek.eu\/?attachment_id=50597\" rel=\"attachment wp-att-50597\"><img loading=\"lazy\" src=\"http:\/\/museumek.eu\/wp-content\/uploads\/2012\/07\/Gerz-Herm.-Jos.-Peters-Lik\u00f6rkanne-10-298x300.jpg\" alt=\"\" title=\"Gerz Herm. Jos. Peters Lik\u00f6rkanne 10\" width=\"298\" height=\"300\" class=\"alignnone size-medium wp-image-50597\" srcset=\"http:\/\/museumek.eu\/wp-content\/uploads\/2012\/07\/Gerz-Herm.-Jos.-Peters-Lik\u00f6rkanne-10-298x300.jpg 298w, http:\/\/museumek.eu\/wp-content\/uploads\/2012\/07\/Gerz-Herm.-Jos.-Peters-Lik\u00f6rkanne-10-150x150.jpg 150w, http:\/\/museumek.eu\/wp-content\/uploads\/2012\/07\/Gerz-Herm.-Jos.-Peters-Lik\u00f6rkanne-10.jpg 480w\" sizes=\"(max-width: 298px) 100vw, 298px\" \/><\/a><\/p>\n","protected":false},"excerpt":{"rendered":"<p>Abteilung Deutschland, Keramik 1860 \u2013 1960, Inventarnummer D\/XLIX\/29 Simon Peter Gerz I. GmbH Fabrik fein verzierter Gebrauchs- und Luxusgegenst\u00e4nde und Vorg\u00e4nger Simon Peter Gerz I. Fabrik antiker reichverzierter Steinzeugwaaren, Deutschland, H\u00f6hr, um 1900, Lik\u00f6r Kanne, K\u00fcnstler unbekannt, Werks.-Nr. ohne, Exemplar &hellip; <a href=\"http:\/\/museumek.eu\/?page_id=50604\">Weiterlesen <span class=\"meta-nav\">&rarr;<\/span><\/a><\/p>\n","protected":false},"author":1,"featured_media":0,"parent":40447,"menu_order":29,"comment_status":"closed","ping_status":"open","template":"","meta":[],"_links":{"self":[{"href":"http:\/\/museumek.eu\/index.php?rest_route=\/wp\/v2\/pages\/50604"}],"collection":[{"href":"http:\/\/museumek.eu\/index.php?rest_route=\/wp\/v2\/pages"}],"about":[{"href":"http:\/\/museumek.eu\/index.php?rest_route=\/wp\/v2\/types\/page"}],"author":[{"embeddable":true,"href":"http:\/\/museumek.eu\/index.php?rest_route=\/wp\/v2\/users\/1"}],"replies":[{"embeddable":true,"href":"http:\/\/museumek.eu\/index.php?rest_route=%2Fwp%2Fv2%2Fcomments&post=50604"}],"version-history":[{"count":2,"href":"http:\/\/museumek.eu\/index.php?rest_route=\/wp\/v2\/pages\/50604\/revisions"}],"predecessor-version":[{"id":50606,"href":"http:\/\/museumek.eu\/index.php?rest_route=\/wp\/v2\/pages\/50604\/revisions\/50606"}],"up":[{"embeddable":true,"href":"http:\/\/museumek.eu\/index.php?rest_route=\/wp\/v2\/pages\/40447"}],"wp:attachment":[{"href":"http:\/\/museumek.eu\/index.php?rest_route=%2Fwp%2Fv2%2Fmedia&parent=50604"}],"curies":[{"name":"wp","href":"https:\/\/api.w.org\/{rel}","templated":true}]}}