{"id":50615,"date":"2020-11-06T21:28:10","date_gmt":"2020-11-06T20:28:10","guid":{"rendered":"http:\/\/museumek.eu\/?page_id=50615"},"modified":"2020-11-06T21:28:10","modified_gmt":"2020-11-06T20:28:10","slug":"dxlix30","status":"publish","type":"page","link":"http:\/\/museumek.eu\/?page_id=50615","title":{"rendered":"D\/XLIX\/30"},"content":{"rendered":"<p><strong>Abteilung Deutschland, Keramik 1860 \u2013 1960, Inventarnummer D\/XLIX\/30<\/strong><\/p>\n<p>Simon Peter Gerz I. GmbH Fabrik fein verzierter Gebrauchs- und Luxusgegenst\u00e4nde und Vorg\u00e4nger Simon Peter Gerz I. Fabrik antiker reichverzierter Steinzeugwaaren, Deutschland, H\u00f6hr, um 1900, Lik\u00f6r Kanne, K\u00fcnstler unbekannt, Werks.-Nr. ohne, Exemplar Nr. ohne, gemarkt keine Firmenmarke aber HERM. JOS. PETERS &#038; Co. NACHFOLGER K\u00d6LN. gepresst, 00 oder 09 gepresst, nicht signiert, Literatur: J\u00fcrgen Schimanski und J\u00fcrgen Erlebach, Westerw\u00e4lder Steinzeug, Die Neue \u00c4ra, Seite 44 ff., Fabrikbeschreibung, weitere Literatur: J\u00fcrgen Schimanski, Braun geflammt und grau gesalzen, Seite 197, Beschreibung der Fabrik, die Fabrik wurde 1857 von Simon Peter Gerz I (geb. 13.09.1830, gest. 12.09.1893) gegr\u00fcndet, die Registereintragung erfolgte aber erst 1862, insofern ist das Jahr 1862 das amtliche Gr\u00fcndungsdatum, bisher konnte in keiner Literatur eine Erkl\u00e4rung gefunden werden, warum Gerz seinem Namen eine r\u00f6mische I anf\u00fcgte, recherchiert werden konnte, dass es noch einen Steinzeugfabrikanten namens Simon Peter Gerz II (geb. 1833, gest. 1908) gab und dass dieser der Vater von Alois Jacob Gerz, dem Mitbegr\u00fcnder der Steinzeugfabrik Rosskopf &#038; Gerz war, 1867 erhielt die Fabrik das Pr\u00e4dikat eines Hoflieferanten des Herzog von Nassau, 1893 (Gerz Tod) wurde der Schwiegersohn Alphons William Loetschert Inhaber, sehr wahrscheinlich wurde um diese Zeit auch die Fabrikmarke SPG I in einem Kreis in die Dreieckmarke mit einem Krug ge\u00e4ndert, sp\u00e4testens aber sicher 1897, 1897 wurde die Pfeiffenfabrik M\u00fcllenbach &#038; Thewalt Mitinhaber und eine GmbH wurde gegr\u00fcndet (Gr\u00fcndungsdatum: 05.08.1897), die Fabrik bestand bis 1997, Auftraggeber f\u00fcr diese Kanne war die o. g. Destillerie, um\/nach 1900 ist von der Schreibweise K\u00f6ln im Stempel hergeleitet, bis 1900 war \u00fcblich Cologne oder C\u00f6ln, bis der damalige B\u00fcrgermeister von K\u00f6ln, Konrad Adenauer, am 01. Februar 1919 endg\u00fcltig K\u00f6ln als Schreibweise festlegte, Zuordnung zu Gerz, auf Grund MEK\/D\/XLIX\/29, H\u00f6he 16,5 cm, Breite 11,5 cm<\/p>\n<p><a href=\"http:\/\/museumek.eu\/?attachment_id=46628\" rel=\"attachment wp-att-46628\"><img loading=\"lazy\" src=\"http:\/\/museumek.eu\/wp-content\/uploads\/2013\/05\/Destillerie-Peters-Nachf.-1-184x300.jpg\" alt=\"\" title=\"Destillerie Peters Nachf. 1\" width=\"184\" height=\"300\" class=\"alignnone size-medium wp-image-46628\" srcset=\"http:\/\/museumek.eu\/wp-content\/uploads\/2013\/05\/Destillerie-Peters-Nachf.-1-184x300.jpg 184w, http:\/\/museumek.eu\/wp-content\/uploads\/2013\/05\/Destillerie-Peters-Nachf.-1-92x150.jpg 92w, http:\/\/museumek.eu\/wp-content\/uploads\/2013\/05\/Destillerie-Peters-Nachf.-1.jpg 394w\" sizes=\"(max-width: 184px) 100vw, 184px\" \/><\/a><\/p>\n<p><a href=\"http:\/\/museumek.eu\/?attachment_id=46629\" rel=\"attachment wp-att-46629\"><img loading=\"lazy\" src=\"http:\/\/museumek.eu\/wp-content\/uploads\/2013\/05\/Destillerie-Peters-Nachf.-2-200x300.jpg\" alt=\"\" title=\"Destillerie Peters Nachf. 2\" width=\"200\" height=\"300\" class=\"alignnone size-medium wp-image-46629\" srcset=\"http:\/\/museumek.eu\/wp-content\/uploads\/2013\/05\/Destillerie-Peters-Nachf.-2-200x300.jpg 200w, http:\/\/museumek.eu\/wp-content\/uploads\/2013\/05\/Destillerie-Peters-Nachf.-2-100x150.jpg 100w, http:\/\/museumek.eu\/wp-content\/uploads\/2013\/05\/Destillerie-Peters-Nachf.-2.jpg 428w\" sizes=\"(max-width: 200px) 100vw, 200px\" \/><\/a><\/p>\n<p><a href=\"http:\/\/museumek.eu\/?attachment_id=46630\" rel=\"attachment wp-att-46630\"><img loading=\"lazy\" src=\"http:\/\/museumek.eu\/wp-content\/uploads\/2013\/05\/Destillerie-Peters-Nachf.-3-202x300.jpg\" alt=\"\" title=\"Destillerie Peters Nachf. 3\" width=\"202\" height=\"300\" class=\"alignnone size-medium wp-image-46630\" srcset=\"http:\/\/museumek.eu\/wp-content\/uploads\/2013\/05\/Destillerie-Peters-Nachf.-3-202x300.jpg 202w, http:\/\/museumek.eu\/wp-content\/uploads\/2013\/05\/Destillerie-Peters-Nachf.-3-101x150.jpg 101w, http:\/\/museumek.eu\/wp-content\/uploads\/2013\/05\/Destillerie-Peters-Nachf.-3.jpg 432w\" sizes=\"(max-width: 202px) 100vw, 202px\" \/><\/a><\/p>\n<p><a href=\"http:\/\/museumek.eu\/?attachment_id=46633\" rel=\"attachment wp-att-46633\"><img loading=\"lazy\" src=\"http:\/\/museumek.eu\/wp-content\/uploads\/2013\/05\/Destillerie-Peters-Nachf.-4-169x300.jpg\" alt=\"\" title=\"Destillerie Peters Nachf. 4\" width=\"169\" height=\"300\" class=\"alignnone size-medium wp-image-46633\" srcset=\"http:\/\/museumek.eu\/wp-content\/uploads\/2013\/05\/Destillerie-Peters-Nachf.-4-169x300.jpg 169w, http:\/\/museumek.eu\/wp-content\/uploads\/2013\/05\/Destillerie-Peters-Nachf.-4-84x150.jpg 84w, http:\/\/museumek.eu\/wp-content\/uploads\/2013\/05\/Destillerie-Peters-Nachf.-4.jpg 362w\" sizes=\"(max-width: 169px) 100vw, 169px\" \/><\/a><\/p>\n<p><a href=\"http:\/\/museumek.eu\/?attachment_id=46634\" rel=\"attachment wp-att-46634\"><img loading=\"lazy\" src=\"http:\/\/museumek.eu\/wp-content\/uploads\/2013\/05\/Destillerie-Peters-Nachf.-5-281x300.jpg\" alt=\"\" title=\"Destillerie Peters Nachf. 5\" width=\"281\" height=\"300\" class=\"alignnone size-medium wp-image-46634\" srcset=\"http:\/\/museumek.eu\/wp-content\/uploads\/2013\/05\/Destillerie-Peters-Nachf.-5-281x300.jpg 281w, http:\/\/museumek.eu\/wp-content\/uploads\/2013\/05\/Destillerie-Peters-Nachf.-5-140x150.jpg 140w, http:\/\/museumek.eu\/wp-content\/uploads\/2013\/05\/Destillerie-Peters-Nachf.-5.jpg 480w\" sizes=\"(max-width: 281px) 100vw, 281px\" \/><\/a><\/p>\n<p><a href=\"http:\/\/museumek.eu\/?attachment_id=46637\" rel=\"attachment wp-att-46637\"><img loading=\"lazy\" src=\"http:\/\/museumek.eu\/wp-content\/uploads\/2013\/05\/Destillerie-Peters-Nachf.-6-300x290.jpg\" alt=\"\" title=\"Destillerie Peters Nachf. 6\" width=\"300\" height=\"290\" class=\"alignnone size-medium wp-image-46637\" srcset=\"http:\/\/museumek.eu\/wp-content\/uploads\/2013\/05\/Destillerie-Peters-Nachf.-6-300x290.jpg 300w, http:\/\/museumek.eu\/wp-content\/uploads\/2013\/05\/Destillerie-Peters-Nachf.-6-150x145.jpg 150w, http:\/\/museumek.eu\/wp-content\/uploads\/2013\/05\/Destillerie-Peters-Nachf.-6-310x300.jpg 310w, http:\/\/museumek.eu\/wp-content\/uploads\/2013\/05\/Destillerie-Peters-Nachf.-6.jpg 496w\" sizes=\"(max-width: 300px) 100vw, 300px\" \/><\/a><\/p>\n<p><a href=\"http:\/\/museumek.eu\/?attachment_id=46638\" rel=\"attachment wp-att-46638\"><img loading=\"lazy\" src=\"http:\/\/museumek.eu\/wp-content\/uploads\/2013\/05\/Destillerie-Peters-Nachf.-7-211x300.jpg\" alt=\"\" title=\"Destillerie Peters Nachf. 7\" width=\"211\" height=\"300\" class=\"alignnone size-medium wp-image-46638\" srcset=\"http:\/\/museumek.eu\/wp-content\/uploads\/2013\/05\/Destillerie-Peters-Nachf.-7-211x300.jpg 211w, http:\/\/museumek.eu\/wp-content\/uploads\/2013\/05\/Destillerie-Peters-Nachf.-7-105x150.jpg 105w, http:\/\/museumek.eu\/wp-content\/uploads\/2013\/05\/Destillerie-Peters-Nachf.-7.jpg 451w\" sizes=\"(max-width: 211px) 100vw, 211px\" \/><\/a><\/p>\n<p><a href=\"http:\/\/museumek.eu\/?attachment_id=46641\" rel=\"attachment wp-att-46641\"><img loading=\"lazy\" src=\"http:\/\/museumek.eu\/wp-content\/uploads\/2013\/05\/Destillerie-Peters-Nachf.-8-212x300.jpg\" alt=\"\" title=\"Destillerie Peters Nachf. 8\" width=\"212\" height=\"300\" class=\"alignnone size-medium wp-image-46641\" srcset=\"http:\/\/museumek.eu\/wp-content\/uploads\/2013\/05\/Destillerie-Peters-Nachf.-8-212x300.jpg 212w, http:\/\/museumek.eu\/wp-content\/uploads\/2013\/05\/Destillerie-Peters-Nachf.-8-106x150.jpg 106w, http:\/\/museumek.eu\/wp-content\/uploads\/2013\/05\/Destillerie-Peters-Nachf.-8.jpg 317w\" sizes=\"(max-width: 212px) 100vw, 212px\" \/><\/a><\/p>\n<p><a href=\"http:\/\/museumek.eu\/?attachment_id=46642\" rel=\"attachment wp-att-46642\"><img loading=\"lazy\" src=\"http:\/\/museumek.eu\/wp-content\/uploads\/2013\/05\/Destillerie-Peters-Nachf.-9-281x300.jpg\" alt=\"\" title=\"Destillerie Peters Nachf. 9\" width=\"281\" height=\"300\" class=\"alignnone size-medium wp-image-46642\" srcset=\"http:\/\/museumek.eu\/wp-content\/uploads\/2013\/05\/Destillerie-Peters-Nachf.-9-281x300.jpg 281w, http:\/\/museumek.eu\/wp-content\/uploads\/2013\/05\/Destillerie-Peters-Nachf.-9-140x150.jpg 140w, http:\/\/museumek.eu\/wp-content\/uploads\/2013\/05\/Destillerie-Peters-Nachf.-9.jpg 480w\" sizes=\"(max-width: 281px) 100vw, 281px\" \/><\/a><\/p>\n<p><a href=\"http:\/\/museumek.eu\/?attachment_id=46643\" rel=\"attachment wp-att-46643\"><img loading=\"lazy\" src=\"http:\/\/museumek.eu\/wp-content\/uploads\/2013\/05\/Destillerie-Peters-Nachf.-10-300x204.jpg\" alt=\"\" title=\"Destillerie Peters Nachf. 10\" width=\"300\" height=\"204\" class=\"alignnone size-medium wp-image-46643\" srcset=\"http:\/\/museumek.eu\/wp-content\/uploads\/2013\/05\/Destillerie-Peters-Nachf.-10-300x204.jpg 300w, http:\/\/museumek.eu\/wp-content\/uploads\/2013\/05\/Destillerie-Peters-Nachf.-10-150x102.jpg 150w, http:\/\/museumek.eu\/wp-content\/uploads\/2013\/05\/Destillerie-Peters-Nachf.-10-440x300.jpg 440w, http:\/\/museumek.eu\/wp-content\/uploads\/2013\/05\/Destillerie-Peters-Nachf.-10.jpg 640w\" sizes=\"(max-width: 300px) 100vw, 300px\" \/><\/a><\/p>\n","protected":false},"excerpt":{"rendered":"<p>Abteilung Deutschland, Keramik 1860 \u2013 1960, Inventarnummer D\/XLIX\/30 Simon Peter Gerz I. GmbH Fabrik fein verzierter Gebrauchs- und Luxusgegenst\u00e4nde und Vorg\u00e4nger Simon Peter Gerz I. Fabrik antiker reichverzierter Steinzeugwaaren, Deutschland, H\u00f6hr, um 1900, Lik\u00f6r Kanne, K\u00fcnstler unbekannt, Werks.-Nr. ohne, Exemplar &hellip; <a href=\"http:\/\/museumek.eu\/?page_id=50615\">Weiterlesen <span class=\"meta-nav\">&rarr;<\/span><\/a><\/p>\n","protected":false},"author":1,"featured_media":0,"parent":40447,"menu_order":30,"comment_status":"closed","ping_status":"open","template":"","meta":[],"_links":{"self":[{"href":"http:\/\/museumek.eu\/index.php?rest_route=\/wp\/v2\/pages\/50615"}],"collection":[{"href":"http:\/\/museumek.eu\/index.php?rest_route=\/wp\/v2\/pages"}],"about":[{"href":"http:\/\/museumek.eu\/index.php?rest_route=\/wp\/v2\/types\/page"}],"author":[{"embeddable":true,"href":"http:\/\/museumek.eu\/index.php?rest_route=\/wp\/v2\/users\/1"}],"replies":[{"embeddable":true,"href":"http:\/\/museumek.eu\/index.php?rest_route=%2Fwp%2Fv2%2Fcomments&post=50615"}],"version-history":[{"count":2,"href":"http:\/\/museumek.eu\/index.php?rest_route=\/wp\/v2\/pages\/50615\/revisions"}],"predecessor-version":[{"id":50617,"href":"http:\/\/museumek.eu\/index.php?rest_route=\/wp\/v2\/pages\/50615\/revisions\/50617"}],"up":[{"embeddable":true,"href":"http:\/\/museumek.eu\/index.php?rest_route=\/wp\/v2\/pages\/40447"}],"wp:attachment":[{"href":"http:\/\/museumek.eu\/index.php?rest_route=%2Fwp%2Fv2%2Fmedia&parent=50615"}],"curies":[{"name":"wp","href":"https:\/\/api.w.org\/{rel}","templated":true}]}}