{"id":50675,"date":"2020-11-16T22:20:51","date_gmt":"2020-11-16T21:20:51","guid":{"rendered":"http:\/\/museumek.eu\/?page_id=50675"},"modified":"2020-11-16T22:20:51","modified_gmt":"2020-11-16T21:20:51","slug":"dcxv11","status":"publish","type":"page","link":"http:\/\/museumek.eu\/?page_id=50675","title":{"rendered":"D\/CXV\/11"},"content":{"rendered":"<p><strong>Abteilung Deutschland, Keramik 1860 \u2013 1960, Inventarnummer D\/CXV\/11<\/strong><\/p>\n<p>Steinzeugfabrik Hauber &#038; Reuther, vormals Steinzeugfabrik Albert Hauber &#038; Co., vormals Steinzeugfabrik Sch\u00f6n &#038; Hauber, vormals Steinzeugfabrik Sch\u00f6n &#038; Borho, Deutschland, Freising, um 1887, Krug, K\u00fcnstler unbekannt, Werks.-Nr. 454, Exemplar Nr. ohne, gemarkt Firmenmarke mit HR (f\u00fcr Hauber &#038; Reuther), 454, G sowie 1\/2 L. \u00fcber Eichstrich gepresst, GERMANY sowie gesch\u00fctzt. rot gestempelt, Gravur auf dem Deckel Nov. 1903 (wohl sp\u00e4ter als das Herstellungsjahr, nicht signiert, Literatur: Irmgard und Werner Endres, Regensburger Steinzeug, S 13, Beschreibung zu Max Borho und zu Hauber &#038; Reuther sowie Seite 48, HR Marke als Hauber &#038; Reuther vermutet (erst 1988\/90 wurde durch Grabungen auf dem ehemaligen Fabrikgel\u00e4nde diverse keramische Abf\u00e4lle gefunden, die mit HR gemarkt waren und somit den Beweis f\u00fcr die Zuordnung der Marke HR zu Hauber &#038; Reuther lieferten), der um 1870 in der Westerw\u00e4lder keramischen Industrie arbeitende Max (Maximilian) Borho gr\u00fcndete 1874 zusammen mit August Zinkl und dessen Schwager Rudolf Thaller in Regensburg die keramische Fabrik Borho Zinkl &#038; Comp. Steinzeug-Manufactur &#038; Fabrikation imitirter alterth\u00fcmlicher Schau- &#038; Trinkgef\u00e4\u00dfe, die sp\u00e4tere Steinzeugfabrik von Gustav Friedrich Thenn, da es in der Regensburger Gegend keine hochwertigen Tone gab, war es sicher Borho, der Tonlieferung aus dem Westerwald organisierte, mit hoher Wahrscheinlichkeit ausschlie\u00dflich von der Firma Reinhold Hanke Fabrik altdeutscher Steinzeug-Kr\u00fcge, diese Vorgeschichte zu Max Borho ist insofern wichtig, weil Borho bereits im September 1875 seine Anteile an der Regensburger Firma verkauft und ab 1876 in Freising Mitbegr\u00fcnder der Steinzeugfabrik Adam Sch\u00f6n &#038; Max Borho wird, auch diese Fabrik bezieht das Tonmaterial aus dem Westerwald, sicher auch nur von der Firma Reinhold Hanke Fabrik altdeutscher Steinzeug-Kr\u00fcge, Borho verl\u00e4\u00dft diese Fabrik noch im Gr\u00fcndungsjahr und Albert Hauber aus Ludwigsburg wird Miteigent\u00fcmer, die Fabrik firmiert als Steinzeugfabrik Sch\u00f6n &#038; Hauber, 1878 verkauft Adam Sch\u00f6n seine Anteile an Albert Hauber, die Firmierung lautet nun Steinzeugfabrik Albert Hauber &#038; Co., ab 1882 wird Hans Reuther Miteigent\u00fcmer, die Fabrik firmiert als Steinzeugfabrik Hauber &#038; Reuther, im Jahre 1886 verloren auf Grund auslaufender Vertr\u00e4ge und mit dem Tode von Reinhold Hanke (22.06.1886) sowohl die o. g. Regensburger Fabrik als auch die Steinzeugfabrik Hauber &#038; Reuther die Gesch\u00e4ftsgrundlage, da kein Ton aus dem Westerwald mehr bezogen werden konnte, die Thenn\u2019sche Fabrik in Regensburg stellte die Produktion ein und die Steinzeugfabrik Hauber &#038; Reuther stellte die Produktion auf Porzellan um, gleichzeitig verschaffte sich die Fabrik Liefervertr\u00e4ge f\u00fcr Halbfertigprodukte mit folgenden Westerw\u00e4lder Fabriken, erstens, der Steingut- und Steinzeugfabrik, Kunstt\u00f6pferei, Zinngie\u00dferei Merkelbach und Wick (Lieferung von 1886 bis 1897), zweitens, Simon Peter Gerz I. Fabrik antiker reichverzierter Steinzeugwaaren und drittens, Albert Jacob Thewalt, Fabrik fein verzierter Steinzeugwaren, die Steinzeugfabrik Hauber &#038; Reuther dekorierte und veredelte die Halbfertigprodukte, nicht recherchiert werden konnte, ob die Fabrik ab Zulieferung der Halbfertigprodukte aus dem Westerwald nur noch als Veredler t\u00e4tig war oder ob auch weiterhin Porzellan produziert wurde, sicher ist, dass ab 1886 keine eigenen Steinzeugartikel mehr hergestellt worden sind, bis 1882 war keine Fabrikmarke im Gebrauch, die Produkte vor 1882 sind nur durch die Art und Weise der Literung erkennbar, soweit \u00fcberhaupt eine solche angebracht worden ist, ab 1882 erfolgte die Markung mit sich \u00e4ndernden HR Stempeln und HR Aufmalungen, manchmal in Kombination mit Marken der o. g. Westerw\u00e4lder Halbfertigfabrikatproduzenten, die Fabrik stellte 1907 die Produktion ein, das MEK Exemplar wurde als Halbfertigfabrikat von der Firma Steingut- und Steinzeugfabrik, Kunstt\u00f6pferei, Zinngie\u00dferei Merkelbach und Wick bezogen (die Zuordnung ergibt sich aus dem Stempel der 1\/2 Literung, gleicher Stempel von M &#038; W, siehe MEK Exemplar D\/LIII\/33), auf der homepage strong>http:\/\/home.kendra.com\/altekruge\/pss\/marksetc.htm <\/strong> findet sich eine von John McGregor zusammengestellte \u00dcbersicht \u00fcber die verschiedenen Literstempel und Fabrikmarken, der MEK Exemplar 1\/2 Literstempel wurde in der Zeit von 1886 bis 1897 von der Fabrik Merkelbach &#038; Wick verwendet, die HR Marke wurde von Hauber &#038; Reuther in der Zeit um 1886 f\u00fcr alle von M &#038; W bezogenen Hablbfertigfabrikate verwendet, H\u00f6he 17,2 cm, Breite 14 cm (nur die Keramik)<\/p>\n<p><a href=\"http:\/\/museumek.eu\/?attachment_id=50654\" rel=\"attachment wp-att-50654\"><img loading=\"lazy\" src=\"http:\/\/museumek.eu\/wp-content\/uploads\/2014\/06\/Hauber-Reuter-Krug-Volkslied-1-128x300.jpg\" alt=\"\" title=\"Hauber &amp; Reuter Krug Volkslied 1\" width=\"128\" height=\"300\" class=\"alignnone size-medium wp-image-50654\" srcset=\"http:\/\/museumek.eu\/wp-content\/uploads\/2014\/06\/Hauber-Reuter-Krug-Volkslied-1-128x300.jpg 128w, http:\/\/museumek.eu\/wp-content\/uploads\/2014\/06\/Hauber-Reuter-Krug-Volkslied-1-64x150.jpg 64w, http:\/\/museumek.eu\/wp-content\/uploads\/2014\/06\/Hauber-Reuter-Krug-Volkslied-1.jpg 274w\" sizes=\"(max-width: 128px) 100vw, 128px\" \/><\/a><\/p>\n<p><a href=\"http:\/\/museumek.eu\/?attachment_id=50655\" rel=\"attachment wp-att-50655\"><img loading=\"lazy\" src=\"http:\/\/museumek.eu\/wp-content\/uploads\/2014\/06\/Hauber-Reuter-Krug-Volkslied-2-160x300.jpg\" alt=\"\" title=\"Hauber &amp; Reuter Krug Volkslied 2\" width=\"160\" height=\"300\" class=\"alignnone size-medium wp-image-50655\" srcset=\"http:\/\/museumek.eu\/wp-content\/uploads\/2014\/06\/Hauber-Reuter-Krug-Volkslied-2-160x300.jpg 160w, http:\/\/museumek.eu\/wp-content\/uploads\/2014\/06\/Hauber-Reuter-Krug-Volkslied-2-80x150.jpg 80w, http:\/\/museumek.eu\/wp-content\/uploads\/2014\/06\/Hauber-Reuter-Krug-Volkslied-2.jpg 342w\" sizes=\"(max-width: 160px) 100vw, 160px\" \/><\/a><\/p>\n<p><a href=\"http:\/\/museumek.eu\/?attachment_id=50656\" rel=\"attachment wp-att-50656\"><img loading=\"lazy\" src=\"http:\/\/museumek.eu\/wp-content\/uploads\/2014\/06\/Hauber-Reuter-Krug-Volkslied-3-170x300.jpg\" alt=\"\" title=\"Hauber &amp; Reuter Krug Volkslied 3\" width=\"170\" height=\"300\" class=\"alignnone size-medium wp-image-50656\" srcset=\"http:\/\/museumek.eu\/wp-content\/uploads\/2014\/06\/Hauber-Reuter-Krug-Volkslied-3-170x300.jpg 170w, http:\/\/museumek.eu\/wp-content\/uploads\/2014\/06\/Hauber-Reuter-Krug-Volkslied-3-85x150.jpg 85w, http:\/\/museumek.eu\/wp-content\/uploads\/2014\/06\/Hauber-Reuter-Krug-Volkslied-3.jpg 364w\" sizes=\"(max-width: 170px) 100vw, 170px\" \/><\/a><\/p>\n<p><a href=\"http:\/\/museumek.eu\/?attachment_id=50657\" rel=\"attachment wp-att-50657\"><img loading=\"lazy\" src=\"http:\/\/museumek.eu\/wp-content\/uploads\/2014\/06\/Hauber-Reuter-Krug-Volkslied-4-128x300.jpg\" alt=\"\" title=\"Hauber &amp; Reuter Krug Volkslied 4\" width=\"128\" height=\"300\" class=\"alignnone size-medium wp-image-50657\" srcset=\"http:\/\/museumek.eu\/wp-content\/uploads\/2014\/06\/Hauber-Reuter-Krug-Volkslied-4-128x300.jpg 128w, http:\/\/museumek.eu\/wp-content\/uploads\/2014\/06\/Hauber-Reuter-Krug-Volkslied-4-64x150.jpg 64w\" sizes=\"(max-width: 128px) 100vw, 128px\" \/><\/a><\/p>\n<p><a href=\"http:\/\/museumek.eu\/?attachment_id=50660\" rel=\"attachment wp-att-50660\"><img loading=\"lazy\" src=\"http:\/\/museumek.eu\/wp-content\/uploads\/2014\/06\/Hauber-Reuter-Krug-Volkslied-5-196x300.jpg\" alt=\"\" title=\"Hauber &amp; Reuter Krug Volkslied 5\" width=\"196\" height=\"300\" class=\"alignnone size-medium wp-image-50660\" srcset=\"http:\/\/museumek.eu\/wp-content\/uploads\/2014\/06\/Hauber-Reuter-Krug-Volkslied-5-196x300.jpg 196w, http:\/\/museumek.eu\/wp-content\/uploads\/2014\/06\/Hauber-Reuter-Krug-Volkslied-5-98x150.jpg 98w, http:\/\/museumek.eu\/wp-content\/uploads\/2014\/06\/Hauber-Reuter-Krug-Volkslied-5.jpg 419w\" sizes=\"(max-width: 196px) 100vw, 196px\" \/><\/a><\/p>\n<p><a href=\"http:\/\/museumek.eu\/?attachment_id=50661\" rel=\"attachment wp-att-50661\"><img loading=\"lazy\" src=\"http:\/\/museumek.eu\/wp-content\/uploads\/2014\/06\/Hauber-Reuter-Krug-Volkslied-6-213x300.jpg\" alt=\"\" title=\"Hauber &amp; Reuter Krug Volkslied 6\" width=\"213\" height=\"300\" class=\"alignnone size-medium wp-image-50661\" srcset=\"http:\/\/museumek.eu\/wp-content\/uploads\/2014\/06\/Hauber-Reuter-Krug-Volkslied-6-213x300.jpg 213w, http:\/\/museumek.eu\/wp-content\/uploads\/2014\/06\/Hauber-Reuter-Krug-Volkslied-6-106x150.jpg 106w, http:\/\/museumek.eu\/wp-content\/uploads\/2014\/06\/Hauber-Reuter-Krug-Volkslied-6.jpg 456w\" sizes=\"(max-width: 213px) 100vw, 213px\" \/><\/a><\/p>\n<p><a href=\"http:\/\/museumek.eu\/?attachment_id=50662\" rel=\"attachment wp-att-50662\"><img loading=\"lazy\" src=\"http:\/\/museumek.eu\/wp-content\/uploads\/2014\/06\/Hauber-Reuter-Krug-Volkslied-7-155x300.jpg\" alt=\"\" title=\"Hauber &amp; Reuter Krug Volkslied 7\" width=\"155\" height=\"300\" class=\"alignnone size-medium wp-image-50662\" srcset=\"http:\/\/museumek.eu\/wp-content\/uploads\/2014\/06\/Hauber-Reuter-Krug-Volkslied-7-155x300.jpg 155w, http:\/\/museumek.eu\/wp-content\/uploads\/2014\/06\/Hauber-Reuter-Krug-Volkslied-7-77x150.jpg 77w, http:\/\/museumek.eu\/wp-content\/uploads\/2014\/06\/Hauber-Reuter-Krug-Volkslied-7.jpg 331w\" sizes=\"(max-width: 155px) 100vw, 155px\" \/><\/a><\/p>\n<p><a href=\"http:\/\/museumek.eu\/?attachment_id=50663\" rel=\"attachment wp-att-50663\"><img loading=\"lazy\" src=\"http:\/\/museumek.eu\/wp-content\/uploads\/2014\/06\/Hauber-Reuter-Krug-Volkslied-8-127x300.jpg\" alt=\"\" title=\"Hauber &amp; Reuter Krug Volkslied 8\" width=\"127\" height=\"300\" class=\"alignnone size-medium wp-image-50663\" srcset=\"http:\/\/museumek.eu\/wp-content\/uploads\/2014\/06\/Hauber-Reuter-Krug-Volkslied-8-127x300.jpg 127w, http:\/\/museumek.eu\/wp-content\/uploads\/2014\/06\/Hauber-Reuter-Krug-Volkslied-8-63x150.jpg 63w, http:\/\/museumek.eu\/wp-content\/uploads\/2014\/06\/Hauber-Reuter-Krug-Volkslied-8.jpg 271w\" sizes=\"(max-width: 127px) 100vw, 127px\" \/><\/a><\/p>\n<p><a href=\"http:\/\/museumek.eu\/?attachment_id=50666\" rel=\"attachment wp-att-50666\"><img loading=\"lazy\" src=\"http:\/\/museumek.eu\/wp-content\/uploads\/2014\/06\/Hauber-Reuter-Krug-Volkslied-9-300x208.jpg\" alt=\"\" title=\"Hauber &amp; Reuter Krug Volkslied 9\" width=\"300\" height=\"208\" class=\"alignnone size-medium wp-image-50666\" srcset=\"http:\/\/museumek.eu\/wp-content\/uploads\/2014\/06\/Hauber-Reuter-Krug-Volkslied-9-300x208.jpg 300w, http:\/\/museumek.eu\/wp-content\/uploads\/2014\/06\/Hauber-Reuter-Krug-Volkslied-9-150x104.jpg 150w, http:\/\/museumek.eu\/wp-content\/uploads\/2014\/06\/Hauber-Reuter-Krug-Volkslied-9-432x300.jpg 432w, http:\/\/museumek.eu\/wp-content\/uploads\/2014\/06\/Hauber-Reuter-Krug-Volkslied-9.jpg 640w\" sizes=\"(max-width: 300px) 100vw, 300px\" \/><\/a><\/p>\n<p><a href=\"http:\/\/museumek.eu\/?attachment_id=50667\" rel=\"attachment wp-att-50667\"><img loading=\"lazy\" src=\"http:\/\/museumek.eu\/wp-content\/uploads\/2014\/06\/Hauber-Reuter-Krug-Volkslied-10-258x300.jpg\" alt=\"\" title=\"Hauber &amp; Reuter Krug Volkslied 10\" width=\"258\" height=\"300\" class=\"alignnone size-medium wp-image-50667\" srcset=\"http:\/\/museumek.eu\/wp-content\/uploads\/2014\/06\/Hauber-Reuter-Krug-Volkslied-10-258x300.jpg 258w, http:\/\/museumek.eu\/wp-content\/uploads\/2014\/06\/Hauber-Reuter-Krug-Volkslied-10-129x150.jpg 129w, http:\/\/museumek.eu\/wp-content\/uploads\/2014\/06\/Hauber-Reuter-Krug-Volkslied-10.jpg 480w\" sizes=\"(max-width: 258px) 100vw, 258px\" \/><\/a><\/p>\n<p><a href=\"http:\/\/museumek.eu\/?attachment_id=50668\" rel=\"attachment wp-att-50668\"><img loading=\"lazy\" src=\"http:\/\/museumek.eu\/wp-content\/uploads\/2014\/06\/Hauber-Reuter-Krug-Volkslied-11-253x300.jpg\" alt=\"\" title=\"Hauber &amp; Reuter Krug Volkslied 11\" width=\"253\" height=\"300\" class=\"alignnone size-medium wp-image-50668\" srcset=\"http:\/\/museumek.eu\/wp-content\/uploads\/2014\/06\/Hauber-Reuter-Krug-Volkslied-11-253x300.jpg 253w, http:\/\/museumek.eu\/wp-content\/uploads\/2014\/06\/Hauber-Reuter-Krug-Volkslied-11-126x150.jpg 126w, http:\/\/museumek.eu\/wp-content\/uploads\/2014\/06\/Hauber-Reuter-Krug-Volkslied-11.jpg 480w\" sizes=\"(max-width: 253px) 100vw, 253px\" \/><\/a><\/p>\n","protected":false},"excerpt":{"rendered":"<p>Abteilung Deutschland, Keramik 1860 \u2013 1960, Inventarnummer D\/CXV\/11 Steinzeugfabrik Hauber &#038; Reuther, vormals Steinzeugfabrik Albert Hauber &#038; Co., vormals Steinzeugfabrik Sch\u00f6n &#038; Hauber, vormals Steinzeugfabrik Sch\u00f6n &#038; Borho, Deutschland, Freising, um 1887, Krug, K\u00fcnstler unbekannt, Werks.-Nr. 454, Exemplar Nr. ohne, &hellip; <a href=\"http:\/\/museumek.eu\/?page_id=50675\">Weiterlesen <span class=\"meta-nav\">&rarr;<\/span><\/a><\/p>\n","protected":false},"author":1,"featured_media":0,"parent":50673,"menu_order":11,"comment_status":"closed","ping_status":"open","template":"","meta":[],"_links":{"self":[{"href":"http:\/\/museumek.eu\/index.php?rest_route=\/wp\/v2\/pages\/50675"}],"collection":[{"href":"http:\/\/museumek.eu\/index.php?rest_route=\/wp\/v2\/pages"}],"about":[{"href":"http:\/\/museumek.eu\/index.php?rest_route=\/wp\/v2\/types\/page"}],"author":[{"embeddable":true,"href":"http:\/\/museumek.eu\/index.php?rest_route=\/wp\/v2\/users\/1"}],"replies":[{"embeddable":true,"href":"http:\/\/museumek.eu\/index.php?rest_route=%2Fwp%2Fv2%2Fcomments&post=50675"}],"version-history":[{"count":2,"href":"http:\/\/museumek.eu\/index.php?rest_route=\/wp\/v2\/pages\/50675\/revisions"}],"predecessor-version":[{"id":50677,"href":"http:\/\/museumek.eu\/index.php?rest_route=\/wp\/v2\/pages\/50675\/revisions\/50677"}],"up":[{"embeddable":true,"href":"http:\/\/museumek.eu\/index.php?rest_route=\/wp\/v2\/pages\/50673"}],"wp:attachment":[{"href":"http:\/\/museumek.eu\/index.php?rest_route=%2Fwp%2Fv2%2Fmedia&parent=50675"}],"curies":[{"name":"wp","href":"https:\/\/api.w.org\/{rel}","templated":true}]}}