{"id":50702,"date":"2020-11-17T21:30:29","date_gmt":"2020-11-17T20:30:29","guid":{"rendered":"http:\/\/museumek.eu\/?page_id=50702"},"modified":"2020-11-17T21:30:29","modified_gmt":"2020-11-17T20:30:29","slug":"dlxx16","status":"publish","type":"page","link":"http:\/\/museumek.eu\/?page_id=50702","title":{"rendered":"D\/LXX\/16"},"content":{"rendered":"<p><strong>Abteilung Deutschland, Keramik 1860 \u2013 1960, Inventarnummer D\/LXX\/16<\/strong><\/p>\n<p>Reinhold Hanke Fabrik fein verzierter Steinzeugwaaren, vormals Reinhold Hanke Fabrik altdeutscher Steinzeug-Kr\u00fcge, Deutschland, H\u00f6hr, um 1900, Seidel, K\u00fcnstler unbekannt, Werks.-Nr. 850, Exemplar Nr. ohne, gemarkt Firmenmarke mit R. H. (f\u00fcr Reinhold Hanke) darunter GERMANY, 850 sowie 1\/8 L. rechts neben Eichstrich gepresst, nicht signiert, Literatur: J\u00fcrgen Schimanski und J\u00fcrgen Erlebach, Westerw\u00e4lder Steinzeug, Die Neue \u00c4ra, Seite 60, Fabrikbeschreibung, weitere Literatur: J\u00fcrgen Schimanski, Braun geflammt und grau gesalzen, Seite 202, Beschreibung der Fabrik, weitere Literatur: Wolfgang Venzmer, Jugendstil im Landesmuseum Mainz, Seite 342, Beschreibung der Fabrik, weitere Literatur: Johannes und Peter Vogt, Alte Bierkr\u00fcge, Von der Renaissance bis zum Jugendstil, Seite 14, Fabrikbeschreibung und Benennung des Fabriknamens Reinhold Hanke Fabrik altdeutscher Steinzeug-Kr\u00fcge, 1864 gr\u00fcndete der aus B\u00f6hmen (Ausbildung bei Maresch, Siderolithsteinzeug) zugewanderte Reinhold Hanke zusammen mit Ottmar Speyser eine Siderolithwaarenfabrik in H\u00f6hr, 1868 trennte sich Reinhold Hanke von Ottmar Speyser (ob dieser die Siderlithwaarenfabrik allein weiterf\u00fchrte oder ob diese in Konkurs ging ist noch nicht gekl\u00e4rt) und gr\u00fcndete seine eigene Fabrik, die als Fabrik altdeutscher Steinzeug-Kr\u00fcge firmierte, 1876 wurde die Fabrik von Kaiserin Augusta, Gattin Kaiser Wilhelm des I. zum Hoflieferanten ernannt, bis 1882 wurde ausschlie\u00dflich graues Steinzeug produziert, welches blau bemalt wurde, ab 1883 wurde auch Elfenbeinsteinzeug produziert, Reinhold Hanke starb am 22.06.1886 und seine Witwe Maria Hanke f\u00fchrte die Fabrik fort, gem\u00e4\u00df des Musterbuches von ca. 1888 firmierte die Fabrik ab ca. 1888 als Reinhold Hanke Fabrik feinverzierter Steinzeugwaaren, ab 1901 f\u00fchrten die S\u00f6hne August und Carl Hanke die Fabrik, 1911 bis 1918 schloss sich die Fabrik mit den Fabriken Reinhold Merkelbach, Walter M\u00fcller und S. P. Gerz vertriebstechnisch zu der Steinzeugwerke H\u00f6hr-Grenzhausen GmbH zusammen, Hanke schied aber bereits vor 1918 wieder aus der GmbH aus, w\u00e4hrend der GmbH Zeit wurden Formen getauscht und auf die mit fremden Formen hergestellten Erzeugnisse, die eigene Herstellermarke angebracht, es gibt deshalb bei Reinhold Hanke hergestellte Ware nach Vorlagen von Reinhold Merkelbach (siehe dazu auch der Bartmannkrug MEK D\/LXX\/5) und umgedreht, 1921 wurden bei einem Brand die Fabrikgeb\u00e4ude zerst\u00f6rt und danach in kleinerem Umfang wieder aufgebaut, 1938, zum Tode von August Hanke wurde die Hank\u2019sche Fabrik endg\u00fcltig stillgelegt, das Fabrikgel\u00e4nde und die Fabrikgeb\u00e4ude wurden aber bis 1983 noch zur Erzeugung keramischer Produkte wohl unter Pacht von den Hank\u2018schen Erben von anderen Fabrikanten zum Beispiel Jean Maas genutzt, H\u00f6he 8,5 cm, Breite 9 cm <\/p>\n<p><a href=\"http:\/\/museumek.eu\/?attachment_id=50688\" rel=\"attachment wp-att-50688\"><img loading=\"lazy\" src=\"http:\/\/museumek.eu\/wp-content\/uploads\/2014\/03\/Reinhold-Hanke-Krug-Nr.-850-1-202x300.jpg\" alt=\"\" title=\"Reinhold Hanke Krug Nr. 850 1\" width=\"202\" height=\"300\" class=\"alignnone size-medium wp-image-50688\" srcset=\"http:\/\/museumek.eu\/wp-content\/uploads\/2014\/03\/Reinhold-Hanke-Krug-Nr.-850-1-202x300.jpg 202w, http:\/\/museumek.eu\/wp-content\/uploads\/2014\/03\/Reinhold-Hanke-Krug-Nr.-850-1-101x150.jpg 101w, http:\/\/museumek.eu\/wp-content\/uploads\/2014\/03\/Reinhold-Hanke-Krug-Nr.-850-1.jpg 432w\" sizes=\"(max-width: 202px) 100vw, 202px\" \/><\/a><\/p>\n<p><a href=\"http:\/\/museumek.eu\/?attachment_id=50689\" rel=\"attachment wp-att-50689\"><img loading=\"lazy\" src=\"http:\/\/museumek.eu\/wp-content\/uploads\/2014\/03\/Reinhold-Hanke-Krug-Nr.-850-2-278x300.jpg\" alt=\"\" title=\"Reinhold Hanke Krug Nr. 850 2\" width=\"278\" height=\"300\" class=\"alignnone size-medium wp-image-50689\" srcset=\"http:\/\/museumek.eu\/wp-content\/uploads\/2014\/03\/Reinhold-Hanke-Krug-Nr.-850-2-278x300.jpg 278w, http:\/\/museumek.eu\/wp-content\/uploads\/2014\/03\/Reinhold-Hanke-Krug-Nr.-850-2-139x150.jpg 139w, http:\/\/museumek.eu\/wp-content\/uploads\/2014\/03\/Reinhold-Hanke-Krug-Nr.-850-2.jpg 480w\" sizes=\"(max-width: 278px) 100vw, 278px\" \/><\/a><\/p>\n<p><a href=\"http:\/\/museumek.eu\/?attachment_id=50690\" rel=\"attachment wp-att-50690\"><img loading=\"lazy\" src=\"http:\/\/museumek.eu\/wp-content\/uploads\/2014\/03\/Reinhold-Hanke-Krug-Nr.-850-3-271x300.jpg\" alt=\"\" title=\"Reinhold Hanke Krug Nr. 850 3\" width=\"271\" height=\"300\" class=\"alignnone size-medium wp-image-50690\" srcset=\"http:\/\/museumek.eu\/wp-content\/uploads\/2014\/03\/Reinhold-Hanke-Krug-Nr.-850-3-271x300.jpg 271w, http:\/\/museumek.eu\/wp-content\/uploads\/2014\/03\/Reinhold-Hanke-Krug-Nr.-850-3-135x150.jpg 135w, http:\/\/museumek.eu\/wp-content\/uploads\/2014\/03\/Reinhold-Hanke-Krug-Nr.-850-3.jpg 480w\" sizes=\"(max-width: 271px) 100vw, 271px\" \/><\/a><\/p>\n<p><a href=\"http:\/\/museumek.eu\/?attachment_id=50691\" rel=\"attachment wp-att-50691\"><img loading=\"lazy\" src=\"http:\/\/museumek.eu\/wp-content\/uploads\/2014\/03\/Reinhold-Hanke-Krug-Nr.-850-4-223x300.jpg\" alt=\"\" title=\"Reinhold Hanke Krug Nr. 850 4\" width=\"223\" height=\"300\" class=\"alignnone size-medium wp-image-50691\" srcset=\"http:\/\/museumek.eu\/wp-content\/uploads\/2014\/03\/Reinhold-Hanke-Krug-Nr.-850-4-223x300.jpg 223w, http:\/\/museumek.eu\/wp-content\/uploads\/2014\/03\/Reinhold-Hanke-Krug-Nr.-850-4-111x150.jpg 111w, http:\/\/museumek.eu\/wp-content\/uploads\/2014\/03\/Reinhold-Hanke-Krug-Nr.-850-4.jpg 476w\" sizes=\"(max-width: 223px) 100vw, 223px\" \/><\/a><\/p>\n<p><a href=\"http:\/\/museumek.eu\/?attachment_id=50694\" rel=\"attachment wp-att-50694\"><img loading=\"lazy\" src=\"http:\/\/museumek.eu\/wp-content\/uploads\/2014\/03\/Reinhold-Hanke-Krug-Nr.-850-5-265x300.jpg\" alt=\"\" title=\"Reinhold Hanke Krug Nr. 850 5\" width=\"265\" height=\"300\" class=\"alignnone size-medium wp-image-50694\" srcset=\"http:\/\/museumek.eu\/wp-content\/uploads\/2014\/03\/Reinhold-Hanke-Krug-Nr.-850-5-265x300.jpg 265w, http:\/\/museumek.eu\/wp-content\/uploads\/2014\/03\/Reinhold-Hanke-Krug-Nr.-850-5-132x150.jpg 132w, http:\/\/museumek.eu\/wp-content\/uploads\/2014\/03\/Reinhold-Hanke-Krug-Nr.-850-5.jpg 480w\" sizes=\"(max-width: 265px) 100vw, 265px\" \/><\/a><\/p>\n<p><a href=\"http:\/\/museumek.eu\/?attachment_id=50695\" rel=\"attachment wp-att-50695\"><img loading=\"lazy\" src=\"http:\/\/museumek.eu\/wp-content\/uploads\/2014\/03\/Reinhold-Hanke-Krug-Nr.-850-6-260x300.jpg\" alt=\"\" title=\"Reinhold Hanke Krug Nr. 850 6\" width=\"260\" height=\"300\" class=\"alignnone size-medium wp-image-50695\" srcset=\"http:\/\/museumek.eu\/wp-content\/uploads\/2014\/03\/Reinhold-Hanke-Krug-Nr.-850-6-260x300.jpg 260w, http:\/\/museumek.eu\/wp-content\/uploads\/2014\/03\/Reinhold-Hanke-Krug-Nr.-850-6-130x150.jpg 130w, http:\/\/museumek.eu\/wp-content\/uploads\/2014\/03\/Reinhold-Hanke-Krug-Nr.-850-6.jpg 480w\" sizes=\"(max-width: 260px) 100vw, 260px\" \/><\/a><\/p>\n<p><a href=\"http:\/\/museumek.eu\/?attachment_id=50696\" rel=\"attachment wp-att-50696\"><img loading=\"lazy\" src=\"http:\/\/museumek.eu\/wp-content\/uploads\/2014\/03\/Reinhold-Hanke-Krug-Nr.-850-7-170x300.jpg\" alt=\"\" title=\"Reinhold Hanke Krug Nr. 850 7\" width=\"170\" height=\"300\" class=\"alignnone size-medium wp-image-50696\" srcset=\"http:\/\/museumek.eu\/wp-content\/uploads\/2014\/03\/Reinhold-Hanke-Krug-Nr.-850-7-170x300.jpg 170w, http:\/\/museumek.eu\/wp-content\/uploads\/2014\/03\/Reinhold-Hanke-Krug-Nr.-850-7-85x150.jpg 85w, http:\/\/museumek.eu\/wp-content\/uploads\/2014\/03\/Reinhold-Hanke-Krug-Nr.-850-7.jpg 364w\" sizes=\"(max-width: 170px) 100vw, 170px\" \/><\/a><\/p>\n<p><a href=\"http:\/\/museumek.eu\/?attachment_id=50697\" rel=\"attachment wp-att-50697\"><img loading=\"lazy\" src=\"http:\/\/museumek.eu\/wp-content\/uploads\/2014\/03\/Reinhold-Hanke-Krug-Nr.-850-8-300x195.jpg\" alt=\"\" title=\"Reinhold Hanke Krug Nr. 850 8\" width=\"300\" height=\"195\" class=\"alignnone size-medium wp-image-50697\" srcset=\"http:\/\/museumek.eu\/wp-content\/uploads\/2014\/03\/Reinhold-Hanke-Krug-Nr.-850-8-300x195.jpg 300w, http:\/\/museumek.eu\/wp-content\/uploads\/2014\/03\/Reinhold-Hanke-Krug-Nr.-850-8-150x97.jpg 150w, http:\/\/museumek.eu\/wp-content\/uploads\/2014\/03\/Reinhold-Hanke-Krug-Nr.-850-8-460x300.jpg 460w, http:\/\/museumek.eu\/wp-content\/uploads\/2014\/03\/Reinhold-Hanke-Krug-Nr.-850-8.jpg 640w\" sizes=\"(max-width: 300px) 100vw, 300px\" \/><\/a><\/p>\n","protected":false},"excerpt":{"rendered":"<p>Abteilung Deutschland, Keramik 1860 \u2013 1960, Inventarnummer D\/LXX\/16 Reinhold Hanke Fabrik fein verzierter Steinzeugwaaren, vormals Reinhold Hanke Fabrik altdeutscher Steinzeug-Kr\u00fcge, Deutschland, H\u00f6hr, um 1900, Seidel, K\u00fcnstler unbekannt, Werks.-Nr. 850, Exemplar Nr. ohne, gemarkt Firmenmarke mit R. H. (f\u00fcr Reinhold Hanke) &hellip; <a href=\"http:\/\/museumek.eu\/?page_id=50702\">Weiterlesen <span class=\"meta-nav\">&rarr;<\/span><\/a><\/p>\n","protected":false},"author":1,"featured_media":0,"parent":38406,"menu_order":16,"comment_status":"closed","ping_status":"open","template":"","meta":[],"_links":{"self":[{"href":"http:\/\/museumek.eu\/index.php?rest_route=\/wp\/v2\/pages\/50702"}],"collection":[{"href":"http:\/\/museumek.eu\/index.php?rest_route=\/wp\/v2\/pages"}],"about":[{"href":"http:\/\/museumek.eu\/index.php?rest_route=\/wp\/v2\/types\/page"}],"author":[{"embeddable":true,"href":"http:\/\/museumek.eu\/index.php?rest_route=\/wp\/v2\/users\/1"}],"replies":[{"embeddable":true,"href":"http:\/\/museumek.eu\/index.php?rest_route=%2Fwp%2Fv2%2Fcomments&post=50702"}],"version-history":[{"count":2,"href":"http:\/\/museumek.eu\/index.php?rest_route=\/wp\/v2\/pages\/50702\/revisions"}],"predecessor-version":[{"id":50704,"href":"http:\/\/museumek.eu\/index.php?rest_route=\/wp\/v2\/pages\/50702\/revisions\/50704"}],"up":[{"embeddable":true,"href":"http:\/\/museumek.eu\/index.php?rest_route=\/wp\/v2\/pages\/38406"}],"wp:attachment":[{"href":"http:\/\/museumek.eu\/index.php?rest_route=%2Fwp%2Fv2%2Fmedia&parent=50702"}],"curies":[{"name":"wp","href":"https:\/\/api.w.org\/{rel}","templated":true}]}}