{"id":5074,"date":"2011-09-25T18:37:27","date_gmt":"2011-09-25T16:37:27","guid":{"rendered":"http:\/\/museumek.eu\/?page_id=5074"},"modified":"2021-01-31T18:47:44","modified_gmt":"2021-01-31T17:47:44","slug":"fotos-und-beschreibung","status":"publish","type":"page","link":"http:\/\/museumek.eu\/?page_id=5074","title":{"rendered":"Fotos und Beschreibung"},"content":{"rendered":"<p><strong>Abteilung Frankreich, Keramik 1860 \u2013 1960, Inventarnummer F\/XVIII\/1<\/strong><\/p>\n<p>Manufacture de Faiences d\u2019Art de Saint Clement, um 1874, gemuldeter Teller, K\u00fcnstler Emile Gall\u00e9, Werks.-Nr. ohne, Exemplar Nr. ohne, gemarkt St. Cl\u00e9ment (verwischter Rundstempel) sowie Gall\u00e9 in Nancy Stempelautograph blau unter Glasur, signiert = gemarkt, hergestellt im Auftrag der Firma Veuve Reinemer et Gall\u00e9, Frankreich, Nancy (Inhaber der Vater von Emile Gall\u00e9, Charles Gall\u00e9-Reinemer), Wei\u00dfmasse hergestellt in der Faiencerie St. Clement, Dekorausf\u00fchrung von Emile Gall\u00e9 im Atelier der Firma des Vaters in Nancy, Ausf\u00fchrung als Fayence mit wei\u00dfer Zinnglasur und kobaltblauem Scharffeuerdekor, im Spiegel Wappenkartusche von Nancy mit Distel und Lothringischen Adlern unter Stadtkrone, Lorbeerzweig und Palmwedel sowie Schriftzug Non Inultus Premor (sinngem\u00e4\u00df: Niemand ber\u00fchrt mich ungestraft oder Wer mich ber\u00fchrt, sticht sich), auf der Fahne kobaltblaue Scharffeuer Zierb\u00e4nder, Datierung: nach 1871 (der Annektion durch das Wilhelminische Deutschland), Gall\u00e9 dr\u00fcckt mit dem Dekor im Spiegel seinen lothringischen Patriotismus aus, bis 1875, da ab diesem Jahr Emile Gall\u00e9 mit E. Gall\u00e9 signierte und er ab diesem Jahr die Gestaltung der Firmenprodukte allein verantwortete, Literatur: J. A. Schmoll genannt Eisenwerth und Helga Schmoll genannt Eisenwerth, Nancy 1900, Jugendstil in Lothringen, Ausstellung im M\u00fcnchner Stadtmuseum vom 28. August bis 23. November 1980, Seite 28, Gall\u00e9\u2019s Patriotismus, Seite 61, Beschreibung der Firma von Charles Gall\u00e9-Reinemer, Seite 64, Datierungshinweise sowie Seite 162 ff. Abbildung und Beschreibung des Dekors sowie Verweis auf Inv. Nr. 1974-121 des W\u00fcrttembergischen Landesmuseums, dort Tablett und Deckelgef\u00e4\u00dfe mit dem gleichen Dekor, von 1863 bis 1892 stand die Faiencerie St. Clement im Eigentum der Familie Thomas, ab 1892 im Eigentum der Firma Keller &#038; Gu\u00e9rin und ab 1922 im Eigentum von Edouard Fenal der auch Eigent\u00fcmer der Steingutfabrik in Badonviller war und ab 1979 im Eigentum der Sarreguemines Gruppe, Durchmesser 29 cm<\/p>\n<p><a href=\"http:\/\/museumek.eu\/wp-content\/uploads\/2012\/01\/Museum-Europ\u00e4ischer-Keramikkunst-1653.jpg\"><img loading=\"lazy\" src=\"http:\/\/museumek.eu\/wp-content\/uploads\/2012\/01\/Museum-Europ\u00e4ischer-Keramikkunst-1653-300x295.jpg\" alt=\"\" title=\"Museum Europ\u00e4ischer Keramikkunst 1653\" width=\"300\" height=\"295\" class=\"alignnone size-medium wp-image-8616\" srcset=\"http:\/\/museumek.eu\/wp-content\/uploads\/2012\/01\/Museum-Europ\u00e4ischer-Keramikkunst-1653-300x295.jpg 300w, http:\/\/museumek.eu\/wp-content\/uploads\/2012\/01\/Museum-Europ\u00e4ischer-Keramikkunst-1653-304x300.jpg 304w, http:\/\/museumek.eu\/wp-content\/uploads\/2012\/01\/Museum-Europ\u00e4ischer-Keramikkunst-1653.jpg 685w\" sizes=\"(max-width: 300px) 100vw, 300px\" \/><\/a><\/p>\n<p><a href=\"http:\/\/museumek.eu\/wp-content\/uploads\/2012\/01\/Museum-Europ\u00e4ischer-Keramikkunst-1643.jpg\"><img loading=\"lazy\" src=\"http:\/\/museumek.eu\/wp-content\/uploads\/2012\/01\/Museum-Europ\u00e4ischer-Keramikkunst-1643-300x243.jpg\" alt=\"\" title=\"Museum Europ\u00e4ischer Keramikkunst 1643\" width=\"300\" height=\"243\" class=\"alignnone size-medium wp-image-8539\" srcset=\"http:\/\/museumek.eu\/wp-content\/uploads\/2012\/01\/Museum-Europ\u00e4ischer-Keramikkunst-1643-300x243.jpg 300w, http:\/\/museumek.eu\/wp-content\/uploads\/2012\/01\/Museum-Europ\u00e4ischer-Keramikkunst-1643-369x300.jpg 369w, http:\/\/museumek.eu\/wp-content\/uploads\/2012\/01\/Museum-Europ\u00e4ischer-Keramikkunst-1643.jpg 466w\" sizes=\"(max-width: 300px) 100vw, 300px\" \/><\/a><\/p>\n<p><a href=\"http:\/\/museumek.eu\/wp-content\/uploads\/2012\/01\/Museum-Europ\u00e4ischer-Keramikkunst-1644.jpg\"><img loading=\"lazy\" src=\"http:\/\/museumek.eu\/wp-content\/uploads\/2012\/01\/Museum-Europ\u00e4ischer-Keramikkunst-1644-300x219.jpg\" alt=\"\" title=\"Museum Europ\u00e4ischer Keramikkunst 1644\" width=\"300\" height=\"219\" class=\"alignnone size-medium wp-image-8540\" srcset=\"http:\/\/museumek.eu\/wp-content\/uploads\/2012\/01\/Museum-Europ\u00e4ischer-Keramikkunst-1644-300x219.jpg 300w, http:\/\/museumek.eu\/wp-content\/uploads\/2012\/01\/Museum-Europ\u00e4ischer-Keramikkunst-1644.jpg 357w\" sizes=\"(max-width: 300px) 100vw, 300px\" \/><\/a><\/p>\n<p><strong>Abteilung Frankreich, Keramik 1860 \u2013 1960, Inventarnummer F\/XVIII\/2<\/strong><\/p>\n<p>Manufacture de Faiences d\u2019Art de Saint Clement, um 1874, Schale oder Ascher mit 4 Ablagen, K\u00fcnstler Emile Gall\u00e9, Werks.-Nr. ohne, Exemplar Nr. ohne, gemarkt St. Cl\u00e9ment, Gall\u00e9 in Nancy Stempelautograph sowie F (f\u00fcr France), blau unter Glasur, signiert = gemarkt, Ausf\u00fchrung als Fayence mit wei\u00dfer Zinnglasur und kobaltblauem Scharffeuerdekor, im Spiegel Wappenkartusche von Nancy mit Distel und Lothringischen Adlern unter Stadtkrone, Lorbeerzweig und Palmwedel sowie Schriftzug Non Inultus Premor (sinngem\u00e4\u00df: Niemand ber\u00fchrt mich ungestraft oder Wer mich ber\u00fchrt sticht sich), auf dem Schalenrand kobaltblaue Scharffeuerbemalung, hergestellt im Auftrag der Firma Veuve Reinemer et Gall\u00e9, Frankreich, Nancy (Inhaber der Vater von Emile Gall\u00e9, Charles Gall\u00e9-Reinemer), Wei\u00dfmasse hergestellt in der Faiencerie St. Clement, Dekorausf\u00fchrung von Emile Gall\u00e9 im Atelier der Firma des Vaters in Nancy, Datierung: nach 1871 (der Annektion durch das Wilhelminische Deutschland), Gall\u00e9 dr\u00fcckt mit dem Dekor im Spiegel seinen lothringischen Patriotismus aus, bis 1875, da ab diesem Jahr Emile Gall\u00e9 mit E. Gall\u00e9 signierte und er ab diesem Jahr die Gestaltung der Firmenprodukte allein verantwortete, Literatur: J. A. Schmoll genannt Eisenwerth und Helga Schmoll genannt Eisenwerth, Nancy 1900, Jugendstil in Lothringen, Ausstellung im M\u00fcnchner Stadtmuseum vom 28. August bis 23. November 1980, Seite 28, Gall\u00e9\u2019s Patriotismus, Seite 61, Beschreibung der Firma von Charles Gall\u00e9-Reinemer, Seite 64, Datierungshinweise sowie Seite 162 ff. Abbildung und Beschreibung des Dekors sowie Verweis auf Inv. Nr. 1974-121 des W\u00fcrttembergischen Landesmuseums, dort Tablett und Deckelgef\u00e4\u00dfe mit dem gleichen Dekor, von 1863 bis 1892 stand die Faiencerie St. Clement im Eigentum der Familie Thomas, ab 1892 im Eigentum der Firma Keller &#038; Gu\u00e9rin und ab 1922 im Eigentum von Edouard Fenal der auch Eigent\u00fcmer der Steingutfabrik in Badonviller war und ab 1979 im Eigentum der Sarreguemines Gruppe, H\u00f6he 3,3 cm, Breite 24,5 cm<\/p>\n<p><a href=\"http:\/\/museumek.eu\/wp-content\/uploads\/2012\/01\/Museum-Europ\u00e4ischer-Keramikkunst-16561.jpg\"><img loading=\"lazy\" src=\"http:\/\/museumek.eu\/wp-content\/uploads\/2012\/01\/Museum-Europ\u00e4ischer-Keramikkunst-16561-300x185.jpg\" alt=\"\" title=\"Museum Europ\u00e4ischer Keramikkunst 1656\" width=\"300\" height=\"185\" class=\"alignnone size-medium wp-image-8611\" srcset=\"http:\/\/museumek.eu\/wp-content\/uploads\/2012\/01\/Museum-Europ\u00e4ischer-Keramikkunst-16561-300x185.jpg 300w, http:\/\/museumek.eu\/wp-content\/uploads\/2012\/01\/Museum-Europ\u00e4ischer-Keramikkunst-16561-485x300.jpg 485w, http:\/\/museumek.eu\/wp-content\/uploads\/2012\/01\/Museum-Europ\u00e4ischer-Keramikkunst-16561.jpg 940w\" sizes=\"(max-width: 300px) 100vw, 300px\" \/><\/a><\/p>\n<p><a href=\"http:\/\/museumek.eu\/wp-content\/uploads\/2012\/01\/Museum-Europ\u00e4ischer-Keramikkunst-1657.jpg\"><img loading=\"lazy\" src=\"http:\/\/museumek.eu\/wp-content\/uploads\/2012\/01\/Museum-Europ\u00e4ischer-Keramikkunst-1657-300x101.jpg\" alt=\"\" title=\"Museum Europ\u00e4ischer Keramikkunst 1657\" width=\"300\" height=\"101\" class=\"alignnone size-medium wp-image-8612\" srcset=\"http:\/\/museumek.eu\/wp-content\/uploads\/2012\/01\/Museum-Europ\u00e4ischer-Keramikkunst-1657-300x101.jpg 300w, http:\/\/museumek.eu\/wp-content\/uploads\/2012\/01\/Museum-Europ\u00e4ischer-Keramikkunst-1657-500x169.jpg 500w, http:\/\/museumek.eu\/wp-content\/uploads\/2012\/01\/Museum-Europ\u00e4ischer-Keramikkunst-1657.jpg 948w\" sizes=\"(max-width: 300px) 100vw, 300px\" \/><\/a><\/p>\n<p><a href=\"http:\/\/museumek.eu\/wp-content\/uploads\/2012\/01\/Museum-Europ\u00e4ischer-Keramikkunst-1634.jpg\"><img loading=\"lazy\" src=\"http:\/\/museumek.eu\/wp-content\/uploads\/2012\/01\/Museum-Europ\u00e4ischer-Keramikkunst-1634-300x139.jpg\" alt=\"\" title=\"Museum Europ\u00e4ischer Keramikkunst 1634\" width=\"300\" height=\"139\" class=\"alignnone size-medium wp-image-8544\" srcset=\"http:\/\/museumek.eu\/wp-content\/uploads\/2012\/01\/Museum-Europ\u00e4ischer-Keramikkunst-1634-300x139.jpg 300w, http:\/\/museumek.eu\/wp-content\/uploads\/2012\/01\/Museum-Europ\u00e4ischer-Keramikkunst-1634-500x232.jpg 500w, http:\/\/museumek.eu\/wp-content\/uploads\/2012\/01\/Museum-Europ\u00e4ischer-Keramikkunst-1634.jpg 853w\" sizes=\"(max-width: 300px) 100vw, 300px\" \/><\/a><\/p>\n<p><strong>Abteilung Frankreich, Keramik 1860 \u2013 1960, Inventarnummer F\/XVIII\/3<\/strong><\/p>\n<p>Manufacture de Faiences d\u2019Art de Saint Clement, um 1874, Schale mit Standfu\u00df und durchbrochenem Rand, K\u00fcnstler Emile Gall\u00e9, Werks.-Nr. ohne, Exemplar Nr. ohne, gemarkt St. Cl\u00e9ment Rundstempel, Gall\u00e9 Nancy Stempelautograph, blau unter Glasur, signiert = gemarkt, Ausf\u00fchrung als Fayence mit wei\u00dfer Zinnglasur und kobaltblauem Scharffeuerdekor, im Spiegel Wappenkartusche von Nancy mit Distel und Lothringischen Adlern unter Stadtkrone, Lorbeerzweig und Palmwedel sowie Schriftzug Non Inultus Premor (sinngem\u00e4\u00df: Niemand ber\u00fchrt mich ungestraft oder Wer mich ber\u00fchrt, sticht sich), kobaltblaue Scharffeuer Randbemalungen, durchbrochene Fahne, hergestellt im Auftrag der Firma Veuve Reinemer et Gall\u00e9, Frankreich, Nancy (Inhaber der Vater von Emile Gall\u00e9, Charles Gall\u00e9-Reinemer), Wei\u00dfmasse hergestellt in der Faiencerie St. Clement, Dekorausf\u00fchrung von Emile Gall\u00e9 im Atelier der Firma des Vaters in Nancy, Datierung: nach 1871 (der Annektion durch das Wilhelminische Deutschland), Gall\u00e9 dr\u00fcckt mit dem Dekor im Spiegel seinen lothringischen Patriotismus aus, bis 1875, da ab diesem Jahr Emile Gall\u00e9 mit E. Gall\u00e9 signierte und er ab diesem Jahr die Gestaltung der Firmenprodukte allein verantwortete, Literatur: J. A. Schmoll genannt Eisenwerth und Helga Schmoll genannt Eisenwerth, Nancy 1900, Jugendstil in Lothringen, Ausstellung im M\u00fcnchner Stadtmuseum vom 28. August bis 23. November 1980, Seite 28, Gall\u00e9\u2019s Patriotismus, Seite 61, Beschreibung der Firma von Charles Gall\u00e9-Reinemer, Seite 64, Datierungshinweise sowie Seite 162 ff. Abbildung und Beschreibung des Dekors sowie Verweis auf Inv. Nr. 1974-121 des W\u00fcrttembergischen Landesmuseums, dort Tablett und Deckelgef\u00e4\u00dfe mit dem gleichen Dekor, von 1863 bis 1892 stand die Faiencerie St. Clement im Eigentum der Familie Thomas, ab 1892 im Eigentum der Firma Keller &#038; Gu\u00e9rin und ab 1922 im Eigentum von Edouard Fenal der auch Eigent\u00fcmer der Steingutfabrik in Badonviller war und ab 1979 im Eigentum der Sarreguemines Gruppe, H\u00f6he 5 cm, Breite 21 cm<\/p>\n<p><a href=\"http:\/\/museumek.eu\/wp-content\/uploads\/2012\/01\/Museum-Europ\u00e4ischer-Keramikkunst-1654.jpg\"><img loading=\"lazy\" src=\"http:\/\/museumek.eu\/wp-content\/uploads\/2012\/01\/Museum-Europ\u00e4ischer-Keramikkunst-1654-300x170.jpg\" alt=\"\" title=\"Museum Europ\u00e4ischer Keramikkunst 1654\" width=\"300\" height=\"170\" class=\"alignnone size-medium wp-image-8604\" srcset=\"http:\/\/museumek.eu\/wp-content\/uploads\/2012\/01\/Museum-Europ\u00e4ischer-Keramikkunst-1654-300x170.jpg 300w, http:\/\/museumek.eu\/wp-content\/uploads\/2012\/01\/Museum-Europ\u00e4ischer-Keramikkunst-1654-500x283.jpg 500w, http:\/\/museumek.eu\/wp-content\/uploads\/2012\/01\/Museum-Europ\u00e4ischer-Keramikkunst-1654.jpg 782w\" sizes=\"(max-width: 300px) 100vw, 300px\" \/><\/a><\/p>\n<p><a href=\"http:\/\/museumek.eu\/wp-content\/uploads\/2012\/01\/Museum-Europ\u00e4ischer-Keramikkunst-16361.jpg\"><img loading=\"lazy\" src=\"http:\/\/museumek.eu\/wp-content\/uploads\/2012\/01\/Museum-Europ\u00e4ischer-Keramikkunst-16361-300x285.jpg\" alt=\"\" title=\"Museum Europ\u00e4ischer Keramikkunst 1636\" width=\"300\" height=\"285\" class=\"alignnone size-medium wp-image-8552\" srcset=\"http:\/\/museumek.eu\/wp-content\/uploads\/2012\/01\/Museum-Europ\u00e4ischer-Keramikkunst-16361-300x285.jpg 300w, http:\/\/museumek.eu\/wp-content\/uploads\/2012\/01\/Museum-Europ\u00e4ischer-Keramikkunst-16361-315x300.jpg 315w, http:\/\/museumek.eu\/wp-content\/uploads\/2012\/01\/Museum-Europ\u00e4ischer-Keramikkunst-16361.jpg 731w\" sizes=\"(max-width: 300px) 100vw, 300px\" \/><\/a><\/p>\n<p><a href=\"http:\/\/museumek.eu\/wp-content\/uploads\/2012\/01\/Museum-Europ\u00e4ischer-Keramikkunst-1638.jpg\"><img loading=\"lazy\" src=\"http:\/\/museumek.eu\/wp-content\/uploads\/2012\/01\/Museum-Europ\u00e4ischer-Keramikkunst-1638-210x300.jpg\" alt=\"\" title=\"Museum Europ\u00e4ischer Keramikkunst 1638\" width=\"210\" height=\"300\" class=\"alignnone size-medium wp-image-8553\" srcset=\"http:\/\/museumek.eu\/wp-content\/uploads\/2012\/01\/Museum-Europ\u00e4ischer-Keramikkunst-1638-210x300.jpg 210w, http:\/\/museumek.eu\/wp-content\/uploads\/2012\/01\/Museum-Europ\u00e4ischer-Keramikkunst-1638.jpg 353w\" sizes=\"(max-width: 210px) 100vw, 210px\" \/><\/a><\/p>\n<p><a href=\"http:\/\/museumek.eu\/wp-content\/uploads\/2012\/01\/Museum-Europ\u00e4ischer-Keramikkunst-1639.jpg\"><img loading=\"lazy\" src=\"http:\/\/museumek.eu\/wp-content\/uploads\/2012\/01\/Museum-Europ\u00e4ischer-Keramikkunst-1639-281x300.jpg\" alt=\"\" title=\"Museum Europ\u00e4ischer Keramikkunst 1639\" width=\"281\" height=\"300\" class=\"alignnone size-medium wp-image-8554\" srcset=\"http:\/\/museumek.eu\/wp-content\/uploads\/2012\/01\/Museum-Europ\u00e4ischer-Keramikkunst-1639-281x300.jpg 281w, http:\/\/museumek.eu\/wp-content\/uploads\/2012\/01\/Museum-Europ\u00e4ischer-Keramikkunst-1639.jpg 419w\" sizes=\"(max-width: 281px) 100vw, 281px\" \/><\/a><\/p>\n<p><strong>Abteilung Frankreich, Keramik 1860 \u2013 1960, Inventarnummer F\/XVIII\/4<\/strong><\/p>\n<p>Manufacture de Faiences d\u2019Art de Saint Clement, Frankreich, Saint Clement, um 1935, Figur Antilopenpaar, K\u00fcnstler Charles Lemanceau, Werks.-Nr. ohne, Exemplar Nr. ohne, gemarkt LEMANCEAU gepresst, signiert = gemarkt, von 1863 bis 1892 stand die Faiencerie St. Clement im Eigentum der Familie Thomas, ab 1892 im Eigentum der Firma Keller &#038; Gu\u00e9rin und ab 1922 im Eigentum von Edouard Fenal der auch Eigent\u00fcmer der Steingutfabrik in Badonviller war und ab 1979 im Eigentum der Sarreguemines Gruppe, H\u00f6he 34 cm, Breite 51 cm<\/p>\n<p><a href=\"http:\/\/museumek.eu\/wp-content\/uploads\/2011\/08\/Museum-Europ\u00e4ischer-Keramikkunst-Qualit\u00e4tsfotos-323.jpg\"><img loading=\"lazy\" src=\"http:\/\/museumek.eu\/wp-content\/uploads\/2011\/08\/Museum-Europ\u00e4ischer-Keramikkunst-Qualit\u00e4tsfotos-323-285x300.jpg\" alt=\"\" title=\"Museum Europ\u00e4ischer Keramikkunst Qualit\u00e4tsfotos 323\" width=\"285\" height=\"300\" class=\"alignnone size-medium wp-image-2217\" srcset=\"http:\/\/museumek.eu\/wp-content\/uploads\/2011\/08\/Museum-Europ\u00e4ischer-Keramikkunst-Qualit\u00e4tsfotos-323-285x300.jpg 285w, http:\/\/museumek.eu\/wp-content\/uploads\/2011\/08\/Museum-Europ\u00e4ischer-Keramikkunst-Qualit\u00e4tsfotos-323.jpg 716w\" sizes=\"(max-width: 285px) 100vw, 285px\" \/><\/a><\/p>\n<p><a href=\"http:\/\/museumek.eu\/wp-content\/uploads\/2011\/08\/Museum-Europ\u00e4ischer-Keramikkunst-393.jpg\"><img loading=\"lazy\" src=\"http:\/\/museumek.eu\/wp-content\/uploads\/2011\/08\/Museum-Europ\u00e4ischer-Keramikkunst-393-300x70.jpg\" alt=\"\" title=\"Museum Europ\u00e4ischer Keramikkunst 393\" width=\"300\" height=\"70\" class=\"alignnone size-medium wp-image-2218\" srcset=\"http:\/\/museumek.eu\/wp-content\/uploads\/2011\/08\/Museum-Europ\u00e4ischer-Keramikkunst-393-300x70.jpg 300w, http:\/\/museumek.eu\/wp-content\/uploads\/2011\/08\/Museum-Europ\u00e4ischer-Keramikkunst-393-500x118.jpg 500w, http:\/\/museumek.eu\/wp-content\/uploads\/2011\/08\/Museum-Europ\u00e4ischer-Keramikkunst-393.jpg 841w\" sizes=\"(max-width: 300px) 100vw, 300px\" \/><\/a><\/p>\n<p><strong>Abteilung Frankreich, Keramik 1860 \u2013 1960, Inventarnummer F\/XVIII\/5<\/strong><\/p>\n<p>Manufacture de Faiences d\u2019Art de Saint Clement, Frankreich, Saint Clement, um 1935, Figur Asiatisches B\u00fcffelpaar, K\u00fcnstler Charles Lemanceau, Werks.-Nr. ohne, Exemplar Nr. ohne, gemarkt LEMANCEAU mit gegossen, signiert = gemarkt, von 1863 bis 1892 stand die Faiencerie St. Clement im Eigentum der Familie Thomas, ab 1892 im Eigentum der Firma Keller &#038; Gu\u00e9rin und ab 1922 im Eigentum von Edouard Fenal der auch Eigent\u00fcmer der Steingutfabrik in Badonviller war und ab 1979 im Eigentum der Sarreguemines Gruppe, H\u00f6he 21 cm, Breite 35 cm<\/p>\n<p><a href=\"http:\/\/museumek.eu\/wp-content\/uploads\/2011\/08\/Museum-Europ\u00e4ischer-Keramikkunst-Qualit\u00e4tsfotos-324.jpg\"><img loading=\"lazy\" src=\"http:\/\/museumek.eu\/wp-content\/uploads\/2011\/08\/Museum-Europ\u00e4ischer-Keramikkunst-Qualit\u00e4tsfotos-324-300x267.jpg\" alt=\"\" title=\"Museum Europ\u00e4ischer Keramikkunst Qualit\u00e4tsfotos 324\" width=\"300\" height=\"267\" class=\"alignnone size-medium wp-image-2222\" srcset=\"http:\/\/museumek.eu\/wp-content\/uploads\/2011\/08\/Museum-Europ\u00e4ischer-Keramikkunst-Qualit\u00e4tsfotos-324-300x267.jpg 300w, http:\/\/museumek.eu\/wp-content\/uploads\/2011\/08\/Museum-Europ\u00e4ischer-Keramikkunst-Qualit\u00e4tsfotos-324-336x300.jpg 336w, http:\/\/museumek.eu\/wp-content\/uploads\/2011\/08\/Museum-Europ\u00e4ischer-Keramikkunst-Qualit\u00e4tsfotos-324.jpg 771w\" sizes=\"(max-width: 300px) 100vw, 300px\" \/><\/a><\/p>\n<p><a href=\"http:\/\/museumek.eu\/wp-content\/uploads\/2011\/08\/Museum-Europ\u00e4ischer-Keramikkunst-306.jpg\"><img loading=\"lazy\" src=\"http:\/\/museumek.eu\/wp-content\/uploads\/2011\/08\/Museum-Europ\u00e4ischer-Keramikkunst-306-300x66.jpg\" alt=\"\" title=\"Museum Europ\u00e4ischer Keramikkunst 306\" width=\"300\" height=\"66\" class=\"alignnone size-medium wp-image-2223\" srcset=\"http:\/\/museumek.eu\/wp-content\/uploads\/2011\/08\/Museum-Europ\u00e4ischer-Keramikkunst-306-300x66.jpg 300w, http:\/\/museumek.eu\/wp-content\/uploads\/2011\/08\/Museum-Europ\u00e4ischer-Keramikkunst-306-500x111.jpg 500w, http:\/\/museumek.eu\/wp-content\/uploads\/2011\/08\/Museum-Europ\u00e4ischer-Keramikkunst-306.jpg 875w\" sizes=\"(max-width: 300px) 100vw, 300px\" \/><\/a><\/p>\n<p><strong>Abteilung Frankreich, Keramik 1860 \u2013 1960, Inventarnummer F\/XVIII\/6<\/strong><\/p>\n<p>Manufacture de Faiences d\u2019Art de Saint Clement, Frankreich, Saint Clement, um 1935, Figur Reh, K\u00fcnstler Charles Lemanceau (attr.), Werks.-Nr. 1022, Exemplar Nr. ohne, gemarkt SC (ligiert), 1022 sowie FRANCE mit gegossen, nicht signiert, von 1863 bis 1892 stand die Faiencerie St. Clement im Eigentum der Familie Thomas, ab 1892 im Eigentum der Firma Keller &#038; Gu\u00e9rin und ab 1922 im Eigentum von Edouard Fenal der auch Eigent\u00fcmer der Steingutfabrik in Badonviller war und ab 1979 im Eigentum der Sarreguemines Gruppe, H\u00f6he 19,5 cm, Breite 10 cm<\/p>\n<p><a href=\"http:\/\/museumek.eu\/wp-content\/uploads\/2011\/10\/Museum-Europ\u00e4ischer-Keramikkunst-2943.jpg\"><img loading=\"lazy\" src=\"http:\/\/museumek.eu\/wp-content\/uploads\/2011\/10\/Museum-Europ\u00e4ischer-Keramikkunst-2943-125x300.jpg\" alt=\"\" title=\"Museum Europ\u00e4ischer Keramikkunst 2943\" width=\"125\" height=\"300\" class=\"alignnone size-medium wp-image-14192\" srcset=\"http:\/\/museumek.eu\/wp-content\/uploads\/2011\/10\/Museum-Europ\u00e4ischer-Keramikkunst-2943-125x300.jpg 125w, http:\/\/museumek.eu\/wp-content\/uploads\/2011\/10\/Museum-Europ\u00e4ischer-Keramikkunst-2943.jpg 388w\" sizes=\"(max-width: 125px) 100vw, 125px\" \/><\/a><\/p>\n<p><a href=\"http:\/\/museumek.eu\/wp-content\/uploads\/2011\/10\/Museum-Europ\u00e4ischer-Keramikkunst-2945.jpg\"><img loading=\"lazy\" src=\"http:\/\/museumek.eu\/wp-content\/uploads\/2011\/10\/Museum-Europ\u00e4ischer-Keramikkunst-2945-295x300.jpg\" alt=\"\" title=\"Museum Europ\u00e4ischer Keramikkunst 2945\" width=\"295\" height=\"300\" class=\"alignnone size-medium wp-image-14193\" srcset=\"http:\/\/museumek.eu\/wp-content\/uploads\/2011\/10\/Museum-Europ\u00e4ischer-Keramikkunst-2945-295x300.jpg 295w, http:\/\/museumek.eu\/wp-content\/uploads\/2011\/10\/Museum-Europ\u00e4ischer-Keramikkunst-2945.jpg 359w\" sizes=\"(max-width: 295px) 100vw, 295px\" \/><\/a><\/p>\n<p><strong>Abteilung Frankreich, Keramik 1860 \u2013 1960, Inventarnummer F\/XVIII\/7<\/strong><\/p>\n<p>Manufacture de Faiences d\u2019Art de Saint Clement, Frankreich, Saint Clement, um 1935, Figur Reh, K\u00fcnstler Charles Lemanceau (attr.), Werks.-Nr. 8537, Exemplar Nr. ohne, gemarkt SC (ligiert), 8537 sowie FRANCE gepresst, nicht signiert, von 1863 bis 1892 stand die Faiencerie St. Clement im Eigentum der Familie Thomas, ab 1892 im Eigentum der Firma Keller &#038; Gu\u00e9rin und ab 1922 im Eigentum von Edouard Fenal der auch Eigent\u00fcmer der Steingutfabrik in Badonviller war und ab 1979 im Eigentum der Sarreguemines Gruppe, H\u00f6he 19 cm, Breite 9,5 cm<\/p>\n<p><a href=\"http:\/\/museumek.eu\/?attachment_id=52927\" rel=\"attachment wp-att-52927\"><img loading=\"lazy\" src=\"http:\/\/museumek.eu\/wp-content\/uploads\/2011\/09\/St.-Clement-gr\u00fcnes-Reh-1-167x300.jpg\" alt=\"\" title=\"St. Clement gr\u00fcnes Reh 1\" width=\"167\" height=\"300\" class=\"alignnone size-medium wp-image-52927\" srcset=\"http:\/\/museumek.eu\/wp-content\/uploads\/2011\/09\/St.-Clement-gr\u00fcnes-Reh-1-167x300.jpg 167w, http:\/\/museumek.eu\/wp-content\/uploads\/2011\/09\/St.-Clement-gr\u00fcnes-Reh-1-83x150.jpg 83w, http:\/\/museumek.eu\/wp-content\/uploads\/2011\/09\/St.-Clement-gr\u00fcnes-Reh-1.jpg 357w\" sizes=\"(max-width: 167px) 100vw, 167px\" \/><\/a><\/p>\n<p><a href=\"http:\/\/museumek.eu\/?attachment_id=52928\" rel=\"attachment wp-att-52928\"><img loading=\"lazy\" src=\"http:\/\/museumek.eu\/wp-content\/uploads\/2011\/09\/St.-Clement-gr\u00fcnes-Reh-2-140x300.jpg\" alt=\"\" title=\"St. Clement gr\u00fcnes Reh 2\" width=\"140\" height=\"300\" class=\"alignnone size-medium wp-image-52928\" srcset=\"http:\/\/museumek.eu\/wp-content\/uploads\/2011\/09\/St.-Clement-gr\u00fcnes-Reh-2-140x300.jpg 140w, http:\/\/museumek.eu\/wp-content\/uploads\/2011\/09\/St.-Clement-gr\u00fcnes-Reh-2-70x150.jpg 70w, http:\/\/museumek.eu\/wp-content\/uploads\/2011\/09\/St.-Clement-gr\u00fcnes-Reh-2.jpg 300w\" sizes=\"(max-width: 140px) 100vw, 140px\" \/><\/a><\/p>\n<p><a href=\"http:\/\/museumek.eu\/?attachment_id=52929\" rel=\"attachment wp-att-52929\"><img loading=\"lazy\" src=\"http:\/\/museumek.eu\/wp-content\/uploads\/2011\/09\/St.-Clement-gr\u00fcnes-Reh-3-165x300.jpg\" alt=\"\" title=\"St. Clement gr\u00fcnes Reh 3\" width=\"165\" height=\"300\" class=\"alignnone size-medium wp-image-52929\" srcset=\"http:\/\/museumek.eu\/wp-content\/uploads\/2011\/09\/St.-Clement-gr\u00fcnes-Reh-3-165x300.jpg 165w, http:\/\/museumek.eu\/wp-content\/uploads\/2011\/09\/St.-Clement-gr\u00fcnes-Reh-3-82x150.jpg 82w\" sizes=\"(max-width: 165px) 100vw, 165px\" \/><\/a><\/p>\n<p><a href=\"http:\/\/museumek.eu\/?attachment_id=52930\" rel=\"attachment wp-att-52930\"><img loading=\"lazy\" src=\"http:\/\/museumek.eu\/wp-content\/uploads\/2011\/09\/St.-Clement-gr\u00fcnes-Reh-4-96x300.jpg\" alt=\"\" title=\"St. Clement gr\u00fcnes Reh 4\" width=\"96\" height=\"300\" class=\"alignnone size-medium wp-image-52930\" srcset=\"http:\/\/museumek.eu\/wp-content\/uploads\/2011\/09\/St.-Clement-gr\u00fcnes-Reh-4-96x300.jpg 96w, http:\/\/museumek.eu\/wp-content\/uploads\/2011\/09\/St.-Clement-gr\u00fcnes-Reh-4-48x150.jpg 48w\" sizes=\"(max-width: 96px) 100vw, 96px\" \/><\/a><\/p>\n<p><a href=\"http:\/\/museumek.eu\/?attachment_id=52931\" rel=\"attachment wp-att-52931\"><img loading=\"lazy\" src=\"http:\/\/museumek.eu\/wp-content\/uploads\/2011\/09\/St.-Clement-gr\u00fcnes-Reh-5-233x300.jpg\" alt=\"\" title=\"St. Clement gr\u00fcnes Reh 5\" width=\"233\" height=\"300\" class=\"alignnone size-medium wp-image-52931\" srcset=\"http:\/\/museumek.eu\/wp-content\/uploads\/2011\/09\/St.-Clement-gr\u00fcnes-Reh-5-233x300.jpg 233w, http:\/\/museumek.eu\/wp-content\/uploads\/2011\/09\/St.-Clement-gr\u00fcnes-Reh-5-116x150.jpg 116w, http:\/\/museumek.eu\/wp-content\/uploads\/2011\/09\/St.-Clement-gr\u00fcnes-Reh-5.jpg 480w\" sizes=\"(max-width: 233px) 100vw, 233px\" \/><\/a><\/p>\n<p><a href=\"http:\/\/museumek.eu\/?attachment_id=52932\" rel=\"attachment wp-att-52932\"><img loading=\"lazy\" src=\"http:\/\/museumek.eu\/wp-content\/uploads\/2011\/09\/St.-Clement-gr\u00fcnes-Reh-6-300x250.jpg\" alt=\"\" title=\"St. Clement gr\u00fcnes Reh 6\" width=\"300\" height=\"250\" class=\"alignnone size-medium wp-image-52932\" srcset=\"http:\/\/museumek.eu\/wp-content\/uploads\/2011\/09\/St.-Clement-gr\u00fcnes-Reh-6-300x250.jpg 300w, http:\/\/museumek.eu\/wp-content\/uploads\/2011\/09\/St.-Clement-gr\u00fcnes-Reh-6-150x125.jpg 150w, http:\/\/museumek.eu\/wp-content\/uploads\/2011\/09\/St.-Clement-gr\u00fcnes-Reh-6-359x300.jpg 359w, http:\/\/museumek.eu\/wp-content\/uploads\/2011\/09\/St.-Clement-gr\u00fcnes-Reh-6.jpg 575w\" sizes=\"(max-width: 300px) 100vw, 300px\" \/><\/a><\/p>\n","protected":false},"excerpt":{"rendered":"<p>Abteilung Frankreich, Keramik 1860 \u2013 1960, Inventarnummer F\/XVIII\/1 Manufacture de Faiences d\u2019Art de Saint Clement, um 1874, gemuldeter Teller, K\u00fcnstler Emile Gall\u00e9, Werks.-Nr. ohne, Exemplar Nr. ohne, gemarkt St. Cl\u00e9ment (verwischter Rundstempel) sowie Gall\u00e9 in Nancy Stempelautograph blau unter Glasur, &hellip; <a href=\"http:\/\/museumek.eu\/?page_id=5074\">Weiterlesen <span class=\"meta-nav\">&rarr;<\/span><\/a><\/p>\n","protected":false},"author":1,"featured_media":0,"parent":2779,"menu_order":0,"comment_status":"closed","ping_status":"closed","template":"","meta":[],"_links":{"self":[{"href":"http:\/\/museumek.eu\/index.php?rest_route=\/wp\/v2\/pages\/5074"}],"collection":[{"href":"http:\/\/museumek.eu\/index.php?rest_route=\/wp\/v2\/pages"}],"about":[{"href":"http:\/\/museumek.eu\/index.php?rest_route=\/wp\/v2\/types\/page"}],"author":[{"embeddable":true,"href":"http:\/\/museumek.eu\/index.php?rest_route=\/wp\/v2\/users\/1"}],"replies":[{"embeddable":true,"href":"http:\/\/museumek.eu\/index.php?rest_route=%2Fwp%2Fv2%2Fcomments&post=5074"}],"version-history":[{"count":14,"href":"http:\/\/museumek.eu\/index.php?rest_route=\/wp\/v2\/pages\/5074\/revisions"}],"predecessor-version":[{"id":59487,"href":"http:\/\/museumek.eu\/index.php?rest_route=\/wp\/v2\/pages\/5074\/revisions\/59487"}],"up":[{"embeddable":true,"href":"http:\/\/museumek.eu\/index.php?rest_route=\/wp\/v2\/pages\/2779"}],"wp:attachment":[{"href":"http:\/\/museumek.eu\/index.php?rest_route=%2Fwp%2Fv2%2Fmedia&parent=5074"}],"curies":[{"name":"wp","href":"https:\/\/api.w.org\/{rel}","templated":true}]}}