{"id":5077,"date":"2011-09-25T18:38:52","date_gmt":"2011-09-25T16:38:52","guid":{"rendered":"http:\/\/museumek.eu\/?page_id=5077"},"modified":"2013-04-14T22:45:42","modified_gmt":"2013-04-14T20:45:42","slug":"fotos-und-beschreibung","status":"publish","type":"page","link":"http:\/\/museumek.eu\/?page_id=5077","title":{"rendered":"Fotos und Beschreibung"},"content":{"rendered":"<p><strong>Abteilung Frankreich, Keramik 1860 \u2013 1960, Inventarnummer F\/VIII\/1<\/strong><\/p>\n<p>Manufaktur Manufacture de gr\u00e9s artistique Denert &#038; Balichon (Denbac), Frankreich, Vierzon, um 1910, Vase, K\u00fcnstler unbekannt, Werks.-Nr. ohne, Exemplar Nr. ohne, gemarkt Firmenmarke mit Denbac gepresst, nicht signiert, Literatur: Wolfgang Venzmer, Jugendstil im Landesmuseum Mainz, Seite 339, Beschreibung der Manufaktur sowie Abbildungen 437 bis 439, identische Marken, H\u00f6he 22,3 cm, Breite 11,5 cm<\/p>\n<p><a href=\"http:\/\/museumek.eu\/wp-content\/uploads\/2011\/08\/Museum-Europ\u00e4ischer-Keramikkunst-Qualit\u00e4tsfotos-360.jpg\"><img loading=\"lazy\" src=\"http:\/\/museumek.eu\/wp-content\/uploads\/2011\/08\/Museum-Europ\u00e4ischer-Keramikkunst-Qualit\u00e4tsfotos-360-155x300.jpg\" alt=\"\" title=\"Museum Europ\u00e4ischer Keramikkunst Qualit\u00e4tsfotos 360\" width=\"155\" height=\"300\" class=\"alignnone size-medium wp-image-2489\" \/><\/a><\/p>\n<p><a href=\"http:\/\/museumek.eu\/wp-content\/uploads\/2011\/08\/Museum-Europ\u00e4ischer-Keramikkunst-428.jpg\"><img loading=\"lazy\" src=\"http:\/\/museumek.eu\/wp-content\/uploads\/2011\/08\/Museum-Europ\u00e4ischer-Keramikkunst-428-300x202.jpg\" alt=\"\" title=\"Museum Europ\u00e4ischer Keramikkunst 428\" width=\"300\" height=\"202\" class=\"alignnone size-medium wp-image-2490\" srcset=\"http:\/\/museumek.eu\/wp-content\/uploads\/2011\/08\/Museum-Europ\u00e4ischer-Keramikkunst-428-300x202.jpg 300w, http:\/\/museumek.eu\/wp-content\/uploads\/2011\/08\/Museum-Europ\u00e4ischer-Keramikkunst-428-445x300.jpg 445w, http:\/\/museumek.eu\/wp-content\/uploads\/2011\/08\/Museum-Europ\u00e4ischer-Keramikkunst-428.jpg 764w\" sizes=\"(max-width: 300px) 100vw, 300px\" \/><\/a><\/p>\n<p><strong>Abteilung Frankreich, Keramik 1860 \u2013 1960, Inventarnummer F\/VIII\/2<\/strong><\/p>\n<p>Manufaktur Manufacture de gr\u00e9s artistique Denert &#038; Balichon (Denbac), Frankreich, Vierzon, um 1910, Schale, K\u00fcnstler unbekannt, Werks.-Nr. 55 (?), Exemplar Nr. ohne, gemarkt Firmenmarke mit Denbac sowie 55 gepresst, nicht signiert, Literatur: Wolfgang Venzmer, Jugendstil im Landesmuseum Mainz, Seite 339, Beschreibung der Manufaktur sowie Abbildungen 437 bis 439, identische Marken,<br \/>\nH\u00f6he 5,5 cm, Breite 16,5 cm<\/p>\n<p><a href=\"http:\/\/museumek.eu\/wp-content\/uploads\/2011\/10\/Museum-Europ\u00e4ischer-Keramikkunst-1196.jpg\"><img loading=\"lazy\" src=\"http:\/\/museumek.eu\/wp-content\/uploads\/2011\/10\/Museum-Europ\u00e4ischer-Keramikkunst-1196-300x170.jpg\" alt=\"\" title=\"Museum Europ\u00e4ischer Keramikkunst 1196\" width=\"300\" height=\"170\" class=\"alignnone size-medium wp-image-6205\" srcset=\"http:\/\/museumek.eu\/wp-content\/uploads\/2011\/10\/Museum-Europ\u00e4ischer-Keramikkunst-1196-300x170.jpg 300w, http:\/\/museumek.eu\/wp-content\/uploads\/2011\/10\/Museum-Europ\u00e4ischer-Keramikkunst-1196-500x284.jpg 500w, http:\/\/museumek.eu\/wp-content\/uploads\/2011\/10\/Museum-Europ\u00e4ischer-Keramikkunst-1196.jpg 971w\" sizes=\"(max-width: 300px) 100vw, 300px\" \/><\/a><\/p>\n<p><a href=\"http:\/\/museumek.eu\/wp-content\/uploads\/2011\/10\/Museum-Europ\u00e4ischer-Keramikkunst-1197.jpg\"><img loading=\"lazy\" src=\"http:\/\/museumek.eu\/wp-content\/uploads\/2011\/10\/Museum-Europ\u00e4ischer-Keramikkunst-1197-300x161.jpg\" alt=\"\" title=\"Museum Europ\u00e4ischer Keramikkunst 1197\" width=\"300\" height=\"161\" class=\"alignnone size-medium wp-image-6206\" srcset=\"http:\/\/museumek.eu\/wp-content\/uploads\/2011\/10\/Museum-Europ\u00e4ischer-Keramikkunst-1197-300x161.jpg 300w, http:\/\/museumek.eu\/wp-content\/uploads\/2011\/10\/Museum-Europ\u00e4ischer-Keramikkunst-1197-500x269.jpg 500w, http:\/\/museumek.eu\/wp-content\/uploads\/2011\/10\/Museum-Europ\u00e4ischer-Keramikkunst-1197.jpg 898w\" sizes=\"(max-width: 300px) 100vw, 300px\" \/><\/a><\/p>\n<p><strong>Abteilung Frankreich, Keramik 1860 \u2013 1960, Inventarnummer F\/VIII\/3<\/strong><\/p>\n<p>Manufaktur Manufacture de gr\u00e9s artistique Denert &#038; Balichon (Denbac), Frankreich, Vierzon, um 1910, Vasenkrug mit Verlaufs- und L\u00fcsterglasur, K\u00fcnstler unbekannt, Werks.-Nr. 124 IV, Exemplar Nr. ohne, gemarkt Firmenmarke mit Denbac schwarzer Stempel, 124 sowie IV gepresst, nicht signiert, Literatur: Wolfgang Venzmer, Jugendstil im Landesmuseum Mainz, Seite 339, Beschreibung der Manufaktur sowie Abbildungen 437 bis 439, identische Marken, dito Vasenkrug mit gemaltem Dekor siehe MEK F\/VIII\/4, H\u00f6he 18 cm, Breite 10 cm<\/p>\n<p><a href=\"http:\/\/museumek.eu\/wp-content\/uploads\/2011\/10\/Museum-Europ\u00e4ischer-Keramikkunst-1294.jpg\"><img loading=\"lazy\" src=\"http:\/\/museumek.eu\/wp-content\/uploads\/2011\/10\/Museum-Europ\u00e4ischer-Keramikkunst-1294-157x300.jpg\" alt=\"\" title=\"Museum Europ\u00e4ischer Keramikkunst 1294\" width=\"157\" height=\"300\" class=\"alignnone size-medium wp-image-6605\" srcset=\"http:\/\/museumek.eu\/wp-content\/uploads\/2011\/10\/Museum-Europ\u00e4ischer-Keramikkunst-1294-157x300.jpg 157w, http:\/\/museumek.eu\/wp-content\/uploads\/2011\/10\/Museum-Europ\u00e4ischer-Keramikkunst-1294.jpg 495w\" sizes=\"(max-width: 157px) 100vw, 157px\" \/><\/a><\/p>\n<p><a href=\"http:\/\/museumek.eu\/wp-content\/uploads\/2011\/10\/Museum-Europ\u00e4ischer-Keramikkunst-1296.jpg\"><img loading=\"lazy\" src=\"http:\/\/museumek.eu\/wp-content\/uploads\/2011\/10\/Museum-Europ\u00e4ischer-Keramikkunst-1296-279x300.jpg\" alt=\"\" title=\"Museum Europ\u00e4ischer Keramikkunst 1296\" width=\"279\" height=\"300\" class=\"alignnone size-medium wp-image-6606\" srcset=\"http:\/\/museumek.eu\/wp-content\/uploads\/2011\/10\/Museum-Europ\u00e4ischer-Keramikkunst-1296-279x300.jpg 279w, http:\/\/museumek.eu\/wp-content\/uploads\/2011\/10\/Museum-Europ\u00e4ischer-Keramikkunst-1296.jpg 622w\" sizes=\"(max-width: 279px) 100vw, 279px\" \/><\/a><\/p>\n<p><strong>Abteilung Frankreich, Keramik 1860 \u2013 1960, Inventarnummer F\/VIII\/4<\/strong><\/p>\n<p>Manufaktur Manufacture de gr\u00e9s artistique Denert &#038; Balichon (Denbac), Frankreich, Vierzon, um 1910, Vasenkrug mit Verlaufsglasur und Hand gemaltem floralem Dekor, K\u00fcnstler L. Quemeneur, Werks.-Nr. 124. IV., Exemplar Nr. ohne, gemarkt Firmenmarke mit Denbac schwarzer Stempel, 124 sowie IV gepresst, signiert L. Quemeneur, Literatur: Wolfgang Venzmer, Jugendstil im Landesmuseum Mainz, Seite 339, Beschreibung der Manufaktur sowie Abbildungen 437 bis 439, identische Marken, dito Krug l\u00fcstrierend siehe MEK F\/VIII\/3, sowohl in Sammlungen als auch Museen konnte keine weitere keramische Arbeit der Manufaktur mit k\u00fcnstlerischer Bemalung recherchiert werden, H\u00f6he 18 cm, Breite 10 cm<\/p>\n<p><a href=\"http:\/\/museumek.eu\/wp-content\/uploads\/2012\/05\/Museum-Europ\u00e4ischer-Keramikkunst-1828.jpg\"><img loading=\"lazy\" src=\"http:\/\/museumek.eu\/wp-content\/uploads\/2012\/05\/Museum-Europ\u00e4ischer-Keramikkunst-1828-148x300.jpg\" alt=\"\" title=\"Museum Europ\u00e4ischer Keramikkunst 1828\" width=\"148\" height=\"300\" class=\"alignnone size-medium wp-image-9598\" srcset=\"http:\/\/museumek.eu\/wp-content\/uploads\/2012\/05\/Museum-Europ\u00e4ischer-Keramikkunst-1828-148x300.jpg 148w, http:\/\/museumek.eu\/wp-content\/uploads\/2012\/05\/Museum-Europ\u00e4ischer-Keramikkunst-1828.jpg 440w\" sizes=\"(max-width: 148px) 100vw, 148px\" \/><\/a><\/p>\n<p><a href=\"http:\/\/museumek.eu\/wp-content\/uploads\/2012\/05\/Museum-Europ\u00e4ischer-Keramikkunst-1829.jpg\"><img loading=\"lazy\" src=\"http:\/\/museumek.eu\/wp-content\/uploads\/2012\/05\/Museum-Europ\u00e4ischer-Keramikkunst-1829-300x244.jpg\" alt=\"\" title=\"Museum Europ\u00e4ischer Keramikkunst 1829\" width=\"300\" height=\"244\" class=\"alignnone size-medium wp-image-9599\" srcset=\"http:\/\/museumek.eu\/wp-content\/uploads\/2012\/05\/Museum-Europ\u00e4ischer-Keramikkunst-1829-300x244.jpg 300w, http:\/\/museumek.eu\/wp-content\/uploads\/2012\/05\/Museum-Europ\u00e4ischer-Keramikkunst-1829-367x300.jpg 367w, http:\/\/museumek.eu\/wp-content\/uploads\/2012\/05\/Museum-Europ\u00e4ischer-Keramikkunst-1829.jpg 607w\" sizes=\"(max-width: 300px) 100vw, 300px\" \/><\/a><\/p>\n<p><a href=\"http:\/\/museumek.eu\/wp-content\/uploads\/2012\/05\/Museum-Europ\u00e4ischer-Keramikkunst-1830.jpg\"><img loading=\"lazy\" src=\"http:\/\/museumek.eu\/wp-content\/uploads\/2012\/05\/Museum-Europ\u00e4ischer-Keramikkunst-1830-300x179.jpg\" alt=\"\" title=\"Museum Europ\u00e4ischer Keramikkunst 1830\" width=\"300\" height=\"179\" class=\"alignnone size-medium wp-image-9600\" srcset=\"http:\/\/museumek.eu\/wp-content\/uploads\/2012\/05\/Museum-Europ\u00e4ischer-Keramikkunst-1830-300x179.jpg 300w, http:\/\/museumek.eu\/wp-content\/uploads\/2012\/05\/Museum-Europ\u00e4ischer-Keramikkunst-1830-500x298.jpg 500w, http:\/\/museumek.eu\/wp-content\/uploads\/2012\/05\/Museum-Europ\u00e4ischer-Keramikkunst-1830.jpg 803w\" sizes=\"(max-width: 300px) 100vw, 300px\" \/><\/a><\/p>\n","protected":false},"excerpt":{"rendered":"<p>Abteilung Frankreich, Keramik 1860 \u2013 1960, Inventarnummer F\/VIII\/1 Manufaktur Manufacture de gr\u00e9s artistique Denert &#038; Balichon (Denbac), Frankreich, Vierzon, um 1910, Vase, K\u00fcnstler unbekannt, Werks.-Nr. ohne, Exemplar Nr. ohne, gemarkt Firmenmarke mit Denbac gepresst, nicht signiert, Literatur: Wolfgang Venzmer, Jugendstil &hellip; <a href=\"http:\/\/museumek.eu\/?page_id=5077\">Weiterlesen <span class=\"meta-nav\">&rarr;<\/span><\/a><\/p>\n","protected":false},"author":1,"featured_media":0,"parent":2782,"menu_order":0,"comment_status":"closed","ping_status":"closed","template":"","meta":[],"_links":{"self":[{"href":"http:\/\/museumek.eu\/index.php?rest_route=\/wp\/v2\/pages\/5077"}],"collection":[{"href":"http:\/\/museumek.eu\/index.php?rest_route=\/wp\/v2\/pages"}],"about":[{"href":"http:\/\/museumek.eu\/index.php?rest_route=\/wp\/v2\/types\/page"}],"author":[{"embeddable":true,"href":"http:\/\/museumek.eu\/index.php?rest_route=\/wp\/v2\/users\/1"}],"replies":[{"embeddable":true,"href":"http:\/\/museumek.eu\/index.php?rest_route=%2Fwp%2Fv2%2Fcomments&post=5077"}],"version-history":[{"count":11,"href":"http:\/\/museumek.eu\/index.php?rest_route=\/wp\/v2\/pages\/5077\/revisions"}],"predecessor-version":[{"id":19774,"href":"http:\/\/museumek.eu\/index.php?rest_route=\/wp\/v2\/pages\/5077\/revisions\/19774"}],"up":[{"embeddable":true,"href":"http:\/\/museumek.eu\/index.php?rest_route=\/wp\/v2\/pages\/2782"}],"wp:attachment":[{"href":"http:\/\/museumek.eu\/index.php?rest_route=%2Fwp%2Fv2%2Fmedia&parent=5077"}],"curies":[{"name":"wp","href":"https:\/\/api.w.org\/{rel}","templated":true}]}}