{"id":5083,"date":"2011-09-25T18:40:13","date_gmt":"2011-09-25T16:40:13","guid":{"rendered":"http:\/\/museumek.eu\/?page_id=5083"},"modified":"2011-10-08T10:31:30","modified_gmt":"2011-10-08T08:31:30","slug":"fotos-und-beschreibung","status":"publish","type":"page","link":"http:\/\/museumek.eu\/?page_id=5083","title":{"rendered":"Fotos und Beschreibung"},"content":{"rendered":"<p><strong>Abteilung England, Keramik 1860 \u2013 1960, Inventarnummer E\/II\/1<\/strong><\/p>\n<p>Manufaktur Moore &#038; Co., England, Southwick, um 1900, Obstschale, K\u00fcnstler unbekannt, Werks.-Nr. RN 45631, Exemplar Nr. ohne, gemarkt Moore &#038; Co. sowie RN 45631 gepresst, signiert Unterglasur verwaschener K\u00fcnstlerschriftzug mit Jahresangabe, H\u00f6he 12 cm, Breite 25 cm, in Gold auf Glasur gemalter Goldscheider Wien Schriftzug zwecks Werterh\u00f6hung, absichtliche F\u00e4lschung (so best\u00e4tigt von Dr. Peter Goldscheider und Dr. Filipp Goldscheider), Literatur: J. G. Th. Graesse und E. Jaenicke, F\u00fchrer f\u00fcr Sammler von Porzellan und Fayence, Steinzeug, Steingut usw., Seite 198, dort Moore &#038; Co. verzeichnet<\/p>\n<p><a href=\"http:\/\/museumek.eu\/wp-content\/uploads\/2011\/08\/Museum-Europ\u00e4ischer-Keramikkunst-Qualit\u00e4tsfotos-318.jpg\"><img loading=\"lazy\" src=\"http:\/\/museumek.eu\/wp-content\/uploads\/2011\/08\/Museum-Europ\u00e4ischer-Keramikkunst-Qualit\u00e4tsfotos-318-300x179.jpg\" alt=\"\" title=\"Museum Europ\u00e4ischer Keramikkunst Qualit\u00e4tsfotos 318\" width=\"300\" height=\"179\" class=\"alignnone size-medium wp-image-2190\" srcset=\"http:\/\/museumek.eu\/wp-content\/uploads\/2011\/08\/Museum-Europ\u00e4ischer-Keramikkunst-Qualit\u00e4tsfotos-318-300x179.jpg 300w, http:\/\/museumek.eu\/wp-content\/uploads\/2011\/08\/Museum-Europ\u00e4ischer-Keramikkunst-Qualit\u00e4tsfotos-318-500x300.jpg 500w, http:\/\/museumek.eu\/wp-content\/uploads\/2011\/08\/Museum-Europ\u00e4ischer-Keramikkunst-Qualit\u00e4tsfotos-318.jpg 863w\" sizes=\"(max-width: 300px) 100vw, 300px\" \/><\/a><\/p>\n<p><a href=\"http:\/\/museumek.eu\/wp-content\/uploads\/2011\/08\/Museum-Europ\u00e4ischer-Keramikkunst-5631.jpg\"><img loading=\"lazy\" src=\"http:\/\/museumek.eu\/wp-content\/uploads\/2011\/08\/Museum-Europ\u00e4ischer-Keramikkunst-5631-300x210.jpg\" alt=\"\" title=\"Museum Europ\u00e4ischer Keramikkunst 563\" width=\"300\" height=\"210\" class=\"alignnone size-medium wp-image-2192\" srcset=\"http:\/\/museumek.eu\/wp-content\/uploads\/2011\/08\/Museum-Europ\u00e4ischer-Keramikkunst-5631-300x210.jpg 300w, http:\/\/museumek.eu\/wp-content\/uploads\/2011\/08\/Museum-Europ\u00e4ischer-Keramikkunst-5631-427x300.jpg 427w, http:\/\/museumek.eu\/wp-content\/uploads\/2011\/08\/Museum-Europ\u00e4ischer-Keramikkunst-5631.jpg 554w\" sizes=\"(max-width: 300px) 100vw, 300px\" \/><\/a><\/p>\n<p><a href=\"http:\/\/museumek.eu\/wp-content\/uploads\/2011\/08\/Museum-Europ\u00e4ischer-Keramikkunst-560.jpg\"><img loading=\"lazy\" src=\"http:\/\/museumek.eu\/wp-content\/uploads\/2011\/08\/Museum-Europ\u00e4ischer-Keramikkunst-560-300x130.jpg\" alt=\"\" title=\"Museum Europ\u00e4ischer Keramikkunst 560\" width=\"300\" height=\"130\" class=\"alignnone size-medium wp-image-2193\" srcset=\"http:\/\/museumek.eu\/wp-content\/uploads\/2011\/08\/Museum-Europ\u00e4ischer-Keramikkunst-560-300x130.jpg 300w, http:\/\/museumek.eu\/wp-content\/uploads\/2011\/08\/Museum-Europ\u00e4ischer-Keramikkunst-560-500x217.jpg 500w, http:\/\/museumek.eu\/wp-content\/uploads\/2011\/08\/Museum-Europ\u00e4ischer-Keramikkunst-560.jpg 851w\" sizes=\"(max-width: 300px) 100vw, 300px\" \/><\/a><\/p>\n<p><a href=\"http:\/\/museumek.eu\/wp-content\/uploads\/2011\/08\/Museum-Europ\u00e4ischer-Keramikkunst-566.jpg\"><img loading=\"lazy\" src=\"http:\/\/museumek.eu\/wp-content\/uploads\/2011\/08\/Museum-Europ\u00e4ischer-Keramikkunst-566-281x300.jpg\" alt=\"\" title=\"Museum Europ\u00e4ischer Keramikkunst 566\" width=\"281\" height=\"300\" class=\"alignnone size-medium wp-image-2194\" srcset=\"http:\/\/museumek.eu\/wp-content\/uploads\/2011\/08\/Museum-Europ\u00e4ischer-Keramikkunst-566-281x300.jpg 281w, http:\/\/museumek.eu\/wp-content\/uploads\/2011\/08\/Museum-Europ\u00e4ischer-Keramikkunst-566.jpg 547w\" sizes=\"(max-width: 281px) 100vw, 281px\" \/><\/a><\/p>\n<p><a href=\"http:\/\/museumek.eu\/wp-content\/uploads\/2011\/08\/Museum-Europ\u00e4ischer-Keramikkunst-5611.jpg\"><img loading=\"lazy\" src=\"http:\/\/museumek.eu\/wp-content\/uploads\/2011\/08\/Museum-Europ\u00e4ischer-Keramikkunst-5611-182x300.jpg\" alt=\"\" title=\"Museum Europ\u00e4ischer Keramikkunst 561\" width=\"182\" height=\"300\" class=\"alignnone size-medium wp-image-2196\" srcset=\"http:\/\/museumek.eu\/wp-content\/uploads\/2011\/08\/Museum-Europ\u00e4ischer-Keramikkunst-5611-182x300.jpg 182w, http:\/\/museumek.eu\/wp-content\/uploads\/2011\/08\/Museum-Europ\u00e4ischer-Keramikkunst-5611.jpg 466w\" sizes=\"(max-width: 182px) 100vw, 182px\" \/><\/a><\/p>\n","protected":false},"excerpt":{"rendered":"<p>Abteilung England, Keramik 1860 \u2013 1960, Inventarnummer E\/II\/1 Manufaktur Moore &#038; Co., England, Southwick, um 1900, Obstschale, K\u00fcnstler unbekannt, Werks.-Nr. RN 45631, Exemplar Nr. ohne, gemarkt Moore &#038; Co. sowie RN 45631 gepresst, signiert Unterglasur verwaschener K\u00fcnstlerschriftzug mit Jahresangabe, H\u00f6he &hellip; <a href=\"http:\/\/museumek.eu\/?page_id=5083\">Weiterlesen <span class=\"meta-nav\">&rarr;<\/span><\/a><\/p>\n","protected":false},"author":1,"featured_media":0,"parent":2788,"menu_order":0,"comment_status":"closed","ping_status":"closed","template":"","meta":[],"_links":{"self":[{"href":"http:\/\/museumek.eu\/index.php?rest_route=\/wp\/v2\/pages\/5083"}],"collection":[{"href":"http:\/\/museumek.eu\/index.php?rest_route=\/wp\/v2\/pages"}],"about":[{"href":"http:\/\/museumek.eu\/index.php?rest_route=\/wp\/v2\/types\/page"}],"author":[{"embeddable":true,"href":"http:\/\/museumek.eu\/index.php?rest_route=\/wp\/v2\/users\/1"}],"replies":[{"embeddable":true,"href":"http:\/\/museumek.eu\/index.php?rest_route=%2Fwp%2Fv2%2Fcomments&post=5083"}],"version-history":[{"count":3,"href":"http:\/\/museumek.eu\/index.php?rest_route=\/wp\/v2\/pages\/5083\/revisions"}],"predecessor-version":[{"id":6043,"href":"http:\/\/museumek.eu\/index.php?rest_route=\/wp\/v2\/pages\/5083\/revisions\/6043"}],"up":[{"embeddable":true,"href":"http:\/\/museumek.eu\/index.php?rest_route=\/wp\/v2\/pages\/2788"}],"wp:attachment":[{"href":"http:\/\/museumek.eu\/index.php?rest_route=%2Fwp%2Fv2%2Fmedia&parent=5083"}],"curies":[{"name":"wp","href":"https:\/\/api.w.org\/{rel}","templated":true}]}}