{"id":50902,"date":"2020-11-27T20:15:43","date_gmt":"2020-11-27T19:15:43","guid":{"rendered":"http:\/\/museumek.eu\/?page_id=50902"},"modified":"2020-11-27T23:12:53","modified_gmt":"2020-11-27T22:12:53","slug":"fotos-und-beschreibung","status":"publish","type":"page","link":"http:\/\/museumek.eu\/?page_id=50902","title":{"rendered":"Fotos und Beschreibung"},"content":{"rendered":"<p><strong>Abteilung Frankreich, Keramik 1860 \u2013 1960, Inventarnummer F\/LVII\/1<\/strong><\/p>\n<p>Fa\u00efencerie Picarde D. Borck, vorm. Fa\u00efencerie Picarde Trouillot &#038; Marque und Nachf. SARL de la C\u00e9ramique d&#8217;Art de Monti\u00e8res, Frankreich, Amiens, Stadteil Montieres, 1917 &#8211; 1920, Vase mit Skarab\u00e4us, K\u00fcnstler Jean Barol, Werks.-Nr. ohne, Exemplar Nr. ohne, gemarkt Firmenmarke Montieres auf der Wandung der Vase, nicht signiert, Literatur: Edgar Pelichet, Jugenstil Keramik, Seite 109, K\u00fcnstleraufz\u00e4hlung Nr. 43, dort der Name Montieres ohne aussagef\u00e4hige Beschreibung erw\u00e4hnt sowie Seite 156, dort eine Vase abgebildet, weitere Literatur: Kataloge des Kunstgewerbemuseums K\u00f6ln, Band VII, Keramik, Sammlung Gertrud und Dr. Karl Funke-Kaiser, Seite 60, dort unter Montieres: Keramiker, Daten bisher nicht zu ermitteln sowie Seite 398, Marke Nr. 54 identisch, 1915 gr\u00fcndeten die Herren Trouillot und Marque in Monti\u00e8res, einem Stadtteil von Amiens, eine kleine Steingutfabrik, Firmierung Fa\u00efencerie Picarde Trouillot &#038; Marque, bereits am 2. April 1917 wurde die Fabrik an den Amiens-Industriellen D\u00e9sir\u00e9 Borck verkauft, Firmierung ab da Fa\u00efencerie Picarde D. Borck, Borck engagierte 1917 den ehemaligen Sch\u00fcler von Cl\u00e9ment Massier und Mitinhaber der Canner Faiencerie BACS (bestand von 1913 bis 1927), Jean Barol, als k\u00fcnstlerischen Leiter, Barol war einer der bekanntesten Keramiker der damaligen Zeit, Barol leitete die Faiencerie bis zum August 1920, dann kehrte er nach Cannes zur\u00fcck, 1927 wurde die Faiencerie eine Gesellschaft mit beschr\u00e4nkter Haftung, Firmierung ab da SARL de la C\u00e9ramique d&#8217;Art de Monti\u00e8res, 1929 litt die Faiencerie schwer unter der Weltwirtschaftskrise, wurde bisher mit Montieres gemarkt so \u00e4nderte sich das ab 1930 in GENOVEFA, diese Marke wurde 1930 registriert, 1933 wurde die Produktion eingestellt, Ausf\u00fchrung L\u00fcsterglasur mit Metallreflexen, H\u00f6he 11 cm, Breite 7 cm<\/p>\n<p><a href=\"http:\/\/museumek.eu\/?attachment_id=50905\" rel=\"attachment wp-att-50905\"><img loading=\"lazy\" src=\"http:\/\/museumek.eu\/wp-content\/uploads\/2020\/11\/Montieres-Vase-mit-Skarab\u00e4us-1-207x300.jpg\" alt=\"\" title=\"Montieres Vase mit Skarab\u00e4us 1\" width=\"207\" height=\"300\" class=\"alignnone size-medium wp-image-50905\" srcset=\"http:\/\/museumek.eu\/wp-content\/uploads\/2020\/11\/Montieres-Vase-mit-Skarab\u00e4us-1-207x300.jpg 207w, http:\/\/museumek.eu\/wp-content\/uploads\/2020\/11\/Montieres-Vase-mit-Skarab\u00e4us-1-103x150.jpg 103w, http:\/\/museumek.eu\/wp-content\/uploads\/2020\/11\/Montieres-Vase-mit-Skarab\u00e4us-1.jpg 442w\" sizes=\"(max-width: 207px) 100vw, 207px\" \/><\/a><\/p>\n<p><a href=\"http:\/\/museumek.eu\/?attachment_id=50906\" rel=\"attachment wp-att-50906\"><img loading=\"lazy\" src=\"http:\/\/museumek.eu\/wp-content\/uploads\/2020\/11\/Montieres-Vase-mit-Skarab\u00e4us-2-168x300.jpg\" alt=\"\" title=\"Montieres Vase mit Skarab\u00e4us 2\" width=\"168\" height=\"300\" class=\"alignnone size-medium wp-image-50906\" srcset=\"http:\/\/museumek.eu\/wp-content\/uploads\/2020\/11\/Montieres-Vase-mit-Skarab\u00e4us-2-168x300.jpg 168w, http:\/\/museumek.eu\/wp-content\/uploads\/2020\/11\/Montieres-Vase-mit-Skarab\u00e4us-2-84x150.jpg 84w, http:\/\/museumek.eu\/wp-content\/uploads\/2020\/11\/Montieres-Vase-mit-Skarab\u00e4us-2.jpg 360w\" sizes=\"(max-width: 168px) 100vw, 168px\" \/><\/a><\/p>\n<p><a href=\"http:\/\/museumek.eu\/?attachment_id=50907\" rel=\"attachment wp-att-50907\"><img loading=\"lazy\" src=\"http:\/\/museumek.eu\/wp-content\/uploads\/2020\/11\/Montieres-Vase-mit-Skarab\u00e4us-3-180x300.jpg\" alt=\"\" title=\"Montieres Vase mit Skarab\u00e4us 3\" width=\"180\" height=\"300\" class=\"alignnone size-medium wp-image-50907\" srcset=\"http:\/\/museumek.eu\/wp-content\/uploads\/2020\/11\/Montieres-Vase-mit-Skarab\u00e4us-3-180x300.jpg 180w, http:\/\/museumek.eu\/wp-content\/uploads\/2020\/11\/Montieres-Vase-mit-Skarab\u00e4us-3-90x150.jpg 90w, http:\/\/museumek.eu\/wp-content\/uploads\/2020\/11\/Montieres-Vase-mit-Skarab\u00e4us-3.jpg 385w\" sizes=\"(max-width: 180px) 100vw, 180px\" \/><\/a><\/p>\n<p><a href=\"http:\/\/museumek.eu\/?attachment_id=50908\" rel=\"attachment wp-att-50908\"><img loading=\"lazy\" src=\"http:\/\/museumek.eu\/wp-content\/uploads\/2020\/11\/Montieres-Vase-mit-Skarab\u00e4us-4-174x300.jpg\" alt=\"\" title=\"Montieres Vase mit Skarab\u00e4us 4\" width=\"174\" height=\"300\" class=\"alignnone size-medium wp-image-50908\" srcset=\"http:\/\/museumek.eu\/wp-content\/uploads\/2020\/11\/Montieres-Vase-mit-Skarab\u00e4us-4-174x300.jpg 174w, http:\/\/museumek.eu\/wp-content\/uploads\/2020\/11\/Montieres-Vase-mit-Skarab\u00e4us-4-87x150.jpg 87w, http:\/\/museumek.eu\/wp-content\/uploads\/2020\/11\/Montieres-Vase-mit-Skarab\u00e4us-4.jpg 372w\" sizes=\"(max-width: 174px) 100vw, 174px\" \/><\/a><\/p>\n<p><a href=\"http:\/\/museumek.eu\/?attachment_id=50909\" rel=\"attachment wp-att-50909\"><img loading=\"lazy\" src=\"http:\/\/museumek.eu\/wp-content\/uploads\/2020\/11\/Montieres-Vase-mit-Skarab\u00e4us-5-170x300.jpg\" alt=\"\" title=\"Montieres Vase mit Skarab\u00e4us 5\" width=\"170\" height=\"300\" class=\"alignnone size-medium wp-image-50909\" srcset=\"http:\/\/museumek.eu\/wp-content\/uploads\/2020\/11\/Montieres-Vase-mit-Skarab\u00e4us-5-170x300.jpg 170w, http:\/\/museumek.eu\/wp-content\/uploads\/2020\/11\/Montieres-Vase-mit-Skarab\u00e4us-5-85x150.jpg 85w, http:\/\/museumek.eu\/wp-content\/uploads\/2020\/11\/Montieres-Vase-mit-Skarab\u00e4us-5.jpg 364w\" sizes=\"(max-width: 170px) 100vw, 170px\" \/><\/a><\/p>\n<p><a href=\"http:\/\/museumek.eu\/?attachment_id=50910\" rel=\"attachment wp-att-50910\"><img loading=\"lazy\" src=\"http:\/\/museumek.eu\/wp-content\/uploads\/2020\/11\/Montieres-Vase-mit-Skarab\u00e4us-6-227x300.jpg\" alt=\"\" title=\"Montieres Vase mit Skarab\u00e4us 6\" width=\"227\" height=\"300\" class=\"alignnone size-medium wp-image-50910\" srcset=\"http:\/\/museumek.eu\/wp-content\/uploads\/2020\/11\/Montieres-Vase-mit-Skarab\u00e4us-6-227x300.jpg 227w, http:\/\/museumek.eu\/wp-content\/uploads\/2020\/11\/Montieres-Vase-mit-Skarab\u00e4us-6-113x150.jpg 113w, http:\/\/museumek.eu\/wp-content\/uploads\/2020\/11\/Montieres-Vase-mit-Skarab\u00e4us-6.jpg 480w\" sizes=\"(max-width: 227px) 100vw, 227px\" \/><\/a><\/p>\n<p><a href=\"http:\/\/museumek.eu\/?attachment_id=50911\" rel=\"attachment wp-att-50911\"><img loading=\"lazy\" src=\"http:\/\/museumek.eu\/wp-content\/uploads\/2020\/11\/Montieres-Vase-mit-Skarab\u00e4us-7-220x300.jpg\" alt=\"\" title=\"Montieres Vase mit Skarab\u00e4us 7\" width=\"220\" height=\"300\" class=\"alignnone size-medium wp-image-50911\" srcset=\"http:\/\/museumek.eu\/wp-content\/uploads\/2020\/11\/Montieres-Vase-mit-Skarab\u00e4us-7-220x300.jpg 220w, http:\/\/museumek.eu\/wp-content\/uploads\/2020\/11\/Montieres-Vase-mit-Skarab\u00e4us-7-110x150.jpg 110w, http:\/\/museumek.eu\/wp-content\/uploads\/2020\/11\/Montieres-Vase-mit-Skarab\u00e4us-7.jpg 471w\" sizes=\"(max-width: 220px) 100vw, 220px\" \/><\/a><\/p>\n<p><a href=\"http:\/\/museumek.eu\/?attachment_id=50912\" rel=\"attachment wp-att-50912\"><img loading=\"lazy\" src=\"http:\/\/museumek.eu\/wp-content\/uploads\/2020\/11\/Montieres-Vase-mit-Skarab\u00e4us-8-214x300.jpg\" alt=\"\" title=\"Montieres Vase mit Skarab\u00e4us 8\" width=\"214\" height=\"300\" class=\"alignnone size-medium wp-image-50912\" srcset=\"http:\/\/museumek.eu\/wp-content\/uploads\/2020\/11\/Montieres-Vase-mit-Skarab\u00e4us-8-214x300.jpg 214w, http:\/\/museumek.eu\/wp-content\/uploads\/2020\/11\/Montieres-Vase-mit-Skarab\u00e4us-8-107x150.jpg 107w, http:\/\/museumek.eu\/wp-content\/uploads\/2020\/11\/Montieres-Vase-mit-Skarab\u00e4us-8.jpg 458w\" sizes=\"(max-width: 214px) 100vw, 214px\" \/><\/a><\/p>\n<p><a href=\"http:\/\/museumek.eu\/?attachment_id=50913\" rel=\"attachment wp-att-50913\"><img loading=\"lazy\" src=\"http:\/\/museumek.eu\/wp-content\/uploads\/2020\/11\/Montieres-Vase-mit-Skarab\u00e4us-9-300x164.jpg\" alt=\"\" title=\"Montieres Vase mit Skarab\u00e4us 9\" width=\"300\" height=\"164\" class=\"alignnone size-medium wp-image-50913\" srcset=\"http:\/\/museumek.eu\/wp-content\/uploads\/2020\/11\/Montieres-Vase-mit-Skarab\u00e4us-9-300x164.jpg 300w, http:\/\/museumek.eu\/wp-content\/uploads\/2020\/11\/Montieres-Vase-mit-Skarab\u00e4us-9-150x82.jpg 150w, http:\/\/museumek.eu\/wp-content\/uploads\/2020\/11\/Montieres-Vase-mit-Skarab\u00e4us-9-500x274.jpg 500w, http:\/\/museumek.eu\/wp-content\/uploads\/2020\/11\/Montieres-Vase-mit-Skarab\u00e4us-9.jpg 640w\" sizes=\"(max-width: 300px) 100vw, 300px\" \/><\/a><\/p>\n<p><a href=\"http:\/\/museumek.eu\/?attachment_id=50914\" rel=\"attachment wp-att-50914\"><img loading=\"lazy\" src=\"http:\/\/museumek.eu\/wp-content\/uploads\/2020\/11\/Montieres-Vase-mit-Skarab\u00e4us-10-181x300.jpg\" alt=\"\" title=\"Montieres Vase mit Skarab\u00e4us 10\" width=\"181\" height=\"300\" class=\"alignnone size-medium wp-image-50914\" srcset=\"http:\/\/museumek.eu\/wp-content\/uploads\/2020\/11\/Montieres-Vase-mit-Skarab\u00e4us-10-181x300.jpg 181w, http:\/\/museumek.eu\/wp-content\/uploads\/2020\/11\/Montieres-Vase-mit-Skarab\u00e4us-10-90x150.jpg 90w, http:\/\/museumek.eu\/wp-content\/uploads\/2020\/11\/Montieres-Vase-mit-Skarab\u00e4us-10.jpg 387w\" sizes=\"(max-width: 181px) 100vw, 181px\" \/><\/a><\/p>\n<p><a href=\"http:\/\/museumek.eu\/?attachment_id=50915\" rel=\"attachment wp-att-50915\"><img loading=\"lazy\" src=\"http:\/\/museumek.eu\/wp-content\/uploads\/2020\/11\/Montieres-Vase-mit-Skarab\u00e4us-11-300x274.jpg\" alt=\"\" title=\"Montieres Vase mit Skarab\u00e4us 11\" width=\"300\" height=\"274\" class=\"alignnone size-medium wp-image-50915\" srcset=\"http:\/\/museumek.eu\/wp-content\/uploads\/2020\/11\/Montieres-Vase-mit-Skarab\u00e4us-11-300x274.jpg 300w, http:\/\/museumek.eu\/wp-content\/uploads\/2020\/11\/Montieres-Vase-mit-Skarab\u00e4us-11-150x137.jpg 150w, http:\/\/museumek.eu\/wp-content\/uploads\/2020\/11\/Montieres-Vase-mit-Skarab\u00e4us-11-327x300.jpg 327w, http:\/\/museumek.eu\/wp-content\/uploads\/2020\/11\/Montieres-Vase-mit-Skarab\u00e4us-11.jpg 524w\" sizes=\"(max-width: 300px) 100vw, 300px\" \/><\/a><\/p>\n<p><a href=\"http:\/\/museumek.eu\/?attachment_id=50916\" rel=\"attachment wp-att-50916\"><img loading=\"lazy\" src=\"http:\/\/museumek.eu\/wp-content\/uploads\/2020\/11\/Montieres-Vase-mit-Skarab\u00e4us-12-183x300.jpg\" alt=\"\" title=\"Montieres Vase mit Skarab\u00e4us 12\" width=\"183\" height=\"300\" class=\"alignnone size-medium wp-image-50916\" srcset=\"http:\/\/museumek.eu\/wp-content\/uploads\/2020\/11\/Montieres-Vase-mit-Skarab\u00e4us-12-183x300.jpg 183w, http:\/\/museumek.eu\/wp-content\/uploads\/2020\/11\/Montieres-Vase-mit-Skarab\u00e4us-12-91x150.jpg 91w, http:\/\/museumek.eu\/wp-content\/uploads\/2020\/11\/Montieres-Vase-mit-Skarab\u00e4us-12.jpg 391w\" sizes=\"(max-width: 183px) 100vw, 183px\" \/><\/a><\/p>\n<p><a href=\"http:\/\/museumek.eu\/?attachment_id=50917\" rel=\"attachment wp-att-50917\"><img loading=\"lazy\" src=\"http:\/\/museumek.eu\/wp-content\/uploads\/2020\/11\/Montieres-Vase-mit-Skarab\u00e4us-13-205x300.jpg\" alt=\"\" title=\"Montieres Vase mit Skarab\u00e4us 13\" width=\"205\" height=\"300\" class=\"alignnone size-medium wp-image-50917\" srcset=\"http:\/\/museumek.eu\/wp-content\/uploads\/2020\/11\/Montieres-Vase-mit-Skarab\u00e4us-13-205x300.jpg 205w, http:\/\/museumek.eu\/wp-content\/uploads\/2020\/11\/Montieres-Vase-mit-Skarab\u00e4us-13-102x150.jpg 102w, http:\/\/museumek.eu\/wp-content\/uploads\/2020\/11\/Montieres-Vase-mit-Skarab\u00e4us-13.jpg 438w\" sizes=\"(max-width: 205px) 100vw, 205px\" \/><\/a><\/p>\n","protected":false},"excerpt":{"rendered":"<p>Abteilung Frankreich, Keramik 1860 \u2013 1960, Inventarnummer F\/LVII\/1 Fa\u00efencerie Picarde D. Borck, vorm. Fa\u00efencerie Picarde Trouillot &#038; Marque und Nachf. SARL de la C\u00e9ramique d&#8217;Art de Monti\u00e8res, Frankreich, Amiens, Stadteil Montieres, 1917 &#8211; 1920, Vase mit Skarab\u00e4us, K\u00fcnstler Jean Barol, &hellip; <a href=\"http:\/\/museumek.eu\/?page_id=50902\">Weiterlesen <span class=\"meta-nav\">&rarr;<\/span><\/a><\/p>\n","protected":false},"author":1,"featured_media":0,"parent":50880,"menu_order":0,"comment_status":"closed","ping_status":"open","template":"","meta":[],"_links":{"self":[{"href":"http:\/\/museumek.eu\/index.php?rest_route=\/wp\/v2\/pages\/50902"}],"collection":[{"href":"http:\/\/museumek.eu\/index.php?rest_route=\/wp\/v2\/pages"}],"about":[{"href":"http:\/\/museumek.eu\/index.php?rest_route=\/wp\/v2\/types\/page"}],"author":[{"embeddable":true,"href":"http:\/\/museumek.eu\/index.php?rest_route=\/wp\/v2\/users\/1"}],"replies":[{"embeddable":true,"href":"http:\/\/museumek.eu\/index.php?rest_route=%2Fwp%2Fv2%2Fcomments&post=50902"}],"version-history":[{"count":10,"href":"http:\/\/museumek.eu\/index.php?rest_route=\/wp\/v2\/pages\/50902\/revisions"}],"predecessor-version":[{"id":50925,"href":"http:\/\/museumek.eu\/index.php?rest_route=\/wp\/v2\/pages\/50902\/revisions\/50925"}],"up":[{"embeddable":true,"href":"http:\/\/museumek.eu\/index.php?rest_route=\/wp\/v2\/pages\/50880"}],"wp:attachment":[{"href":"http:\/\/museumek.eu\/index.php?rest_route=%2Fwp%2Fv2%2Fmedia&parent=50902"}],"curies":[{"name":"wp","href":"https:\/\/api.w.org\/{rel}","templated":true}]}}