{"id":50957,"date":"2020-11-29T14:47:58","date_gmt":"2020-11-29T13:47:58","guid":{"rendered":"http:\/\/museumek.eu\/?page_id=50957"},"modified":"2020-11-29T22:32:01","modified_gmt":"2020-11-29T21:32:01","slug":"kurzbiografie-und-inventar-zum-kunstler","status":"publish","type":"page","link":"http:\/\/museumek.eu\/?page_id=50957","title":{"rendered":"Kurzbiografie und Inventar zum K\u00fcnstler"},"content":{"rendered":"<p>Franz G\u00fcnther Reinstein wurde am 25. Juni 1880 in Plauen geboren. Er starb am 15. September 1945 in Berlin. Er absolvierte eine Ausbildung zum Kunstmaler. Reinstein war ein Sch\u00fcler von Peter Behrens. Ab 1902 lebte er in Darmstadt und war Gr\u00fcndungsmitglied der Vereinten Kunstgewerbler Darmstadt. Er lieferte auch Entw\u00fcrfe f\u00fcr die Porzellanindustrie. Zum Beispiel f\u00fcr Rosenthal und Hutschenreuther. 1905 lebte er in Hannover. Ab 1938 lebte er in Berlin.<\/p>\n<p><strong>Abteilung Deutschland, Keramik 1860 \u2013 1960, Inventarnummer D\/XXX\/10<\/strong><\/p>\n<p>Rosenthal Porzellan AG, vormals Philipp Rosenthal &#038; Co. AG, vormals Philipp Rosenthal &#038; Co., vormals Porzellanmalerei Philipp Rosenthal, Deutschland, Erkersreuth, Kronach, Marktredewitz, Selb, Selb-Pl\u00f6ssberg, Sophienthal, Waldenburg, Waldershof, 1903, Teller aus dem Service Botticelli, K\u00fcnstler Hans G\u00fcnther Reinstein, Werks.-Nr. ohne, Exemplar-Nr. ohne, gemarkt Firmenmarke zwei gekreuzte St\u00e4be, in der oberen H\u00e4lfte des Kreuzes eine Krone, links R., rechts C. darunter das Zeichen &#038; dunkelgr\u00fcner Stempel unter Glasur (Marke f\u00fcr die Zeit von 1891 \u2013 1907), unter &#038; in einem verschn\u00f6rkeltem Rahmen VEREINTE KUNSTGEWERNLER DARMSTADT dunkelgr\u00fcner Stempel unter Glasur, nicht signiert, Literatur: J. G. Th. Graesse und E. Jaenicke, F\u00fchrer f\u00fcr Sammler von Porzellan und Fayence, Steinzeug, Steingut usw., Seite 512, Marke Nr. 2 identisch, weitere Literatur: Emanuel Poche, Porzellanmarken, Marke Nr. 1419 identisch, weitere Literatur: Gustav Wei\u00df, Ullstein Porzellanbuch, Seite 302, Marke Nr. 8 identisch, weitere Literatur: Otto Pelka, Keramik der Neuzeit, Markentafel IX, Markenkasten 141 identische Marke abgebildet, Seite 212, Herstellerverzeichnis, Porzellanfabrik Ph. Rosenthal &#038; Co. AG, 141 sowie Seite 221, Namenverzeichnis, Rosenthal Philipp, &#038; Co., Selb, M 141, weitere Literatur: Robert E. R\u00f6ntgen, Deutsche Porzellanmarken von 1710 bis heute (Ausgabe Jahr 2000), Seite 315, Marke Nr. 2468 identisch (dort g\u00fcltig f\u00fcr die Zeit 1891 &#8211; 1904), weitere Literatur: Br\u00f6han Museum, Porzellan, Kunst und Design 1889 bis 1939, Vom Jugenstil zum Funktionalismus, Seite 259, Kat.Nr. 242, identische Rosenthalmarke, Seite 268, identische Marke VEREINIGTE KUNSTGEWERBLER DARMSTADT sowie Seite 270 ff., Beschreibung des Botticelli Service, zur Firmenhistorie, siehe die \u00dcbersichten nach den Inventarfotos, die bis auf einige Details in soweit richtig sind, 1879\/1880 pachtete der aus Werl nach Selb zugezogene Porzellanmaler Philipp Rosenthal das Schlo\u00df Erkersreuth bei Selb und gr\u00fcndete eine Porzellanmalerei, anf\u00e4nglich arbeitete er nur mit einem b\u00f6hmischen Mitarbeiter, die Weissware bezog er von den benachbarten Porzellanfabriken Hutschenreuther und Zeidler, die Firmierung lautete Porzellanmalerei Philipp Rosenthal, 1889\/1891 begann Rosenthal selbst Porzellan in Selb zu produzieren und firmierte als Philipp Rosenthal &#038; Co., am 28.08. 1897 wurde die Fabrik in eine AG umgewandelt, diese firmierte als Philipp Rosenthal &#038; Co. AG (1920 Verlegung des AG Sitzes nach Berlin, 1934 R\u00fcckverlegung des Sitzes nach Selb), zur gleichen Zeit gr\u00fcndete Rosenthal zusammen mit einem Herrn Bauer und weiteren Investoren eine Porzellanfabrik in Kronach, die als Bauer, Rosenthal &#038; Co. firmierte, diese Fabrik wurde gleich 1897 wieder in die AG integriert, evtl. auch erst 1901, dies ist in der Literatur mal so oder so beschrieben, 1934 scheidet Geheimrat Philipp Rosenthal aus der Fabrikleitung aus, ab 1939 lautete die Firmierung der Aktiengesellschaft Rosenthal Porzellan AG, ab 1965 Rosenthal Glas &#038; Porzellan AG und ab 1969 Rosenthal AG, Rosenthal kaufte diverse Porzellanfabriken zu, die in die AG integriert worden sind, z. B. firmierte die ehemalige Zeidler\u2019sche Fabrik dann als Rosenthal Porzellanfabrik Bahnhof Selb GmbH, Durchmesser 19,7 cm<\/p>\n<p><a href=\"http:\/\/museumek.eu\/?attachment_id=50940\" rel=\"attachment wp-att-50940\"><img loading=\"lazy\" src=\"http:\/\/museumek.eu\/wp-content\/uploads\/2015\/09\/Rosenthal-Teller-Boticelli-Service-1-290x300.jpg\" alt=\"\" title=\"Rosenthal Teller Boticelli Service 1\" width=\"290\" height=\"300\" class=\"alignnone size-medium wp-image-50940\" srcset=\"http:\/\/museumek.eu\/wp-content\/uploads\/2015\/09\/Rosenthal-Teller-Boticelli-Service-1-290x300.jpg 290w, http:\/\/museumek.eu\/wp-content\/uploads\/2015\/09\/Rosenthal-Teller-Boticelli-Service-1-145x150.jpg 145w, http:\/\/museumek.eu\/wp-content\/uploads\/2015\/09\/Rosenthal-Teller-Boticelli-Service-1.jpg 480w\" sizes=\"(max-width: 290px) 100vw, 290px\" \/><\/a><\/p>\n<p><a href=\"http:\/\/museumek.eu\/?attachment_id=50941\" rel=\"attachment wp-att-50941\"><img loading=\"lazy\" src=\"http:\/\/museumek.eu\/wp-content\/uploads\/2015\/09\/Rosenthal-Teller-Boticelli-Service-2-289x300.jpg\" alt=\"\" title=\"Rosenthal Teller Boticelli Service 2\" width=\"289\" height=\"300\" class=\"alignnone size-medium wp-image-50941\" srcset=\"http:\/\/museumek.eu\/wp-content\/uploads\/2015\/09\/Rosenthal-Teller-Boticelli-Service-2-289x300.jpg 289w, http:\/\/museumek.eu\/wp-content\/uploads\/2015\/09\/Rosenthal-Teller-Boticelli-Service-2-144x150.jpg 144w, http:\/\/museumek.eu\/wp-content\/uploads\/2015\/09\/Rosenthal-Teller-Boticelli-Service-2.jpg 480w\" sizes=\"(max-width: 289px) 100vw, 289px\" \/><\/a><\/p>\n<p><a href=\"http:\/\/museumek.eu\/?attachment_id=50942\" rel=\"attachment wp-att-50942\"><img loading=\"lazy\" src=\"http:\/\/museumek.eu\/wp-content\/uploads\/2015\/09\/Rosenthal-Teller-Boticelli-Service-4-300x272.jpg\" alt=\"\" title=\"Rosenthal Teller Boticelli Service 4\" width=\"300\" height=\"272\" class=\"alignnone size-medium wp-image-50942\" srcset=\"http:\/\/museumek.eu\/wp-content\/uploads\/2015\/09\/Rosenthal-Teller-Boticelli-Service-4-300x272.jpg 300w, http:\/\/museumek.eu\/wp-content\/uploads\/2015\/09\/Rosenthal-Teller-Boticelli-Service-4-150x136.jpg 150w, http:\/\/museumek.eu\/wp-content\/uploads\/2015\/09\/Rosenthal-Teller-Boticelli-Service-4-330x300.jpg 330w, http:\/\/museumek.eu\/wp-content\/uploads\/2015\/09\/Rosenthal-Teller-Boticelli-Service-4.jpg 529w\" sizes=\"(max-width: 300px) 100vw, 300px\" \/><\/a><\/p>\n<p><a href=\"http:\/\/museumek.eu\/?attachment_id=24754\" rel=\"attachment wp-att-24754\"><img loading=\"lazy\" src=\"http:\/\/museumek.eu\/wp-content\/uploads\/2011\/12\/002-Geschichte-Rosenthal-Porzellan-300x216.jpg\" alt=\"\" title=\"002 Geschichte Rosenthal Porzellan\" width=\"300\" height=\"216\" class=\"alignnone size-medium wp-image-24754\" srcset=\"http:\/\/museumek.eu\/wp-content\/uploads\/2011\/12\/002-Geschichte-Rosenthal-Porzellan-300x216.jpg 300w, http:\/\/museumek.eu\/wp-content\/uploads\/2011\/12\/002-Geschichte-Rosenthal-Porzellan-150x108.jpg 150w, http:\/\/museumek.eu\/wp-content\/uploads\/2011\/12\/002-Geschichte-Rosenthal-Porzellan-415x300.jpg 415w, http:\/\/museumek.eu\/wp-content\/uploads\/2011\/12\/002-Geschichte-Rosenthal-Porzellan.jpg 917w\" sizes=\"(max-width: 300px) 100vw, 300px\" \/><\/a><\/p>\n<p><a href=\"http:\/\/museumek.eu\/?attachment_id=24755\" rel=\"attachment wp-att-24755\"><img loading=\"lazy\" src=\"http:\/\/museumek.eu\/wp-content\/uploads\/2011\/12\/004-Geschichte-Rosenthal-Porzellan-300x220.jpg\" alt=\"\" title=\"004 Geschichte Rosenthal Porzellan\" width=\"300\" height=\"220\" class=\"alignnone size-medium wp-image-24755\" srcset=\"http:\/\/museumek.eu\/wp-content\/uploads\/2011\/12\/004-Geschichte-Rosenthal-Porzellan-300x220.jpg 300w, http:\/\/museumek.eu\/wp-content\/uploads\/2011\/12\/004-Geschichte-Rosenthal-Porzellan-150x110.jpg 150w, http:\/\/museumek.eu\/wp-content\/uploads\/2011\/12\/004-Geschichte-Rosenthal-Porzellan-407x300.jpg 407w, http:\/\/museumek.eu\/wp-content\/uploads\/2011\/12\/004-Geschichte-Rosenthal-Porzellan.jpg 943w\" sizes=\"(max-width: 300px) 100vw, 300px\" \/><\/a><\/p>\n","protected":false},"excerpt":{"rendered":"<p>Franz G\u00fcnther Reinstein wurde am 25. Juni 1880 in Plauen geboren. Er starb am 15. September 1945 in Berlin. Er absolvierte eine Ausbildung zum Kunstmaler. Reinstein war ein Sch\u00fcler von Peter Behrens. Ab 1902 lebte er in Darmstadt und war &hellip; <a href=\"http:\/\/museumek.eu\/?page_id=50957\">Weiterlesen <span class=\"meta-nav\">&rarr;<\/span><\/a><\/p>\n","protected":false},"author":1,"featured_media":0,"parent":50954,"menu_order":0,"comment_status":"closed","ping_status":"open","template":"","meta":[],"_links":{"self":[{"href":"http:\/\/museumek.eu\/index.php?rest_route=\/wp\/v2\/pages\/50957"}],"collection":[{"href":"http:\/\/museumek.eu\/index.php?rest_route=\/wp\/v2\/pages"}],"about":[{"href":"http:\/\/museumek.eu\/index.php?rest_route=\/wp\/v2\/types\/page"}],"author":[{"embeddable":true,"href":"http:\/\/museumek.eu\/index.php?rest_route=\/wp\/v2\/users\/1"}],"replies":[{"embeddable":true,"href":"http:\/\/museumek.eu\/index.php?rest_route=%2Fwp%2Fv2%2Fcomments&post=50957"}],"version-history":[{"count":5,"href":"http:\/\/museumek.eu\/index.php?rest_route=\/wp\/v2\/pages\/50957\/revisions"}],"predecessor-version":[{"id":50995,"href":"http:\/\/museumek.eu\/index.php?rest_route=\/wp\/v2\/pages\/50957\/revisions\/50995"}],"up":[{"embeddable":true,"href":"http:\/\/museumek.eu\/index.php?rest_route=\/wp\/v2\/pages\/50954"}],"wp:attachment":[{"href":"http:\/\/museumek.eu\/index.php?rest_route=%2Fwp%2Fv2%2Fmedia&parent=50957"}],"curies":[{"name":"wp","href":"https:\/\/api.w.org\/{rel}","templated":true}]}}