{"id":51026,"date":"2020-12-09T21:42:46","date_gmt":"2020-12-09T20:42:46","guid":{"rendered":"http:\/\/museumek.eu\/?page_id=51026"},"modified":"2020-12-09T21:42:46","modified_gmt":"2020-12-09T20:42:46","slug":"ai183","status":"publish","type":"page","link":"http:\/\/museumek.eu\/?page_id=51026","title":{"rendered":"A\/I\/183"},"content":{"rendered":"<p><strong>Abteilung Austria\/Ungarn\/B\u00f6hmen, Keramik 1860 &#8211; 1960, Inventarnummer A\/I\/183<\/strong><\/p>\n<p>Friedrich Goldscheider Erste Wiener Terrakottafabrik, Austria, Wien, ca. 1897\/1898, B\u00fcste \u00c4gypterin (mit Kopfputz, Ureusschlange und Halskette, auf Sockel mit Palmbl\u00e4ttern), K\u00fcnstler unbekannt, Werks.-Nr. 1079, Exemplar Nr. 13, Modelleur Nr. ohne, gemarkt Firmenmarke (aufgelegte Plakette) mit Fr. Goldscheider REPRODUCTION RESERV\u00c9E (REPRODUCTION wurde von unbekannt absichtlich weggeschliffen, vielleicht, weil angenommen wurde, dass das Wort im Sinne von Kopie zu verstehen ist, also keine Original Goldscheider Produktion ist, insofern wurde die deutsche \u00dcbersetzung der beiden franz\u00f6sischen W\u00f6rter &#8222;Vervielf\u00e4ltigung verboten&#8220;, wohl fehl interpretiert), 1079 sowie 13 gepresst, nicht signiert, Literatur: Robert E. Dechant\/Filipp Goldscheider, Firmengeschichte und Werkverzeichnis, Seite 311, dort noch ohne Foto und unvollst\u00e4ndig erfasst, Seite 604, Firmenmarke Nr. GS 8 a (f\u00fcr die Zeit 1895 \u2013 1898) identisch, die Urspr\u00fcnge der Firma gehen zur\u00fcck auf das Pilsener Handelsunternehmen Moritz Goldscheider der 1860\u2018 Jahre, nach dem Tode von Moritz Goldscheider werden die Br\u00fcder Eduard und Friedrich Goldscheider Eigent\u00fcmer und firmieren ab 1877 als M. Goldscheider\u2019s Erben, Thon-und Kunststeinmanufactur Werk Moldau und ab 1878 als Br\u00fcder Goldscheider, im Jahre 1878 wandert Friedrich Goldscheider nach Wien aus und Eduard f\u00fchrt die Firma in Pilsen bis zum Konkurs 1892 allein weiter, Friedrich Goldscheider firmiert in Wien ab 1880 als Goldscheider\u2019sche Porzellan-Manufaktur und Porzellanmalerei, neben Handelsgesch\u00e4ften betreibt die Firma vorwiegend die Porzellanmalerei, das Porzellan wird von b\u00f6hmischen Manufakturen bezogen und teilweise auch in B\u00f6hmen bemalt, ab 1885 \u00e4ndert sich die Firmierung in Goldscheider\u2019sche Porzellan-Manufaktur und Majolicafabrik, das Jahr 1885 gilt als das offizielle Gr\u00fcndungsjahr, ab 1887 bezeichnet Friedrich Goldscheider seine Fabrik als Erste Wiener Terracotta- und Majolika-Fabrik Friedrich Goldscheider oder als Erste Wiener Kunst-Terracotta-Fabrik und kunstgewerbliche Ateliers Friedrich Goldscheider und offiziell ab 1894 als Friedrich Goldscheider Erste Wiener Terrakottafabrik, Friedrich Goldscheider stirbt im Jahre 1897, seine Ehefrau Regine Goldscheider wird Alleineigent\u00fcmer und firmiert ab 1899 als Friedrich Goldscheider in Wien, Berlin und Leipzig, ab 1907 firmiert die Firma als Erste Wiener Terrakottafabrik und Atelier f\u00fcr k\u00fcnstlerische Fayencen Friedrich Goldscheider, im Jahre 1918 stirbt Regine und die S\u00f6hne Walter und Marcell Goldscheider werden Inhaber, ab 1921 \u00e4ndert sich die Firmierung in Wiener Manufaktur Friedrich Goldscheider, 1928 scheidet Marcell Goldscheider aus und gr\u00fcndet seine eigene Firma in Wien, 1939 wird die Firma arisiert und Josef Schuster wird Inhaber, Firmierung ab 1939, Wiener Manufaktur Friedrich Goldscheider Nachf., Inhaber Josef Schuster, ab 1941 lautet die Firmierung Wiener Manufaktur Josef Schuster, vorm. Friedrich Goldscheider, nach dem WK II erh\u00e4lt Friedrich Goldscheider seine Firma zur\u00fcck und firmiert ab 1950 wieder als Wiener Manufaktur Friedrich Goldscheider, in dieser Zeit verkauft er die Firma an die Majolikafabrik Carstens, in Fredelsloh, die in Fredelsloh Wiederauflagen alter Modelle in minderwertigem braunem Ton aber auch neue Modelle ebenfalls in dieser Tonart produziert, ab 1953 firmiert die Firma als Kunstkeramische Manufaktur Goldscheider GmbH und 1960 wird die Produktion in Fredelsloh eingestellt, <strong>das MEK Exemplar dieser B\u00fcste ist eines der Wenigen erhalten gebliebenen Exemplare, nach den Ausf\u00fchrungen von Dechant\/Goldscheider wurde die B\u00fcste Exemplar Nr. 12 im Wiener Auktionshaus Dorotheum am 24.03.1994 versteigert und die B\u00fcste Exemplar Nr. 43 wurde in ebay versteigert<\/strong>, H\u00f6he 40 cm, Breite 21,5 cm<\/p>\n<p><a href=\"http:\/\/museumek.eu\/?attachment_id=51008\" rel=\"attachment wp-att-51008\"><img loading=\"lazy\" src=\"http:\/\/museumek.eu\/wp-content\/uploads\/2020\/04\/\u00c4gypterin-Goldscheider-Werks.-Nr.-1079-1-172x300.jpg\" alt=\"\" title=\"\u00c4gypterin Goldscheider Werks. Nr. 1079 1\" width=\"172\" height=\"300\" class=\"alignnone size-medium wp-image-51008\" srcset=\"http:\/\/museumek.eu\/wp-content\/uploads\/2020\/04\/\u00c4gypterin-Goldscheider-Werks.-Nr.-1079-1-172x300.jpg 172w, http:\/\/museumek.eu\/wp-content\/uploads\/2020\/04\/\u00c4gypterin-Goldscheider-Werks.-Nr.-1079-1-86x150.jpg 86w\" sizes=\"(max-width: 172px) 100vw, 172px\" \/><\/a><\/p>\n<p><a href=\"http:\/\/museumek.eu\/?attachment_id=51009\" rel=\"attachment wp-att-51009\"><img loading=\"lazy\" src=\"http:\/\/museumek.eu\/wp-content\/uploads\/2020\/04\/\u00c4gypterin-Goldscheider-Werks.-Nr.-1079-2-146x300.jpg\" alt=\"\" title=\"\u00c4gypterin Goldscheider Werks. Nr. 1079 2\" width=\"146\" height=\"300\" class=\"alignnone size-medium wp-image-51009\" srcset=\"http:\/\/museumek.eu\/wp-content\/uploads\/2020\/04\/\u00c4gypterin-Goldscheider-Werks.-Nr.-1079-2-146x300.jpg 146w, http:\/\/museumek.eu\/wp-content\/uploads\/2020\/04\/\u00c4gypterin-Goldscheider-Werks.-Nr.-1079-2-73x150.jpg 73w, http:\/\/museumek.eu\/wp-content\/uploads\/2020\/04\/\u00c4gypterin-Goldscheider-Werks.-Nr.-1079-2.jpg 312w\" sizes=\"(max-width: 146px) 100vw, 146px\" \/><\/a><\/p>\n<p><a href=\"http:\/\/museumek.eu\/?attachment_id=51012\" rel=\"attachment wp-att-51012\"><img loading=\"lazy\" src=\"http:\/\/museumek.eu\/wp-content\/uploads\/2020\/04\/\u00c4gypterin-Goldscheider-Werks.-Nr.-1079-3-154x300.jpg\" alt=\"\" title=\"\u00c4gypterin Goldscheider Werks. Nr. 1079 3\" width=\"154\" height=\"300\" class=\"alignnone size-medium wp-image-51012\" srcset=\"http:\/\/museumek.eu\/wp-content\/uploads\/2020\/04\/\u00c4gypterin-Goldscheider-Werks.-Nr.-1079-3-154x300.jpg 154w, http:\/\/museumek.eu\/wp-content\/uploads\/2020\/04\/\u00c4gypterin-Goldscheider-Werks.-Nr.-1079-3-77x150.jpg 77w, http:\/\/museumek.eu\/wp-content\/uploads\/2020\/04\/\u00c4gypterin-Goldscheider-Werks.-Nr.-1079-3.jpg 329w\" sizes=\"(max-width: 154px) 100vw, 154px\" \/><\/a><\/p>\n<p><a href=\"http:\/\/museumek.eu\/?attachment_id=51013\" rel=\"attachment wp-att-51013\"><img loading=\"lazy\" src=\"http:\/\/museumek.eu\/wp-content\/uploads\/2020\/04\/\u00c4gypterin-Goldscheider-Werks.-Nr.-1079-4-171x300.jpg\" alt=\"\" title=\"\u00c4gypterin Goldscheider Werks. Nr. 1079 4\" width=\"171\" height=\"300\" class=\"alignnone size-medium wp-image-51013\" srcset=\"http:\/\/museumek.eu\/wp-content\/uploads\/2020\/04\/\u00c4gypterin-Goldscheider-Werks.-Nr.-1079-4-171x300.jpg 171w, http:\/\/museumek.eu\/wp-content\/uploads\/2020\/04\/\u00c4gypterin-Goldscheider-Werks.-Nr.-1079-4-85x150.jpg 85w, http:\/\/museumek.eu\/wp-content\/uploads\/2020\/04\/\u00c4gypterin-Goldscheider-Werks.-Nr.-1079-4.jpg 366w\" sizes=\"(max-width: 171px) 100vw, 171px\" \/><\/a><\/p>\n<p><a href=\"http:\/\/museumek.eu\/?attachment_id=51014\" rel=\"attachment wp-att-51014\"><img loading=\"lazy\" src=\"http:\/\/museumek.eu\/wp-content\/uploads\/2020\/04\/\u00c4gypterin-Goldscheider-Werks.-Nr.-1079-5-229x300.jpg\" alt=\"\" title=\"\u00c4gypterin Goldscheider Werks. Nr. 1079 5\" width=\"229\" height=\"300\" class=\"alignnone size-medium wp-image-51014\" srcset=\"http:\/\/museumek.eu\/wp-content\/uploads\/2020\/04\/\u00c4gypterin-Goldscheider-Werks.-Nr.-1079-5-229x300.jpg 229w, http:\/\/museumek.eu\/wp-content\/uploads\/2020\/04\/\u00c4gypterin-Goldscheider-Werks.-Nr.-1079-5-114x150.jpg 114w, http:\/\/museumek.eu\/wp-content\/uploads\/2020\/04\/\u00c4gypterin-Goldscheider-Werks.-Nr.-1079-5.jpg 471w\" sizes=\"(max-width: 229px) 100vw, 229px\" \/><\/a><\/p>\n<p><a href=\"http:\/\/museumek.eu\/?attachment_id=51017\" rel=\"attachment wp-att-51017\"><img loading=\"lazy\" src=\"http:\/\/museumek.eu\/wp-content\/uploads\/2020\/04\/\u00c4gypterin-Goldscheider-Werks.-Nr.-1079-6-214x300.jpg\" alt=\"\" title=\"\u00c4gypterin Goldscheider Werks. Nr. 1079 6\" width=\"214\" height=\"300\" class=\"alignnone size-medium wp-image-51017\" srcset=\"http:\/\/museumek.eu\/wp-content\/uploads\/2020\/04\/\u00c4gypterin-Goldscheider-Werks.-Nr.-1079-6-214x300.jpg 214w, http:\/\/museumek.eu\/wp-content\/uploads\/2020\/04\/\u00c4gypterin-Goldscheider-Werks.-Nr.-1079-6-107x150.jpg 107w, http:\/\/museumek.eu\/wp-content\/uploads\/2020\/04\/\u00c4gypterin-Goldscheider-Werks.-Nr.-1079-6.jpg 458w\" sizes=\"(max-width: 214px) 100vw, 214px\" \/><\/a><\/p>\n<p><a href=\"http:\/\/museumek.eu\/?attachment_id=51019\" rel=\"attachment wp-att-51019\"><img loading=\"lazy\" src=\"http:\/\/museumek.eu\/wp-content\/uploads\/2020\/04\/\u00c4gypterin-Goldscheider-Werks.-Nr.-1079-71-300x178.jpg\" alt=\"\" title=\"\u00c4gypterin Goldscheider Werks. Nr. 1079 7\" width=\"300\" height=\"178\" class=\"alignnone size-medium wp-image-51019\" srcset=\"http:\/\/museumek.eu\/wp-content\/uploads\/2020\/04\/\u00c4gypterin-Goldscheider-Werks.-Nr.-1079-71-300x178.jpg 300w, http:\/\/museumek.eu\/wp-content\/uploads\/2020\/04\/\u00c4gypterin-Goldscheider-Werks.-Nr.-1079-71-150x89.jpg 150w, http:\/\/museumek.eu\/wp-content\/uploads\/2020\/04\/\u00c4gypterin-Goldscheider-Werks.-Nr.-1079-71-500x297.jpg 500w, http:\/\/museumek.eu\/wp-content\/uploads\/2020\/04\/\u00c4gypterin-Goldscheider-Werks.-Nr.-1079-71.jpg 640w\" sizes=\"(max-width: 300px) 100vw, 300px\" \/><\/a><\/p>\n","protected":false},"excerpt":{"rendered":"<p>Abteilung Austria\/Ungarn\/B\u00f6hmen, Keramik 1860 &#8211; 1960, Inventarnummer A\/I\/183 Friedrich Goldscheider Erste Wiener Terrakottafabrik, Austria, Wien, ca. 1897\/1898, B\u00fcste \u00c4gypterin (mit Kopfputz, Ureusschlange und Halskette, auf Sockel mit Palmbl\u00e4ttern), K\u00fcnstler unbekannt, Werks.-Nr. 1079, Exemplar Nr. 13, Modelleur Nr. ohne, gemarkt Firmenmarke &hellip; <a href=\"http:\/\/museumek.eu\/?page_id=51026\">Weiterlesen <span class=\"meta-nav\">&rarr;<\/span><\/a><\/p>\n","protected":false},"author":1,"featured_media":0,"parent":45965,"menu_order":183,"comment_status":"closed","ping_status":"open","template":"","meta":[],"_links":{"self":[{"href":"http:\/\/museumek.eu\/index.php?rest_route=\/wp\/v2\/pages\/51026"}],"collection":[{"href":"http:\/\/museumek.eu\/index.php?rest_route=\/wp\/v2\/pages"}],"about":[{"href":"http:\/\/museumek.eu\/index.php?rest_route=\/wp\/v2\/types\/page"}],"author":[{"embeddable":true,"href":"http:\/\/museumek.eu\/index.php?rest_route=\/wp\/v2\/users\/1"}],"replies":[{"embeddable":true,"href":"http:\/\/museumek.eu\/index.php?rest_route=%2Fwp%2Fv2%2Fcomments&post=51026"}],"version-history":[{"count":2,"href":"http:\/\/museumek.eu\/index.php?rest_route=\/wp\/v2\/pages\/51026\/revisions"}],"predecessor-version":[{"id":51028,"href":"http:\/\/museumek.eu\/index.php?rest_route=\/wp\/v2\/pages\/51026\/revisions\/51028"}],"up":[{"embeddable":true,"href":"http:\/\/museumek.eu\/index.php?rest_route=\/wp\/v2\/pages\/45965"}],"wp:attachment":[{"href":"http:\/\/museumek.eu\/index.php?rest_route=%2Fwp%2Fv2%2Fmedia&parent=51026"}],"curies":[{"name":"wp","href":"https:\/\/api.w.org\/{rel}","templated":true}]}}