{"id":51124,"date":"2020-12-13T19:54:32","date_gmt":"2020-12-13T18:54:32","guid":{"rendered":"http:\/\/museumek.eu\/?page_id=51124"},"modified":"2020-12-13T19:54:32","modified_gmt":"2020-12-13T18:54:32","slug":"dclxviii1","status":"publish","type":"page","link":"http:\/\/museumek.eu\/?page_id=51124","title":{"rendered":"D\/CLXVIII\/1"},"content":{"rendered":"<p><strong>Abteilung Deutschland, Keramik 1860 \u2013 1960, Inventarnummer D\/CLXVIII\/1<\/strong><\/p>\n<p>Porzellanfabrik Spechtsbrunn, Deutschland, Spechtsbrunn, 1930 &#8211; 1954, Dackel, K\u00fcnstler unbekannt, Werks.-Nr. ohne, Exemplar Nr. ohne, gemarkt Firmenmarke Krone, darunter SPG, darunter Spechtsbrunn mit Unterstrich gr\u00fcner Stempel unter Glasur sowie das Wort Handgemalt schwarze Schrift unter Glasur, nicht signiert, Literatur: Robert E. R\u00f6ntgen, Deutsche Porzellanmarken von 1710 bis heute, Seite 324, Marke Nr. 2560 identisch (dort beschrieben f\u00fcr die Zeit von 1930 bis 1954), die Porzellanfabrik wurde 1911\/1912 gegr\u00fcndet, Firmierung Porzellanfabrik Spechtsbrunn, 1954 wurde G. Rossbach Eigent\u00fcmer, Firmierung dann Porzellanfabrik Spechtsbrunn G. Rossbach, 1972 von der DDR verstaatlicht, H\u00f6he 15 cm, Breite 21 cm<\/p>\n<p><a href=\"http:\/\/museumek.eu\/?attachment_id=51109\" rel=\"attachment wp-att-51109\"><img loading=\"lazy\" src=\"http:\/\/museumek.eu\/wp-content\/uploads\/2020\/12\/Spechtsbrunn-Hund-1-300x246.jpg\" alt=\"\" title=\"Spechtsbrunn Hund 1\" width=\"300\" height=\"246\" class=\"alignnone size-medium wp-image-51109\" srcset=\"http:\/\/museumek.eu\/wp-content\/uploads\/2020\/12\/Spechtsbrunn-Hund-1-300x246.jpg 300w, http:\/\/museumek.eu\/wp-content\/uploads\/2020\/12\/Spechtsbrunn-Hund-1-150x123.jpg 150w, http:\/\/museumek.eu\/wp-content\/uploads\/2020\/12\/Spechtsbrunn-Hund-1-365x300.jpg 365w, http:\/\/museumek.eu\/wp-content\/uploads\/2020\/12\/Spechtsbrunn-Hund-1.jpg 584w\" sizes=\"(max-width: 300px) 100vw, 300px\" \/><\/a><\/p>\n<p><a href=\"http:\/\/museumek.eu\/?attachment_id=51110\" rel=\"attachment wp-att-51110\"><img loading=\"lazy\" src=\"http:\/\/museumek.eu\/wp-content\/uploads\/2020\/12\/Spechtsbrunn-Hund-2-246x300.jpg\" alt=\"\" title=\"Spechtsbrunn Hund 2\" width=\"246\" height=\"300\" class=\"alignnone size-medium wp-image-51110\" srcset=\"http:\/\/museumek.eu\/wp-content\/uploads\/2020\/12\/Spechtsbrunn-Hund-2-246x300.jpg 246w, http:\/\/museumek.eu\/wp-content\/uploads\/2020\/12\/Spechtsbrunn-Hund-2-123x150.jpg 123w, http:\/\/museumek.eu\/wp-content\/uploads\/2020\/12\/Spechtsbrunn-Hund-2.jpg 480w\" sizes=\"(max-width: 246px) 100vw, 246px\" \/><\/a><\/p>\n<p><a href=\"http:\/\/museumek.eu\/?attachment_id=51111\" rel=\"attachment wp-att-51111\"><img loading=\"lazy\" src=\"http:\/\/museumek.eu\/wp-content\/uploads\/2020\/12\/Spechtsbrunn-Hund-3-300x279.jpg\" alt=\"\" title=\"Spechtsbrunn Hund 3\" width=\"300\" height=\"279\" class=\"alignnone size-medium wp-image-51111\" srcset=\"http:\/\/museumek.eu\/wp-content\/uploads\/2020\/12\/Spechtsbrunn-Hund-3-300x279.jpg 300w, http:\/\/museumek.eu\/wp-content\/uploads\/2020\/12\/Spechtsbrunn-Hund-3-150x139.jpg 150w, http:\/\/museumek.eu\/wp-content\/uploads\/2020\/12\/Spechtsbrunn-Hund-3-322x300.jpg 322w, http:\/\/museumek.eu\/wp-content\/uploads\/2020\/12\/Spechtsbrunn-Hund-3.jpg 516w\" sizes=\"(max-width: 300px) 100vw, 300px\" \/><\/a><\/p>\n<p><a href=\"http:\/\/museumek.eu\/?attachment_id=51112\" rel=\"attachment wp-att-51112\"><img loading=\"lazy\" src=\"http:\/\/museumek.eu\/wp-content\/uploads\/2020\/12\/Spechtsbrunn-Hund-4-188x300.jpg\" alt=\"\" title=\"Spechtsbrunn Hund 4\" width=\"188\" height=\"300\" class=\"alignnone size-medium wp-image-51112\" srcset=\"http:\/\/museumek.eu\/wp-content\/uploads\/2020\/12\/Spechtsbrunn-Hund-4-188x300.jpg 188w, http:\/\/museumek.eu\/wp-content\/uploads\/2020\/12\/Spechtsbrunn-Hund-4-94x150.jpg 94w, http:\/\/museumek.eu\/wp-content\/uploads\/2020\/12\/Spechtsbrunn-Hund-4.jpg 402w\" sizes=\"(max-width: 188px) 100vw, 188px\" \/><\/a><\/p>\n<p><a href=\"http:\/\/museumek.eu\/?attachment_id=51113\" rel=\"attachment wp-att-51113\"><img loading=\"lazy\" src=\"http:\/\/museumek.eu\/wp-content\/uploads\/2020\/12\/Spechtsbrunn-Hund-5-300x238.jpg\" alt=\"\" title=\"Spechtsbrunn Hund 5\" width=\"300\" height=\"238\" class=\"alignnone size-medium wp-image-51113\" srcset=\"http:\/\/museumek.eu\/wp-content\/uploads\/2020\/12\/Spechtsbrunn-Hund-5-300x238.jpg 300w, http:\/\/museumek.eu\/wp-content\/uploads\/2020\/12\/Spechtsbrunn-Hund-5-150x119.jpg 150w, http:\/\/museumek.eu\/wp-content\/uploads\/2020\/12\/Spechtsbrunn-Hund-5-376x300.jpg 376w, http:\/\/museumek.eu\/wp-content\/uploads\/2020\/12\/Spechtsbrunn-Hund-5.jpg 603w\" sizes=\"(max-width: 300px) 100vw, 300px\" \/><\/a><\/p>\n<p><a href=\"http:\/\/museumek.eu\/?attachment_id=51114\" rel=\"attachment wp-att-51114\"><img loading=\"lazy\" src=\"http:\/\/museumek.eu\/wp-content\/uploads\/2020\/12\/Spechtsbrunn-Hund-6-300x267.jpg\" alt=\"\" title=\"Spechtsbrunn Hund 6\" width=\"300\" height=\"267\" class=\"alignnone size-medium wp-image-51114\" srcset=\"http:\/\/museumek.eu\/wp-content\/uploads\/2020\/12\/Spechtsbrunn-Hund-6-300x267.jpg 300w, http:\/\/museumek.eu\/wp-content\/uploads\/2020\/12\/Spechtsbrunn-Hund-6-150x133.jpg 150w, http:\/\/museumek.eu\/wp-content\/uploads\/2020\/12\/Spechtsbrunn-Hund-6-336x300.jpg 336w, http:\/\/museumek.eu\/wp-content\/uploads\/2020\/12\/Spechtsbrunn-Hund-6.jpg 538w\" sizes=\"(max-width: 300px) 100vw, 300px\" \/><\/a><\/p>\n","protected":false},"excerpt":{"rendered":"<p>Abteilung Deutschland, Keramik 1860 \u2013 1960, Inventarnummer D\/CLXVIII\/1 Porzellanfabrik Spechtsbrunn, Deutschland, Spechtsbrunn, 1930 &#8211; 1954, Dackel, K\u00fcnstler unbekannt, Werks.-Nr. ohne, Exemplar Nr. ohne, gemarkt Firmenmarke Krone, darunter SPG, darunter Spechtsbrunn mit Unterstrich gr\u00fcner Stempel unter Glasur sowie das Wort Handgemalt &hellip; <a href=\"http:\/\/museumek.eu\/?page_id=51124\">Weiterlesen <span class=\"meta-nav\">&rarr;<\/span><\/a><\/p>\n","protected":false},"author":1,"featured_media":0,"parent":51122,"menu_order":1,"comment_status":"closed","ping_status":"open","template":"","meta":[],"_links":{"self":[{"href":"http:\/\/museumek.eu\/index.php?rest_route=\/wp\/v2\/pages\/51124"}],"collection":[{"href":"http:\/\/museumek.eu\/index.php?rest_route=\/wp\/v2\/pages"}],"about":[{"href":"http:\/\/museumek.eu\/index.php?rest_route=\/wp\/v2\/types\/page"}],"author":[{"embeddable":true,"href":"http:\/\/museumek.eu\/index.php?rest_route=\/wp\/v2\/users\/1"}],"replies":[{"embeddable":true,"href":"http:\/\/museumek.eu\/index.php?rest_route=%2Fwp%2Fv2%2Fcomments&post=51124"}],"version-history":[{"count":2,"href":"http:\/\/museumek.eu\/index.php?rest_route=\/wp\/v2\/pages\/51124\/revisions"}],"predecessor-version":[{"id":51126,"href":"http:\/\/museumek.eu\/index.php?rest_route=\/wp\/v2\/pages\/51124\/revisions\/51126"}],"up":[{"embeddable":true,"href":"http:\/\/museumek.eu\/index.php?rest_route=\/wp\/v2\/pages\/51122"}],"wp:attachment":[{"href":"http:\/\/museumek.eu\/index.php?rest_route=%2Fwp%2Fv2%2Fmedia&parent=51124"}],"curies":[{"name":"wp","href":"https:\/\/api.w.org\/{rel}","templated":true}]}}