{"id":51250,"date":"2020-12-22T21:00:08","date_gmt":"2020-12-22T20:00:08","guid":{"rendered":"http:\/\/museumek.eu\/?page_id=51250"},"modified":"2020-12-24T10:34:01","modified_gmt":"2020-12-24T09:34:01","slug":"dclxx1","status":"publish","type":"page","link":"http:\/\/museumek.eu\/?page_id=51250","title":{"rendered":"D\/CLXX\/1"},"content":{"rendered":"<p><strong>Abteilung Deutschland, Keramik 1860 \u2013 1960, Inventarnummer D\/CLXX\/1<\/strong><\/p>\n<p>Porzellan- und Steingutfabrik Hertwig &#038; Co., Deutschland, Katzh\u00fctte, um 1920, Figur Dame Als Buchst\u00fctze, K\u00fcnstler unbekannt, Werks.-Nr. ohne, Exemplar Nr. ohne, gemarkt Firmenmarke mit einer H\u00fctte, welche in der Mitte durch zwei Querstriche geteilt ist (die Striche teilen die H\u00fctte in zwei Etagen), \u00fcber den zwei Strichen H (f\u00fcr Hertwig) und unter den zwei Strichen eine Katze (f\u00fcr Katzh\u00fctte) schwarzer Stempel, nicht signiert, Literatur: Robert E. R\u00f6ntgen, Deutsche Porzellanmarken von 1710 bis heute, Seite 153, Marke Nr. 1117 identisch (dort f\u00fcr die Zeit von 1914 bis 1958), die Fabrik wurde 1864 von Christoph Hertwig und Benjamin Beyermann in Katzh\u00fctte gegr\u00fcndet, Firmierung nicht bekannt, ab 1869 ist Christoph Hertwig Alleineigent\u00fcmer, Firmierung wohl ab da Porzellan- und Steingutfabrik Hertwig &#038; Co., Christoph Hertwig stirbt wohl 1886 und seine S\u00f6hne Carl Hertwig und Friedrich Hertwig f\u00fchren die Fabrik fort, um 1910 ist Fritz Hertwig Eigent\u00fcmer der Fabrik, um 1920 sind Fritz Hertwig und die Br\u00fcder Ernst Hertwig und Hans Hertwig Eigent\u00fcmer der Fabrik, 1930, zum Tode von Fritz Hertwig f\u00fchren die Br\u00fcder die Fabrik weiter, um diese Zeit wird auch ein Zweigwerk in Meuselbach unterhalten, 1958 wird die Fabrik von der DDR verstaatlicht und in VEB Zierporzellan umbenannt, H\u00f6he 16 cm, Breite 10 cm<\/p>\n<p><a href=\"http:\/\/museumek.eu\/?attachment_id=51240\" rel=\"attachment wp-att-51240\"><img loading=\"lazy\" src=\"http:\/\/museumek.eu\/wp-content\/uploads\/2020\/12\/Hertwig-Co.-Katzh\u00fctte-Frau-1-177x300.jpg\" alt=\"\" title=\"Hertwig &amp; Co. Katzh\u00fctte Frau 1\" width=\"177\" height=\"300\" class=\"alignnone size-medium wp-image-51240\" srcset=\"http:\/\/museumek.eu\/wp-content\/uploads\/2020\/12\/Hertwig-Co.-Katzh\u00fctte-Frau-1-177x300.jpg 177w, http:\/\/museumek.eu\/wp-content\/uploads\/2020\/12\/Hertwig-Co.-Katzh\u00fctte-Frau-1-88x150.jpg 88w, http:\/\/museumek.eu\/wp-content\/uploads\/2020\/12\/Hertwig-Co.-Katzh\u00fctte-Frau-1.jpg 378w\" sizes=\"(max-width: 177px) 100vw, 177px\" \/><\/a><\/p>\n<p><a href=\"http:\/\/museumek.eu\/?attachment_id=51241\" rel=\"attachment wp-att-51241\"><img loading=\"lazy\" src=\"http:\/\/museumek.eu\/wp-content\/uploads\/2020\/12\/Hertwig-Co.-Katzh\u00fctte-Frau-2-184x300.jpg\" alt=\"\" title=\"Hertwig &amp; Co. Katzh\u00fctte Frau 2\" width=\"184\" height=\"300\" class=\"alignnone size-medium wp-image-51241\" srcset=\"http:\/\/museumek.eu\/wp-content\/uploads\/2020\/12\/Hertwig-Co.-Katzh\u00fctte-Frau-2-184x300.jpg 184w, http:\/\/museumek.eu\/wp-content\/uploads\/2020\/12\/Hertwig-Co.-Katzh\u00fctte-Frau-2-92x150.jpg 92w, http:\/\/museumek.eu\/wp-content\/uploads\/2020\/12\/Hertwig-Co.-Katzh\u00fctte-Frau-2.jpg 393w\" sizes=\"(max-width: 184px) 100vw, 184px\" \/><\/a><\/p>\n<p><a href=\"http:\/\/museumek.eu\/?attachment_id=51242\" rel=\"attachment wp-att-51242\"><img loading=\"lazy\" src=\"http:\/\/museumek.eu\/wp-content\/uploads\/2020\/12\/Hertwig-Co.-Katzh\u00fctte-Frau-3-188x300.jpg\" alt=\"\" title=\"Hertwig &amp; Co. Katzh\u00fctte Frau 3\" width=\"188\" height=\"300\" class=\"alignnone size-medium wp-image-51242\" srcset=\"http:\/\/museumek.eu\/wp-content\/uploads\/2020\/12\/Hertwig-Co.-Katzh\u00fctte-Frau-3-188x300.jpg 188w, http:\/\/museumek.eu\/wp-content\/uploads\/2020\/12\/Hertwig-Co.-Katzh\u00fctte-Frau-3-94x150.jpg 94w, http:\/\/museumek.eu\/wp-content\/uploads\/2020\/12\/Hertwig-Co.-Katzh\u00fctte-Frau-3.jpg 403w\" sizes=\"(max-width: 188px) 100vw, 188px\" \/><\/a><\/p>\n<p><a href=\"http:\/\/museumek.eu\/?attachment_id=51243\" rel=\"attachment wp-att-51243\"><img loading=\"lazy\" src=\"http:\/\/museumek.eu\/wp-content\/uploads\/2020\/12\/Hertwig-Co.-Katzh\u00fctte-Frau-4-164x300.jpg\" alt=\"\" title=\"Hertwig &amp; Co. Katzh\u00fctte Frau 4\" width=\"164\" height=\"300\" class=\"alignnone size-medium wp-image-51243\" srcset=\"http:\/\/museumek.eu\/wp-content\/uploads\/2020\/12\/Hertwig-Co.-Katzh\u00fctte-Frau-4-164x300.jpg 164w, http:\/\/museumek.eu\/wp-content\/uploads\/2020\/12\/Hertwig-Co.-Katzh\u00fctte-Frau-4-82x150.jpg 82w, http:\/\/museumek.eu\/wp-content\/uploads\/2020\/12\/Hertwig-Co.-Katzh\u00fctte-Frau-4.jpg 350w\" sizes=\"(max-width: 164px) 100vw, 164px\" \/><\/a><\/p>\n<p><a href=\"http:\/\/museumek.eu\/?attachment_id=51244\" rel=\"attachment wp-att-51244\"><img loading=\"lazy\" src=\"http:\/\/museumek.eu\/wp-content\/uploads\/2020\/12\/Hertwig-Co.-Katzh\u00fctte-Frau-5-255x300.jpg\" alt=\"\" title=\"Hertwig &amp; Co. Katzh\u00fctte Frau 5\" width=\"255\" height=\"300\" class=\"alignnone size-medium wp-image-51244\" srcset=\"http:\/\/museumek.eu\/wp-content\/uploads\/2020\/12\/Hertwig-Co.-Katzh\u00fctte-Frau-5-255x300.jpg 255w, http:\/\/museumek.eu\/wp-content\/uploads\/2020\/12\/Hertwig-Co.-Katzh\u00fctte-Frau-5-127x150.jpg 127w, http:\/\/museumek.eu\/wp-content\/uploads\/2020\/12\/Hertwig-Co.-Katzh\u00fctte-Frau-5.jpg 480w\" sizes=\"(max-width: 255px) 100vw, 255px\" \/><\/a><\/p>\n<p><a href=\"http:\/\/museumek.eu\/?attachment_id=51245\" rel=\"attachment wp-att-51245\"><img loading=\"lazy\" src=\"http:\/\/museumek.eu\/wp-content\/uploads\/2020\/12\/Hertwig-Co.-Katzh\u00fctte-Frau-6-300x232.jpg\" alt=\"\" title=\"Hertwig &amp; Co. Katzh\u00fctte Frau 6\" width=\"300\" height=\"232\" class=\"alignnone size-medium wp-image-51245\" srcset=\"http:\/\/museumek.eu\/wp-content\/uploads\/2020\/12\/Hertwig-Co.-Katzh\u00fctte-Frau-6-300x232.jpg 300w, http:\/\/museumek.eu\/wp-content\/uploads\/2020\/12\/Hertwig-Co.-Katzh\u00fctte-Frau-6-150x116.jpg 150w, http:\/\/museumek.eu\/wp-content\/uploads\/2020\/12\/Hertwig-Co.-Katzh\u00fctte-Frau-6-386x300.jpg 386w, http:\/\/museumek.eu\/wp-content\/uploads\/2020\/12\/Hertwig-Co.-Katzh\u00fctte-Frau-6.jpg 619w\" sizes=\"(max-width: 300px) 100vw, 300px\" \/><\/a><\/p>\n","protected":false},"excerpt":{"rendered":"<p>Abteilung Deutschland, Keramik 1860 \u2013 1960, Inventarnummer D\/CLXX\/1 Porzellan- und Steingutfabrik Hertwig &#038; Co., Deutschland, Katzh\u00fctte, um 1920, Figur Dame Als Buchst\u00fctze, K\u00fcnstler unbekannt, Werks.-Nr. ohne, Exemplar Nr. ohne, gemarkt Firmenmarke mit einer H\u00fctte, welche in der Mitte durch zwei &hellip; <a href=\"http:\/\/museumek.eu\/?page_id=51250\">Weiterlesen <span class=\"meta-nav\">&rarr;<\/span><\/a><\/p>\n","protected":false},"author":1,"featured_media":0,"parent":51235,"menu_order":1,"comment_status":"closed","ping_status":"open","template":"","meta":[],"_links":{"self":[{"href":"http:\/\/museumek.eu\/index.php?rest_route=\/wp\/v2\/pages\/51250"}],"collection":[{"href":"http:\/\/museumek.eu\/index.php?rest_route=\/wp\/v2\/pages"}],"about":[{"href":"http:\/\/museumek.eu\/index.php?rest_route=\/wp\/v2\/types\/page"}],"author":[{"embeddable":true,"href":"http:\/\/museumek.eu\/index.php?rest_route=\/wp\/v2\/users\/1"}],"replies":[{"embeddable":true,"href":"http:\/\/museumek.eu\/index.php?rest_route=%2Fwp%2Fv2%2Fcomments&post=51250"}],"version-history":[{"count":4,"href":"http:\/\/museumek.eu\/index.php?rest_route=\/wp\/v2\/pages\/51250\/revisions"}],"predecessor-version":[{"id":51354,"href":"http:\/\/museumek.eu\/index.php?rest_route=\/wp\/v2\/pages\/51250\/revisions\/51354"}],"up":[{"embeddable":true,"href":"http:\/\/museumek.eu\/index.php?rest_route=\/wp\/v2\/pages\/51235"}],"wp:attachment":[{"href":"http:\/\/museumek.eu\/index.php?rest_route=%2Fwp%2Fv2%2Fmedia&parent=51250"}],"curies":[{"name":"wp","href":"https:\/\/api.w.org\/{rel}","templated":true}]}}