{"id":51355,"date":"2020-12-24T10:46:21","date_gmt":"2020-12-24T09:46:21","guid":{"rendered":"http:\/\/museumek.eu\/?page_id=51355"},"modified":"2020-12-24T11:02:44","modified_gmt":"2020-12-24T10:02:44","slug":"fotos-und-beschreibung","status":"publish","type":"page","link":"http:\/\/museumek.eu\/?page_id=51355","title":{"rendered":"Fotos und Beschreibung"},"content":{"rendered":"<p><strong>Abteilung Deutschland, Keramik 1860 \u2013 1960, Inventarnummer D\/CLXXI\/1<\/strong><\/p>\n<p>Porzellanfabrik Christian Seltmann, Deutschland, Weiden, 1945 &#8211; 1948, bemalter tiefer Teller, K\u00fcnstler unbekannt, Werks.-Nr. ohne, Exemplar Nr. ohne, gemarkt Firmenmarke Krone, darunter ein mit der Krone verbundenes Oval, in dem Oval der Buchstabe S, mittig mit einem kleinen Schr\u00e4gstrich versehen (f\u00fcr Seltmann), darunter halbkreisf\u00f6rmig SELTMANN WEIDEN, Darunter GERMANY, darunter U.S.Z. (f\u00fcr US Zone) gr\u00fcne Stempel unter Glasur sowie handgemalt in Friedrichstadt blaue Schrift auf Glasur, nicht signiert, Literatur: Robert E. R\u00f6ntgen, Deutsche Porzellanmarken von 1710 bis heute, Seite 370, Marke Nr. 2953 identisch, Christian Wilhelm Seltmann (geb. 1870) lernte zun\u00e4chst den Beruf des Porzellandrehers und modellierte und bemalte in seiner Freizeit Porzellan, danach besuchte er die Porzellanfachschule Teplitz-Sch\u00f6nau, mit 26 Jahren wurde Christian Seltmann Betriebsleiter der Porzellanfabrik Arzberg, im Jahre 1901 entschlo\u00df er sich zusammen mit seinem Bruder Johann Seltmann, damals Gutsp\u00e4chter in Waldau, eine Porzellanfabrik in Vohenstrau\u00df zu gr\u00fcnden, nach wenigen Jahren war das Unternehmen bereits ein Begriff und besch\u00e4ftigte 600 Mitarbeiter, als aber Johann Seltmann die Fabrik in eine AG umwandeln wollte, ging er nicht mit ihm konform und gr\u00fcndete 1910 in Weiden seine eigene Porzellanfabrik f\u00fcr Gebrauchs- und Luxusporzellan, Firmierung Porzellanfabrik Seltmann, die Produktion begann zun\u00e4chst mit drei Rund\u00f6fen, die 1913 um zwei vermehrt wurden, nach dem Tode von Christian Wilhelm Seltmann f\u00fchrte sein Sohn Wilhelm Seltmann die Fabrik fort, 1939 wurde die Porzellanfabrik Krummennaab angegliedert und 1940 die Porzellanfabrik Erbendorf gekauft, nach Kriegsende dienten die Werke in Erbendorf und Krummennaab lange als Unterkunft f\u00fcr amerikanische Soldaten, wobei die Fabrikationseinrichtungen gr\u00f6\u00dftenteils zerst\u00f6rt und unbrauchbar gemacht wurden, seit 1957 besitzt die Porzellanfabrik Christian Seltmann GmbH Weiden die absolute Mehrheit der 1794 gegr\u00fcndeten K\u00f6niglich privilegierten Porzellanfabrik Tettau, Durchmesser 23,4 cm<\/p>\n<p><a href=\"http:\/\/museumek.eu\/?attachment_id=51356\" rel=\"attachment wp-att-51356\"><img loading=\"lazy\" src=\"http:\/\/museumek.eu\/wp-content\/uploads\/2020\/12\/Seltmann-Teller-handgemalt-1-300x288.jpg\" alt=\"\" title=\"Seltmann Teller handgemalt 1\" width=\"300\" height=\"288\" class=\"alignnone size-medium wp-image-51356\" srcset=\"http:\/\/museumek.eu\/wp-content\/uploads\/2020\/12\/Seltmann-Teller-handgemalt-1-300x288.jpg 300w, http:\/\/museumek.eu\/wp-content\/uploads\/2020\/12\/Seltmann-Teller-handgemalt-1-150x144.jpg 150w, http:\/\/museumek.eu\/wp-content\/uploads\/2020\/12\/Seltmann-Teller-handgemalt-1-311x300.jpg 311w, http:\/\/museumek.eu\/wp-content\/uploads\/2020\/12\/Seltmann-Teller-handgemalt-1.jpg 499w\" sizes=\"(max-width: 300px) 100vw, 300px\" \/><\/a><\/p>\n<p><a href=\"http:\/\/museumek.eu\/?attachment_id=51357\" rel=\"attachment wp-att-51357\"><img loading=\"lazy\" src=\"http:\/\/museumek.eu\/wp-content\/uploads\/2020\/12\/Seltmann-Teller-handgemalt-2-187x300.jpg\" alt=\"\" title=\"Seltmann Teller handgemalt 2\" width=\"187\" height=\"300\" class=\"alignnone size-medium wp-image-51357\" srcset=\"http:\/\/museumek.eu\/wp-content\/uploads\/2020\/12\/Seltmann-Teller-handgemalt-2-187x300.jpg 187w, http:\/\/museumek.eu\/wp-content\/uploads\/2020\/12\/Seltmann-Teller-handgemalt-2-93x150.jpg 93w, http:\/\/museumek.eu\/wp-content\/uploads\/2020\/12\/Seltmann-Teller-handgemalt-2.jpg 400w\" sizes=\"(max-width: 187px) 100vw, 187px\" \/><\/a><\/p>\n<p><a href=\"http:\/\/museumek.eu\/?attachment_id=51358\" rel=\"attachment wp-att-51358\"><img loading=\"lazy\" src=\"http:\/\/museumek.eu\/wp-content\/uploads\/2020\/12\/Seltmann-Teller-handgemalt-3-300x296.jpg\" alt=\"\" title=\"Seltmann Teller handgemalt 3\" width=\"300\" height=\"296\" class=\"alignnone size-medium wp-image-51358\" srcset=\"http:\/\/museumek.eu\/wp-content\/uploads\/2020\/12\/Seltmann-Teller-handgemalt-3-300x296.jpg 300w, http:\/\/museumek.eu\/wp-content\/uploads\/2020\/12\/Seltmann-Teller-handgemalt-3-150x148.jpg 150w, http:\/\/museumek.eu\/wp-content\/uploads\/2020\/12\/Seltmann-Teller-handgemalt-3-303x300.jpg 303w, http:\/\/museumek.eu\/wp-content\/uploads\/2020\/12\/Seltmann-Teller-handgemalt-3.jpg 485w\" sizes=\"(max-width: 300px) 100vw, 300px\" \/><\/a><\/p>\n<p><a href=\"http:\/\/museumek.eu\/?attachment_id=51359\" rel=\"attachment wp-att-51359\"><img loading=\"lazy\" src=\"http:\/\/museumek.eu\/wp-content\/uploads\/2020\/12\/Seltmann-Teller-handgemalt-4-293x300.jpg\" alt=\"\" title=\"Seltmann Teller handgemalt 4\" width=\"293\" height=\"300\" class=\"alignnone size-medium wp-image-51359\" srcset=\"http:\/\/museumek.eu\/wp-content\/uploads\/2020\/12\/Seltmann-Teller-handgemalt-4-293x300.jpg 293w, http:\/\/museumek.eu\/wp-content\/uploads\/2020\/12\/Seltmann-Teller-handgemalt-4-146x150.jpg 146w, http:\/\/museumek.eu\/wp-content\/uploads\/2020\/12\/Seltmann-Teller-handgemalt-4.jpg 480w\" sizes=\"(max-width: 293px) 100vw, 293px\" \/><\/a><\/p>\n<p><a href=\"http:\/\/museumek.eu\/?attachment_id=51360\" rel=\"attachment wp-att-51360\"><img loading=\"lazy\" src=\"http:\/\/museumek.eu\/wp-content\/uploads\/2020\/12\/Seltmann-Teller-handgemalt-5-226x300.jpg\" alt=\"\" title=\"Seltmann Teller handgemalt 5\" width=\"226\" height=\"300\" class=\"alignnone size-medium wp-image-51360\" srcset=\"http:\/\/museumek.eu\/wp-content\/uploads\/2020\/12\/Seltmann-Teller-handgemalt-5-226x300.jpg 226w, http:\/\/museumek.eu\/wp-content\/uploads\/2020\/12\/Seltmann-Teller-handgemalt-5-113x150.jpg 113w, http:\/\/museumek.eu\/wp-content\/uploads\/2020\/12\/Seltmann-Teller-handgemalt-5.jpg 480w\" sizes=\"(max-width: 226px) 100vw, 226px\" \/><\/a><\/p>\n<p><a href=\"http:\/\/museumek.eu\/?attachment_id=51361\" rel=\"attachment wp-att-51361\"><img loading=\"lazy\" src=\"http:\/\/museumek.eu\/wp-content\/uploads\/2020\/12\/Seltmann-Teller-handgemalt-6-300x199.jpg\" alt=\"\" title=\"Seltmann Teller handgemalt 6\" width=\"300\" height=\"199\" class=\"alignnone size-medium wp-image-51361\" srcset=\"http:\/\/museumek.eu\/wp-content\/uploads\/2020\/12\/Seltmann-Teller-handgemalt-6-300x199.jpg 300w, http:\/\/museumek.eu\/wp-content\/uploads\/2020\/12\/Seltmann-Teller-handgemalt-6-150x99.jpg 150w, http:\/\/museumek.eu\/wp-content\/uploads\/2020\/12\/Seltmann-Teller-handgemalt-6-450x300.jpg 450w, http:\/\/museumek.eu\/wp-content\/uploads\/2020\/12\/Seltmann-Teller-handgemalt-6.jpg 640w\" sizes=\"(max-width: 300px) 100vw, 300px\" \/><\/a><\/p>\n","protected":false},"excerpt":{"rendered":"<p>Abteilung Deutschland, Keramik 1860 \u2013 1960, Inventarnummer D\/CLXXI\/1 Porzellanfabrik Christian Seltmann, Deutschland, Weiden, 1945 &#8211; 1948, bemalter tiefer Teller, K\u00fcnstler unbekannt, Werks.-Nr. ohne, Exemplar Nr. ohne, gemarkt Firmenmarke Krone, darunter ein mit der Krone verbundenes Oval, in dem Oval der &hellip; <a href=\"http:\/\/museumek.eu\/?page_id=51355\">Weiterlesen <span class=\"meta-nav\">&rarr;<\/span><\/a><\/p>\n","protected":false},"author":1,"featured_media":0,"parent":51258,"menu_order":1,"comment_status":"closed","ping_status":"open","template":"","meta":[],"_links":{"self":[{"href":"http:\/\/museumek.eu\/index.php?rest_route=\/wp\/v2\/pages\/51355"}],"collection":[{"href":"http:\/\/museumek.eu\/index.php?rest_route=\/wp\/v2\/pages"}],"about":[{"href":"http:\/\/museumek.eu\/index.php?rest_route=\/wp\/v2\/types\/page"}],"author":[{"embeddable":true,"href":"http:\/\/museumek.eu\/index.php?rest_route=\/wp\/v2\/users\/1"}],"replies":[{"embeddable":true,"href":"http:\/\/museumek.eu\/index.php?rest_route=%2Fwp%2Fv2%2Fcomments&post=51355"}],"version-history":[{"count":5,"href":"http:\/\/museumek.eu\/index.php?rest_route=\/wp\/v2\/pages\/51355\/revisions"}],"predecessor-version":[{"id":51366,"href":"http:\/\/museumek.eu\/index.php?rest_route=\/wp\/v2\/pages\/51355\/revisions\/51366"}],"up":[{"embeddable":true,"href":"http:\/\/museumek.eu\/index.php?rest_route=\/wp\/v2\/pages\/51258"}],"wp:attachment":[{"href":"http:\/\/museumek.eu\/index.php?rest_route=%2Fwp%2Fv2%2Fmedia&parent=51355"}],"curies":[{"name":"wp","href":"https:\/\/api.w.org\/{rel}","templated":true}]}}