{"id":51388,"date":"2020-12-24T16:46:54","date_gmt":"2020-12-24T15:46:54","guid":{"rendered":"http:\/\/museumek.eu\/?page_id=51388"},"modified":"2020-12-24T16:48:12","modified_gmt":"2020-12-24T15:48:12","slug":"dclxxii1","status":"publish","type":"page","link":"http:\/\/museumek.eu\/?page_id=51388","title":{"rendered":"D\/CLXXII\/1"},"content":{"rendered":"<p><strong>Abteilung Deutschland, Keramik 1860 \u2013 1960, Inventarnummer D\/CLXXII\/1<\/strong><\/p>\n<p>Porzellanfabrik Creidlitz AG, vorm. Porzellanfabrik Creidlitz Rose, Schulz &#038; Co., vorm. Porzellanfabrik Creidlitz Theodor Gumtau, Deutschland, Creidlitz, vor 1950, Deckeldose, K\u00fcnstler unbekannt, Werks.-Nr. ohne, Exemplar Nr. ohne, gemarkt Firmenmarke BAVARIA, darunter eine Krone, darunter Creidlitz, darunter Made in Germany gr\u00fcne Stempel unter Glasur, nicht signiert, Literatur: Robert E. R\u00f6ntgen, Deutsche Porzellanmarken von 1710 bis heute, Seite 68, Marke Nr. 371 identisch (dort f\u00fcr die Zeit nach 1913), weitere Literatur: Gustav Wei\u00df, Ullstein Porzellanbuch, Seite 251, Marke Nr. 1 identisch, um 1900 gr\u00fcndet der Kaufmann Theodor Gumtau in Creidlitz eine Porzellanfabrik, Firmierung Porzellanfabrik Creidlitz Theodor Gumtau, 1905\/1906 wurde die Fabrik von Albert Rose, Otto Schulz und Kommerzienrat Robert Holzapfel gekauft, Firmierung Porzellanfabrik Creidlitz Rose, Schulz &#038; Co., 1913 wurde die Fabrik AG, Firmierung Porzellanfabrik Creidlitz AG, 1920 \u00fcbernahm Karl Sorgel die Mehrheitsbeteiligung an der Fabrik und sein Schwiegersohn wurde CEO des Unternehmens, die Fabrik produzierte auch elektrische Ger\u00e4te wie Steckdosen und Schalter, aber die Hauptlinie bestand immer noch aus Porzellangeschirr, um 1925 besch\u00e4ftigte die Fabrik 360 Mitarbeiter, der n\u00e4chste Besitzer der Fabrik war Karls Tochter &#8222;M\u00e4di&#8220; (Medi), sie modernisierte die Fabrik und erweiterte die Produktionskapazit\u00e4ten, um 1950 konzentrierte sich die Produktion auf Geschirr und Geschenke, die haupts\u00e4chlich f\u00fcr den Export bestimmt waren,<br \/>\nH\u00f6he 3,5 cm, Breite 7 cm<\/p>\n<p><a href=\"http:\/\/museumek.eu\/?attachment_id=51376\" rel=\"attachment wp-att-51376\"><img loading=\"lazy\" src=\"http:\/\/museumek.eu\/wp-content\/uploads\/2020\/12\/Creidlitz-Dose-1-300x253.jpg\" alt=\"\" title=\"Creidlitz Dose 1\" width=\"300\" height=\"253\" class=\"alignnone size-medium wp-image-51376\" srcset=\"http:\/\/museumek.eu\/wp-content\/uploads\/2020\/12\/Creidlitz-Dose-1-300x253.jpg 300w, http:\/\/museumek.eu\/wp-content\/uploads\/2020\/12\/Creidlitz-Dose-1-150x126.jpg 150w, http:\/\/museumek.eu\/wp-content\/uploads\/2020\/12\/Creidlitz-Dose-1-355x300.jpg 355w, http:\/\/museumek.eu\/wp-content\/uploads\/2020\/12\/Creidlitz-Dose-1.jpg 569w\" sizes=\"(max-width: 300px) 100vw, 300px\" \/><\/a><\/p>\n<p><a href=\"http:\/\/museumek.eu\/?attachment_id=51377\" rel=\"attachment wp-att-51377\"><img loading=\"lazy\" src=\"http:\/\/museumek.eu\/wp-content\/uploads\/2020\/12\/Creidlitz-Dose-2-179x300.jpg\" alt=\"\" title=\"Creidlitz Dose 2\" width=\"179\" height=\"300\" class=\"alignnone size-medium wp-image-51377\" srcset=\"http:\/\/museumek.eu\/wp-content\/uploads\/2020\/12\/Creidlitz-Dose-2-179x300.jpg 179w, http:\/\/museumek.eu\/wp-content\/uploads\/2020\/12\/Creidlitz-Dose-2-89x150.jpg 89w, http:\/\/museumek.eu\/wp-content\/uploads\/2020\/12\/Creidlitz-Dose-2.jpg 382w\" sizes=\"(max-width: 179px) 100vw, 179px\" \/><\/a><\/p>\n<p><a href=\"http:\/\/museumek.eu\/?attachment_id=51378\" rel=\"attachment wp-att-51378\"><img loading=\"lazy\" src=\"http:\/\/museumek.eu\/wp-content\/uploads\/2020\/12\/Creidlitz-Dose-3-181x300.jpg\" alt=\"\" title=\"Creidlitz Dose 3\" width=\"181\" height=\"300\" class=\"alignnone size-medium wp-image-51378\" srcset=\"http:\/\/museumek.eu\/wp-content\/uploads\/2020\/12\/Creidlitz-Dose-3-181x300.jpg 181w, http:\/\/museumek.eu\/wp-content\/uploads\/2020\/12\/Creidlitz-Dose-3-90x150.jpg 90w, http:\/\/museumek.eu\/wp-content\/uploads\/2020\/12\/Creidlitz-Dose-3.jpg 387w\" sizes=\"(max-width: 181px) 100vw, 181px\" \/><\/a><\/p>\n<p><a href=\"http:\/\/museumek.eu\/?attachment_id=51379\" rel=\"attachment wp-att-51379\"><img loading=\"lazy\" src=\"http:\/\/museumek.eu\/wp-content\/uploads\/2020\/12\/Creidlitz-Dose-4-298x300.jpg\" alt=\"\" title=\"Creidlitz Dose 4\" width=\"298\" height=\"300\" class=\"alignnone size-medium wp-image-51379\" srcset=\"http:\/\/museumek.eu\/wp-content\/uploads\/2020\/12\/Creidlitz-Dose-4-298x300.jpg 298w, http:\/\/museumek.eu\/wp-content\/uploads\/2020\/12\/Creidlitz-Dose-4-150x150.jpg 150w, http:\/\/museumek.eu\/wp-content\/uploads\/2020\/12\/Creidlitz-Dose-4.jpg 480w\" sizes=\"(max-width: 298px) 100vw, 298px\" \/><\/a> <\/p>\n","protected":false},"excerpt":{"rendered":"<p>Abteilung Deutschland, Keramik 1860 \u2013 1960, Inventarnummer D\/CLXXII\/1 Porzellanfabrik Creidlitz AG, vorm. Porzellanfabrik Creidlitz Rose, Schulz &#038; Co., vorm. Porzellanfabrik Creidlitz Theodor Gumtau, Deutschland, Creidlitz, vor 1950, Deckeldose, K\u00fcnstler unbekannt, Werks.-Nr. ohne, Exemplar Nr. ohne, gemarkt Firmenmarke BAVARIA, darunter eine &hellip; <a href=\"http:\/\/museumek.eu\/?page_id=51388\">Weiterlesen <span class=\"meta-nav\">&rarr;<\/span><\/a><\/p>\n","protected":false},"author":1,"featured_media":0,"parent":51386,"menu_order":1,"comment_status":"closed","ping_status":"open","template":"","meta":[],"_links":{"self":[{"href":"http:\/\/museumek.eu\/index.php?rest_route=\/wp\/v2\/pages\/51388"}],"collection":[{"href":"http:\/\/museumek.eu\/index.php?rest_route=\/wp\/v2\/pages"}],"about":[{"href":"http:\/\/museumek.eu\/index.php?rest_route=\/wp\/v2\/types\/page"}],"author":[{"embeddable":true,"href":"http:\/\/museumek.eu\/index.php?rest_route=\/wp\/v2\/users\/1"}],"replies":[{"embeddable":true,"href":"http:\/\/museumek.eu\/index.php?rest_route=%2Fwp%2Fv2%2Fcomments&post=51388"}],"version-history":[{"count":5,"href":"http:\/\/museumek.eu\/index.php?rest_route=\/wp\/v2\/pages\/51388\/revisions"}],"predecessor-version":[{"id":51393,"href":"http:\/\/museumek.eu\/index.php?rest_route=\/wp\/v2\/pages\/51388\/revisions\/51393"}],"up":[{"embeddable":true,"href":"http:\/\/museumek.eu\/index.php?rest_route=\/wp\/v2\/pages\/51386"}],"wp:attachment":[{"href":"http:\/\/museumek.eu\/index.php?rest_route=%2Fwp%2Fv2%2Fmedia&parent=51388"}],"curies":[{"name":"wp","href":"https:\/\/api.w.org\/{rel}","templated":true}]}}