{"id":51496,"date":"2020-12-27T12:09:24","date_gmt":"2020-12-27T11:09:24","guid":{"rendered":"http:\/\/museumek.eu\/?page_id=51496"},"modified":"2021-01-13T16:54:06","modified_gmt":"2021-01-13T15:54:06","slug":"fx14","status":"publish","type":"page","link":"http:\/\/museumek.eu\/?page_id=51496","title":{"rendered":"F\/X\/14"},"content":{"rendered":"<p><strong>Abteilung Frankreich, Keramik 1860 \u2013 1960, Inventarnummer F\/X\/14<\/strong><\/p>\n<p>Utzschneider &#038; Cie. Fabrique de Faience &#038; Porcelaine a Sarreguemines &#038; Digoin und Nachf. Faienceries de Sarreguemines, Digoin et Vitry-le-Francois, anciennement Utzschneider &#038; Cie., Frankreich, Sarreguemines\/Digoin, um 1880, Schale mit L\u00f6wenk\u00f6pfen, K\u00fcnstler unbekannt, Werks-Nr. ohne\/Exemplar Nr. ohne, gemarkt Firmenmarke in einem Dreieck im linken Schenkel TERRE, im rechten Schenkel A FEU, \u00fcber dem waagerechten Schenkel SARREGUEMINES, dazwischen mittig ein weiteres Dreieck, in diesem Dreieck D.V. (f\u00fcr Digoin et Vitry-le-Francois), unter dem gro\u00dfen Dreieck FRANCE schwarzer Stempel auf Glasur, Buchstabe C und Zahl 1 (?) gepresst, nicht signiert, Literatur: Henri Gauvin, Alain Benedick, Jean-Jacques Becker, Sarreguemines-Les Marques de Fabrique, Jahr 2005, Literatur: Dieter Z\u00fchlsdorff, Markenlexikon, Porzellan und Keramik Report 1885 &#8211; 1935, Seite 223, Werkteil 1., Gruppennummer 2., laufende Nummer innerhalb der Gruppe 2539, dort identische Marke (dort im kleinen Dreieck U.C. statt D.V. g\u00fcltig f\u00fcr die Zeit vor 1885 und evtl. danach sowie dort beschrieben: Marke f\u00fcr Kochgeschirr) sowie Seite 600, Werkteil Nr. 3, laufende Nummer innerhalb des Werkteils 1114, dort Beschreibung der Fabriken, 1795 gr\u00fcnden Nicolas-Henri Jacobi, Paul-Augustin Jacobi und Joseph Fabry eine Porzellan-, Steingut-, Fayence-, und Majolikafabrik in Sarreguemines, Firmierung nicht bekannt, 1793 tritt Francois Paul Utzschneider als Mitarbeiter in die Fabrik ein und wird 1799 Teilhaber der Fabrik, 1836 \u00fcbernimmt Utzschneiders Schwiegersohn Alexandre de Geiger (1803 &#8211; 1891) die Firmenleitung, 1871 kauft dessen Sohn Paul de Geiger die Fabrik, wahrscheinlich Firmierung ab da Utzschneider &#038; Cie. Fabrique de Faience &#038; Porcelaine a Sarreguemines, nach dem deutsch-franz\u00f6sischem Krieg 1870\/1871 geh\u00f6rt Sarreguemines zu Deutschland, deshalb gr\u00fcndet Paul de Geiger zwei weitere Fabriken in Frankreich (mit finanzieller Unterst\u00fctzung von Villeroy &#038; Boch), 1876 in Digoin (f\u00fcr Zier- und Gebrauchsporzellan) und 1881 in in Vitry-le-Francois (f\u00fcr Bau- und Industriekeramik), wahrscheinlich \u00e4nderte sich 1876 die Firmenbezeichnung in Utzschneider &#038; Cie. Fabriques de Faience &#038; Porcelaine a Sarreguemines &#038; Digoin, im Jahre 1883 ersteigert Utzschneider zusammen mit Villeroy &#038; Boch, die Steingutfabrik Schramberg, nach WK I, werden alle 3 Utzschneider Fabriken zu Faienceries de Sarreguemines, Digoin et Vitry-le-Francois, anciennement Utzschneider &#038; Cie. vereinigt, H\u00f6he 4,5 cm, Breite 11 cm<\/p>\n<p><a href=\"http:\/\/museumek.eu\/?attachment_id=51480\" rel=\"attachment wp-att-51480\"><img loading=\"lazy\" src=\"http:\/\/museumek.eu\/wp-content\/uploads\/2020\/12\/Utzschneider-Schale-mit-L\u00f6wenk\u00f6pfen-1-300x240.jpg\" alt=\"\" title=\"Utzschneider Schale mit L\u00f6wenk\u00f6pfen 1\" width=\"300\" height=\"240\" class=\"alignnone size-medium wp-image-51480\" srcset=\"http:\/\/museumek.eu\/wp-content\/uploads\/2020\/12\/Utzschneider-Schale-mit-L\u00f6wenk\u00f6pfen-1-300x240.jpg 300w, http:\/\/museumek.eu\/wp-content\/uploads\/2020\/12\/Utzschneider-Schale-mit-L\u00f6wenk\u00f6pfen-1-150x120.jpg 150w, http:\/\/museumek.eu\/wp-content\/uploads\/2020\/12\/Utzschneider-Schale-mit-L\u00f6wenk\u00f6pfen-1-373x300.jpg 373w, http:\/\/museumek.eu\/wp-content\/uploads\/2020\/12\/Utzschneider-Schale-mit-L\u00f6wenk\u00f6pfen-1.jpg 598w\" sizes=\"(max-width: 300px) 100vw, 300px\" \/><\/a><\/p>\n<p><a href=\"http:\/\/museumek.eu\/?attachment_id=51481\" rel=\"attachment wp-att-51481\"><img loading=\"lazy\" src=\"http:\/\/museumek.eu\/wp-content\/uploads\/2020\/12\/Utzschneider-Schale-mit-L\u00f6wenk\u00f6pfen-2-300x254.jpg\" alt=\"\" title=\"Utzschneider Schale mit L\u00f6wenk\u00f6pfen 2\" width=\"300\" height=\"254\" class=\"alignnone size-medium wp-image-51481\" srcset=\"http:\/\/museumek.eu\/wp-content\/uploads\/2020\/12\/Utzschneider-Schale-mit-L\u00f6wenk\u00f6pfen-2-300x254.jpg 300w, http:\/\/museumek.eu\/wp-content\/uploads\/2020\/12\/Utzschneider-Schale-mit-L\u00f6wenk\u00f6pfen-2-150x127.jpg 150w, http:\/\/museumek.eu\/wp-content\/uploads\/2020\/12\/Utzschneider-Schale-mit-L\u00f6wenk\u00f6pfen-2-353x300.jpg 353w, http:\/\/museumek.eu\/wp-content\/uploads\/2020\/12\/Utzschneider-Schale-mit-L\u00f6wenk\u00f6pfen-2.jpg 566w\" sizes=\"(max-width: 300px) 100vw, 300px\" \/><\/a><\/p>\n<p><a href=\"http:\/\/museumek.eu\/?attachment_id=51482\" rel=\"attachment wp-att-51482\"><img loading=\"lazy\" src=\"http:\/\/museumek.eu\/wp-content\/uploads\/2020\/12\/Utzschneider-Schale-mit-L\u00f6wenk\u00f6pfen-3-283x300.jpg\" alt=\"\" title=\"Utzschneider Schale mit L\u00f6wenk\u00f6pfen 3\" width=\"283\" height=\"300\" class=\"alignnone size-medium wp-image-51482\" srcset=\"http:\/\/museumek.eu\/wp-content\/uploads\/2020\/12\/Utzschneider-Schale-mit-L\u00f6wenk\u00f6pfen-3-283x300.jpg 283w, http:\/\/museumek.eu\/wp-content\/uploads\/2020\/12\/Utzschneider-Schale-mit-L\u00f6wenk\u00f6pfen-3-141x150.jpg 141w, http:\/\/museumek.eu\/wp-content\/uploads\/2020\/12\/Utzschneider-Schale-mit-L\u00f6wenk\u00f6pfen-3.jpg 480w\" sizes=\"(max-width: 283px) 100vw, 283px\" \/><\/a><\/p>\n<p><a href=\"http:\/\/museumek.eu\/?attachment_id=51483\" rel=\"attachment wp-att-51483\"><img loading=\"lazy\" src=\"http:\/\/museumek.eu\/wp-content\/uploads\/2020\/12\/Utzschneider-Schale-mit-L\u00f6wenk\u00f6pfen-4-276x300.jpg\" alt=\"\" title=\"Utzschneider Schale mit L\u00f6wenk\u00f6pfen 4\" width=\"276\" height=\"300\" class=\"alignnone size-medium wp-image-51483\" srcset=\"http:\/\/museumek.eu\/wp-content\/uploads\/2020\/12\/Utzschneider-Schale-mit-L\u00f6wenk\u00f6pfen-4-276x300.jpg 276w, http:\/\/museumek.eu\/wp-content\/uploads\/2020\/12\/Utzschneider-Schale-mit-L\u00f6wenk\u00f6pfen-4-138x150.jpg 138w, http:\/\/museumek.eu\/wp-content\/uploads\/2020\/12\/Utzschneider-Schale-mit-L\u00f6wenk\u00f6pfen-4.jpg 480w\" sizes=\"(max-width: 276px) 100vw, 276px\" \/><\/a><\/p>\n<p><a href=\"http:\/\/museumek.eu\/?attachment_id=51484\" rel=\"attachment wp-att-51484\"><img loading=\"lazy\" src=\"http:\/\/museumek.eu\/wp-content\/uploads\/2020\/12\/Utzschneider-Schale-mit-L\u00f6wenk\u00f6pfen-5-300x202.jpg\" alt=\"\" title=\"Utzschneider Schale mit L\u00f6wenk\u00f6pfen 5\" width=\"300\" height=\"202\" class=\"alignnone size-medium wp-image-51484\" srcset=\"http:\/\/museumek.eu\/wp-content\/uploads\/2020\/12\/Utzschneider-Schale-mit-L\u00f6wenk\u00f6pfen-5-300x202.jpg 300w, http:\/\/museumek.eu\/wp-content\/uploads\/2020\/12\/Utzschneider-Schale-mit-L\u00f6wenk\u00f6pfen-5-150x101.jpg 150w, http:\/\/museumek.eu\/wp-content\/uploads\/2020\/12\/Utzschneider-Schale-mit-L\u00f6wenk\u00f6pfen-5-445x300.jpg 445w, http:\/\/museumek.eu\/wp-content\/uploads\/2020\/12\/Utzschneider-Schale-mit-L\u00f6wenk\u00f6pfen-5.jpg 640w\" sizes=\"(max-width: 300px) 100vw, 300px\" \/><\/a><\/p>\n","protected":false},"excerpt":{"rendered":"<p>Abteilung Frankreich, Keramik 1860 \u2013 1960, Inventarnummer F\/X\/14 Utzschneider &#038; Cie. Fabrique de Faience &#038; Porcelaine a Sarreguemines &#038; Digoin und Nachf. Faienceries de Sarreguemines, Digoin et Vitry-le-Francois, anciennement Utzschneider &#038; Cie., Frankreich, Sarreguemines\/Digoin, um 1880, Schale mit L\u00f6wenk\u00f6pfen, K\u00fcnstler &hellip; <a href=\"http:\/\/museumek.eu\/?page_id=51496\">Weiterlesen <span class=\"meta-nav\">&rarr;<\/span><\/a><\/p>\n","protected":false},"author":1,"featured_media":0,"parent":19494,"menu_order":14,"comment_status":"closed","ping_status":"open","template":"","meta":[],"_links":{"self":[{"href":"http:\/\/museumek.eu\/index.php?rest_route=\/wp\/v2\/pages\/51496"}],"collection":[{"href":"http:\/\/museumek.eu\/index.php?rest_route=\/wp\/v2\/pages"}],"about":[{"href":"http:\/\/museumek.eu\/index.php?rest_route=\/wp\/v2\/types\/page"}],"author":[{"embeddable":true,"href":"http:\/\/museumek.eu\/index.php?rest_route=\/wp\/v2\/users\/1"}],"replies":[{"embeddable":true,"href":"http:\/\/museumek.eu\/index.php?rest_route=%2Fwp%2Fv2%2Fcomments&post=51496"}],"version-history":[{"count":4,"href":"http:\/\/museumek.eu\/index.php?rest_route=\/wp\/v2\/pages\/51496\/revisions"}],"predecessor-version":[{"id":52106,"href":"http:\/\/museumek.eu\/index.php?rest_route=\/wp\/v2\/pages\/51496\/revisions\/52106"}],"up":[{"embeddable":true,"href":"http:\/\/museumek.eu\/index.php?rest_route=\/wp\/v2\/pages\/19494"}],"wp:attachment":[{"href":"http:\/\/museumek.eu\/index.php?rest_route=%2Fwp%2Fv2%2Fmedia&parent=51496"}],"curies":[{"name":"wp","href":"https:\/\/api.w.org\/{rel}","templated":true}]}}