{"id":51540,"date":"2020-12-27T18:23:04","date_gmt":"2020-12-27T17:23:04","guid":{"rendered":"http:\/\/museumek.eu\/?page_id=51540"},"modified":"2021-06-04T13:41:09","modified_gmt":"2021-06-04T11:41:09","slug":"dclxxiii1","status":"publish","type":"page","link":"http:\/\/museumek.eu\/?page_id=51540","title":{"rendered":"D\/CLXXIII\/1"},"content":{"rendered":"<p><strong>Abteilung Deutschland, Keramik 1860 \u2013 1960, Inventarnummer D\/CLXXIII\/1<\/strong><\/p>\n<p>Porzellanfabrik K\u00f6nigszelt AG, Vorg\u00e4nger Porzellanfabrik K\u00f6nigszelt AG, vormals August Rappsilber, vormals August Rappsilber Porzellanfabrik, vormals Porzellan-Manufactur August Rappsilber, vormals Porzellan &#038; Chamotte-Fabrik August Rappsilber, vormals Porzellan Manufactur und Chamott-Fabriken C. Heckmann &#038; Rappsilber, vormals Porzellanfabrik Silber &#038; Co., Schlesien\/Deutschland, K\u00f6nigszelt, 1922 bis ca. 1930, Vase, K\u00fcnstler unbekannt, Werks.-Nr. ohne, Exemplar Nr. ohne, gemarkt Firmenmarke mit Krone, darunter Koenigszelt, darunter Silesia sowie darunter K gr\u00fcne Stempel unter Glasur sowie 1891 und 20 in Gold auf Glasur gemalt, nicht signiert, Robert E. R\u00f6ntgen, Deutsche Porzellanmarken von 1710 bis heute, Seite 162, Marke Nr. 1213 identisch (dort beschrieben f\u00fcr die Zeit von 1932 bis 1945, was sicher falsch ist), weitere Literatur: Dieter Z\u00fchlsdorff, Markenlexikon Band 1, Porzellan und Keramik Report 1885 &#8211; 1935, Seite 262, Werk-Teil 1., Gruppennummer 4., laufende Nummer der Gruppe 403, identische Marke (dort f\u00fcr die Zeit von 1922 &#8211; um 1932) sowie Seite 536, Werk-Teil 3., laufende Nummer des Werkteils 627, dort Beschreibung der Fabrik, weitere Literatur: Gerhardt Schmidt-Stein, Schlesisches Porzellan vor 1945, Seite 102 ff., ausf\u00fchrliche Beschreibung der Fabrik sowie Seite 119, dort identische Marke (dort f\u00fcr die Zeit von 1922 bis 1930), weitere Literatur: Gustav Wei\u00df, Ullstein Porzellanbuch, Seite 268, dort eine der Marken Nr. 2 identisch, weitere Literatur: Ludwig Danckert, Handbuch des Europ\u00e4ischen Porzellans, 7. Auflage, Seite 284, kurze Beschreibung der Fabrik sowie Marke 247 identisch (die Firmenmarke wurde am 18.05.1922 ins RWZR eingetragen), 1860 gr\u00fcndete der Maurermeister Traugott Silber eine Porzellanfabrik in K\u00f6nigszelt (Schlesien), Firmierung Porzellanfabrik Silber &#038; Co., Silber begann mit zwei Brenn\u00f6fen und stellte Gebrauchsgeschirr her, 1871\/1872 \u00fcbernahmen Carl Heinrich Otto Heckmann (wohl in Berlin geborener Maler) und August Friedrich Wilhelm Rappsilber (geb. 1832 in Frankfurt\/O., von Beruf Maschinenbauer) die Fabrik, Firmierung Porzellan Manufactur und Chamott-Fabriken C. Heckmann &#038; Rappsilber, Heckmann war seit 1964 bereits P\u00e4chter der Gr\u00e4flich Frankenberg&#8217;schen Porzellanfabrik in Tillowitz, Rappsilber war wohl auch P\u00e4chter dieser Fabrik bis 1878, 1874 wurde die K\u00f6nigszelter Porzellanfabrik durch Neubauten erweitert, die Vertretung f\u00fcr die Fabrik lag bei den Heckmann&#8217;schen Br\u00fcdern Adolf und Gustav Heckmann, die in Berlin einen Porzellanwarenhandel betrieben, das Handelsgesch\u00e4ft der Berliner Br\u00fcder ging ca. 1878 pleite, das war wohl auch der Grund, f\u00fcr das Ausscheiden von Heckmann aus der K\u00f6nigszelter Porzellanfabrik, denn ab 1878 war Rappsilber Alleineigent\u00fcmer, Firmierung ab da Porzellan &#038; Chamott-Fabrik August Rappsilber, 1878 beendete Rappsilber auch sein Pachtverh\u00e4ltnis der Tillowitzer Porzellanfabrik, in den Jahren 1878 bis 1886 \u00e4nderte Rappsilber dann zweimal den Namen der Fabrik, zuerst in Porzellan-Manufaktur August Rappsilber und dann in August Rappsilber Porzellanfabrik, 1886 verkaufte Rappsilber die Fabrik an ein Bankenkonsortium unter der F\u00fchrung des Meininger Bankhauses Strupp, welches die Fabrik in eine AG umwandelte, Firmierung Porzellanfabrik K\u00f6nigszelt AG vormals August Rappsilber, AG Gr\u00fcndung 18.12.1886, Eintragung 22.01.1887, 1891 verstarb Rappsilber, 1905 \u00e4nderte die AG ihren Namen in Porzellanfabrik K\u00f6nigszelt AG, 1928 wird die Fabrik von der Porzellanfabriken Lorenz Hutschenreuther AG \u00fcbernommen, nach WK II hat die Fabrik dann polnische Besitzer, H\u00f6he 12,5 cm, Breite 10,3 cm<\/p>\n<p><a href=\"http:\/\/museumek.eu\/?attachment_id=51526\" rel=\"attachment wp-att-51526\"><img loading=\"lazy\" src=\"http:\/\/museumek.eu\/wp-content\/uploads\/2020\/12\/K\u00f6nigszelt-Vase-1-252x300.jpg\" alt=\"\" title=\"K\u00f6nigszelt Vase 1\" width=\"252\" height=\"300\" class=\"alignnone size-medium wp-image-51526\" srcset=\"http:\/\/museumek.eu\/wp-content\/uploads\/2020\/12\/K\u00f6nigszelt-Vase-1-252x300.jpg 252w, http:\/\/museumek.eu\/wp-content\/uploads\/2020\/12\/K\u00f6nigszelt-Vase-1-126x150.jpg 126w, http:\/\/museumek.eu\/wp-content\/uploads\/2020\/12\/K\u00f6nigszelt-Vase-1.jpg 480w\" sizes=\"(max-width: 252px) 100vw, 252px\" \/><\/a><\/p>\n<p><a href=\"http:\/\/museumek.eu\/?attachment_id=51527\" rel=\"attachment wp-att-51527\"><img loading=\"lazy\" src=\"http:\/\/museumek.eu\/wp-content\/uploads\/2020\/12\/K\u00f6nigszelt-Vase-2-223x300.jpg\" alt=\"\" title=\"K\u00f6nigszelt Vase 2\" width=\"223\" height=\"300\" class=\"alignnone size-medium wp-image-51527\" srcset=\"http:\/\/museumek.eu\/wp-content\/uploads\/2020\/12\/K\u00f6nigszelt-Vase-2-223x300.jpg 223w, http:\/\/museumek.eu\/wp-content\/uploads\/2020\/12\/K\u00f6nigszelt-Vase-2-111x150.jpg 111w, http:\/\/museumek.eu\/wp-content\/uploads\/2020\/12\/K\u00f6nigszelt-Vase-2.jpg 477w\" sizes=\"(max-width: 223px) 100vw, 223px\" \/><\/a><\/p>\n<p><a href=\"http:\/\/museumek.eu\/?attachment_id=51528\" rel=\"attachment wp-att-51528\"><img loading=\"lazy\" src=\"http:\/\/museumek.eu\/wp-content\/uploads\/2020\/12\/K\u00f6nigszelt-Vase-3-203x300.jpg\" alt=\"\" title=\"K\u00f6nigszelt Vase 3\" width=\"203\" height=\"300\" class=\"alignnone size-medium wp-image-51528\" srcset=\"http:\/\/museumek.eu\/wp-content\/uploads\/2020\/12\/K\u00f6nigszelt-Vase-3-203x300.jpg 203w, http:\/\/museumek.eu\/wp-content\/uploads\/2020\/12\/K\u00f6nigszelt-Vase-3-101x150.jpg 101w, http:\/\/museumek.eu\/wp-content\/uploads\/2020\/12\/K\u00f6nigszelt-Vase-3.jpg 435w\" sizes=\"(max-width: 203px) 100vw, 203px\" \/><\/a><\/p>\n<p><a href=\"http:\/\/museumek.eu\/?attachment_id=51529\" rel=\"attachment wp-att-51529\"><img loading=\"lazy\" src=\"http:\/\/museumek.eu\/wp-content\/uploads\/2020\/12\/K\u00f6nigszelt-Vase-4-266x300.jpg\" alt=\"\" title=\"K\u00f6nigszelt Vase 4\" width=\"266\" height=\"300\" class=\"alignnone size-medium wp-image-51529\" srcset=\"http:\/\/museumek.eu\/wp-content\/uploads\/2020\/12\/K\u00f6nigszelt-Vase-4-266x300.jpg 266w, http:\/\/museumek.eu\/wp-content\/uploads\/2020\/12\/K\u00f6nigszelt-Vase-4-133x150.jpg 133w, http:\/\/museumek.eu\/wp-content\/uploads\/2020\/12\/K\u00f6nigszelt-Vase-4.jpg 480w\" sizes=\"(max-width: 266px) 100vw, 266px\" \/><\/a><\/p>\n<p><a href=\"http:\/\/museumek.eu\/?attachment_id=51530\" rel=\"attachment wp-att-51530\"><img loading=\"lazy\" src=\"http:\/\/museumek.eu\/wp-content\/uploads\/2020\/12\/K\u00f6nigszelt-Vase-5-288x300.jpg\" alt=\"\" title=\"K\u00f6nigszelt Vase 5\" width=\"288\" height=\"300\" class=\"alignnone size-medium wp-image-51530\" srcset=\"http:\/\/museumek.eu\/wp-content\/uploads\/2020\/12\/K\u00f6nigszelt-Vase-5-288x300.jpg 288w, http:\/\/museumek.eu\/wp-content\/uploads\/2020\/12\/K\u00f6nigszelt-Vase-5-144x150.jpg 144w, http:\/\/museumek.eu\/wp-content\/uploads\/2020\/12\/K\u00f6nigszelt-Vase-5.jpg 480w\" sizes=\"(max-width: 288px) 100vw, 288px\" \/><\/a><\/p>\n<p><a href=\"http:\/\/museumek.eu\/?attachment_id=51531\" rel=\"attachment wp-att-51531\"><img loading=\"lazy\" src=\"http:\/\/museumek.eu\/wp-content\/uploads\/2020\/12\/K\u00f6nigszelt-Vase-6-300x249.jpg\" alt=\"\" title=\"K\u00f6nigszelt Vase 6\" width=\"300\" height=\"249\" class=\"alignnone size-medium wp-image-51531\" srcset=\"http:\/\/museumek.eu\/wp-content\/uploads\/2020\/12\/K\u00f6nigszelt-Vase-6-300x249.jpg 300w, http:\/\/museumek.eu\/wp-content\/uploads\/2020\/12\/K\u00f6nigszelt-Vase-6-150x124.jpg 150w, http:\/\/museumek.eu\/wp-content\/uploads\/2020\/12\/K\u00f6nigszelt-Vase-6-361x300.jpg 361w, http:\/\/museumek.eu\/wp-content\/uploads\/2020\/12\/K\u00f6nigszelt-Vase-6.jpg 578w\" sizes=\"(max-width: 300px) 100vw, 300px\" \/><\/a><\/p>\n","protected":false},"excerpt":{"rendered":"<p>Abteilung Deutschland, Keramik 1860 \u2013 1960, Inventarnummer D\/CLXXIII\/1 Porzellanfabrik K\u00f6nigszelt AG, Vorg\u00e4nger Porzellanfabrik K\u00f6nigszelt AG, vormals August Rappsilber, vormals August Rappsilber Porzellanfabrik, vormals Porzellan-Manufactur August Rappsilber, vormals Porzellan &#038; Chamotte-Fabrik August Rappsilber, vormals Porzellan Manufactur und Chamott-Fabriken C. Heckmann &#038; &hellip; <a href=\"http:\/\/museumek.eu\/?page_id=51540\">Weiterlesen <span class=\"meta-nav\">&rarr;<\/span><\/a><\/p>\n","protected":false},"author":1,"featured_media":0,"parent":51516,"menu_order":1,"comment_status":"closed","ping_status":"open","template":"","meta":[],"_links":{"self":[{"href":"http:\/\/museumek.eu\/index.php?rest_route=\/wp\/v2\/pages\/51540"}],"collection":[{"href":"http:\/\/museumek.eu\/index.php?rest_route=\/wp\/v2\/pages"}],"about":[{"href":"http:\/\/museumek.eu\/index.php?rest_route=\/wp\/v2\/types\/page"}],"author":[{"embeddable":true,"href":"http:\/\/museumek.eu\/index.php?rest_route=\/wp\/v2\/users\/1"}],"replies":[{"embeddable":true,"href":"http:\/\/museumek.eu\/index.php?rest_route=%2Fwp%2Fv2%2Fcomments&post=51540"}],"version-history":[{"count":9,"href":"http:\/\/museumek.eu\/index.php?rest_route=\/wp\/v2\/pages\/51540\/revisions"}],"predecessor-version":[{"id":57447,"href":"http:\/\/museumek.eu\/index.php?rest_route=\/wp\/v2\/pages\/51540\/revisions\/57447"}],"up":[{"embeddable":true,"href":"http:\/\/museumek.eu\/index.php?rest_route=\/wp\/v2\/pages\/51516"}],"wp:attachment":[{"href":"http:\/\/museumek.eu\/index.php?rest_route=%2Fwp%2Fv2%2Fmedia&parent=51540"}],"curies":[{"name":"wp","href":"https:\/\/api.w.org\/{rel}","templated":true}]}}