{"id":51624,"date":"2021-01-03T13:31:13","date_gmt":"2021-01-03T12:31:13","guid":{"rendered":"http:\/\/museumek.eu\/?page_id=51624"},"modified":"2021-01-14T10:04:17","modified_gmt":"2021-01-14T09:04:17","slug":"dclxxiv1","status":"publish","type":"page","link":"http:\/\/museumek.eu\/?page_id=51624","title":{"rendered":"D\/CLXXIV\/1"},"content":{"rendered":"<p><strong>Abteilung Deutschland, Keramik 1860 \u2013 1960, Inventarnummer D\/CLXXIV\/1<\/strong><\/p>\n<p>W\u00fcrttembergische Majolikawerke Mezger &#038; Beck und Nachf. W\u00fcrttembergische Majolikawerke Mezger &#038; Rauschenbach, Deutschland, Gaildorf, 1920 &#8211; 1932, Kanne, K\u00fcnstler unbekannt, Werks.-Nr. ohne, Exemplar Nr. ohne, gemarkt Firmenmarke wohl Darstellung eines Schenkenbechers gepresst, nicht signiert, Literatur: Dieter Z\u00fchlsdorff, Markenlexikon Band 1, Porzellan und Keramik Report 1885 &#8211; 1935, Seite 377, Marke Werkteil-Nummer 1, Gruppen-Nummer 20. fortlaufende Nummer innerhalb der Gruppe 112 identische Marke (dort f\u00fcr die Zeit 1920 bis 1932) sowie Seite 505, kurze Beschreibung der Fabrik, 1920 gr\u00fcnden die Herren Mezger und Beck in Gaildorf eine Majolikafabrik, Firmierung W\u00fcrttembergische Majolikawerke Mezger &#038; Beck, 1926 scheidet Beck aus der Fabrik aus und Ernst Rauschenbach wird neuer Mitinhaber, Firmierung ab da W\u00fcrttembergische Majolikawerke Mezger &#038; Rauschenbach, die Firma erlischt wohl 1932, H\u00f6he 19 cm, Breite 12,3 cm<\/p>\n<p><a href=\"http:\/\/museumek.eu\/?attachment_id=51612\" rel=\"attachment wp-att-51612\"><img loading=\"lazy\" src=\"http:\/\/museumek.eu\/wp-content\/uploads\/2021\/01\/Mezger-Beck-Kanne-1-165x300.jpg\" alt=\"\" title=\"Mezger &amp; Beck Kanne 1\" width=\"165\" height=\"300\" class=\"alignnone size-medium wp-image-51612\" srcset=\"http:\/\/museumek.eu\/wp-content\/uploads\/2021\/01\/Mezger-Beck-Kanne-1-165x300.jpg 165w, http:\/\/museumek.eu\/wp-content\/uploads\/2021\/01\/Mezger-Beck-Kanne-1-82x150.jpg 82w, http:\/\/museumek.eu\/wp-content\/uploads\/2021\/01\/Mezger-Beck-Kanne-1.jpg 352w\" sizes=\"(max-width: 165px) 100vw, 165px\" \/><\/a><\/p>\n<p><a href=\"http:\/\/museumek.eu\/?attachment_id=51613\" rel=\"attachment wp-att-51613\"><img loading=\"lazy\" src=\"http:\/\/museumek.eu\/wp-content\/uploads\/2021\/01\/Mezger-Beck-Kanne-2-191x300.jpg\" alt=\"\" title=\"Mezger &amp; Beck Kanne 2\" width=\"191\" height=\"300\" class=\"alignnone size-medium wp-image-51613\" srcset=\"http:\/\/museumek.eu\/wp-content\/uploads\/2021\/01\/Mezger-Beck-Kanne-2-191x300.jpg 191w, http:\/\/museumek.eu\/wp-content\/uploads\/2021\/01\/Mezger-Beck-Kanne-2-95x150.jpg 95w, http:\/\/museumek.eu\/wp-content\/uploads\/2021\/01\/Mezger-Beck-Kanne-2.jpg 408w\" sizes=\"(max-width: 191px) 100vw, 191px\" \/><\/a><\/p>\n<p><a href=\"http:\/\/museumek.eu\/?attachment_id=51614\" rel=\"attachment wp-att-51614\"><img loading=\"lazy\" src=\"http:\/\/museumek.eu\/wp-content\/uploads\/2021\/01\/Mezger-Beck-Kanne-3-200x300.jpg\" alt=\"\" title=\"Mezger &amp; Beck Kanne 3\" width=\"200\" height=\"300\" class=\"alignnone size-medium wp-image-51614\" srcset=\"http:\/\/museumek.eu\/wp-content\/uploads\/2021\/01\/Mezger-Beck-Kanne-3-200x300.jpg 200w, http:\/\/museumek.eu\/wp-content\/uploads\/2021\/01\/Mezger-Beck-Kanne-3-100x150.jpg 100w, http:\/\/museumek.eu\/wp-content\/uploads\/2021\/01\/Mezger-Beck-Kanne-3.jpg 428w\" sizes=\"(max-width: 200px) 100vw, 200px\" \/><\/a><\/p>\n<p><a href=\"http:\/\/museumek.eu\/?attachment_id=51615\" rel=\"attachment wp-att-51615\"><img loading=\"lazy\" src=\"http:\/\/museumek.eu\/wp-content\/uploads\/2021\/01\/Mezger-Beck-Kanne-4-159x300.jpg\" alt=\"\" title=\"Mezger &amp; Beck Kanne 4\" width=\"159\" height=\"300\" class=\"alignnone size-medium wp-image-51615\" srcset=\"http:\/\/museumek.eu\/wp-content\/uploads\/2021\/01\/Mezger-Beck-Kanne-4-159x300.jpg 159w, http:\/\/museumek.eu\/wp-content\/uploads\/2021\/01\/Mezger-Beck-Kanne-4-79x150.jpg 79w, http:\/\/museumek.eu\/wp-content\/uploads\/2021\/01\/Mezger-Beck-Kanne-4.jpg 340w\" sizes=\"(max-width: 159px) 100vw, 159px\" \/><\/a><\/p>\n<p><a href=\"http:\/\/museumek.eu\/?attachment_id=51616\" rel=\"attachment wp-att-51616\"><img loading=\"lazy\" src=\"http:\/\/museumek.eu\/wp-content\/uploads\/2021\/01\/Mezger-Beck-Kanne-5-193x300.jpg\" alt=\"\" title=\"Mezger &amp; Beck Kanne 5\" width=\"193\" height=\"300\" class=\"alignnone size-medium wp-image-51616\" srcset=\"http:\/\/museumek.eu\/wp-content\/uploads\/2021\/01\/Mezger-Beck-Kanne-5-193x300.jpg 193w, http:\/\/museumek.eu\/wp-content\/uploads\/2021\/01\/Mezger-Beck-Kanne-5-96x150.jpg 96w, http:\/\/museumek.eu\/wp-content\/uploads\/2021\/01\/Mezger-Beck-Kanne-5.jpg 412w\" sizes=\"(max-width: 193px) 100vw, 193px\" \/><\/a><\/p>\n<p><a href=\"http:\/\/museumek.eu\/?attachment_id=51617\" rel=\"attachment wp-att-51617\"><img loading=\"lazy\" src=\"http:\/\/museumek.eu\/wp-content\/uploads\/2021\/01\/Mezger-Beck-Kanne-6-202x300.jpg\" alt=\"\" title=\"Mezger &amp; Beck Kanne 6\" width=\"202\" height=\"300\" class=\"alignnone size-medium wp-image-51617\" srcset=\"http:\/\/museumek.eu\/wp-content\/uploads\/2021\/01\/Mezger-Beck-Kanne-6-202x300.jpg 202w, http:\/\/museumek.eu\/wp-content\/uploads\/2021\/01\/Mezger-Beck-Kanne-6-101x150.jpg 101w, http:\/\/museumek.eu\/wp-content\/uploads\/2021\/01\/Mezger-Beck-Kanne-6.jpg 432w\" sizes=\"(max-width: 202px) 100vw, 202px\" \/><\/a> <\/p>\n","protected":false},"excerpt":{"rendered":"<p>Abteilung Deutschland, Keramik 1860 \u2013 1960, Inventarnummer D\/CLXXIV\/1 W\u00fcrttembergische Majolikawerke Mezger &#038; Beck und Nachf. W\u00fcrttembergische Majolikawerke Mezger &#038; Rauschenbach, Deutschland, Gaildorf, 1920 &#8211; 1932, Kanne, K\u00fcnstler unbekannt, Werks.-Nr. ohne, Exemplar Nr. ohne, gemarkt Firmenmarke wohl Darstellung eines Schenkenbechers gepresst, &hellip; <a href=\"http:\/\/museumek.eu\/?page_id=51624\">Weiterlesen <span class=\"meta-nav\">&rarr;<\/span><\/a><\/p>\n","protected":false},"author":1,"featured_media":0,"parent":51622,"menu_order":1,"comment_status":"closed","ping_status":"open","template":"","meta":[],"_links":{"self":[{"href":"http:\/\/museumek.eu\/index.php?rest_route=\/wp\/v2\/pages\/51624"}],"collection":[{"href":"http:\/\/museumek.eu\/index.php?rest_route=\/wp\/v2\/pages"}],"about":[{"href":"http:\/\/museumek.eu\/index.php?rest_route=\/wp\/v2\/types\/page"}],"author":[{"embeddable":true,"href":"http:\/\/museumek.eu\/index.php?rest_route=\/wp\/v2\/users\/1"}],"replies":[{"embeddable":true,"href":"http:\/\/museumek.eu\/index.php?rest_route=%2Fwp%2Fv2%2Fcomments&post=51624"}],"version-history":[{"count":6,"href":"http:\/\/museumek.eu\/index.php?rest_route=\/wp\/v2\/pages\/51624\/revisions"}],"predecessor-version":[{"id":52128,"href":"http:\/\/museumek.eu\/index.php?rest_route=\/wp\/v2\/pages\/51624\/revisions\/52128"}],"up":[{"embeddable":true,"href":"http:\/\/museumek.eu\/index.php?rest_route=\/wp\/v2\/pages\/51622"}],"wp:attachment":[{"href":"http:\/\/museumek.eu\/index.php?rest_route=%2Fwp%2Fv2%2Fmedia&parent=51624"}],"curies":[{"name":"wp","href":"https:\/\/api.w.org\/{rel}","templated":true}]}}