{"id":51677,"date":"2021-01-03T15:25:19","date_gmt":"2021-01-03T14:25:19","guid":{"rendered":"http:\/\/museumek.eu\/?page_id=51677"},"modified":"2021-07-13T22:00:29","modified_gmt":"2021-07-13T20:00:29","slug":"alvi2","status":"publish","type":"page","link":"http:\/\/museumek.eu\/?page_id=51677","title":{"rendered":"A\/LVI\/2"},"content":{"rendered":"<p><strong>Abteilung Austria, Keramik 1860 \u2013 1960, Inventarnummer A\/LVI\/2<\/strong><\/p>\n<p>K.k. priv. Carlsbader Porzellan- und Keramische Specialit\u00e4ten-Fabrik Carl Knoll, Austria, Fischern (Ryb\u00e1\u0159e) bei Carlsbad (Karlovy Vary), um 1900, Vase, K\u00fcnstler unbekannt, Werks.-Nr. ohne, Exemplar Nr. ohne, gemarkt Firmenmarke mit Krone darunter in einem Kreis Carlsbad lila Stempel auf Glasur, Made in Austria dunkelroter Stempel auf Glasur sowie 63. in Gold auf Glasur gemalt, nicht signiert, Literatur: Dieter Z\u00fchlsdorff, Markenlexikon Band 1, Porzellan und Keramik Report 1885 &#8211; 1935, Seite 282, Werk- Teil 1., Gruppennummer des Werkteils 4., laufende Nummer innerhalb der Gruppe 920 identische Marke (dort f\u00fcr die Zeit um 1900, dort lediglich MADE IN AUSTRIA ist bei Z\u00fchlsdorff halbkreisf\u00f6rmig unter dem Kreis und in gro\u00dfen Buchstaben, beim MEK Exemplar als separater Stempel mit kleinen Buchstaben) sowie Seite 500, Werk-Teil 3. laufende Nummer des Werkteils 357, dort kurze Beschreibung der Fabrik, weitere Literatur: Ludwig Danckert, Handbuch des Europ\u00e4ischen Porzellans, 7. Auflage, Seiten 174\/175, kurze Beschreibung der Fabrik sowie Seite 175, Marke Nr. 5 identisch (dort beschrieben als Blindstempel oder Farbstempel f\u00fcr die Zeit Anfang 20. Jh.), 1842 gr\u00fcndete der Carlsbader Gesch\u00e4ftsmann Carl Knoll ein Kaolinschlemmwerk in Carlsbad, um damit Carlsbader Porzellanfabriken zu beliefern, die Fabrik entwickelte sich gut und so beschloss Knoll 1846 auch noch eine kleine Porzellanfabrik mit 2 Brenn\u00f6fen auf seinem Fabrikgel\u00e4nde zu bauen, am 17.08.1948 erhielt er das Privileg zur Porzellanproduktion, die Porzellanfabrik entwickelte sich auch gut und Knoll baute weitere 4 Rund\u00f6fen, 1868 verstarb Carl Knoll und seine S\u00f6hne Adolf Knoll, Carl Knoll jun. und Ludwig Knoll f\u00fchrten die Fabrik fort, die Hauptniederlage war in Wien, in Marienbach befand sich eine Sommersaison Niederlage, ab 1903 f\u00fchrte Carl Knoll jun. die Fabrik allein, wahrscheinlich waren seine Br\u00fcder gestorben, Carl Knoll jun. suchte sich drei weitere Partner, Anton Weber und die Br\u00fcder Wilhelm und Alfred Lorenz, um 1925 waren Ernst Mayer und Heinrich Enders Eigent\u00fcmer der Fabrik, am 01.01.1946 wurde die Fabrik verstaatlicht und 1949 wurde der Betrieb der Fabrik eingestellt, Hand gemalt, Zweige und Bl\u00fcten mit dick aufgetragenem Gold, H\u00f6he 8,3 cm, Breite 9,3 cm<\/p>\n<p><a href=\"http:\/\/museumek.eu\/?attachment_id=51659\" rel=\"attachment wp-att-51659\"><img loading=\"lazy\" src=\"http:\/\/museumek.eu\/wp-content\/uploads\/2020\/06\/Knoll-Vase-mit-Blumen-1-300x294.jpg\" alt=\"\" title=\"Knoll Vase mit Blumen 1\" width=\"300\" height=\"294\" class=\"alignnone size-medium wp-image-51659\" srcset=\"http:\/\/museumek.eu\/wp-content\/uploads\/2020\/06\/Knoll-Vase-mit-Blumen-1-300x294.jpg 300w, http:\/\/museumek.eu\/wp-content\/uploads\/2020\/06\/Knoll-Vase-mit-Blumen-1-150x147.jpg 150w, http:\/\/museumek.eu\/wp-content\/uploads\/2020\/06\/Knoll-Vase-mit-Blumen-1-305x300.jpg 305w, http:\/\/museumek.eu\/wp-content\/uploads\/2020\/06\/Knoll-Vase-mit-Blumen-1.jpg 489w\" sizes=\"(max-width: 300px) 100vw, 300px\" \/><\/a><\/p>\n<p><a href=\"http:\/\/museumek.eu\/?attachment_id=51660\" rel=\"attachment wp-att-51660\"><img loading=\"lazy\" src=\"http:\/\/museumek.eu\/wp-content\/uploads\/2020\/06\/Knoll-Vase-mit-Blumen-2-293x300.jpg\" alt=\"\" title=\"Knoll Vase mit Blumen 2\" width=\"293\" height=\"300\" class=\"alignnone size-medium wp-image-51660\" srcset=\"http:\/\/museumek.eu\/wp-content\/uploads\/2020\/06\/Knoll-Vase-mit-Blumen-2-293x300.jpg 293w, http:\/\/museumek.eu\/wp-content\/uploads\/2020\/06\/Knoll-Vase-mit-Blumen-2-146x150.jpg 146w, http:\/\/museumek.eu\/wp-content\/uploads\/2020\/06\/Knoll-Vase-mit-Blumen-2.jpg 480w\" sizes=\"(max-width: 293px) 100vw, 293px\" \/><\/a><\/p>\n<p><a href=\"http:\/\/museumek.eu\/?attachment_id=51661\" rel=\"attachment wp-att-51661\"><img loading=\"lazy\" src=\"http:\/\/museumek.eu\/wp-content\/uploads\/2020\/06\/Knoll-Vase-mit-Blumen-3-300x269.jpg\" alt=\"\" title=\"Knoll Vase mit Blumen 3\" width=\"300\" height=\"269\" class=\"alignnone size-medium wp-image-51661\" srcset=\"http:\/\/museumek.eu\/wp-content\/uploads\/2020\/06\/Knoll-Vase-mit-Blumen-3-300x269.jpg 300w, http:\/\/museumek.eu\/wp-content\/uploads\/2020\/06\/Knoll-Vase-mit-Blumen-3-150x134.jpg 150w, http:\/\/museumek.eu\/wp-content\/uploads\/2020\/06\/Knoll-Vase-mit-Blumen-3-333x300.jpg 333w, http:\/\/museumek.eu\/wp-content\/uploads\/2020\/06\/Knoll-Vase-mit-Blumen-3.jpg 534w\" sizes=\"(max-width: 300px) 100vw, 300px\" \/><\/a><\/p>\n<p><a href=\"http:\/\/museumek.eu\/?attachment_id=51662\" rel=\"attachment wp-att-51662\"><img loading=\"lazy\" src=\"http:\/\/museumek.eu\/wp-content\/uploads\/2020\/06\/Knoll-Vase-mit-Blumen-4-280x300.jpg\" alt=\"\" title=\"Knoll Vase mit Blumen 4\" width=\"280\" height=\"300\" class=\"alignnone size-medium wp-image-51662\" srcset=\"http:\/\/museumek.eu\/wp-content\/uploads\/2020\/06\/Knoll-Vase-mit-Blumen-4-280x300.jpg 280w, http:\/\/museumek.eu\/wp-content\/uploads\/2020\/06\/Knoll-Vase-mit-Blumen-4-140x150.jpg 140w, http:\/\/museumek.eu\/wp-content\/uploads\/2020\/06\/Knoll-Vase-mit-Blumen-4.jpg 480w\" sizes=\"(max-width: 280px) 100vw, 280px\" \/><\/a><\/p>\n<p><a href=\"http:\/\/museumek.eu\/?attachment_id=51663\" rel=\"attachment wp-att-51663\"><img loading=\"lazy\" src=\"http:\/\/museumek.eu\/wp-content\/uploads\/2020\/06\/Knoll-Vase-mit-Blumen-5-273x300.jpg\" alt=\"\" title=\"Knoll Vase mit Blumen 5\" width=\"273\" height=\"300\" class=\"alignnone size-medium wp-image-51663\" srcset=\"http:\/\/museumek.eu\/wp-content\/uploads\/2020\/06\/Knoll-Vase-mit-Blumen-5-273x300.jpg 273w, http:\/\/museumek.eu\/wp-content\/uploads\/2020\/06\/Knoll-Vase-mit-Blumen-5-136x150.jpg 136w, http:\/\/museumek.eu\/wp-content\/uploads\/2020\/06\/Knoll-Vase-mit-Blumen-5.jpg 480w\" sizes=\"(max-width: 273px) 100vw, 273px\" \/><\/a><\/p>\n<p><a href=\"http:\/\/museumek.eu\/?attachment_id=51666\" rel=\"attachment wp-att-51666\"><img loading=\"lazy\" src=\"http:\/\/museumek.eu\/wp-content\/uploads\/2020\/06\/Knoll-Vase-mit-Blumen-6-273x300.jpg\" alt=\"\" title=\"Knoll Vase mit Blumen 6\" width=\"273\" height=\"300\" class=\"alignnone size-medium wp-image-51666\" srcset=\"http:\/\/museumek.eu\/wp-content\/uploads\/2020\/06\/Knoll-Vase-mit-Blumen-6-273x300.jpg 273w, http:\/\/museumek.eu\/wp-content\/uploads\/2020\/06\/Knoll-Vase-mit-Blumen-6-136x150.jpg 136w, http:\/\/museumek.eu\/wp-content\/uploads\/2020\/06\/Knoll-Vase-mit-Blumen-6.jpg 480w\" sizes=\"(max-width: 273px) 100vw, 273px\" \/><\/a><\/p>\n<p><a href=\"http:\/\/museumek.eu\/?attachment_id=51674\" rel=\"attachment wp-att-51674\"><img loading=\"lazy\" src=\"http:\/\/museumek.eu\/wp-content\/uploads\/2020\/06\/Knoll-Vase-mit-Blumen-10-300x224.jpg\" alt=\"\" title=\"Knoll Vase mit Blumen 10\" width=\"300\" height=\"224\" class=\"alignnone size-medium wp-image-51674\" srcset=\"http:\/\/museumek.eu\/wp-content\/uploads\/2020\/06\/Knoll-Vase-mit-Blumen-10-300x224.jpg 300w, http:\/\/museumek.eu\/wp-content\/uploads\/2020\/06\/Knoll-Vase-mit-Blumen-10-150x112.jpg 150w, http:\/\/museumek.eu\/wp-content\/uploads\/2020\/06\/Knoll-Vase-mit-Blumen-10-401x300.jpg 401w, http:\/\/museumek.eu\/wp-content\/uploads\/2020\/06\/Knoll-Vase-mit-Blumen-10.jpg 640w\" sizes=\"(max-width: 300px) 100vw, 300px\" \/><\/a><\/p>\n<p><a href=\"http:\/\/museumek.eu\/?attachment_id=51667\" rel=\"attachment wp-att-51667\"><img loading=\"lazy\" src=\"http:\/\/museumek.eu\/wp-content\/uploads\/2020\/06\/Knoll-Vase-mit-Blumen-7-208x300.jpg\" alt=\"\" title=\"Knoll Vase mit Blumen 7\" width=\"208\" height=\"300\" class=\"alignnone size-medium wp-image-51667\" srcset=\"http:\/\/museumek.eu\/wp-content\/uploads\/2020\/06\/Knoll-Vase-mit-Blumen-7-208x300.jpg 208w, http:\/\/museumek.eu\/wp-content\/uploads\/2020\/06\/Knoll-Vase-mit-Blumen-7-104x150.jpg 104w, http:\/\/museumek.eu\/wp-content\/uploads\/2020\/06\/Knoll-Vase-mit-Blumen-7.jpg 445w\" sizes=\"(max-width: 208px) 100vw, 208px\" \/><\/a><\/p>\n<p><a href=\"http:\/\/museumek.eu\/?attachment_id=51668\" rel=\"attachment wp-att-51668\"><img loading=\"lazy\" src=\"http:\/\/museumek.eu\/wp-content\/uploads\/2020\/06\/Knoll-Vase-mit-Blumen-8-206x300.jpg\" alt=\"\" title=\"Knoll Vase mit Blumen 8\" width=\"206\" height=\"300\" class=\"alignnone size-medium wp-image-51668\" srcset=\"http:\/\/museumek.eu\/wp-content\/uploads\/2020\/06\/Knoll-Vase-mit-Blumen-8-206x300.jpg 206w, http:\/\/museumek.eu\/wp-content\/uploads\/2020\/06\/Knoll-Vase-mit-Blumen-8-103x150.jpg 103w, http:\/\/museumek.eu\/wp-content\/uploads\/2020\/06\/Knoll-Vase-mit-Blumen-8.jpg 441w\" sizes=\"(max-width: 206px) 100vw, 206px\" \/><\/a><\/p>\n<p><a href=\"http:\/\/museumek.eu\/?attachment_id=51669\" rel=\"attachment wp-att-51669\"><img loading=\"lazy\" src=\"http:\/\/museumek.eu\/wp-content\/uploads\/2020\/06\/Knoll-Vase-mit-Blumen-9-300x200.jpg\" alt=\"\" title=\"Knoll Vase mit Blumen 9\" width=\"300\" height=\"200\" class=\"alignnone size-medium wp-image-51669\" srcset=\"http:\/\/museumek.eu\/wp-content\/uploads\/2020\/06\/Knoll-Vase-mit-Blumen-9-300x200.jpg 300w, http:\/\/museumek.eu\/wp-content\/uploads\/2020\/06\/Knoll-Vase-mit-Blumen-9-150x100.jpg 150w, http:\/\/museumek.eu\/wp-content\/uploads\/2020\/06\/Knoll-Vase-mit-Blumen-9-449x300.jpg 449w, http:\/\/museumek.eu\/wp-content\/uploads\/2020\/06\/Knoll-Vase-mit-Blumen-9.jpg 640w\" sizes=\"(max-width: 300px) 100vw, 300px\" \/><\/a><\/p>\n","protected":false},"excerpt":{"rendered":"<p>Abteilung Austria, Keramik 1860 \u2013 1960, Inventarnummer A\/LVI\/2 K.k. priv. Carlsbader Porzellan- und Keramische Specialit\u00e4ten-Fabrik Carl Knoll, Austria, Fischern (Ryb\u00e1\u0159e) bei Carlsbad (Karlovy Vary), um 1900, Vase, K\u00fcnstler unbekannt, Werks.-Nr. ohne, Exemplar Nr. ohne, gemarkt Firmenmarke mit Krone darunter in &hellip; <a href=\"http:\/\/museumek.eu\/?page_id=51677\">Weiterlesen <span class=\"meta-nav\">&rarr;<\/span><\/a><\/p>\n","protected":false},"author":1,"featured_media":0,"parent":47524,"menu_order":2,"comment_status":"closed","ping_status":"open","template":"","meta":[],"_links":{"self":[{"href":"http:\/\/museumek.eu\/index.php?rest_route=\/wp\/v2\/pages\/51677"}],"collection":[{"href":"http:\/\/museumek.eu\/index.php?rest_route=\/wp\/v2\/pages"}],"about":[{"href":"http:\/\/museumek.eu\/index.php?rest_route=\/wp\/v2\/types\/page"}],"author":[{"embeddable":true,"href":"http:\/\/museumek.eu\/index.php?rest_route=\/wp\/v2\/users\/1"}],"replies":[{"embeddable":true,"href":"http:\/\/museumek.eu\/index.php?rest_route=%2Fwp%2Fv2%2Fcomments&post=51677"}],"version-history":[{"count":8,"href":"http:\/\/museumek.eu\/index.php?rest_route=\/wp\/v2\/pages\/51677\/revisions"}],"predecessor-version":[{"id":58366,"href":"http:\/\/museumek.eu\/index.php?rest_route=\/wp\/v2\/pages\/51677\/revisions\/58366"}],"up":[{"embeddable":true,"href":"http:\/\/museumek.eu\/index.php?rest_route=\/wp\/v2\/pages\/47524"}],"wp:attachment":[{"href":"http:\/\/museumek.eu\/index.php?rest_route=%2Fwp%2Fv2%2Fmedia&parent=51677"}],"curies":[{"name":"wp","href":"https:\/\/api.w.org\/{rel}","templated":true}]}}