{"id":51721,"date":"2021-01-04T18:45:11","date_gmt":"2021-01-04T17:45:11","guid":{"rendered":"http:\/\/museumek.eu\/?page_id=51721"},"modified":"2021-01-04T20:38:24","modified_gmt":"2021-01-04T19:38:24","slug":"holl-keramik-behringersdorf-dann-holl-keramik-nurnberg-dann-kunsthandwerkliche-keramik-arnulf-holl","status":"publish","type":"page","link":"http:\/\/museumek.eu\/?page_id=51721","title":{"rendered":"Holl Keramik, Behringersdorf, dann Holl Keramik N\u00fcrnberg, dann Werkst\u00e4tte f\u00fcr Kunsthandwerkliche Keramik Arnulf Holl"},"content":{"rendered":"","protected":false},"excerpt":{"rendered":"","protected":false},"author":1,"featured_media":0,"parent":44,"menu_order":175,"comment_status":"closed","ping_status":"open","template":"","meta":[],"_links":{"self":[{"href":"http:\/\/museumek.eu\/index.php?rest_route=\/wp\/v2\/pages\/51721"}],"collection":[{"href":"http:\/\/museumek.eu\/index.php?rest_route=\/wp\/v2\/pages"}],"about":[{"href":"http:\/\/museumek.eu\/index.php?rest_route=\/wp\/v2\/types\/page"}],"author":[{"embeddable":true,"href":"http:\/\/museumek.eu\/index.php?rest_route=\/wp\/v2\/users\/1"}],"replies":[{"embeddable":true,"href":"http:\/\/museumek.eu\/index.php?rest_route=%2Fwp%2Fv2%2Fcomments&post=51721"}],"version-history":[{"count":2,"href":"http:\/\/museumek.eu\/index.php?rest_route=\/wp\/v2\/pages\/51721\/revisions"}],"predecessor-version":[{"id":51761,"href":"http:\/\/museumek.eu\/index.php?rest_route=\/wp\/v2\/pages\/51721\/revisions\/51761"}],"up":[{"embeddable":true,"href":"http:\/\/museumek.eu\/index.php?rest_route=\/wp\/v2\/pages\/44"}],"wp:attachment":[{"href":"http:\/\/museumek.eu\/index.php?rest_route=%2Fwp%2Fv2%2Fmedia&parent=51721"}],"curies":[{"name":"wp","href":"https:\/\/api.w.org\/{rel}","templated":true}]}}