{"id":51725,"date":"2021-01-04T18:48:17","date_gmt":"2021-01-04T17:48:17","guid":{"rendered":"http:\/\/museumek.eu\/?page_id=51725"},"modified":"2021-05-22T12:40:25","modified_gmt":"2021-05-22T10:40:25","slug":"holl-keramik-behringersdorf-dann-holl-keramik-nurnberg-dann-kunsthandwerkliche-keramik-arnulf-holl-inv-nr-dclxxv1","status":"publish","type":"page","link":"http:\/\/museumek.eu\/?page_id=51725","title":{"rendered":"Holl Keramik Behringersdorf, dann Holl Keramik N\u00fcrnberg, dann Werkst\u00e4tte f\u00fcr Kunsthandwerkliche Keramik Arnulf Holl &#8211; Inv.Nr. D\/CLXXV\/1"},"content":{"rendered":"","protected":false},"excerpt":{"rendered":"","protected":false},"author":1,"featured_media":0,"parent":2715,"menu_order":166,"comment_status":"closed","ping_status":"open","template":"","meta":[],"_links":{"self":[{"href":"http:\/\/museumek.eu\/index.php?rest_route=\/wp\/v2\/pages\/51725"}],"collection":[{"href":"http:\/\/museumek.eu\/index.php?rest_route=\/wp\/v2\/pages"}],"about":[{"href":"http:\/\/museumek.eu\/index.php?rest_route=\/wp\/v2\/types\/page"}],"author":[{"embeddable":true,"href":"http:\/\/museumek.eu\/index.php?rest_route=\/wp\/v2\/users\/1"}],"replies":[{"embeddable":true,"href":"http:\/\/museumek.eu\/index.php?rest_route=%2Fwp%2Fv2%2Fcomments&post=51725"}],"version-history":[{"count":4,"href":"http:\/\/museumek.eu\/index.php?rest_route=\/wp\/v2\/pages\/51725\/revisions"}],"predecessor-version":[{"id":57020,"href":"http:\/\/museumek.eu\/index.php?rest_route=\/wp\/v2\/pages\/51725\/revisions\/57020"}],"up":[{"embeddable":true,"href":"http:\/\/museumek.eu\/index.php?rest_route=\/wp\/v2\/pages\/2715"}],"wp:attachment":[{"href":"http:\/\/museumek.eu\/index.php?rest_route=%2Fwp%2Fv2%2Fmedia&parent=51725"}],"curies":[{"name":"wp","href":"https:\/\/api.w.org\/{rel}","templated":true}]}}