{"id":5186,"date":"2011-09-27T20:59:12","date_gmt":"2011-09-27T18:59:12","guid":{"rendered":"http:\/\/museumek.eu\/?page_id=5186"},"modified":"2012-08-11T12:41:58","modified_gmt":"2012-08-11T10:41:58","slug":"axxviii1","status":"publish","type":"page","link":"http:\/\/museumek.eu\/?page_id=5186","title":{"rendered":"A\/XXVIII\/1"},"content":{"rendered":"<p><strong>Abteilung Austria\/Ungarn\/B\u00f6hmen, Keramik 1860 \u2013 1960, Inventarnummer A\/XXVIII\/1<\/strong><\/p>\n<p>Manufaktur Ign\u00e1c Fischer, Ungarn, Budapest, um 1880, Vase, K\u00fcnstler unbekannt, Werks.-Nr. 620, Exemplar Nr. ohne, gemarkt Fischer J. Budapest sowie Patent blaue Farbstempel, 620 gepresst, nicht signiert, Gold geh\u00f6ht, die Manufaktur Ign\u00e1c Fischer wurde 1887 von der Manufaktur Vilmos Zsolnay aufgekauft, H\u00f6he 25,5 cm, Breite 12,5 cm<\/p>\n<p><a href=\"http:\/\/museumek.eu\/wp-content\/uploads\/2011\/09\/Museum-Europ\u00e4ischer-Keramikkunst-1065.jpg\"><img loading=\"lazy\" src=\"http:\/\/museumek.eu\/wp-content\/uploads\/2011\/09\/Museum-Europ\u00e4ischer-Keramikkunst-1065-141x300.jpg\" alt=\"\" title=\"Museum Europ\u00e4ischer Keramikkunst 1065\" width=\"141\" height=\"300\" class=\"alignnone size-medium wp-image-5187\" srcset=\"http:\/\/museumek.eu\/wp-content\/uploads\/2011\/09\/Museum-Europ\u00e4ischer-Keramikkunst-1065-141x300.jpg 141w, http:\/\/museumek.eu\/wp-content\/uploads\/2011\/09\/Museum-Europ\u00e4ischer-Keramikkunst-1065.jpg 409w\" sizes=\"(max-width: 141px) 100vw, 141px\" \/><\/a><\/p>\n<p><a href=\"http:\/\/museumek.eu\/wp-content\/uploads\/2011\/09\/Museum-Europ\u00e4ischer-Keramikkunst-1066.jpg\"><img loading=\"lazy\" src=\"http:\/\/museumek.eu\/wp-content\/uploads\/2011\/09\/Museum-Europ\u00e4ischer-Keramikkunst-1066-264x300.jpg\" alt=\"\" title=\"Museum Europ\u00e4ischer Keramikkunst 1066\" width=\"264\" height=\"300\" class=\"alignnone size-medium wp-image-5188\" srcset=\"http:\/\/museumek.eu\/wp-content\/uploads\/2011\/09\/Museum-Europ\u00e4ischer-Keramikkunst-1066-264x300.jpg 264w, http:\/\/museumek.eu\/wp-content\/uploads\/2011\/09\/Museum-Europ\u00e4ischer-Keramikkunst-1066.jpg 561w\" sizes=\"(max-width: 264px) 100vw, 264px\" \/><\/a><\/p>\n<p><a href=\"http:\/\/museumek.eu\/wp-content\/uploads\/2011\/09\/Museum-Europ\u00e4ischer-Keramikkunst-1067.jpg\"><img loading=\"lazy\" src=\"http:\/\/museumek.eu\/wp-content\/uploads\/2011\/09\/Museum-Europ\u00e4ischer-Keramikkunst-1067-261x300.jpg\" alt=\"\" title=\"Museum Europ\u00e4ischer Keramikkunst 1067\" width=\"261\" height=\"300\" class=\"alignnone size-medium wp-image-5189\" srcset=\"http:\/\/museumek.eu\/wp-content\/uploads\/2011\/09\/Museum-Europ\u00e4ischer-Keramikkunst-1067-261x300.jpg 261w, http:\/\/museumek.eu\/wp-content\/uploads\/2011\/09\/Museum-Europ\u00e4ischer-Keramikkunst-1067.jpg 579w\" sizes=\"(max-width: 261px) 100vw, 261px\" \/><\/a><\/p>\n<p><a href=\"http:\/\/museumek.eu\/wp-content\/uploads\/2011\/09\/Museum-Europ\u00e4ischer-Keramikkunst-1068.jpg\"><img loading=\"lazy\" src=\"http:\/\/museumek.eu\/wp-content\/uploads\/2011\/09\/Museum-Europ\u00e4ischer-Keramikkunst-1068-300x241.jpg\" alt=\"\" title=\"Museum Europ\u00e4ischer Keramikkunst 1068\" width=\"300\" height=\"241\" class=\"alignnone size-medium wp-image-5190\" srcset=\"http:\/\/museumek.eu\/wp-content\/uploads\/2011\/09\/Museum-Europ\u00e4ischer-Keramikkunst-1068-300x241.jpg 300w, http:\/\/museumek.eu\/wp-content\/uploads\/2011\/09\/Museum-Europ\u00e4ischer-Keramikkunst-1068.jpg 301w\" sizes=\"(max-width: 300px) 100vw, 300px\" \/><\/a><\/p>\n<p><a href=\"http:\/\/museumek.eu\/wp-content\/uploads\/2011\/09\/Marke-J.-fischer.jpg\"><img loading=\"lazy\" src=\"http:\/\/museumek.eu\/wp-content\/uploads\/2011\/09\/Marke-J.-fischer-300x223.jpg\" alt=\"\" title=\"Marke J. fischer\" width=\"300\" height=\"223\" class=\"alignnone size-medium wp-image-5425\" srcset=\"http:\/\/museumek.eu\/wp-content\/uploads\/2011\/09\/Marke-J.-fischer-300x223.jpg 300w, http:\/\/museumek.eu\/wp-content\/uploads\/2011\/09\/Marke-J.-fischer-402x300.jpg 402w, http:\/\/museumek.eu\/wp-content\/uploads\/2011\/09\/Marke-J.-fischer.jpg 931w\" sizes=\"(max-width: 300px) 100vw, 300px\" \/><\/a><\/p>\n","protected":false},"excerpt":{"rendered":"<p>Abteilung Austria\/Ungarn\/B\u00f6hmen, Keramik 1860 \u2013 1960, Inventarnummer A\/XXVIII\/1 Manufaktur Ign\u00e1c Fischer, Ungarn, Budapest, um 1880, Vase, K\u00fcnstler unbekannt, Werks.-Nr. 620, Exemplar Nr. ohne, gemarkt Fischer J. Budapest sowie Patent blaue Farbstempel, 620 gepresst, nicht signiert, Gold geh\u00f6ht, die Manufaktur Ign\u00e1c &hellip; <a href=\"http:\/\/museumek.eu\/?page_id=5186\">Weiterlesen <span class=\"meta-nav\">&rarr;<\/span><\/a><\/p>\n","protected":false},"author":1,"featured_media":0,"parent":5183,"menu_order":1,"comment_status":"closed","ping_status":"closed","template":"","meta":[],"_links":{"self":[{"href":"http:\/\/museumek.eu\/index.php?rest_route=\/wp\/v2\/pages\/5186"}],"collection":[{"href":"http:\/\/museumek.eu\/index.php?rest_route=\/wp\/v2\/pages"}],"about":[{"href":"http:\/\/museumek.eu\/index.php?rest_route=\/wp\/v2\/types\/page"}],"author":[{"embeddable":true,"href":"http:\/\/museumek.eu\/index.php?rest_route=\/wp\/v2\/users\/1"}],"replies":[{"embeddable":true,"href":"http:\/\/museumek.eu\/index.php?rest_route=%2Fwp%2Fv2%2Fcomments&post=5186"}],"version-history":[{"count":6,"href":"http:\/\/museumek.eu\/index.php?rest_route=\/wp\/v2\/pages\/5186\/revisions"}],"predecessor-version":[{"id":12358,"href":"http:\/\/museumek.eu\/index.php?rest_route=\/wp\/v2\/pages\/5186\/revisions\/12358"}],"up":[{"embeddable":true,"href":"http:\/\/museumek.eu\/index.php?rest_route=\/wp\/v2\/pages\/5183"}],"wp:attachment":[{"href":"http:\/\/museumek.eu\/index.php?rest_route=%2Fwp%2Fv2%2Fmedia&parent=5186"}],"curies":[{"name":"wp","href":"https:\/\/api.w.org\/{rel}","templated":true}]}}