{"id":52012,"date":"2021-01-09T20:09:45","date_gmt":"2021-01-09T19:09:45","guid":{"rendered":"http:\/\/museumek.eu\/?page_id=52012"},"modified":"2021-07-07T19:34:08","modified_gmt":"2021-07-07T17:34:08","slug":"nvii1","status":"publish","type":"page","link":"http:\/\/museumek.eu\/?page_id=52012","title":{"rendered":"N\/VII\/1"},"content":{"rendered":"<p><strong>Abteilung Deutschland, Keramik 1860 \u2013 1960, Inventarnummer N\/VII\/1<\/strong><\/p>\n<p>Brouwer&#8217;s Aardewerk Vredelust dann N.V. Fabriek van Brouwers Aardewerk, Niederlande, Leiderdorp dann Leiden, 1904, gro\u00dfe Vase mit drei Henkeln, K\u00fcnstler Willem Coenraad Brouwer, Werks.-Nr. ohne, Exemplar Nr. ohne, gemarkt Firmenmarke in einem weit offenem Buchstaben L (f\u00fcr Leiderdorp und Leiden, Hinweis MEK: es gibt diese Marke auch in einem offenem G, das G steht f\u00fcr Gouda\/Goedewaagen, wo Brouwer von 1898 bis 1900 t\u00e4tig war) ineinander ligiert ein gespiegeltes B (f\u00fcr Brouwer, als Nachname des Ehemannes), M und W (M f\u00fcr den ersten Buchstaben des Vornamens Margaretha von Brouwers Ehefrau, geborene Breedt-Bruyn, W f\u00fcr Willem), in den Buchstaben M und W der Buchstabe C (f\u00fcr Coenraad), dann B (wieder f\u00fcr Brouwer, als Nachname der Ehefrau) gepresst, J 4 (wohl f\u00fcr Jahr 1904) geritzt sowie 4 gepresst, gemarkt = signiert, Literatur: Dieter Z\u00fchlsdorff, Markenlexikon Band 1, Porzellan und Keramik Report 1885 &#8211; 1935, Seite 357, Marke Werk-Teil 1., Gruppennummer des Werkteils 18., fortlaufende Nummer innerhalb der Gruppe 45 identische Marke (dort f\u00fcr die Zeit von 1901 bis 1908 eingeordnet) sowie Seite 398, Werk-Teil 2., fortlaufende Nummer des Werkteils 59, dort kurze Beschreibung der Werkstatt, weitere Literatur: Edgar Pelichet, Jugendstil Keramik, Seite 152, dort Erw\u00e4hnung der Werkstatt von Brouwer sowie Seite 178, dort die Firmenmarke zeichnerisch dargestellt, allerdings falsch im Sinne von unvollst\u00e4ndig, weitere Literatur: Objekte des Jugendstils aus der Sammlung des Kunstgewerbemuseums Z\u00fcrich im Museum Bellerive, Seite 31, Abbildungen von Brouwer Keramiken aus der Art Deco Zeit vor\/um 1930 sowie Abbildung der Firmenmarke, welche ab 1933, nach Brouwers Tod, g\u00fcltig war sowie Seite 290, dort kurze, unvollst\u00e4ndige und teilweise falsche Biografie von Brouwer, weitere Literatur: Heinrich Pudor, Dokumente zum Jugendstil, Modernes Kunstgewerbe 1902 &#8211; 1908, Abbildungen Nr. 121, 122, 124, 126 sowie 131 mit Keramiken von Brouwer sowie Seite 227, dort kurze Beschreibung der Werkstatt, der k\u00fcnstlerisch ausgebildete Brouwer, war zuerst in der Fabrik Pijpen- und Aardewerkfabriek Goedewaagen in Gouda t\u00e4tig (Zeit 1898 bis 1900), wo er bereits eigene signierte Keramiken schuf (siehe Firmenmarken Beschreibung oben), wie das finanziell geregelt war und ob Brouwer auf eigene Rechnung und mit eigener Firmierung t\u00e4tig war, konnte nicht recherchiert werden, Pudor, als Zeitzeuge schreibt, dass Brouwer innerhalb der Fabrik Goedewaagen eine eigene Werkstatt er\u00f6ffnete, insofern auch eine eigene Firmenmarke aus dieser Zeit existiert, ist wohl davon auszugehen, dass die Pudorsch&#8217;e Beschreibung richtig ist), 1901 erwarb Brouwer mit einem Kredit das Landhaus &#8222;Vredelust&#8220; in Leiderdorp und richtete es als keramische Werkstatt ein, Firmierung ab da Brouwer&#8217;s Aardewerk Vredelust und ge\u00e4nderte Firmenmarke (G wird durch L ersetzt, ab 1917 kommt das Wort Holland zur Firmenmarke hinzu), bereits 1903 verlegte er die Werkstatt nach Leiden (ob das so richtig ist, ist nicht zu \u00fcberpr\u00fcfen, in der Literatur und im Internet werden dazu verschiedene Angaben gemacht, einzig Pudor und Z\u00fchlsdorff schreiben das so, wobei davon auszugehen ist, dass Z\u00fchlsdorff die Pudorsch&#8217;e Beschreibung \u00fcbernommen hat, da Pudor Zeitzeuge ist, geht das MEK davon aus, dass Pudor Recht hat), Firmierung ab da N.V. Fabriek van Brouwers Aardewerk, ab 1926 hatte Brouwer wohl gesundheitliche Probleme und seine S\u00f6hne Nicolaas Willem und Coenraad-Willem Brouwer f\u00fchren die Werkstatt bis zur Liquidation 1956 weiter, mit der Weiterf\u00fchrung durch die S\u00f6hne \u00e4ndert sich die Firmenmarke in einen Marke mit einem Rundstempel, Brouwer war einer der bekanntesten und angesehensten holl\u00e4ndischen Keramiker seiner Zeit und er erhielt im Verlaufe seines Schaffens diverse internationale Auszeichnungen, seine Keramiken sind heute selten zu finden, begehrt, relativ hoch gehandelt und werden auch in gro\u00dfen internationalen Auktionsh\u00e4usern versteigert, H\u00f6he 25,5 cm, Breite 18,5 cm<\/p>\n<p><a href=\"http:\/\/museumek.eu\/?attachment_id=51995\" rel=\"attachment wp-att-51995\"><img loading=\"lazy\" src=\"http:\/\/museumek.eu\/wp-content\/uploads\/2021\/01\/Brouwer-Vase-1-192x300.jpg\" alt=\"\" title=\"Brouwer Vase 1\" width=\"192\" height=\"300\" class=\"alignnone size-medium wp-image-51995\" srcset=\"http:\/\/museumek.eu\/wp-content\/uploads\/2021\/01\/Brouwer-Vase-1-192x300.jpg 192w, http:\/\/museumek.eu\/wp-content\/uploads\/2021\/01\/Brouwer-Vase-1-96x150.jpg 96w, http:\/\/museumek.eu\/wp-content\/uploads\/2021\/01\/Brouwer-Vase-1.jpg 411w\" sizes=\"(max-width: 192px) 100vw, 192px\" \/><\/a><\/p>\n<p><a href=\"http:\/\/museumek.eu\/?attachment_id=51997\" rel=\"attachment wp-att-51997\"><img loading=\"lazy\" src=\"http:\/\/museumek.eu\/wp-content\/uploads\/2021\/01\/Brouwer-Vase-2-207x300.jpg\" alt=\"\" title=\"Brouwer Vase 2\" width=\"207\" height=\"300\" class=\"alignnone size-medium wp-image-51997\" srcset=\"http:\/\/museumek.eu\/wp-content\/uploads\/2021\/01\/Brouwer-Vase-2-207x300.jpg 207w, http:\/\/museumek.eu\/wp-content\/uploads\/2021\/01\/Brouwer-Vase-2-103x150.jpg 103w, http:\/\/museumek.eu\/wp-content\/uploads\/2021\/01\/Brouwer-Vase-2.jpg 443w\" sizes=\"(max-width: 207px) 100vw, 207px\" \/><\/a><\/p>\n<p><a href=\"http:\/\/museumek.eu\/?attachment_id=51998\" rel=\"attachment wp-att-51998\"><img loading=\"lazy\" src=\"http:\/\/museumek.eu\/wp-content\/uploads\/2021\/01\/Brouwer-Vase-3-243x300.jpg\" alt=\"\" title=\"Brouwer Vase 3\" width=\"243\" height=\"300\" class=\"alignnone size-medium wp-image-51998\" srcset=\"http:\/\/museumek.eu\/wp-content\/uploads\/2021\/01\/Brouwer-Vase-3-243x300.jpg 243w, http:\/\/museumek.eu\/wp-content\/uploads\/2021\/01\/Brouwer-Vase-3-121x150.jpg 121w, http:\/\/museumek.eu\/wp-content\/uploads\/2021\/01\/Brouwer-Vase-3.jpg 480w\" sizes=\"(max-width: 243px) 100vw, 243px\" \/><\/a><\/p>\n<p><a href=\"http:\/\/museumek.eu\/?attachment_id=51999\" rel=\"attachment wp-att-51999\"><img loading=\"lazy\" src=\"http:\/\/museumek.eu\/wp-content\/uploads\/2021\/01\/Brouwer-Vase-4-190x300.jpg\" alt=\"\" title=\"Brouwer Vase 4\" width=\"190\" height=\"300\" class=\"alignnone size-medium wp-image-51999\" srcset=\"http:\/\/museumek.eu\/wp-content\/uploads\/2021\/01\/Brouwer-Vase-4-190x300.jpg 190w, http:\/\/museumek.eu\/wp-content\/uploads\/2021\/01\/Brouwer-Vase-4-95x150.jpg 95w, http:\/\/museumek.eu\/wp-content\/uploads\/2021\/01\/Brouwer-Vase-4.jpg 407w\" sizes=\"(max-width: 190px) 100vw, 190px\" \/><\/a><\/p>\n<p><a href=\"http:\/\/museumek.eu\/?attachment_id=52000\" rel=\"attachment wp-att-52000\"><img loading=\"lazy\" src=\"http:\/\/museumek.eu\/wp-content\/uploads\/2021\/01\/Brouwer-Vase-5-215x300.jpg\" alt=\"\" title=\"Brouwer Vase 5\" width=\"215\" height=\"300\" class=\"alignnone size-medium wp-image-52000\" srcset=\"http:\/\/museumek.eu\/wp-content\/uploads\/2021\/01\/Brouwer-Vase-5-215x300.jpg 215w, http:\/\/museumek.eu\/wp-content\/uploads\/2021\/01\/Brouwer-Vase-5-107x150.jpg 107w, http:\/\/museumek.eu\/wp-content\/uploads\/2021\/01\/Brouwer-Vase-5.jpg 459w\" sizes=\"(max-width: 215px) 100vw, 215px\" \/><\/a><\/p>\n<p><a href=\"http:\/\/museumek.eu\/?attachment_id=52001\" rel=\"attachment wp-att-52001\"><img loading=\"lazy\" src=\"http:\/\/museumek.eu\/wp-content\/uploads\/2021\/01\/Brouwer-Vase-6-217x300.jpg\" alt=\"\" title=\"Brouwer Vase 6\" width=\"217\" height=\"300\" class=\"alignnone size-medium wp-image-52001\" srcset=\"http:\/\/museumek.eu\/wp-content\/uploads\/2021\/01\/Brouwer-Vase-6-217x300.jpg 217w, http:\/\/museumek.eu\/wp-content\/uploads\/2021\/01\/Brouwer-Vase-6-108x150.jpg 108w, http:\/\/museumek.eu\/wp-content\/uploads\/2021\/01\/Brouwer-Vase-6.jpg 464w\" sizes=\"(max-width: 217px) 100vw, 217px\" \/><\/a><\/p>\n<p><a href=\"http:\/\/museumek.eu\/?attachment_id=52002\" rel=\"attachment wp-att-52002\"><img loading=\"lazy\" src=\"http:\/\/museumek.eu\/wp-content\/uploads\/2021\/01\/Brouwer-Vase-7-118x300.jpg\" alt=\"\" title=\"Brouwer Vase 7\" width=\"118\" height=\"300\" class=\"alignnone size-medium wp-image-52002\" srcset=\"http:\/\/museumek.eu\/wp-content\/uploads\/2021\/01\/Brouwer-Vase-7-118x300.jpg 118w, http:\/\/museumek.eu\/wp-content\/uploads\/2021\/01\/Brouwer-Vase-7-59x150.jpg 59w\" sizes=\"(max-width: 118px) 100vw, 118px\" \/><\/a><\/p>\n<p><a href=\"http:\/\/museumek.eu\/?attachment_id=52003\" rel=\"attachment wp-att-52003\"><img loading=\"lazy\" src=\"http:\/\/museumek.eu\/wp-content\/uploads\/2021\/01\/Brouwer-Vase-8-259x300.jpg\" alt=\"\" title=\"Brouwer Vase 8\" width=\"259\" height=\"300\" class=\"alignnone size-medium wp-image-52003\" srcset=\"http:\/\/museumek.eu\/wp-content\/uploads\/2021\/01\/Brouwer-Vase-8-259x300.jpg 259w, http:\/\/museumek.eu\/wp-content\/uploads\/2021\/01\/Brouwer-Vase-8-129x150.jpg 129w, http:\/\/museumek.eu\/wp-content\/uploads\/2021\/01\/Brouwer-Vase-8.jpg 480w\" sizes=\"(max-width: 259px) 100vw, 259px\" \/><\/a><\/p>\n<p><a href=\"http:\/\/museumek.eu\/?attachment_id=52004\" rel=\"attachment wp-att-52004\"><img loading=\"lazy\" src=\"http:\/\/museumek.eu\/wp-content\/uploads\/2021\/01\/Brouwer-Vase-9-300x281.jpg\" alt=\"\" title=\"Brouwer Vase 9\" width=\"300\" height=\"281\" class=\"alignnone size-medium wp-image-52004\" srcset=\"http:\/\/museumek.eu\/wp-content\/uploads\/2021\/01\/Brouwer-Vase-9-300x281.jpg 300w, http:\/\/museumek.eu\/wp-content\/uploads\/2021\/01\/Brouwer-Vase-9-150x140.jpg 150w, http:\/\/museumek.eu\/wp-content\/uploads\/2021\/01\/Brouwer-Vase-9-320x300.jpg 320w, http:\/\/museumek.eu\/wp-content\/uploads\/2021\/01\/Brouwer-Vase-9.jpg 512w\" sizes=\"(max-width: 300px) 100vw, 300px\" \/><\/a><\/p>\n<p><a href=\"http:\/\/museumek.eu\/?attachment_id=52005\" rel=\"attachment wp-att-52005\"><img loading=\"lazy\" src=\"http:\/\/museumek.eu\/wp-content\/uploads\/2021\/01\/Brouwer-Vase-10-297x300.jpg\" alt=\"\" title=\"Brouwer Vase 10\" width=\"297\" height=\"300\" class=\"alignnone size-medium wp-image-52005\" srcset=\"http:\/\/museumek.eu\/wp-content\/uploads\/2021\/01\/Brouwer-Vase-10-297x300.jpg 297w, http:\/\/museumek.eu\/wp-content\/uploads\/2021\/01\/Brouwer-Vase-10-148x150.jpg 148w, http:\/\/museumek.eu\/wp-content\/uploads\/2021\/01\/Brouwer-Vase-10.jpg 480w\" sizes=\"(max-width: 297px) 100vw, 297px\" \/><\/a><\/p>\n","protected":false},"excerpt":{"rendered":"<p>Abteilung Deutschland, Keramik 1860 \u2013 1960, Inventarnummer N\/VII\/1 Brouwer&#8217;s Aardewerk Vredelust dann N.V. Fabriek van Brouwers Aardewerk, Niederlande, Leiderdorp dann Leiden, 1904, gro\u00dfe Vase mit drei Henkeln, K\u00fcnstler Willem Coenraad Brouwer, Werks.-Nr. ohne, Exemplar Nr. ohne, gemarkt Firmenmarke in einem &hellip; <a href=\"http:\/\/museumek.eu\/?page_id=52012\">Weiterlesen <span class=\"meta-nav\">&rarr;<\/span><\/a><\/p>\n","protected":false},"author":1,"featured_media":0,"parent":51989,"menu_order":1,"comment_status":"closed","ping_status":"open","template":"","meta":[],"_links":{"self":[{"href":"http:\/\/museumek.eu\/index.php?rest_route=\/wp\/v2\/pages\/52012"}],"collection":[{"href":"http:\/\/museumek.eu\/index.php?rest_route=\/wp\/v2\/pages"}],"about":[{"href":"http:\/\/museumek.eu\/index.php?rest_route=\/wp\/v2\/types\/page"}],"author":[{"embeddable":true,"href":"http:\/\/museumek.eu\/index.php?rest_route=\/wp\/v2\/users\/1"}],"replies":[{"embeddable":true,"href":"http:\/\/museumek.eu\/index.php?rest_route=%2Fwp%2Fv2%2Fcomments&post=52012"}],"version-history":[{"count":8,"href":"http:\/\/museumek.eu\/index.php?rest_route=\/wp\/v2\/pages\/52012\/revisions"}],"predecessor-version":[{"id":58255,"href":"http:\/\/museumek.eu\/index.php?rest_route=\/wp\/v2\/pages\/52012\/revisions\/58255"}],"up":[{"embeddable":true,"href":"http:\/\/museumek.eu\/index.php?rest_route=\/wp\/v2\/pages\/51989"}],"wp:attachment":[{"href":"http:\/\/museumek.eu\/index.php?rest_route=%2Fwp%2Fv2%2Fmedia&parent=52012"}],"curies":[{"name":"wp","href":"https:\/\/api.w.org\/{rel}","templated":true}]}}