{"id":52232,"date":"2021-01-14T23:39:33","date_gmt":"2021-01-14T22:39:33","guid":{"rendered":"http:\/\/museumek.eu\/?page_id=52232"},"modified":"2021-02-03T21:05:30","modified_gmt":"2021-02-03T20:05:30","slug":"flviii1","status":"publish","type":"page","link":"http:\/\/museumek.eu\/?page_id=52232","title":{"rendered":"F\/LVIII\/1"},"content":{"rendered":"<p><strong>Abteilung Frankreich, Keramik 1860 \u2013 1960, Inventarnummer F\/LVIII\/1<\/strong><\/p>\n<p>Porcelaine fabriqu\u00e9e de Couleuvre (Albert Laurent), Frankreich, Couleuvre\/Allier, um 1930, Vase, K\u00fcnstler unbekannt, Werks.-Nr. ohne, Exemplar Nr. ohne, gemarkt Firmenmarke Schlange, links mittig neben der Schlange Buchstabe A (f\u00fcr Albert), rechts mittig neben der Schlange Buchstabe L (f\u00fcr Laurent), dar\u00fcber Mod\u00e8le depos\u00e9 (Modell gesch\u00fctzt) rote Stempel auf Glasur, nicht signiert, Literatur: Ludwig Danckert, Handbuch des Europ\u00e4ischen Porzellans, 7. Auflage, Seite 118, dort identische Marke, dort diese Marke Couleuvre, Allier zugeordnet, dort keine Fabrikbeschreibung, die Porzellanproduktion in der Allier Region, begann 1788 mit dem Marquis de Sinety im Ch\u00e2teau de L\u00e9vis, da vor Ort W\u00e4lder und das kostbare Kaolin vorhanden waren, Firmierung nicht bekannt, der Erfolg der Fabrik war aber nur m\u00e4ssig und die Fabrik stellt ihre Produktion wohl nach kurzer Zeit wieder ein, 1815 \u00fcbernahm Pierre Burguin die Fabrik und produzierte vorwiegend Schminkt\u00f6pfe, Firmierung nicht bekannt, 1854, als die Erben des Schlosses ihre Geb\u00e4ude wiederherstellen wollten, zog die Familie Burguin in die Stadt Couleuvre n\u00f6rdlich von Allier, wo sie auf dem Land des Marquis de Croizier eine Fabrik errichteten, Firmierung nicht bekannt, die Familie Burguin richtet ihre Produktion zun\u00e4chst auf gro\u00dfe Serien f\u00fcr eine vielf\u00e4ltige Kundschaft aus, z. B. Make-up-Gef\u00e4sse, Cremekisten f\u00fcr Laboratorien f\u00fcr Sch\u00f6nheitsprodukte, Vasen Hand gedreht f\u00fcr Luxusgesch\u00e4fte, 1870 stand die Fabrik unter Leitung Paul Burguin, nach dessen Tod im Jahr 1891 ging die Produktion zur\u00fcck, ab ca. 1930 war Albert Laurent Direktor der Fabrik, evtl. auch Eigent\u00fcmer, jedenfalls zeigt die Fabrikmarke seine Initialen, nach Internet Recherchen vermutet das MEK folgende Firmierung zu dieser Zeit Porcelaine fabriqu\u00e9e de Couleuvre (Albert Laurent), unter Laurent war die Fabrik erfolgreich und sogar der bekannte Schriftsteller und Universalk\u00fcnstler Jean Cocteau gab der Fabrik 34 Originalzeichnungen f\u00fcr Entw\u00fcrfe, die Couleuvre-Fabrik wurde international bekannt und produzierte bis zur Insolvenz 1985,<br \/>\nH\u00f6he 20,5 cm, Breite 12 cm<\/p>\n<p><a href=\"http:\/\/museumek.eu\/?attachment_id=52221\" rel=\"attachment wp-att-52221\"><img loading=\"lazy\" src=\"http:\/\/museumek.eu\/wp-content\/uploads\/2021\/01\/Albert-Laurent-Vase-1-179x300.jpg\" alt=\"\" title=\"Albert Laurent Vase 1\" width=\"179\" height=\"300\" class=\"alignnone size-medium wp-image-52221\" srcset=\"http:\/\/museumek.eu\/wp-content\/uploads\/2021\/01\/Albert-Laurent-Vase-1-179x300.jpg 179w, http:\/\/museumek.eu\/wp-content\/uploads\/2021\/01\/Albert-Laurent-Vase-1-89x150.jpg 89w, http:\/\/museumek.eu\/wp-content\/uploads\/2021\/01\/Albert-Laurent-Vase-1.jpg 383w\" sizes=\"(max-width: 179px) 100vw, 179px\" \/><\/a><\/p>\n<p><a href=\"http:\/\/museumek.eu\/?attachment_id=52222\" rel=\"attachment wp-att-52222\"><img loading=\"lazy\" src=\"http:\/\/museumek.eu\/wp-content\/uploads\/2021\/01\/Albert-Laurent-Vase-2-163x300.jpg\" alt=\"\" title=\"Albert Laurent Vase 2\" width=\"163\" height=\"300\" class=\"alignnone size-medium wp-image-52222\" srcset=\"http:\/\/museumek.eu\/wp-content\/uploads\/2021\/01\/Albert-Laurent-Vase-2-163x300.jpg 163w, http:\/\/museumek.eu\/wp-content\/uploads\/2021\/01\/Albert-Laurent-Vase-2-81x150.jpg 81w, http:\/\/museumek.eu\/wp-content\/uploads\/2021\/01\/Albert-Laurent-Vase-2.jpg 349w\" sizes=\"(max-width: 163px) 100vw, 163px\" \/><\/a><\/p>\n<p><a href=\"http:\/\/museumek.eu\/?attachment_id=52223\" rel=\"attachment wp-att-52223\"><img loading=\"lazy\" src=\"http:\/\/museumek.eu\/wp-content\/uploads\/2021\/01\/Albert-Laurent-Vase-3-209x300.jpg\" alt=\"\" title=\"Albert Laurent Vase 3\" width=\"209\" height=\"300\" class=\"alignnone size-medium wp-image-52223\" srcset=\"http:\/\/museumek.eu\/wp-content\/uploads\/2021\/01\/Albert-Laurent-Vase-3-209x300.jpg 209w, http:\/\/museumek.eu\/wp-content\/uploads\/2021\/01\/Albert-Laurent-Vase-3-104x150.jpg 104w, http:\/\/museumek.eu\/wp-content\/uploads\/2021\/01\/Albert-Laurent-Vase-3.jpg 446w\" sizes=\"(max-width: 209px) 100vw, 209px\" \/><\/a><\/p>\n<p><a href=\"http:\/\/museumek.eu\/?attachment_id=52224\" rel=\"attachment wp-att-52224\"><img loading=\"lazy\" src=\"http:\/\/museumek.eu\/wp-content\/uploads\/2021\/01\/Albert-Laurent-Vase-4-178x300.jpg\" alt=\"\" title=\"Albert Laurent Vase 4\" width=\"178\" height=\"300\" class=\"alignnone size-medium wp-image-52224\" srcset=\"http:\/\/museumek.eu\/wp-content\/uploads\/2021\/01\/Albert-Laurent-Vase-4-178x300.jpg 178w, http:\/\/museumek.eu\/wp-content\/uploads\/2021\/01\/Albert-Laurent-Vase-4-89x150.jpg 89w, http:\/\/museumek.eu\/wp-content\/uploads\/2021\/01\/Albert-Laurent-Vase-4.jpg 380w\" sizes=\"(max-width: 178px) 100vw, 178px\" \/><\/a><\/p>\n<p><a href=\"http:\/\/museumek.eu\/?attachment_id=52225\" rel=\"attachment wp-att-52225\"><img loading=\"lazy\" src=\"http:\/\/museumek.eu\/wp-content\/uploads\/2021\/01\/Albert-Laurent-Vase-5-203x300.jpg\" alt=\"\" title=\"Albert Laurent Vase 5\" width=\"203\" height=\"300\" class=\"alignnone size-medium wp-image-52225\" srcset=\"http:\/\/museumek.eu\/wp-content\/uploads\/2021\/01\/Albert-Laurent-Vase-5-203x300.jpg 203w, http:\/\/museumek.eu\/wp-content\/uploads\/2021\/01\/Albert-Laurent-Vase-5-101x150.jpg 101w, http:\/\/museumek.eu\/wp-content\/uploads\/2021\/01\/Albert-Laurent-Vase-5.jpg 435w\" sizes=\"(max-width: 203px) 100vw, 203px\" \/><\/a><\/p>\n<p><a href=\"http:\/\/museumek.eu\/?attachment_id=52226\" rel=\"attachment wp-att-52226\"><img loading=\"lazy\" src=\"http:\/\/museumek.eu\/wp-content\/uploads\/2021\/01\/Albert-Laurent-Vase-6-300x274.jpg\" alt=\"\" title=\"Albert Laurent Vase 6\" width=\"300\" height=\"274\" class=\"alignnone size-medium wp-image-52226\" srcset=\"http:\/\/museumek.eu\/wp-content\/uploads\/2021\/01\/Albert-Laurent-Vase-6-300x274.jpg 300w, http:\/\/museumek.eu\/wp-content\/uploads\/2021\/01\/Albert-Laurent-Vase-6-150x137.jpg 150w, http:\/\/museumek.eu\/wp-content\/uploads\/2021\/01\/Albert-Laurent-Vase-6-328x300.jpg 328w, http:\/\/museumek.eu\/wp-content\/uploads\/2021\/01\/Albert-Laurent-Vase-6.jpg 525w\" sizes=\"(max-width: 300px) 100vw, 300px\" \/><\/a><\/p>\n<p><a href=\"http:\/\/museumek.eu\/?attachment_id=52227\" rel=\"attachment wp-att-52227\"><img loading=\"lazy\" src=\"http:\/\/museumek.eu\/wp-content\/uploads\/2021\/01\/Albert-Laurent-Vase-7-300x288.jpg\" alt=\"\" title=\"Albert Laurent Vase 7\" width=\"300\" height=\"288\" class=\"alignnone size-medium wp-image-52227\" srcset=\"http:\/\/museumek.eu\/wp-content\/uploads\/2021\/01\/Albert-Laurent-Vase-7-300x288.jpg 300w, http:\/\/museumek.eu\/wp-content\/uploads\/2021\/01\/Albert-Laurent-Vase-7-150x144.jpg 150w, http:\/\/museumek.eu\/wp-content\/uploads\/2021\/01\/Albert-Laurent-Vase-7-311x300.jpg 311w, http:\/\/museumek.eu\/wp-content\/uploads\/2021\/01\/Albert-Laurent-Vase-7.jpg 499w\" sizes=\"(max-width: 300px) 100vw, 300px\" \/><\/a> <\/p>\n","protected":false},"excerpt":{"rendered":"<p>Abteilung Frankreich, Keramik 1860 \u2013 1960, Inventarnummer F\/LVIII\/1 Porcelaine fabriqu\u00e9e de Couleuvre (Albert Laurent), Frankreich, Couleuvre\/Allier, um 1930, Vase, K\u00fcnstler unbekannt, Werks.-Nr. ohne, Exemplar Nr. ohne, gemarkt Firmenmarke Schlange, links mittig neben der Schlange Buchstabe A (f\u00fcr Albert), rechts mittig &hellip; <a href=\"http:\/\/museumek.eu\/?page_id=52232\">Weiterlesen <span class=\"meta-nav\">&rarr;<\/span><\/a><\/p>\n","protected":false},"author":1,"featured_media":0,"parent":52211,"menu_order":1,"comment_status":"closed","ping_status":"open","template":"","meta":[],"_links":{"self":[{"href":"http:\/\/museumek.eu\/index.php?rest_route=\/wp\/v2\/pages\/52232"}],"collection":[{"href":"http:\/\/museumek.eu\/index.php?rest_route=\/wp\/v2\/pages"}],"about":[{"href":"http:\/\/museumek.eu\/index.php?rest_route=\/wp\/v2\/types\/page"}],"author":[{"embeddable":true,"href":"http:\/\/museumek.eu\/index.php?rest_route=\/wp\/v2\/users\/1"}],"replies":[{"embeddable":true,"href":"http:\/\/museumek.eu\/index.php?rest_route=%2Fwp%2Fv2%2Fcomments&post=52232"}],"version-history":[{"count":8,"href":"http:\/\/museumek.eu\/index.php?rest_route=\/wp\/v2\/pages\/52232\/revisions"}],"predecessor-version":[{"id":53045,"href":"http:\/\/museumek.eu\/index.php?rest_route=\/wp\/v2\/pages\/52232\/revisions\/53045"}],"up":[{"embeddable":true,"href":"http:\/\/museumek.eu\/index.php?rest_route=\/wp\/v2\/pages\/52211"}],"wp:attachment":[{"href":"http:\/\/museumek.eu\/index.php?rest_route=%2Fwp%2Fv2%2Fmedia&parent=52232"}],"curies":[{"name":"wp","href":"https:\/\/api.w.org\/{rel}","templated":true}]}}